{"id":126914,"date":"2024-12-13T09:56:39","date_gmt":"2024-12-13T08:56:39","guid":{"rendered":"https:\/\/www.tatanka.nl\/?post_type=product&#038;p=126914"},"modified":"2025-10-16T07:58:08","modified_gmt":"2025-10-16T06:58:08","slug":"cambodian-sporeprint","status":"publish","type":"product","link":"https:\/\/www.tatanka.nl\/pt\/cambodian-sporeprint\/","title":{"rendered":"Cambodian Esporoimpress\u00e3o"},"content":{"rendered":"<h2>O que \u00e9 o Cambodian Sporeprint?<\/h2>\n<p>A impress\u00e3o de esporos Cambodian da McSmart \u00e9 uma impress\u00e3o de esporos org\u00e2nicos de alta qualidade de uma estirpe espec\u00edfica de cogumelos m\u00e1gicos, cuidadosamente selecionada para quem tem experi\u00eancia em psicad\u00e9licos. A McSmart \u00e9 conhecida por oferecer colec\u00e7\u00f5es de esporos de alta qualidade, fornecendo aos cultivadores e entusiastas de cogumelos as ferramentas para explorar o fascinante mundo do cultivo de cogumelos. Os esporos cont\u00eam milh\u00f5es de esporos vi\u00e1veis que, nas condi\u00e7\u00f5es certas, podem crescer numa rede micelial pr\u00f3spera.<\/p>\n<p>Esta impress\u00e3o de esporos em particular \u00e9 da estirpe Cambodian, conhecida pela sua pot\u00eancia e crescimento robusto. \u00c9 popular tanto entre os utilizadores recreativos como entre os interessados nos benef\u00edcios terap\u00eauticos dos cogumelos psicad\u00e9licos. A Sporeprint Cambodian oferece a oportunidade n\u00e3o s\u00f3 de explorar o crescimento f\u00edsico dos cogumelos, mas tamb\u00e9m de aprofundar a compreens\u00e3o dos padr\u00f5es ocultos da natureza. Os seus detalhes intrincados e o processo de cultivo podem oferecer uma experi\u00eancia profunda, enriquecendo tanto o conhecimento do cultivador como a sua liga\u00e7\u00e3o ao reino vegetal.<\/p>\n<h2>Hist\u00f3ria da impress\u00e3o de esporos Cambodian<\/h2>\n<p>A estirpe Cambodian de cogumelos m\u00e1gicos tem uma hist\u00f3ria com ra\u00edzes no sudeste asi\u00e1tico, onde foi descoberta pela primeira vez nos climas tropicais do Camboja. Durante s\u00e9culos, os povos ind\u00edgenas da regi\u00e3o utilizaram os cogumelos psicad\u00e9licos em rituais espirituais, acreditando que estes proporcionavam uma vis\u00e3o da natureza da exist\u00eancia e do cosmos. \u00c0 medida que o interesse global pelos psicad\u00e9licos crescia, a variedade Cambodian tornou-se conhecida pelos seus efeitos distintos e poderosos, o que levou \u00e0 sua popularidade generalizada na comunidade de cultivo.<\/p>\n<p>A Sporeprint Cambodian da McSmart traz esta rica hist\u00f3ria para a era moderna, oferecendo uma forma aut\u00eantica e fi\u00e1vel para os entusiastas cultivarem os seus pr\u00f3prios cogumelos m\u00e1gicos em casa. O apelo da variedade Cambodian reside nos seus efeitos psicad\u00e9licos equilibrados e potentes, tornando-a favorita entre aqueles que procuram clareza mental e uma experi\u00eancia mais profunda e introspectiva. Ao longo do tempo, os m\u00e9todos de cultivo melhoraram, mas as ra\u00edzes desta variedade permanecem profundamente enraizadas na tradi\u00e7\u00e3o, proporcionando uma liga\u00e7\u00e3o duradoura ao seu significado cultural e espiritual.<\/p>\n<h2>Como utilizar o Cambodian Sporeprint<\/h2>\n<p><strong>Passo 1: Prepara\u00e7\u00e3o da placa de Petri<\/strong><br \/>\nComece com uma placa de Petri esterilizada contendo uma solu\u00e7\u00e3o de \u00e1gar. Pode preparar o \u00e1gar voc\u00ea mesmo ou compr\u00e1-lo j\u00e1 pronto. \u00c9 importante abrir a placa num ambiente est\u00e9ril para evitar qualquer contamina\u00e7\u00e3o.<\/p>\n<p><strong>Passo 2: Adicionar os esporos<\/strong><br \/>\nUtilizar uma seringa esterilizada para extrair o l\u00edquido de esporos do frasco. Se estiver a trabalhar com uma impress\u00e3o de esporos, raspe cuidadosamente alguns esporos da impress\u00e3o e deixe-os cair na superf\u00edcie do \u00e1gar na placa de Petri.<\/p>\n<p><strong>Etapa 3: Incuba\u00e7\u00e3o<\/strong><br \/>\nFechar a placa de Petri e coloc\u00e1-la num ambiente adequado e controlado, onde os esporos possam desenvolver-se em mic\u00e9lio sem serem perturbados. O per\u00edodo de incuba\u00e7\u00e3o pode variar entre v\u00e1rios dias e semanas, consoante as condi\u00e7\u00f5es e o tipo de fungo.<\/p>\n<p><strong>Etapa 4: Purifica\u00e7\u00e3o do mic\u00e9lio<\/strong><br \/>\nQuando o mic\u00e9lio se tiver desenvolvido suficientemente e cobrir uma grande parte da placa de Petri, \u00e9 altura de o purificar. Selecione cuidadosamente um peda\u00e7o de mic\u00e9lio saud\u00e1vel e totalmente desenvolvido para utiliza\u00e7\u00e3o posterior.<\/p>\n<p><strong>Etapa 5: Cortar o mic\u00e9lio<\/strong><br \/>\nUtilizando um bisturi esterilizado, cortar uma pequena sec\u00e7\u00e3o do mic\u00e9lio, com cerca de 6 x 6 mm. Este peda\u00e7o servir\u00e1 como iniciador para uma cultura nova e limpa.<\/p>\n<p><strong>Passo 6: Inocula\u00e7\u00e3o do meio de crescimento<\/strong><br \/>\nTransferir o peda\u00e7o de mic\u00e9lio cortado para um novo meio de cultura, como uma nova placa de Petri com \u00e1gar ou outro meio adequado para posterior cultivo. Assegurar que o novo meio \u00e9 manuseado em condi\u00e7\u00f5es est\u00e9reis para manter a sua integridade.<\/p>\n<h2>Ingredientes de Cambodian Sporeprint<\/h2>\n<p>A impress\u00e3o de esporos Cambodian por McSmart \u00e9 composta principalmente por esporos da estirpe Cambodian de Psilocybe cubensis. Estes esporos cont\u00eam o material gen\u00e9tico necess\u00e1rio para cultivar cogumelos m\u00e1gicos com os compostos psicoactivos psilocibina e psilocina. Quando cultivados adequadamente, estes cogumelos produzem um efeito alucinog\u00e9nico potente, que tem sido usado em pr\u00e1ticas de crescimento espiritual e pessoal durante s\u00e9culos.<\/p>\n<p>A pr\u00f3pria impress\u00e3o de esporos cont\u00e9m milh\u00f5es de esporos min\u00fasculos e vi\u00e1veis que s\u00e3o capazes de se desenvolver em culturas de mic\u00e9lio saud\u00e1veis. A pureza do McSmart's Cambodian Sporeprint garante que est\u00e1 a trabalhar com um produto de alta qualidade, dando-lhe a melhor hip\u00f3tese de cultivar com sucesso. Os esporos s\u00e3o cuidadosamente colhidos e preservados para manter a sua viabilidade, assegurando que podem germinar e crescer quando colocados nas condi\u00e7\u00f5es corretas. Isto torna o sporeprint uma ferramenta ideal para cultivadores experientes que procuram uma fonte fi\u00e1vel para o seu cultivo de cogumelos.<\/p>\n<p><strong>Aviso<\/strong><br \/>\nOs cogumelos m\u00e1gicos cont\u00eam naturalmente psilocibina e psilocina, compostos alucinog\u00e9nios que podem alterar a consci\u00eancia e induzir alucina\u00e7\u00f5es. \u00c9 importante lidar com estes cogumelos de forma respons\u00e1vel, especialmente quando os cultivas e consomes. Mant\u00e9m-nos sempre fora do alcance das crian\u00e7as e segue as precau\u00e7\u00f5es de seguran\u00e7a adequadas ao manuse\u00e1-los ou us\u00e1-los. Certifica-te de que est\u00e1s num ambiente seguro e controlado se consumires cogumelos m\u00e1gicos, e f\u00e1-lo apenas com a devida compreens\u00e3o e respeito pelos seus efeitos.<\/p>","protected":false},"excerpt":{"rendered":"<p>Explore o mundo m\u00edstico da Cambodian Sporeprint da McSmart, concebida para o entusiasta psicad\u00e9lico experiente. Esta impress\u00e3o de esporos oferece uma porta de entrada para uma explora\u00e7\u00e3o psicad\u00e9lica mais profunda, permitindo-lhe descobrir os intrincados padr\u00f5es gen\u00e9ticos dos cogumelos m\u00e1gicos e desbloquear novas dimens\u00f5es da consci\u00eancia.<\/p>","protected":false},"featured_media":126917,"template":"","meta":[],"product_brand":[],"product_cat":[657,297,518,515,476],"product_tag":[662],"class_list":{"0":"post-126914","1":"product","2":"type-product","3":"status-publish","4":"has-post-thumbnail","6":"product_cat-magic-mushroom-spore-prints","7":"product_cat-all-products","8":"product_cat-mushrooms","9":"product_cat-shroomshop","10":"product_cat-smartshop","11":"product_tag-shrdeal","12":"product_shipping_class-creditcard-off","14":"first","15":"instock","16":"taxable","17":"shipping-taxable","18":"purchasable","19":"product-type-variable","20":"has-default-attributes"},"_links":{"self":[{"href":"https:\/\/www.tatanka.nl\/pt\/wp-json\/wp\/v2\/product\/126914","targetHints":{"allow":["GET"]}}],"collection":[{"href":"https:\/\/www.tatanka.nl\/pt\/wp-json\/wp\/v2\/product"}],"about":[{"href":"https:\/\/www.tatanka.nl\/pt\/wp-json\/wp\/v2\/types\/product"}],"wp:featuredmedia":[{"embeddable":true,"href":"https:\/\/www.tatanka.nl\/pt\/wp-json\/wp\/v2\/media\/126917"}],"wp:attachment":[{"href":"https:\/\/www.tatanka.nl\/pt\/wp-json\/wp\/v2\/media?parent=126914"}],"wp:term":[{"taxonomy":"product_brand","embeddable":true,"href":"https:\/\/www.tatanka.nl\/pt\/wp-json\/wp\/v2\/product_brand?post=126914"},{"taxonomy":"product_cat","embeddable":true,"href":"https:\/\/www.tatanka.nl\/pt\/wp-json\/wp\/v2\/product_cat?post=126914"},{"taxonomy":"product_tag","embeddable":true,"href":"https:\/\/www.tatanka.nl\/pt\/wp-json\/wp\/v2\/product_tag?post=126914"}],"curies":[{"name":"wp","href":"https:\/\/api.w.org\/{rel}","templated":true}]}}