{"id":126918,"date":"2024-12-13T10:09:47","date_gmt":"2024-12-13T09:09:47","guid":{"rendered":"https:\/\/www.tatanka.nl\/?post_type=product&#038;p=126918"},"modified":"2025-10-16T07:58:07","modified_gmt":"2025-10-16T06:58:07","slug":"thai-sporeprint","status":"publish","type":"product","link":"https:\/\/www.tatanka.nl\/pt\/thai-sporeprint\/","title":{"rendered":"Thai Esporoimpress\u00e3o"},"content":{"rendered":"<h2>O que \u00e9 o Thai Sporeprint?<\/h2>\n<p>A Thai Sporeprint da McSmart \u00e9 uma impress\u00e3o de esporos cuidadosamente criada a partir da famosa variedade Thai de cogumelos m\u00e1gicos. Conhecida pelas suas propriedades \u00fanicas e efeitos potentes, a Thai Sporeprint oferece tanto aos cultivadores experientes como aos novos exploradores a oportunidade de cultivarem os seus pr\u00f3prios cogumelos m\u00e1gicos. As impress\u00f5es de esporos cont\u00eam milh\u00f5es de esporos vi\u00e1veis que podem ser usados para cultivar mic\u00e9lio, o primeiro passo para o cultivo de cogumelos saud\u00e1veis.<\/p>\n<p>O Thai Sporeprint proporciona uma liga\u00e7\u00e3o direta ao mundo natural dos psicad\u00e9licos, oferecendo-lhe uma compreens\u00e3o mais profunda de como estes organismos fascinantes crescem e prosperam. Quer esteja interessado na explora\u00e7\u00e3o psicad\u00e9lica ou no cultivo de cogumelos, este produto abre a porta a experi\u00eancias educacionais e espirituais. A variedade Thai \u00e9 conhecida pela sua pot\u00eancia e capacidade de produzir rendimentos impressionantes quando cultivada nas condi\u00e7\u00f5es corretas. A McSmart assegura a mais alta qualidade de impress\u00f5es de esporos, garantindo uma jornada de cultivo bem sucedida para todos os entusiastas.<\/p>\n<h2>Hist\u00f3ria da impress\u00e3o de esporos Thai<\/h2>\n<p>A estirpe de cogumelos m\u00e1gicos Thai, tamb\u00e9m conhecida como Psilocybe cubensis Thai, tem uma hist\u00f3ria rica com ra\u00edzes no Sudeste Asi\u00e1tico. A estirpe foi descoberta pela primeira vez na Thail\u00e2ndia, onde \u00e9 utilizada h\u00e1 s\u00e9culos em rituais espirituais e pr\u00e1ticas de cura tradicionais. As culturas ind\u00edgenas acreditavam que os cogumelos proporcionavam uma vis\u00e3o dos mist\u00e9rios do universo, ajudando a desvendar novas percep\u00e7\u00f5es da consci\u00eancia e da exist\u00eancia.<\/p>\n<p>\u00c0 medida que o interesse global pelos psicad\u00e9licos crescia, a variedade Thai tornou-se uma escolha popular entre os exploradores psicad\u00e9licos pelos seus efeitos poderosos e liga\u00e7\u00f5es espirituais. A variedade \u00e9 conhecida pelo seu r\u00e1pido crescimento e potentes propriedades alucinog\u00e9nias, o que a torna uma das favoritas para quem procura aprofundar as suas experi\u00eancias psicad\u00e9licas. A McSmart's Thai Sporeprint traz esta variedade hist\u00f3rica para o cultivo moderno, oferecendo um produto fi\u00e1vel e de alta qualidade que satisfaz as exig\u00eancias at\u00e9 dos cultivadores de cogumelos mais experientes.<\/p>\n<h2>Como utilizar o Thai Sporeprint<\/h2>\n<p><strong>Passo 1: Prepara\u00e7\u00e3o da placa de Petri<\/strong><br \/>\nComece com uma placa de Petri esterilizada contendo uma solu\u00e7\u00e3o de \u00e1gar. Pode preparar o \u00e1gar voc\u00ea mesmo ou compr\u00e1-lo j\u00e1 pronto. \u00c9 importante abrir a placa num ambiente est\u00e9ril para evitar qualquer contamina\u00e7\u00e3o.<\/p>\n<p><strong>Passo 2: Adicionar os esporos<\/strong><br \/>\nUtilizar uma seringa esterilizada para extrair o l\u00edquido de esporos do frasco. Se estiver a trabalhar com uma impress\u00e3o de esporos, raspe cuidadosamente alguns esporos da impress\u00e3o e deixe-os cair na superf\u00edcie do \u00e1gar na placa de Petri.<\/p>\n<p><strong>Etapa 3: Incuba\u00e7\u00e3o<\/strong><br \/>\nFechar a placa de Petri e coloc\u00e1-la num ambiente adequado e controlado, onde os esporos possam desenvolver-se em mic\u00e9lio sem serem perturbados. O per\u00edodo de incuba\u00e7\u00e3o pode variar entre v\u00e1rios dias e semanas, consoante as condi\u00e7\u00f5es e o tipo de fungo.<\/p>\n<p><strong>Etapa 4: Purifica\u00e7\u00e3o do mic\u00e9lio<\/strong><br \/>\nQuando o mic\u00e9lio se tiver desenvolvido suficientemente e cobrir uma grande parte da placa de Petri, \u00e9 altura de o purificar. Selecione cuidadosamente um peda\u00e7o de mic\u00e9lio saud\u00e1vel e totalmente desenvolvido para utiliza\u00e7\u00e3o posterior.<\/p>\n<p><strong>Etapa 5: Cortar o mic\u00e9lio<\/strong><br \/>\nUtilizando um bisturi esterilizado, cortar uma pequena sec\u00e7\u00e3o do mic\u00e9lio, com cerca de 6 x 6 mm. Este peda\u00e7o servir\u00e1 como iniciador para uma cultura nova e limpa.<\/p>\n<p><strong>Passo 6: Inocula\u00e7\u00e3o do meio de crescimento<\/strong><br \/>\nTransferir o peda\u00e7o de mic\u00e9lio cortado para um novo meio de cultura, como uma nova placa de Petri com \u00e1gar ou outro meio adequado para posterior cultivo. Assegurar que o novo meio \u00e9 manuseado em condi\u00e7\u00f5es est\u00e9reis para manter a sua integridade.<\/p>\n<h2>Ingredientes de Thai Sporeprint<\/h2>\n<p>O Thai Sporeprint \u00e9 composto por milh\u00f5es de esporos da estirpe Thai do Psilocybe cubensis, um tipo de cogumelo psicad\u00e9lico conhecido pelas suas poderosas propriedades alucinog\u00e9nias. Os esporos cont\u00eam o material gen\u00e9tico necess\u00e1rio para fazer crescer o mic\u00e9lio que acabar\u00e1 por se transformar em cogumelos maduros. Os cogumelos Psilocybe cubensis, incluindo a estirpe Thai, cont\u00eam naturalmente psilocibina e psilocina - compostos alucinog\u00e9nios que alteram a consci\u00eancia e produzem efeitos psicad\u00e9licos.<\/p>\n<p>A pureza da impress\u00e3o de esporos McSmart Thai garante que cada esporo \u00e9 vi\u00e1vel e est\u00e1 pronto para ser cultivado, permitindo-lhe cultivar cogumelos com resultados consistentes e de alta qualidade. A pr\u00f3pria impress\u00e3o de esporos \u00e9 cuidadosamente preservada e armazenada para manter a integridade dos esporos, garantindo um processo de cultivo bem-sucedido. O compromisso da McSmart com a qualidade faz desta impress\u00e3o de esporos uma excelente escolha tanto para cultivadores de cogumelos novos como para experientes.<\/p>\n<p><strong>Aviso<\/strong><br \/>\nOs cogumelos m\u00e1gicos, incluindo os cultivados a partir do Sporeprint Thai, cont\u00eam naturalmente psilocibina e psilocina, que s\u00e3o subst\u00e2ncias alucinog\u00e9nias. Estes compostos podem alterar a consci\u00eancia e causar alucina\u00e7\u00f5es. \u00c9 importante manusear estes cogumelos de forma respons\u00e1vel, assegurando que s\u00e3o mantidos fora do alcance das crian\u00e7as e consumidos num ambiente seguro e controlado. Tem sempre em aten\u00e7\u00e3o os efeitos potenciais e consome-os com precau\u00e7\u00e3o.<\/p>","protected":false},"excerpt":{"rendered":"<p>Entre no mundo fascinante do McSmart's Thai Sporeprint, concebido para o entusiasta psicad\u00e9lico experiente. Ideal para quem j\u00e1 est\u00e1 familiarizado com as maravilhas dos psicad\u00e9licos, este sporeprint oferece uma oportunidade para descobrir os padr\u00f5es ocultos da natureza e cultivar os seus pr\u00f3prios cogumelos m\u00e1gicos. A cole\u00e7\u00e3o exclusiva da McSmart garante uma experi\u00eancia de primeira qualidade, permitindo-lhe desvendar novas dimens\u00f5es da consci\u00eancia e explorar os mist\u00e9rios desta variedade \u00fanica de cogumelos.<\/p>","protected":false},"featured_media":126921,"template":"","meta":[],"product_brand":[],"product_cat":[657,297,518,515,476],"product_tag":[662],"class_list":{"0":"post-126918","1":"product","2":"type-product","3":"status-publish","4":"has-post-thumbnail","6":"product_cat-magic-mushroom-spore-prints","7":"product_cat-all-products","8":"product_cat-mushrooms","9":"product_cat-shroomshop","10":"product_cat-smartshop","11":"product_tag-shrdeal","12":"product_shipping_class-creditcard-off","14":"first","15":"instock","16":"taxable","17":"shipping-taxable","18":"purchasable","19":"product-type-variable","20":"has-default-attributes"},"_links":{"self":[{"href":"https:\/\/www.tatanka.nl\/pt\/wp-json\/wp\/v2\/product\/126918","targetHints":{"allow":["GET"]}}],"collection":[{"href":"https:\/\/www.tatanka.nl\/pt\/wp-json\/wp\/v2\/product"}],"about":[{"href":"https:\/\/www.tatanka.nl\/pt\/wp-json\/wp\/v2\/types\/product"}],"wp:featuredmedia":[{"embeddable":true,"href":"https:\/\/www.tatanka.nl\/pt\/wp-json\/wp\/v2\/media\/126921"}],"wp:attachment":[{"href":"https:\/\/www.tatanka.nl\/pt\/wp-json\/wp\/v2\/media?parent=126918"}],"wp:term":[{"taxonomy":"product_brand","embeddable":true,"href":"https:\/\/www.tatanka.nl\/pt\/wp-json\/wp\/v2\/product_brand?post=126918"},{"taxonomy":"product_cat","embeddable":true,"href":"https:\/\/www.tatanka.nl\/pt\/wp-json\/wp\/v2\/product_cat?post=126918"},{"taxonomy":"product_tag","embeddable":true,"href":"https:\/\/www.tatanka.nl\/pt\/wp-json\/wp\/v2\/product_tag?post=126918"}],"curies":[{"name":"wp","href":"https:\/\/api.w.org\/{rel}","templated":true}]}}