{"id":126929,"date":"2024-12-13T13:58:26","date_gmt":"2024-12-13T12:58:26","guid":{"rendered":"https:\/\/www.tatanka.nl\/?post_type=product&#038;p=126929"},"modified":"2025-10-16T07:58:06","modified_gmt":"2025-10-16T06:58:06","slug":"b-sporeprint","status":"publish","type":"product","link":"https:\/\/www.tatanka.nl\/pt\/b-sporeprint\/","title":{"rendered":"B+ Impress\u00e3o de esporos"},"content":{"rendered":"<h2>O que s\u00e3o impress\u00f5es de esporos B+?<\/h2>\n<p>A B+ Sporeprint da McSmart \u00e9 uma impress\u00e3o de esporos de alta qualidade proveniente da estirpe B+ da Psilocybe cubensis. Conhecida pela sua natureza robusta e adaptabilidade, a estirpe B+ \u00e9 uma das favoritas entre os cultivadores e os exploradores psicad\u00e9licos. Estes esporos s\u00e3o usados para cultivar cogumelos grandes, visualmente apelativos e conhecidos pelos seus efeitos suaves e redondos.<\/p>\n<p>A impress\u00e3o de esporos cont\u00e9m milh\u00f5es de esporos vi\u00e1veis, cuidadosamente preservados para manter a sua integridade. Com a B+ Sporeprint, os utilizadores podem embarcar numa viagem de crescimento e descoberta, cultivando o seu pr\u00f3prio lote de cogumelos m\u00e1gicos a partir do zero. Este processo n\u00e3o s\u00f3 proporciona uma experi\u00eancia pr\u00e1tica, como tamb\u00e9m garante uma aprecia\u00e7\u00e3o mais profunda da ci\u00eancia e da arte por detr\u00e1s da micologia.<\/p>\n<h2>Hist\u00f3ria das impress\u00f5es de esporos B+<\/h2>\n<p>A estirpe B+ \u00e9 c\u00e9lebre pelas suas origens e versatilidade, sendo muitas vezes referida como uma das estirpes mais amig\u00e1veis para principiantes no mundo da Psilocybe cubensis. As suas origens exactas permanecem um mist\u00e9rio, mas acredita-se que foi descoberta nos Estados Unidos no final do s\u00e9culo XX. A variedade rapidamente ganhou popularidade devido \u00e0 sua resili\u00eancia e capacidade de prosperar em v\u00e1rias condi\u00e7\u00f5es, tornando-a acess\u00edvel tanto a cultivadores principiantes como a experientes.<\/p>\n<p>A variedade B+ \u00e9 conhecida por produzir cogumelos grandes, cor de caramelo, com um efeito psicad\u00e9lico suave mas impactante. Estes cogumelos t\u00eam sido apreciados n\u00e3o s\u00f3 pela sua pot\u00eancia, mas tamb\u00e9m pela sua capacidade de induzir um estado calmante e euf\u00f3rico, tornando-os adequados para uma vasta gama de experi\u00eancias. O B+ Sporeprint do McSmart preserva o legado desta variedade not\u00e1vel, oferecendo um produto fi\u00e1vel e aut\u00eantico aos entusiastas de todo o mundo.<\/p>\n<h2>Como utilizar as impress\u00f5es B+ Sporeprints<\/h2>\n<p><strong>Passo 1: Prepara\u00e7\u00e3o da placa de Petri<\/strong><br \/>\nComece com uma placa de Petri esterilizada contendo uma solu\u00e7\u00e3o de \u00e1gar. Pode preparar o \u00e1gar voc\u00ea mesmo ou compr\u00e1-lo j\u00e1 pronto. \u00c9 importante abrir a placa num ambiente est\u00e9ril para evitar qualquer contamina\u00e7\u00e3o.<\/p>\n<p><strong>Passo 2: Adicionar os esporos<\/strong><br \/>\nUtilizar uma seringa esterilizada para extrair o l\u00edquido de esporos do frasco. Se estiver a trabalhar com uma impress\u00e3o de esporos, raspe cuidadosamente alguns esporos da impress\u00e3o e deixe-os cair na superf\u00edcie do \u00e1gar na placa de Petri.<\/p>\n<p><strong>Etapa 3: Incuba\u00e7\u00e3o<\/strong><br \/>\nFechar a placa de Petri e coloc\u00e1-la num ambiente adequado e controlado, onde os esporos possam desenvolver-se em mic\u00e9lio sem serem perturbados. O per\u00edodo de incuba\u00e7\u00e3o pode variar entre v\u00e1rios dias e semanas, consoante as condi\u00e7\u00f5es e o tipo de fungo.<\/p>\n<p><strong>Etapa 4: Purifica\u00e7\u00e3o do mic\u00e9lio<\/strong><br \/>\nQuando o mic\u00e9lio se tiver desenvolvido suficientemente e cobrir uma grande parte da placa de Petri, \u00e9 altura de o purificar. Selecione cuidadosamente um peda\u00e7o de mic\u00e9lio saud\u00e1vel e totalmente desenvolvido para utiliza\u00e7\u00e3o posterior.<\/p>\n<p><strong>Etapa 5: Cortar o mic\u00e9lio<\/strong><br \/>\nUtilizando um bisturi esterilizado, cortar uma pequena sec\u00e7\u00e3o do mic\u00e9lio, com cerca de 6 x 6 mm. Este peda\u00e7o servir\u00e1 como iniciador para uma cultura nova e limpa.<\/p>\n<p><strong>Passo 6: Inocula\u00e7\u00e3o do meio de crescimento<\/strong><br \/>\nTransferir o peda\u00e7o de mic\u00e9lio cortado para um novo meio de cultura, como uma nova placa de Petri com \u00e1gar ou outro meio adequado para posterior cultivo. Assegurar que o novo meio \u00e9 manuseado em condi\u00e7\u00f5es est\u00e9reis para manter a sua integridade.<\/p>\n<p><span style=\"font-size: 14.4px;\">O processo requer paci\u00eancia e precis\u00e3o, mas a recompensa \u00e9 a oportunidade de cultivar cogumelos m\u00e1gicos B+ vibrantes e saud\u00e1veis. Cada passo fornece informa\u00e7\u00f5es valiosas sobre o fascinante mundo do cultivo de fungos, tornando a viagem t\u00e3o gratificante como o resultado.<\/span><\/p>\n<h2>Ingredientes de B+ Sporeprints<\/h2>\n<p>O B+ Sporeprint cont\u00e9m milh\u00f5es de esporos da estirpe B+ do Psilocybe cubensis. Estes esporos microsc\u00f3picos s\u00e3o o projeto gen\u00e9tico para o cultivo de mic\u00e9lio e, eventualmente, de cogumelos maduros. Conhecida pela sua for\u00e7a e adaptabilidade, a estirpe B+ produz cogumelos com carater\u00edsticas f\u00edsicas e psicoactivas distintas.<\/p>\n<p>Cada impress\u00e3o de esporos \u00e9 meticulosamente preservada para garantir a viabilidade dos esporos. Os cogumelos Psilocybe cubensis, incluindo a variedade B+, cont\u00eam naturalmente os compostos activos psilocibina e psilocina. Estas subst\u00e2ncias s\u00e3o respons\u00e1veis pelos profundos efeitos psicad\u00e9licos experimentados durante o consumo. Com a B+ Sporeprint, podes cultivar esta variedade not\u00e1vel e ganhar experi\u00eancia em primeira m\u00e3o com as suas propriedades \u00fanicas.<\/p>\n<p><strong>Aviso<\/strong><br \/>\nOs cogumelos m\u00e1gicos cultivados a partir do B+ Sporeprint cont\u00eam psilocibina e psilocina, subst\u00e2ncias alucinog\u00e9nias potentes. Estes compostos podem alterar a perce\u00e7\u00e3o, induzir alucina\u00e7\u00f5es e afetar profundamente a consci\u00eancia. Usa sempre os cogumelos m\u00e1gicos de forma respons\u00e1vel, num ambiente seguro e longe do alcance das crian\u00e7as. Compreende os efeitos antes de os usares e respeita a pot\u00eancia destas subst\u00e2ncias naturais.<\/p>","protected":false},"excerpt":{"rendered":"<p>Descubra o mundo encantador do B+ Sporeprint da McSmart, criado para o entusiasta psicad\u00e9lico experiente. Esta impress\u00e3o de esporos de qualidade superior permite-lhe cultivar os seus pr\u00f3prios cogumelos m\u00e1gicos B+, conhecidos pela sua resist\u00eancia e tamanho impressionante. Ideal para quem procura uma compreens\u00e3o mais profunda dos psicad\u00e9licos, a B+ Sporeprint convida-o a explorar os padr\u00f5es cativantes e os mist\u00e9rios da natureza.<\/p>","protected":false},"featured_media":126931,"template":"","meta":[],"product_brand":[],"product_cat":[657,297,518,515,476],"product_tag":[662],"class_list":{"0":"post-126929","1":"product","2":"type-product","3":"status-publish","4":"has-post-thumbnail","6":"product_cat-magic-mushroom-spore-prints","7":"product_cat-all-products","8":"product_cat-mushrooms","9":"product_cat-shroomshop","10":"product_cat-smartshop","11":"product_tag-shrdeal","12":"product_shipping_class-creditcard-off","14":"first","15":"instock","16":"taxable","17":"shipping-taxable","18":"purchasable","19":"product-type-variable","20":"has-default-attributes"},"_links":{"self":[{"href":"https:\/\/www.tatanka.nl\/pt\/wp-json\/wp\/v2\/product\/126929","targetHints":{"allow":["GET"]}}],"collection":[{"href":"https:\/\/www.tatanka.nl\/pt\/wp-json\/wp\/v2\/product"}],"about":[{"href":"https:\/\/www.tatanka.nl\/pt\/wp-json\/wp\/v2\/types\/product"}],"wp:featuredmedia":[{"embeddable":true,"href":"https:\/\/www.tatanka.nl\/pt\/wp-json\/wp\/v2\/media\/126931"}],"wp:attachment":[{"href":"https:\/\/www.tatanka.nl\/pt\/wp-json\/wp\/v2\/media?parent=126929"}],"wp:term":[{"taxonomy":"product_brand","embeddable":true,"href":"https:\/\/www.tatanka.nl\/pt\/wp-json\/wp\/v2\/product_brand?post=126929"},{"taxonomy":"product_cat","embeddable":true,"href":"https:\/\/www.tatanka.nl\/pt\/wp-json\/wp\/v2\/product_cat?post=126929"},{"taxonomy":"product_tag","embeddable":true,"href":"https:\/\/www.tatanka.nl\/pt\/wp-json\/wp\/v2\/product_tag?post=126929"}],"curies":[{"name":"wp","href":"https:\/\/api.w.org\/{rel}","templated":true}]}}