{"id":126941,"date":"2024-12-13T14:19:43","date_gmt":"2024-12-13T13:19:43","guid":{"rendered":"https:\/\/www.tatanka.nl\/?post_type=product&#038;p=126941"},"modified":"2025-10-16T07:58:04","modified_gmt":"2025-10-16T06:58:04","slug":"mexican-sporeprint","status":"publish","type":"product","link":"https:\/\/www.tatanka.nl\/pt\/mexican-sporeprint\/","title":{"rendered":"Mexican Impress\u00e3o de esporos"},"content":{"rendered":"<h2>O que s\u00e3o as impress\u00f5es de esporos Mexican?<\/h2>\n<p>As impress\u00f5es de esporos Mexican s\u00e3o um produto de qualidade superior concebido para o cultivo da ic\u00f3nica estirpe Psilocybe cubensis Mexican. Estas impress\u00f5es de esporos, fabricadas pela McSmart, cont\u00eam milh\u00f5es de esporos cuidadosamente recolhidos de cogumelos Mexican maduros, oferecendo um ponto de partida fi\u00e1vel e aut\u00eantico para o cultivo.<\/p>\n<p>Reconhecidos pelo seu significado cultural e hist\u00f3rico, os cogumelos Mexican s\u00e3o h\u00e1 muito celebrados pelo seu papel em experi\u00eancias espirituais e m\u00edsticas. Os esporos de um Mexican Sporeprint s\u00e3o preservados num meio est\u00e9ril, assegurando a sua qualidade e usabilidade. Este produto \u00e9 ideal para utilizadores avan\u00e7ados que procuram cultivar os seus pr\u00f3prios cogumelos ou expandir a sua investiga\u00e7\u00e3o micol\u00f3gica.<\/p>\n<p>O Mexican Sporeprint \u00e9 mais do que uma ferramenta de cultivo; \u00e9 uma porta de entrada para a compreens\u00e3o do fascinante ciclo de vida dos fungos. Quer seja para crescimento pessoal ou explora\u00e7\u00e3o cient\u00edfica, esta impress\u00e3o de esporos fornece uma base fi\u00e1vel e de alta qualidade para os seus esfor\u00e7os.<\/p>\n<h2>Hist\u00f3ria das impress\u00f5es de esporos do Mexican<\/h2>\n<p>A hist\u00f3ria do cogumelo Mexican remonta a milhares de anos, profundamente entrela\u00e7ada com os rituais e tradi\u00e7\u00f5es das antigas culturas mesoamericanas. Grupos ind\u00edgenas, como os Aztecas e os Mazatecas, utilizavam estes cogumelos pelas suas propriedades psicoactivas em cerim\u00f3nias sagradas. Referiam-se aos cogumelos como <em>teonan\u00e1catl<\/em>, que significa \"carne dos deuses\".<\/p>\n<p>Nos tempos modernos, a redescoberta destes cogumelos por investigadores ocidentais como R. Gordon Wasson, em meados do s\u00e9culo XX, chamou a aten\u00e7\u00e3o global para o seu significado cultural e espiritual. Isto levou ao desenvolvimento de t\u00e9cnicas de cultivo, incluindo a impress\u00e3o de esporos, que permitiu aos entusiastas de todo o mundo estudar e cultivar estes fungos fascinantes.<\/p>\n<p>O Mexican Sporeprint transporta esta hist\u00f3ria rica, oferecendo uma liga\u00e7\u00e3o ao legado profundo da variedade Psilocybe cubensis Mexican. Ao cultivar estes cogumelos, os utilizadores podem honrar e explorar a m\u00edstica duradoura desta esp\u00e9cie extraordin\u00e1ria.<\/p>\n<h2>Como utilizar as impress\u00f5es de esporos Mexican<\/h2>\n<p><strong>Passo 1: Prepara\u00e7\u00e3o da placa de Petri<\/strong><br \/>\nComece com uma placa de Petri esterilizada contendo uma solu\u00e7\u00e3o de \u00e1gar. Pode preparar o \u00e1gar voc\u00ea mesmo ou compr\u00e1-lo j\u00e1 pronto. \u00c9 importante abrir a placa num ambiente est\u00e9ril para evitar qualquer contamina\u00e7\u00e3o.<\/p>\n<p><strong>Passo 2: Adicionar os esporos<\/strong><br \/>\nUtilizar uma seringa esterilizada para extrair o l\u00edquido de esporos do frasco. Se estiver a trabalhar com uma impress\u00e3o de esporos, raspe cuidadosamente alguns esporos da impress\u00e3o e deixe-os cair na superf\u00edcie do \u00e1gar na placa de Petri.<\/p>\n<p><strong>Etapa 3: Incuba\u00e7\u00e3o<\/strong><br \/>\nFechar a placa de Petri e coloc\u00e1-la num ambiente adequado e controlado, onde os esporos possam desenvolver-se em mic\u00e9lio sem serem perturbados. O per\u00edodo de incuba\u00e7\u00e3o pode variar entre v\u00e1rios dias e semanas, consoante as condi\u00e7\u00f5es e o tipo de fungo.<\/p>\n<p><strong>Etapa 4: Purifica\u00e7\u00e3o do mic\u00e9lio<\/strong><br \/>\nQuando o mic\u00e9lio se tiver desenvolvido suficientemente e cobrir uma grande parte da placa de Petri, \u00e9 altura de o purificar. Selecione cuidadosamente um peda\u00e7o de mic\u00e9lio saud\u00e1vel e totalmente desenvolvido para utiliza\u00e7\u00e3o posterior.<\/p>\n<p><strong>Etapa 5: Cortar o mic\u00e9lio<\/strong><br \/>\nUtilizando um bisturi esterilizado, cortar uma pequena sec\u00e7\u00e3o do mic\u00e9lio, com cerca de 6 x 6 mm. Este peda\u00e7o servir\u00e1 como iniciador para uma cultura nova e limpa.<\/p>\n<p><strong>Passo 6: Inocula\u00e7\u00e3o do meio de crescimento<\/strong><br \/>\nTransferir o peda\u00e7o de mic\u00e9lio cortado para um novo meio de cultura, como uma nova placa de Petri com \u00e1gar ou outro meio adequado para posterior cultivo. Assegurar que o novo meio \u00e9 manuseado em condi\u00e7\u00f5es est\u00e9reis para manter a sua integridade.<\/p>\n<p>O processo requer paci\u00eancia e precis\u00e3o, mas a recompensa \u00e9 a oportunidade de cultivar cogumelos m\u00e1gicos Mexican vibrantes e saud\u00e1veis. Cada passo fornece informa\u00e7\u00f5es valiosas sobre o fascinante mundo do cultivo de fungos, tornando a viagem t\u00e3o gratificante como o resultado.<\/p>\n<h2>Ingredientes de Mexican Sporeprints<\/h2>\n<p>Um Sporeprint Mexican consiste em milh\u00f5es de esporos derivados de cogumelos Psilocybe cubensis Mexican maduros. Estes esporos s\u00e3o cuidadosamente recolhidos e preservados num meio est\u00e9ril para garantir a sua pureza e viabilidade.<\/p>\n<p>Embora a pr\u00f3pria impress\u00e3o dos esporos n\u00e3o contenha subst\u00e2ncias psicoactivas, os cogumelos cultivados a partir destes esporos produzem naturalmente compostos como a psilocibina e a psilocina. Estes compostos s\u00e3o respons\u00e1veis pelos efeitos alucinog\u00e9nios que tornaram famosos os cogumelos Mexican.<\/p>\n<p>Ao utilizar uma Sporeprint Mexican, os cultivadores t\u00eam acesso a uma fonte pura e fi\u00e1vel de material gen\u00e9tico. Isto garante um in\u00edcio bem sucedido do processo de cultivo, quer seja para uso pessoal ou para investiga\u00e7\u00e3o cient\u00edfica.<\/p>\n<hr \/>\n<p><strong>Aviso:<\/strong><br \/>\nOs cogumelos m\u00e1gicos cont\u00eam naturalmente psilocibina e psilocina, subst\u00e2ncias psicoactivas poderosas que podem alterar a perce\u00e7\u00e3o e induzir alucina\u00e7\u00f5es. Usa-o com responsabilidade e guarda-o fora do alcance das crian\u00e7as. Respeita sempre os efeitos destes compostos e cumpre os regulamentos legais da tua regi\u00e3o.<\/p>","protected":false},"excerpt":{"rendered":"<p>Descubra o mundo cativante da impress\u00e3o de esporos Mexican da McSmart, criada para entusiastas psicad\u00e9licos experientes. Explore os padr\u00f5es intrincados e as carater\u00edsticas \u00fanicas desta impress\u00e3o de esporos de primeira qualidade, uma pedra angular para o cultivo de cogumelos e a explora\u00e7\u00e3o micol\u00f3gica.<\/p>","protected":false},"featured_media":126943,"template":"","meta":[],"product_brand":[],"product_cat":[657,297,515,476],"product_tag":[662],"class_list":{"0":"post-126941","1":"product","2":"type-product","3":"status-publish","4":"has-post-thumbnail","6":"product_cat-magic-mushroom-spore-prints","7":"product_cat-all-products","8":"product_cat-shroomshop","9":"product_cat-smartshop","10":"product_tag-shrdeal","11":"product_shipping_class-creditcard-off","13":"first","14":"instock","15":"taxable","16":"shipping-taxable","17":"purchasable","18":"product-type-variable","19":"has-default-attributes"},"_links":{"self":[{"href":"https:\/\/www.tatanka.nl\/pt\/wp-json\/wp\/v2\/product\/126941","targetHints":{"allow":["GET"]}}],"collection":[{"href":"https:\/\/www.tatanka.nl\/pt\/wp-json\/wp\/v2\/product"}],"about":[{"href":"https:\/\/www.tatanka.nl\/pt\/wp-json\/wp\/v2\/types\/product"}],"wp:featuredmedia":[{"embeddable":true,"href":"https:\/\/www.tatanka.nl\/pt\/wp-json\/wp\/v2\/media\/126943"}],"wp:attachment":[{"href":"https:\/\/www.tatanka.nl\/pt\/wp-json\/wp\/v2\/media?parent=126941"}],"wp:term":[{"taxonomy":"product_brand","embeddable":true,"href":"https:\/\/www.tatanka.nl\/pt\/wp-json\/wp\/v2\/product_brand?post=126941"},{"taxonomy":"product_cat","embeddable":true,"href":"https:\/\/www.tatanka.nl\/pt\/wp-json\/wp\/v2\/product_cat?post=126941"},{"taxonomy":"product_tag","embeddable":true,"href":"https:\/\/www.tatanka.nl\/pt\/wp-json\/wp\/v2\/product_tag?post=126941"}],"curies":[{"name":"wp","href":"https:\/\/api.w.org\/{rel}","templated":true}]}}