{"id":126945,"date":"2024-12-13T14:23:37","date_gmt":"2024-12-13T13:23:37","guid":{"rendered":"https:\/\/www.tatanka.nl\/?post_type=product&#038;p=126945"},"modified":"2025-10-16T07:58:03","modified_gmt":"2025-10-16T06:58:03","slug":"golden-teacher-sporeprint","status":"publish","type":"product","link":"https:\/\/www.tatanka.nl\/pt\/golden-teacher-sporeprint\/","title":{"rendered":"Golden Teacher Esporoimpress\u00e3o"},"content":{"rendered":"<h2>O que s\u00e3o as impress\u00f5es de esporos Golden Teacher?<\/h2>\n<p>As impress\u00f5es de esporos do Golden Teacher s\u00e3o colec\u00e7\u00f5es de esporos microsc\u00f3picos de fungos cuidadosamente colhidos do cogumelo Golden Teacher. Estas impress\u00f5es de esporos s\u00e3o altamente valorizadas entre os entusiastas pela sua qualidade excecional e pelo potencial que encerram para o cultivo e estudo de cogumelos m\u00e1gicos. Cada impress\u00e3o de esporo serve como um projeto gen\u00e9tico, fornecendo a base para o cultivo de cogumelos ou para a explora\u00e7\u00e3o da diversidade micol\u00f3gica.<\/p>\n<p>O cogumelo Golden Teacher \u00e9 conhecido pelo seu chap\u00e9u dourado e pela sua s\u00e1bia reputa\u00e7\u00e3o no mundo dos psicad\u00e9licos. A sua impress\u00e3o de esporos cont\u00e9m milh\u00f5es de esporos que, quando manuseados corretamente, podem transformar-se em mic\u00e9lio pr\u00f3spero. Quer esteja a aprofundar a arte do cultivo de cogumelos ou simplesmente intrigado com a ci\u00eancia por detr\u00e1s destes esporos, as impress\u00f5es de esporos do Golden Teacher oferecem uma porta de entrada para um fen\u00f3meno natural fascinante.<\/p>\n<h2>Hist\u00f3ria das impress\u00f5es de esporos Golden Teacher<\/h2>\n<p>As origens do cogumelo Golden Teacher est\u00e3o mergulhadas em mist\u00e9rio. Aparecendo pela primeira vez na d\u00e9cada de 1980, esta esp\u00e9cie rapidamente ganhou reconhecimento pelas suas propriedades \u00fanicas e apar\u00eancia hipnotizante. O nome \"Golden Teacher\" reflecte a tonalidade dourada do cogumelo e a sua reputa\u00e7\u00e3o de proporcionar experi\u00eancias profundas e introspectivas.<\/p>\n<p>Ao longo das d\u00e9cadas, os Sporeprints Golden Teacher tornaram-se um elemento b\u00e1sico para os entusiastas que procuram cultivar ou estudar estes cogumelos. Ao contr\u00e1rio de outras variedades, os Golden Teacher s\u00e3o admirados n\u00e3o s\u00f3 pelas suas qualidades est\u00e9ticas e psicad\u00e9licas, mas tamb\u00e9m pela sua resili\u00eancia e adaptabilidade. As impress\u00f5es de esporos incorporam a ess\u00eancia gen\u00e9tica deste cogumelo adorado, ligando os cultivadores modernos \u00e0 sua rica hist\u00f3ria.<\/p>\n<h2>Como utilizar as impress\u00f5es de esporos Golden Teacher<\/h2>\n<p><strong>Passo 1: Prepara\u00e7\u00e3o da placa de Petri<\/strong><br \/>\nComece com uma placa de Petri esterilizada contendo uma solu\u00e7\u00e3o de \u00e1gar. Pode preparar o \u00e1gar voc\u00ea mesmo ou compr\u00e1-lo j\u00e1 pronto. \u00c9 importante abrir a placa num ambiente est\u00e9ril para evitar qualquer contamina\u00e7\u00e3o.<\/p>\n<p><strong>Passo 2: Adicionar os esporos<\/strong><br \/>\nUtilizar uma seringa esterilizada para extrair o l\u00edquido de esporos do frasco. Se estiver a trabalhar com uma impress\u00e3o de esporos, raspe cuidadosamente alguns esporos da impress\u00e3o e deixe-os cair na superf\u00edcie do \u00e1gar na placa de Petri.<\/p>\n<p><strong>Etapa 3: Incuba\u00e7\u00e3o<\/strong><br \/>\nFechar a placa de Petri e coloc\u00e1-la num ambiente adequado e controlado, onde os esporos possam desenvolver-se em mic\u00e9lio sem serem perturbados. O per\u00edodo de incuba\u00e7\u00e3o pode variar entre v\u00e1rios dias e semanas, consoante as condi\u00e7\u00f5es e o tipo de fungo.<\/p>\n<p><strong>Etapa 4: Purifica\u00e7\u00e3o do mic\u00e9lio<\/strong><br \/>\nQuando o mic\u00e9lio se tiver desenvolvido suficientemente e cobrir uma grande parte da placa de Petri, \u00e9 altura de o purificar. Selecione cuidadosamente um peda\u00e7o de mic\u00e9lio saud\u00e1vel e totalmente desenvolvido para utiliza\u00e7\u00e3o posterior.<\/p>\n<p><strong>Etapa 5: Cortar o mic\u00e9lio<\/strong><br \/>\nUtilizando um bisturi esterilizado, cortar uma pequena sec\u00e7\u00e3o do mic\u00e9lio, com cerca de 6 x 6 mm. Este peda\u00e7o servir\u00e1 como iniciador para uma cultura nova e limpa.<\/p>\n<p><strong>Passo 6: Inocula\u00e7\u00e3o do meio de crescimento<\/strong><br \/>\nTransferir o peda\u00e7o de mic\u00e9lio cortado para um novo meio de cultura, como uma nova placa de Petri com \u00e1gar ou outro meio adequado para posterior cultivo. Assegurar que o novo meio \u00e9 manuseado em condi\u00e7\u00f5es est\u00e9reis para manter a sua integridade.<\/p>\n<p>O processo requer paci\u00eancia e precis\u00e3o, mas a recompensa \u00e9 a oportunidade de cultivar cogumelos m\u00e1gicos Golden Teacher vibrantes e saud\u00e1veis. Cada passo fornece informa\u00e7\u00f5es valiosas sobre o fascinante mundo do cultivo de fungos, tornando a viagem t\u00e3o gratificante como o resultado.<\/p>\n<h2>Ingredientes de Golden Teacher Sporeprints<\/h2>\n<p>Golden Teacher Sporeprints cont\u00e9m milh\u00f5es de esporos vi\u00e1veis recolhidos de cogumelos Golden Teacher maduros. Estes esporos cont\u00eam a composi\u00e7\u00e3o gen\u00e9tica completa do cogumelo-m\u00e3e, permitindo um cultivo consistente. N\u00e3o s\u00e3o inclu\u00eddos aditivos ou qu\u00edmicos - cada esporo \u00e9 um produto natural do ciclo de vida do cogumelo Golden Teacher.<\/p>\n<p>Os esporos s\u00e3o preservados num meio esterilizado para manter a sua integridade. Com um manuseamento adequado, estas impress\u00f5es de esporos podem ser armazenadas durante longos per\u00edodos de tempo sem perderem a viabilidade, tornando-as um recurso fi\u00e1vel para os entusiastas da micologia.<\/p>\n<p><strong>Aviso<\/strong><br \/>\nOs cogumelos Golden Teacher cont\u00eam psilocibina e psilocina, compostos com efeitos psicoactivos. Estas subst\u00e2ncias podem induzir estados alterados de consci\u00eancia, incluindo alucina\u00e7\u00f5es. Manusear e consumir sempre de forma respons\u00e1vel. Mant\u00e9m os produtos que cont\u00eam estas subst\u00e2ncias fora do alcance das crian\u00e7as e guarda-os em seguran\u00e7a.<\/p>","protected":false},"excerpt":{"rendered":"<p>Descubra a encantadora Golden Teacher Sporeprint da McSmart, criada para entusiastas experientes de subst\u00e2ncias psicad\u00e9licas. Desvende as maravilhas ocultas da natureza com esta impress\u00e3o de esporos de alta qualidade, concebida para dar profundidade e conhecimento \u00e0 sua explora\u00e7\u00e3o psicad\u00e9lica.<\/p>","protected":false},"featured_media":126947,"template":"","meta":[],"product_brand":[],"product_cat":[657,297,515,476],"product_tag":[662],"class_list":{"0":"post-126945","1":"product","2":"type-product","3":"status-publish","4":"has-post-thumbnail","6":"product_cat-magic-mushroom-spore-prints","7":"product_cat-all-products","8":"product_cat-shroomshop","9":"product_cat-smartshop","10":"product_tag-shrdeal","11":"product_shipping_class-creditcard-off","13":"first","14":"instock","15":"taxable","16":"shipping-taxable","17":"purchasable","18":"product-type-variable","19":"has-default-attributes"},"_links":{"self":[{"href":"https:\/\/www.tatanka.nl\/pt\/wp-json\/wp\/v2\/product\/126945","targetHints":{"allow":["GET"]}}],"collection":[{"href":"https:\/\/www.tatanka.nl\/pt\/wp-json\/wp\/v2\/product"}],"about":[{"href":"https:\/\/www.tatanka.nl\/pt\/wp-json\/wp\/v2\/types\/product"}],"wp:featuredmedia":[{"embeddable":true,"href":"https:\/\/www.tatanka.nl\/pt\/wp-json\/wp\/v2\/media\/126947"}],"wp:attachment":[{"href":"https:\/\/www.tatanka.nl\/pt\/wp-json\/wp\/v2\/media?parent=126945"}],"wp:term":[{"taxonomy":"product_brand","embeddable":true,"href":"https:\/\/www.tatanka.nl\/pt\/wp-json\/wp\/v2\/product_brand?post=126945"},{"taxonomy":"product_cat","embeddable":true,"href":"https:\/\/www.tatanka.nl\/pt\/wp-json\/wp\/v2\/product_cat?post=126945"},{"taxonomy":"product_tag","embeddable":true,"href":"https:\/\/www.tatanka.nl\/pt\/wp-json\/wp\/v2\/product_tag?post=126945"}],"curies":[{"name":"wp","href":"https:\/\/api.w.org\/{rel}","templated":true}]}}