{"id":126949,"date":"2024-12-13T14:28:54","date_gmt":"2024-12-13T13:28:54","guid":{"rendered":"https:\/\/www.tatanka.nl\/?post_type=product&#038;p=126949"},"modified":"2025-10-16T07:58:03","modified_gmt":"2025-10-16T06:58:03","slug":"mazatapec-sporeprint","status":"publish","type":"product","link":"https:\/\/www.tatanka.nl\/pt\/mazatapec-sporeprint\/","title":{"rendered":"Mazatapec Impress\u00e3o de esporos"},"content":{"rendered":"<h2>O que s\u00e3o as impress\u00f5es de esporos Mazatapec?<\/h2>\n<p>As impress\u00f5es de esporos Mazatapec s\u00e3o uma porta de entrada para o fascinante mundo do cultivo de cogumelos m\u00e1gicos. Estas impress\u00f5es de esporos cont\u00eam o projeto gen\u00e9tico dos cogumelos Mazatapec, uma variedade c\u00e9lebre pelo seu aspeto \u00fanico e significado hist\u00f3rico nos rituais ind\u00edgenas. Uma impress\u00e3o de esporos \u00e9 essencialmente uma cole\u00e7\u00e3o de esporos meticulosamente reunidos numa superf\u00edcie est\u00e9ril, permitindo aos entusiastas cultivar e estudar estes cogumelos.<\/p>\n<p>As Sporeprints oferecem mais do que apenas uma forma de cultivar cogumelos; proporcionam uma liga\u00e7\u00e3o mais profunda aos processos naturais por detr\u00e1s do crescimento dos fungos. Com as Sporeprints Mazatapec, pode explorar estes padr\u00f5es intrigantes enquanto desvenda os mist\u00e9rios da micologia. S\u00e3o ideais para quem tem uma paix\u00e3o pela natureza, pela ci\u00eancia ou pelas artes psicad\u00e9licas.<\/p>\n<h2>Hist\u00f3ria das impress\u00f5es de esporos Mazatapec<\/h2>\n<p>O cogumelo Mazatapec tem as suas ra\u00edzes no povo Mazateca do M\u00e9xico, que utilizava estes fungos em cerim\u00f3nias sagradas. O pr\u00f3prio nome reflecte esta origem, misturando a heran\u00e7a da cultura Mazateca com a identidade \u00fanica do cogumelo. Durante s\u00e9culos, estes cogumelos desempenharam um papel vital nas pr\u00e1ticas espirituais, servindo como uma ferramenta para alcan\u00e7ar estados de consci\u00eancia elevados.<\/p>\n<p>Na era moderna, a descoberta e a preserva\u00e7\u00e3o dos cogumelos Mazatapec inspiraram um ressurgimento do seu estudo. Impress\u00f5es de esporos como estas permitem aos entusiastas envolverem-se nesta rica hist\u00f3ria, preservando o legado destes extraordin\u00e1rios fungos enquanto exploram o seu significado cient\u00edfico e cultural.<\/p>\n<h2>Como utilizar as impress\u00f5es de esporos Mazatapec<\/h2>\n<p><strong>Passo 1: Prepara\u00e7\u00e3o da placa de Petri<\/strong><br \/>\nComece com uma placa de Petri esterilizada contendo uma solu\u00e7\u00e3o de \u00e1gar. Pode preparar o \u00e1gar voc\u00ea mesmo ou compr\u00e1-lo j\u00e1 pronto. \u00c9 importante abrir a placa num ambiente est\u00e9ril para evitar qualquer contamina\u00e7\u00e3o.<\/p>\n<p><strong>Passo 2: Adicionar os esporos<\/strong><br \/>\nUtilizar uma seringa esterilizada para extrair o l\u00edquido de esporos do frasco. Se estiver a trabalhar com uma impress\u00e3o de esporos, raspe cuidadosamente alguns esporos da impress\u00e3o e deixe-os cair na superf\u00edcie do \u00e1gar na placa de Petri.<\/p>\n<p><strong>Etapa 3: Incuba\u00e7\u00e3o<\/strong><br \/>\nFechar a placa de Petri e coloc\u00e1-la num ambiente adequado e controlado, onde os esporos possam desenvolver-se em mic\u00e9lio sem serem perturbados. O per\u00edodo de incuba\u00e7\u00e3o pode variar entre v\u00e1rios dias e semanas, consoante as condi\u00e7\u00f5es e o tipo de fungo.<\/p>\n<p><strong>Etapa 4: Purifica\u00e7\u00e3o do mic\u00e9lio<\/strong><br \/>\nQuando o mic\u00e9lio se tiver desenvolvido suficientemente e cobrir uma grande parte da placa de Petri, \u00e9 altura de o purificar. Selecione cuidadosamente um peda\u00e7o de mic\u00e9lio saud\u00e1vel e totalmente desenvolvido para utiliza\u00e7\u00e3o posterior.<\/p>\n<p><strong>Etapa 5: Cortar o mic\u00e9lio<\/strong><br \/>\nUtilizando um bisturi esterilizado, cortar uma pequena sec\u00e7\u00e3o do mic\u00e9lio, com cerca de 6 x 6 mm. Este peda\u00e7o servir\u00e1 como iniciador para uma cultura nova e limpa.<\/p>\n<p><strong>Passo 6: Inocula\u00e7\u00e3o do meio de crescimento<\/strong><br \/>\nTransferir o peda\u00e7o de mic\u00e9lio cortado para um novo meio de cultura, como uma nova placa de Petri com \u00e1gar ou outro meio adequado para posterior cultivo. Assegurar que o novo meio \u00e9 manuseado em condi\u00e7\u00f5es est\u00e9reis para manter a sua integridade.<\/p>\n<p>O processo requer paci\u00eancia e precis\u00e3o, mas a recompensa \u00e9 a oportunidade de cultivar cogumelos m\u00e1gicos Mazatapec vibrantes e saud\u00e1veis. Cada passo fornece informa\u00e7\u00f5es valiosas sobre o fascinante mundo do cultivo de fungos, tornando a viagem t\u00e3o gratificante como o resultado.<\/p>\n<h3>Ingredientes de Mazatapec Sporeprints<\/h3>\n<p>Cada Mazatapec Sporeprint cont\u00e9m milh\u00f5es de esporos, cuidadosamente recolhidos e preservados. Estes esporos representam o material gen\u00e9tico necess\u00e1rio para cultivar a esp\u00e9cie de cogumelo Mazatapec. A impress\u00e3o de esporos \u00e9 criada numa superf\u00edcie est\u00e9ril para manter a pureza e a qualidade.<\/p>\n<p>Os esporos s\u00e3o microsc\u00f3picos e s\u00f3 podem ser observados em pormenor com um microsc\u00f3pio. Servem como base para o desenvolvimento de uma rede de mic\u00e9lio saud\u00e1vel, um passo cr\u00edtico para o sucesso do cultivo de cogumelos. Com um manuseamento adequado, o Mazatapec Sporeprint \u00e9 o ponto de partida perfeito para explorar o fascinante ciclo de vida dos fungos.<\/p>\n<p><strong>Aviso<\/strong><br \/>\nOs cogumelos Mazatapec cont\u00eam psilocibina e psilocina, compostos com efeitos psicoactivos. Estas subst\u00e2ncias podem induzir estados alterados de consci\u00eancia, incluindo alucina\u00e7\u00f5es. Manusear e consumir sempre de forma respons\u00e1vel. Mant\u00e9m os produtos que cont\u00eam estas subst\u00e2ncias fora do alcance das crian\u00e7as e guarda-os em seguran\u00e7a.<\/p>","protected":false},"excerpt":{"rendered":"<p>Explore a encantadora cole\u00e7\u00e3o Mazatapec Sporeprint da McSmart, criada para os entusiastas experientes. Mergulhe nos padr\u00f5es hipnotizantes das maravilhas ocultas da natureza e descubra porque \u00e9 que a McSmart \u00e9 conhecida pela sua cole\u00e7\u00e3o premium de sporeprint, concebida para satisfazer as prefer\u00eancias refinadas dos verdadeiros conhecedores.<\/p>","protected":false},"featured_media":126951,"template":"","meta":[],"product_brand":[],"product_cat":[657,297,518,515,476],"product_tag":[662],"class_list":{"0":"post-126949","1":"product","2":"type-product","3":"status-publish","4":"has-post-thumbnail","6":"product_cat-magic-mushroom-spore-prints","7":"product_cat-all-products","8":"product_cat-mushrooms","9":"product_cat-shroomshop","10":"product_cat-smartshop","11":"product_tag-shrdeal","12":"product_shipping_class-creditcard-off","14":"first","15":"instock","16":"taxable","17":"shipping-taxable","18":"purchasable","19":"product-type-variable","20":"has-default-attributes"},"_links":{"self":[{"href":"https:\/\/www.tatanka.nl\/pt\/wp-json\/wp\/v2\/product\/126949","targetHints":{"allow":["GET"]}}],"collection":[{"href":"https:\/\/www.tatanka.nl\/pt\/wp-json\/wp\/v2\/product"}],"about":[{"href":"https:\/\/www.tatanka.nl\/pt\/wp-json\/wp\/v2\/types\/product"}],"wp:featuredmedia":[{"embeddable":true,"href":"https:\/\/www.tatanka.nl\/pt\/wp-json\/wp\/v2\/media\/126951"}],"wp:attachment":[{"href":"https:\/\/www.tatanka.nl\/pt\/wp-json\/wp\/v2\/media?parent=126949"}],"wp:term":[{"taxonomy":"product_brand","embeddable":true,"href":"https:\/\/www.tatanka.nl\/pt\/wp-json\/wp\/v2\/product_brand?post=126949"},{"taxonomy":"product_cat","embeddable":true,"href":"https:\/\/www.tatanka.nl\/pt\/wp-json\/wp\/v2\/product_cat?post=126949"},{"taxonomy":"product_tag","embeddable":true,"href":"https:\/\/www.tatanka.nl\/pt\/wp-json\/wp\/v2\/product_tag?post=126949"}],"curies":[{"name":"wp","href":"https:\/\/api.w.org\/{rel}","templated":true}]}}