{"id":127323,"date":"2025-01-10T12:09:59","date_gmt":"2025-01-10T11:09:59","guid":{"rendered":"https:\/\/www.tatanka.nl\/?post_type=product&#038;p=127323"},"modified":"2025-05-16T14:49:19","modified_gmt":"2025-05-16T13:49:19","slug":"sogouda-soma-sacred-seeds","status":"publish","type":"product","link":"https:\/\/www.tatanka.nl\/pt\/sogouda-soma-sacred-seeds\/","title":{"rendered":"SoGouda - Sementes sagradas de Soma"},"content":{"rendered":"<h2>O que \u00e9 o SoGouda?<\/h2>\n<p>A SoGouda \u00e9 uma variedade de can\u00e1bis de qualidade superior desenvolvida pela Soma Sacred Seeds. Esta variedade em particular \u00e9 conhecida pelo seu perfil de sabor \u00fanico que combina notas picantes e verde-lim\u00e3o com um sabor delicioso. A variedade \u00e9 predominantemente \u00cdndica, o que a torna ideal para relaxamento e uma experi\u00eancia tranquila. Com a gen\u00e9tica 80% Indica e 20% Sativa, a SoGouda equilibra tanto os efeitos corporais relaxantes da Indica como os efeitos cerebrais estimulantes da Sativa.<\/p>\n<p>O que distingue a SoGouda \u00e9 a sua capacidade de produzir excelente haxixe, um subproduto que os entusiastas da can\u00e1bis apreciam verdadeiramente pelo seu sabor rico e potente. Quando cultivada corretamente, a SoGouda produz cerca de 40 gramas por planta e tem um per\u00edodo de flora\u00e7\u00e3o de 9-10 semanas. A variedade prospera em condi\u00e7\u00f5es \u00f3ptimas, oferecendo a combina\u00e7\u00e3o ideal de sabor e pot\u00eancia para uma vasta gama de utilizadores.<\/p>\n<hr \/>\n<h2>Hist\u00f3ria de SoGouda<\/h2>\n<p>A hist\u00f3ria da SoGouda remonta aos esfor\u00e7os dedicados da Soma Sacred Seeds, uma empresa bem conhecida pelo seu empenho na cria\u00e7\u00e3o de variedades de can\u00e1bis de primeira qualidade. O objetivo da Soma era criar uma variedade que n\u00e3o s\u00f3 tivesse um perfil de sabor distinto e agrad\u00e1vel, como tamb\u00e9m fosse excelente na produ\u00e7\u00e3o de haxixe de alta qualidade. Ao misturar gen\u00e9ticas cuidadosamente selecionadas, a Soma Sacred Seeds foi capaz de criar a SoGouda, uma variedade que rapidamente se tornou popular entre os entusiastas da can\u00e1bis.<\/p>\n<p>A SoGouda carrega consigo o rico legado do trabalho artesanal da Soma. A equipa de cultivo concentrou-se no desenvolvimento de uma variedade robusta e de elevado rendimento que permanecesse acess\u00edvel tanto a cultivadores novatos como a experientes. O resultado foi uma variedade que produziu excelentes sabores e efeitos potentes, garantindo o seu lugar como favorita entre os amantes da can\u00e1bis. As suas carater\u00edsticas \u00fanicas fazem com que se destaque entre outras variedades, combinando um excelente sabor com um potencial de produ\u00e7\u00e3o de haxixe excecional.<\/p>\n<hr \/>\n<h2>Como utilizar o SoGouda<\/h2>\n<p>A SoGouda \u00e9 uma variedade vers\u00e1til que pode ser apreciada de v\u00e1rias formas. Quer seja um utilizador experiente de can\u00e1bis ou um principiante, a SoGouda pode ser utilizada tanto para fins recreativos como medicinais. Para maximizar os seus efeitos, recomenda-se a sua utiliza\u00e7\u00e3o com modera\u00e7\u00e3o. Para aqueles que procuram experimentar o seu sabor picante e verde-lim\u00e3o, fumar ou vaporizar a SoGouda \u00e9 o m\u00e9todo mais comum. Pode ser enrolada num charro ou usada num vaporizador para uma experi\u00eancia suave e saborosa.<\/p>\n<p>Para os interessados em fazer haxixe, a SoGouda \u00e9 conhecida por produzir haxixe de alta qualidade. Para criar haxixe, pode utilizar um m\u00e9todo tradicional como a peneira\u00e7\u00e3o a seco ou a extra\u00e7\u00e3o com \u00e1gua gelada. Os tricomas ricos e pegajosos da SoGouda fazem dela uma excelente candidata para a produ\u00e7\u00e3o de concentrados potentes. Quer esteja a tentar relaxar em casa ou a desfrutar de uma sess\u00e3o social, a SoGouda proporciona uma experi\u00eancia satisfat\u00f3ria com os seus efeitos encorpados e sabor suave.<\/p>\n<hr \/>\n<h2>Ingredientes de SoGouda<\/h2>\n<p>Os ingredientes da SoGouda s\u00e3o derivados de uma mistura cuidadosamente selecionada de gen\u00e9ticas de can\u00e1bis. A variedade \u00e9 composta por 80% Indica e 20% Sativa, o que influencia tanto o seu sabor como os seus efeitos. A gen\u00e9tica dominante da Indica contribui para um efeito calmante e relaxante, enquanto a Sativa acrescenta um toque suave e edificante que melhora a experi\u00eancia geral. A combina\u00e7\u00e3o \u00fanica destas gen\u00e9ticas permite \u00e0 SoGouda manter um equil\u00edbrio de efeitos, tornando-a adequada para diferentes ocasi\u00f5es.<\/p>\n<p>Em termos de sabor, a SoGouda \u00e9 conhecida pelas suas notas picantes e verde-lima. Este perfil de sabor distinto \u00e9 o resultado de plantas de can\u00e1bis cuidadosamente cultivadas que real\u00e7am a riqueza dos terpenos. Estes terpenos contribuem n\u00e3o s\u00f3 para o sabor, mas tamb\u00e9m para o perfil arom\u00e1tico da variedade. Os terpenos da SoGouda desempenham um papel fundamental na experi\u00eancia geral, com um sabor residual delicioso e suave que deixa os utilizadores satisfeitos. Os tricomas da planta, que s\u00e3o a fonte de canabin\u00f3ides e terpenos, s\u00e3o abundantes, tornando a SoGouda uma excelente escolha para aqueles que apreciam uma variedade saborosa e potente.<\/p>\n<hr \/>\n<p><strong>Aviso:<\/strong><br \/>\nA SoGouda, como todas as variedades de can\u00e1bis, deve ser usada com responsabilidade. Devido \u00e0 sua natureza \u00cdndica dominante, pode causar relaxamento e seda\u00e7\u00e3o, tornando-a inadequada para actividades que exijam aten\u00e7\u00e3o ou concentra\u00e7\u00e3o. Consuma sempre a can\u00e1bis num ambiente seguro e controlado, especialmente se n\u00e3o estiver familiarizado com os seus efeitos. Mant\u00e9m-na fora do alcance das crian\u00e7as e dos animais dom\u00e9sticos.<\/p>","protected":false},"excerpt":{"rendered":"<p>A SoGouda da Soma Sacred Seeds oferece um perfil de sabor picante, verde-lim\u00e3o e delicioso, tornando-a uma variedade deliciosa tanto para conhecedores como para utilizadores casuais. Conhecida pelo seu sabor rico, a SoGouda tamb\u00e9m produz haxixe excecional, oferecendo uma experi\u00eancia satisfat\u00f3ria para aqueles que apreciam can\u00e1bis de qualidade.<\/p>","protected":false},"featured_media":127328,"template":"","meta":[],"product_brand":[],"product_cat":[640,297,549,546],"product_tag":[],"class_list":{"0":"post-127323","1":"product","2":"type-product","3":"status-publish","4":"has-post-thumbnail","6":"product_cat-soma-sacred-seeds","7":"product_cat-all-products","8":"product_cat-feminized-seeds","9":"product_cat-seedshop","11":"first","12":"instock","13":"taxable","14":"shipping-taxable","15":"purchasable","16":"product-type-variable","17":"has-default-attributes"},"_links":{"self":[{"href":"https:\/\/www.tatanka.nl\/pt\/wp-json\/wp\/v2\/product\/127323","targetHints":{"allow":["GET"]}}],"collection":[{"href":"https:\/\/www.tatanka.nl\/pt\/wp-json\/wp\/v2\/product"}],"about":[{"href":"https:\/\/www.tatanka.nl\/pt\/wp-json\/wp\/v2\/types\/product"}],"wp:featuredmedia":[{"embeddable":true,"href":"https:\/\/www.tatanka.nl\/pt\/wp-json\/wp\/v2\/media\/127328"}],"wp:attachment":[{"href":"https:\/\/www.tatanka.nl\/pt\/wp-json\/wp\/v2\/media?parent=127323"}],"wp:term":[{"taxonomy":"product_brand","embeddable":true,"href":"https:\/\/www.tatanka.nl\/pt\/wp-json\/wp\/v2\/product_brand?post=127323"},{"taxonomy":"product_cat","embeddable":true,"href":"https:\/\/www.tatanka.nl\/pt\/wp-json\/wp\/v2\/product_cat?post=127323"},{"taxonomy":"product_tag","embeddable":true,"href":"https:\/\/www.tatanka.nl\/pt\/wp-json\/wp\/v2\/product_tag?post=127323"}],"curies":[{"name":"wp","href":"https:\/\/api.w.org\/{rel}","templated":true}]}}