{"id":127329,"date":"2025-01-10T12:23:11","date_gmt":"2025-01-10T11:23:11","guid":{"rendered":"https:\/\/www.tatanka.nl\/?post_type=product&#038;p=127329"},"modified":"2025-05-16T14:49:11","modified_gmt":"2025-05-16T13:49:11","slug":"amnesia-haze-autoflower-soma-sacred-seeds","status":"publish","type":"product","link":"https:\/\/www.tatanka.nl\/pt\/amnesia-haze-autoflower-soma-sacred-seeds\/","title":{"rendered":"Amnesia Haze Autoflorescente - Soma Sacred Seeds"},"content":{"rendered":"<h2>O que \u00e9 a Amnesia Haze Autoflower?<\/h2>\n<p>A Amnesia Haze Autoflower \u00e9 uma variedade de can\u00e1bis que combina a melhor gen\u00e9tica do Sudeste Asi\u00e1tico, a Jamaican Haze e as variedades Afghani-Hawaiian. Esta variedade h\u00edbrida, com 70% Sativa e 30% Indica, oferece um efeito relaxante bem equilibrado que \u00e9 simultaneamente edificante e relaxante. A Amnesia Haze Autoflower destaca-se pelos seus efeitos poderosos e sabor vibrante, tornando-a uma das favoritas entre os entusiastas da can\u00e1bis. \u00c9 particularmente conhecida pela sua capacidade de proporcionar uma experi\u00eancia energ\u00e9tica e euf\u00f3rica, ideal para situa\u00e7\u00f5es sociais ou esfor\u00e7os criativos.<\/p>\n<p>Com um per\u00edodo de flora\u00e7\u00e3o de 9-10 semanas e um rendimento de at\u00e9 40 gramas por planta, a Amnesia Haze Autoflower \u00e9 uma \u00f3ptima escolha tanto para cultivadores experientes como para principiantes. A sua natureza autoflorescente torna-a f\u00e1cil de cultivar, exigindo o m\u00ednimo de aten\u00e7\u00e3o e produzindo bot\u00f5es de alta qualidade. A gen\u00e9tica \u00fanica da variedade faz dela um destaque no mundo da can\u00e1bis, com uma hist\u00f3ria rica e um impressionante registo de pr\u00e9mios, incluindo v\u00e1rias vit\u00f3rias na High Times Cannabis Cup.<\/p>\n<hr \/>\n<h2>Hist\u00f3ria da Amnesia Haze Autoflower<\/h2>\n<p>A hist\u00f3ria da Amnesia Haze Autoflower remonta \u00e0 cria\u00e7\u00e3o da sua antecessora, a ic\u00f3nica Amnesia Haze. Desenvolvida atrav\u00e9s de um cruzamento de v\u00e1rias gen\u00e9ticas internacionais, a Amnesia Haze tornou-se rapidamente uma variedade de renome na comunidade can\u00e1bica. Em colabora\u00e7\u00e3o com os principais criadores de autoflorescentes, a Soma Sacred Seeds desenvolveu a vers\u00e3o autoflorescente, que mant\u00e9m todas as qualidades da Amnesia Haze original, oferecendo o benef\u00edcio adicional de um cultivo mais f\u00e1cil.<\/p>\n<p>O legado da Amnesia Haze Autoflower inclui a vit\u00f3ria na prestigiada High Times Cannabis Cup em 2012, bem como em tr\u00eas outras competi\u00e7\u00f5es de can\u00e1bis nos Pa\u00edses Baixos. Estas distin\u00e7\u00f5es cimentaram o estatuto da variedade como uma das melhores do sector. A Amnesia Haze Autoflower tornou-se desde ent\u00e3o uma das mais vendidas no Barney's Breakfast Bar, um local popular para os conhecedores de can\u00e1bis. A sua mistura de gen\u00e9tica do Sudeste Asi\u00e1tico, Jamaican Haze e Afghani-Hawaiian torna-a uma variedade vers\u00e1til e procurada por utilizadores que apreciam tanto o sabor como a pot\u00eancia.<\/p>\n<hr \/>\n<h2>Como utilizar a Amnesia Haze Autoflower<\/h2>\n<p>A Amnesia Haze Autoflower \u00e9 uma variedade vers\u00e1til que pode ser apreciada de v\u00e1rias formas. Para os fumadores, \u00e9 melhor apreciada num charro, cachimbo ou bongo, onde o seu fumo suave e saboroso pode ser totalmente apreciado. A vaporiza\u00e7\u00e3o tamb\u00e9m \u00e9 uma excelente op\u00e7\u00e3o, pois melhora o perfil vibrante de terpenos da variedade. A Amnesia Haze Autoflower \u00e9 conhecida pelos seus efeitos edificantes e euf\u00f3ricos, tornando-a ideal para actividades sociais, projectos criativos ou simplesmente para relaxar com os amigos.<\/p>\n<p>Quando se trata de usar esta variedade medicinalmente, a Amnesia Haze Autoflower \u00e9 frequentemente escolhida pelas suas propriedades de melhoria do humor. Aqueles que lidam com stress, ansiedade ou depress\u00e3o podem beneficiar da sua capacidade de elevar o humor e proporcionar uma sensa\u00e7\u00e3o de calma. Al\u00e9m disso, devido aos seus efeitos equilibrados, pode ser usada ao longo do dia sem causar uma seda\u00e7\u00e3o avassaladora. Para os cultivadores, a Amnesia Haze Autoflower oferece uma experi\u00eancia de cultivo simples, com o m\u00ednimo de aten\u00e7\u00e3o necess\u00e1ria. \u00c9 perfeita para quem procura uma planta de baixa manuten\u00e7\u00e3o que produz bot\u00f5es de alta qualidade num per\u00edodo de tempo relativamente curto.<\/p>\n<hr \/>\n<h2>Ingredientes da Amnesia Haze Autoflower<\/h2>\n<p>A Amnesia Haze Autoflower \u00e9 uma variedade h\u00edbrida com uma mistura distinta de gen\u00e9tica que molda tanto os seus efeitos como o seu sabor. O r\u00e1cio de 70% Sativa e 30% Indica garante um efeito relaxante equilibrado, com a Sativa a contribuir para os seus efeitos estimulantes e energizantes, enquanto a gen\u00e9tica Indica proporciona relaxamento e qualidades calmantes. A ascend\u00eancia da variedade inclui as variedades do Sudeste Asi\u00e1tico, Jamaican Haze e Afghani-Hawaiian, cada uma contribuindo com as suas carater\u00edsticas \u00fanicas para a experi\u00eancia geral.<\/p>\n<p>Os terpenos encontrados na Amnesia Haze Autoflower desempenham um papel significativo no seu perfil de sabor. Os utilizadores podem esperar uma mistura complexa de notas terrosas, c\u00edtricas e doces, com um toque de especiarias. Estes terpenos n\u00e3o s\u00f3 contribuem para o sabor agrad\u00e1vel da variedade, como tamb\u00e9m melhoram as suas qualidades arom\u00e1ticas, proporcionando uma experi\u00eancia sensorial completa. O elevado teor de THC da Amnesia Haze Autoflower garante efeitos potentes, oferecendo um efeito relaxante poderoso e duradouro, perfeito para quem procura uma experi\u00eancia de can\u00e1bis not\u00e1vel. A natureza autoflorescente desta variedade torna-a uma op\u00e7\u00e3o atractiva para os cultivadores que pretendem um processo de cultivo sem complica\u00e7\u00f5es, ao mesmo tempo que desfrutam de um produto final de qualidade superior.<\/p>\n<hr \/>\n<p><strong>Aviso:<\/strong><br \/>\nA Amnesia Haze Autoflower, como todas as variedades de can\u00e1bis, deve ser usada com responsabilidade. Devido aos seus efeitos potentes, pode causar um aumento do ritmo card\u00edaco ou uma sensa\u00e7\u00e3o de tonturas em alguns utilizadores, especialmente nos que s\u00e3o novos na can\u00e1bis. Aconselha-se a come\u00e7ar com uma dose pequena e a aumentar gradualmente conforme necess\u00e1rio. Consome-a sempre num ambiente seguro e evita operar maquinaria pesada ou participar em actividades que exijam aten\u00e7\u00e3o total ap\u00f3s o consumo. Mant\u00e9m fora do alcance das crian\u00e7as e dos animais dom\u00e9sticos.<\/p>","protected":false},"excerpt":{"rendered":"<p>A Amnesia Haze Autoflower \u00e9 uma variedade de can\u00e1bis not\u00e1vel conhecida pelos seus efeitos \u00fanicos e potentes. Criada atrav\u00e9s de uma colabora\u00e7\u00e3o com os melhores criadores de autoflorescentes, esta variedade mistura as gen\u00e9ticas do Sudeste Asi\u00e1tico, Jamaican Haze e Afghani-Hawaiian, oferecendo uma experi\u00eancia de can\u00e1bis verdadeiramente \u00fanica. Com o seu legado premiado e perfil de sabor excecional, a Amnesia Haze Autoflower \u00e9 um must-have para os conhecedores.<\/p>","protected":false},"featured_media":127334,"template":"","meta":[],"product_brand":[],"product_cat":[640,297,547,546],"product_tag":[],"class_list":{"0":"post-127329","1":"product","2":"type-product","3":"status-publish","4":"has-post-thumbnail","6":"product_cat-soma-sacred-seeds","7":"product_cat-all-products","8":"product_cat-autoflowering-seeds","9":"product_cat-seedshop","11":"first","12":"instock","13":"taxable","14":"shipping-taxable","15":"purchasable","16":"product-type-variable","17":"has-default-attributes"},"_links":{"self":[{"href":"https:\/\/www.tatanka.nl\/pt\/wp-json\/wp\/v2\/product\/127329","targetHints":{"allow":["GET"]}}],"collection":[{"href":"https:\/\/www.tatanka.nl\/pt\/wp-json\/wp\/v2\/product"}],"about":[{"href":"https:\/\/www.tatanka.nl\/pt\/wp-json\/wp\/v2\/types\/product"}],"wp:featuredmedia":[{"embeddable":true,"href":"https:\/\/www.tatanka.nl\/pt\/wp-json\/wp\/v2\/media\/127334"}],"wp:attachment":[{"href":"https:\/\/www.tatanka.nl\/pt\/wp-json\/wp\/v2\/media?parent=127329"}],"wp:term":[{"taxonomy":"product_brand","embeddable":true,"href":"https:\/\/www.tatanka.nl\/pt\/wp-json\/wp\/v2\/product_brand?post=127329"},{"taxonomy":"product_cat","embeddable":true,"href":"https:\/\/www.tatanka.nl\/pt\/wp-json\/wp\/v2\/product_cat?post=127329"},{"taxonomy":"product_tag","embeddable":true,"href":"https:\/\/www.tatanka.nl\/pt\/wp-json\/wp\/v2\/product_tag?post=127329"}],"curies":[{"name":"wp","href":"https:\/\/api.w.org\/{rel}","templated":true}]}}