{"id":127347,"date":"2025-01-10T13:18:03","date_gmt":"2025-01-10T12:18:03","guid":{"rendered":"https:\/\/www.tatanka.nl\/?post_type=product&#038;p=127347"},"modified":"2025-05-16T14:47:56","modified_gmt":"2025-05-16T13:47:56","slug":"true-og-soma-sacred-seeds","status":"publish","type":"product","link":"https:\/\/www.tatanka.nl\/pt\/true-og-soma-sacred-seeds\/","title":{"rendered":"True OG - Soma Sacred Seeds"},"content":{"rendered":"<h2>O que \u00e9 o True OG?<\/h2>\n<p>A True OG \u00e9 uma variedade distinta criada a partir da popular OG Kush, com as suas ra\u00edzes no sul da Calif\u00f3rnia. O nome \"OG\" referia-se originalmente a \"ocean grown\", indicando as origens da planta ao longo das regi\u00f5es costeiras da Calif\u00f3rnia. A True OG, com a sua composi\u00e7\u00e3o gen\u00e9tica 80% Indica e 20% Sativa, \u00e9 uma h\u00edbrida poderosa conhecida pelos seus efeitos relaxantes e suaves, combinados com um efeito mais concentrado na cabe\u00e7a. Esta variedade oferece um perfil de sabor suave e terroso que \u00e9 ideal para quem procura um relaxamento profundo sem seda\u00e7\u00e3o pesada.<\/p>\n<p>Uma das principais carater\u00edsticas da True OG \u00e9 a sua versatilidade como variedade f\u00e1cil de cultivar. Quer seja cultivada no interior ou no exterior, a True OG prospera sob as condi\u00e7\u00f5es certas. Embora seja mais adequada a climas mais secos devido \u00e0 sua suscetibilidade \u00e0 podrid\u00e3o dos bot\u00f5es em condi\u00e7\u00f5es de humidade elevada, tamb\u00e9m pode ser cultivada com sucesso em ambientes interiores controlados. Os bot\u00f5es densos e cheios de resina desta variedade s\u00e3o muito procurados pela sua capacidade de produzir haxixe de alta qualidade, o que a torna uma das favoritas entre os utilizadores recreativos e os entusiastas do haxixe.<\/p>\n<h2>Hist\u00f3ria do True OG<\/h2>\n<p>A True OG tem as suas origens no sul da Calif\u00f3rnia, onde o termo \"OG\" foi cunhado pela primeira vez, significando \"cultivada no oceano\". Isto significava que as variedades eram cultivadas perto da costa, beneficiando do ar fresco do oceano e das condi\u00e7\u00f5es ambientais \u00fanicas. A variedade-m\u00e3e, OG Kush, \u00e9 desde h\u00e1 muito uma das variedades de can\u00e1bis mais ic\u00f3nicas e influentes, contribuindo com os seus efeitos potentes e sabor \u00fanico para a True OG. Com o tempo, este fen\u00f3tipo espec\u00edfico da OG Kush foi selecionado pelo seu sabor, pot\u00eancia e carater\u00edsticas de crescimento excepcionais.<\/p>\n<p>Desde a sua introdu\u00e7\u00e3o, a True OG tem sido preferida tanto por utilizadores casuais como por utilizadores experientes. A variedade rapidamente ganhou popularidade pela sua not\u00e1vel capacidade de proporcionar um sabor suave e terroso com efeitos relaxantes e de melhoria do humor. A Soma Sacred Seeds obteve o fen\u00f3tipo da True OG que tem vindo a cultivar desde 2008, e continua a ser uma das suas variedades favoritas devido aos seus terpenos superiores e potencial de produ\u00e7\u00e3o de haxixe. Atualmente, a True OG \u00e9 celebrada pela sua capacidade de oferecer um efeito relaxante equilibrado que relaxa o corpo e estimula a mente sem causar uma seda\u00e7\u00e3o avassaladora.<\/p>\n<h2>Como utilizar o True OG<\/h2>\n<p>A True OG pode ser usada de v\u00e1rias formas, dependendo das suas prefer\u00eancias. Quando fumada, a variedade proporciona um sabor suave e terroso que melhora a experi\u00eancia geral. Os seus efeitos suaves e relaxantes tornam-na ideal para uso noturno, oferecendo uma \u00f3ptima maneira de descontrair ap\u00f3s um longo dia sem se sentir demasiado sedado. Os efeitos equilibrados da variedade tamb\u00e9m a tornam uma boa op\u00e7\u00e3o para ambientes sociais, uma vez que proporciona um efeito calmante na cabe\u00e7a sem perturbar a clareza mental.<\/p>\n<p>Para aqueles que preferem extractos, a True OG tamb\u00e9m \u00e9 conhecida pelo seu excelente potencial de produ\u00e7\u00e3o de haxixe. Os bot\u00f5es densos s\u00e3o ricos em resina, o que os torna perfeitos para produzir haxixe saboroso e potente. Quer seja consumida como flor ou na sua forma concentrada, a True OG oferece uma experi\u00eancia agrad\u00e1vel e calmante. Ao cultivar esta variedade, os produtores devem procurar manter as condi\u00e7\u00f5es ideais de temperatura entre 18-29\u00b0C e ter em aten\u00e7\u00e3o os n\u00edveis de humidade, uma vez que a True OG \u00e9 mais suscet\u00edvel ao apodrecimento dos bot\u00f5es em condi\u00e7\u00f5es h\u00famidas.<\/p>\n<h2>Ingredientes do True OG<\/h2>\n<p>Os efeitos e o perfil de sabor da True OG s\u00e3o largamente determinados pela sua combina\u00e7\u00e3o de canabin\u00f3ides e terpenos. O principal terpeno da variedade \u00e9 o mirceno, que contribui para o seu aroma terroso e herb\u00e1ceo e para as suas propriedades relaxantes. O limoneno, outro terpeno chave da True OG, acrescenta uma ligeira nota c\u00edtrica, melhorando o seu sabor geral e acrescentando um componente edificante ao efeito. O pineno, que tamb\u00e9m se encontra nesta variedade, oferece um aroma refrescante, semelhante ao do pinheiro, que equilibra as notas mais terrosas da variedade.<\/p>\n<p>Para al\u00e9m dos seus terpenos, a True OG cont\u00e9m uma elevada concentra\u00e7\u00e3o de THC, que \u00e9 respons\u00e1vel pelos seus efeitos potentes. A composi\u00e7\u00e3o gen\u00e9tica da 80% Indica e da 20% Sativa garante que a True OG proporciona uma experi\u00eancia relaxante e suave com um efeito relaxante e concentrado. O perfil de terpenos da variedade, combinado com o seu teor de THC, faz da True OG uma excelente escolha para quem procura uma experi\u00eancia saborosa e que alivie o stress. Quer seja utilizada para fins recreativos ou medicinais, a combina\u00e7\u00e3o \u00fanica de canabin\u00f3ides e terpenos faz da True OG a favorita de muitos consumidores de can\u00e1bis.<\/p>\n<p><strong>Aviso:<\/strong><br \/>\nA True OG \u00e9 uma variedade potente, e os seus efeitos podem ser intensos para alguns utilizadores. Os rec\u00e9m-chegados ou aqueles com uma toler\u00e2ncia mais baixa devem come\u00e7ar com uma dose pequena para evitar o consumo excessivo. Tamb\u00e9m \u00e9 importante ter em mente que os bot\u00f5es densos e a natureza rica em resina da True OG a tornam ideal para a produ\u00e7\u00e3o de haxixe, pelo que o manuseamento adequado durante o cultivo \u00e9 essencial para evitar contamina\u00e7\u00e3o ou apodrecimento. Consome-a sempre de forma respons\u00e1vel e de acordo com as leis locais.<\/p>","protected":false},"excerpt":{"rendered":"<p>A True OG \u00e9 uma potente h\u00edbrida com predomin\u00e2ncia de \u00edndica que proporciona experi\u00eancias terrosas e saborosas. Com a gen\u00e9tica 80% Indica e 20% Sativa, oferece efeitos duradouros e suaves, juntamente com uma moca concentrada na cabe\u00e7a. Conhecida pelo seu excelente potencial de produ\u00e7\u00e3o de haxixe, a True OG prospera tanto em ambientes interiores como exteriores, o que a torna uma op\u00e7\u00e3o vers\u00e1til para os cultivadores. Os seus bot\u00f5es ricos e densos e os seus terpenos deliciosos fazem dela a favorita dos que apreciam um fumo suave e saboroso e um relaxamento duradouro.<\/p>","protected":false},"featured_media":127352,"template":"","meta":[],"product_brand":[],"product_cat":[640,297,549,546],"product_tag":[],"class_list":{"0":"post-127347","1":"product","2":"type-product","3":"status-publish","4":"has-post-thumbnail","6":"product_cat-soma-sacred-seeds","7":"product_cat-all-products","8":"product_cat-feminized-seeds","9":"product_cat-seedshop","11":"first","12":"instock","13":"taxable","14":"shipping-taxable","15":"purchasable","16":"product-type-variable","17":"has-default-attributes"},"_links":{"self":[{"href":"https:\/\/www.tatanka.nl\/pt\/wp-json\/wp\/v2\/product\/127347","targetHints":{"allow":["GET"]}}],"collection":[{"href":"https:\/\/www.tatanka.nl\/pt\/wp-json\/wp\/v2\/product"}],"about":[{"href":"https:\/\/www.tatanka.nl\/pt\/wp-json\/wp\/v2\/types\/product"}],"wp:featuredmedia":[{"embeddable":true,"href":"https:\/\/www.tatanka.nl\/pt\/wp-json\/wp\/v2\/media\/127352"}],"wp:attachment":[{"href":"https:\/\/www.tatanka.nl\/pt\/wp-json\/wp\/v2\/media?parent=127347"}],"wp:term":[{"taxonomy":"product_brand","embeddable":true,"href":"https:\/\/www.tatanka.nl\/pt\/wp-json\/wp\/v2\/product_brand?post=127347"},{"taxonomy":"product_cat","embeddable":true,"href":"https:\/\/www.tatanka.nl\/pt\/wp-json\/wp\/v2\/product_cat?post=127347"},{"taxonomy":"product_tag","embeddable":true,"href":"https:\/\/www.tatanka.nl\/pt\/wp-json\/wp\/v2\/product_tag?post=127347"}],"curies":[{"name":"wp","href":"https:\/\/api.w.org\/{rel}","templated":true}]}}