{"id":127353,"date":"2025-01-10T13:24:09","date_gmt":"2025-01-10T12:24:09","guid":{"rendered":"https:\/\/www.tatanka.nl\/?post_type=product&#038;p=127353"},"modified":"2025-05-16T14:48:56","modified_gmt":"2025-05-16T13:48:56","slug":"buddhas-sister-soma-sacred-seeds","status":"publish","type":"product","link":"https:\/\/www.tatanka.nl\/pt\/buddhas-sister-soma-sacred-seeds\/","title":{"rendered":"Irm\u00e3 de Buda - Sementes Sagradas de Soma"},"content":{"rendered":"<h2>O que \u00e9 a irm\u00e3 de Buda?<\/h2>\n<p>A Buddha's Sister, originalmente conhecida como Soma Skunk V+, \u00e9 uma variedade h\u00edbrida de can\u00e1bis que se tornou uma escolha popular para quem procura um efeito relaxante criativo e cerebral. Foi especificamente renomeada para atrair os coffeeshops de Amesterd\u00e3o, onde rapidamente ganhou reconhecimento pelas suas carater\u00edsticas \u00fanicas e efeitos potentes. A variedade \u00e9 um cruzamento entre a Siddhartha e a Afghani Hawaiian, resultando numa planta com um rendimento impressionante e um sabor a rebu\u00e7ado de cereja. A Buddha's Sister oferece uma experi\u00eancia equilibrada com uma mistura de 60% Indica e 40% Sativa, tornando-a ideal para quem quer relaxamento e estimula\u00e7\u00e3o mental.<\/p>\n<p>Esta variedade destaca-se pela sua estrutura alta e esguia, com muitos ramos laterais que a tornam mais adequada para um m\u00e9todo de cultivo com v\u00e1rios ramos em vez da t\u00e9cnica Sea of Green (SOG). A Buddha's Sister \u00e9 altamente resinosa, o que a torna excelente para a produ\u00e7\u00e3o de haxixe, e os seus bot\u00f5es t\u00eam uma textura sedosa e escorregadia que real\u00e7a a abund\u00e2ncia de resina gordurosa. Embora tenha um sabor ligeiramente menos doce do que a sua irm\u00e3, a Reclining Buddha, a Buddha's Sister continua a ser conhecida pela sua qualidade medicinal, proporcionando benef\u00edcios terap\u00eauticos juntamente com um delicioso perfil de sabor.<\/p>\n<h2>Hist\u00f3ria da irm\u00e3 de Buda<\/h2>\n<p>A hist\u00f3ria da Buddha's Sister come\u00e7a com o seu nome original, Soma Skunk V+, uma variedade criada pela Soma Sacred Seeds. Esta h\u00edbrida fazia inicialmente parte dos esfor\u00e7os da Soma para criar variedades que oferecessem valor medicinal e recreativo. Ap\u00f3s o seu lan\u00e7amento, a variedade tornou-se rapidamente popular devido aos seus efeitos potentes e sabor \u00fanico. A mudan\u00e7a de nome para Buddha's Sister ajudou a aumentar o seu apelo, especialmente na cena dos coffeeshops de Amesterd\u00e3o, onde se tornou um vendedor r\u00e1pido e se esgotava regularmente.<\/p>\n<p>A linhagem gen\u00e9tica da variedade tem as suas ra\u00edzes na combina\u00e7\u00e3o da Siddhartha e da Afghani Hawaiian, duas variedades conhecidas pelos seus efeitos fortes e sabores ricos. A hibrida\u00e7\u00e3o destas duas variedades resultou numa planta que possu\u00eda um maior rendimento, mas com menos do\u00e7ura do que a sua contraparte, a Reclining Buddha. Desde ent\u00e3o, a Buddha's Sister tornou-se um elemento b\u00e1sico na comunidade can\u00e1bica, admirada pelas suas propriedades medicinais e pela sua capacidade de proporcionar um efeito relaxante criativo e cerebral. Como resultado, continua a ser uma das variedades mais procuradas nos mercados de can\u00e1bis medicinal e recreativa.<\/p>\n<h2>Como utilizar a irm\u00e3 de Buda<\/h2>\n<p>A Buddha's Sister \u00e9 uma variedade vers\u00e1til que pode ser apreciada de v\u00e1rias formas, consoante a sua prefer\u00eancia. Os bot\u00f5es da Buddha's Sister t\u00eam uma textura suave e sedosa, tornando-os f\u00e1ceis de manusear e ideais para a produ\u00e7\u00e3o de haxixe. O elevado teor de resina da planta torna-a perfeita para criar concentrados potentes e saborosos. Para aqueles que preferem fum\u00e1-la, a variedade oferece um sabor a rebu\u00e7ado de cereja azeda que proporciona uma experi\u00eancia agrad\u00e1vel e suave.<\/p>\n<p>Quando usam a Buddha's Sister, os utilizadores podem esperar uma moca poderosa, criativa e cerebral, perfeita para estimular a mente e aumentar a criatividade. \u00c9 ideal para quem deseja envolver-se em actividades art\u00edsticas, brainstorming, ou simplesmente desfrutar de uma experi\u00eancia relaxante e edificante. Esta variedade \u00e9 tamb\u00e9m popular entre os utilizadores medicinais devido aos seus efeitos terap\u00eauticos, que podem ajudar em v\u00e1rias condi\u00e7\u00f5es como o stress, a ansiedade e a dor cr\u00f3nica. Quer a consuma atrav\u00e9s de fumo, vaporiza\u00e7\u00e3o ou concentrados, a Buddha's Sister oferece uma experi\u00eancia completa e agrad\u00e1vel.<\/p>\n<h2>Ingredientes de Buddha's Sister<\/h2>\n<p>O sabor e os efeitos \u00fanicos da Buddha's Sister s\u00e3o o resultado de uma combina\u00e7\u00e3o complexa de canabin\u00f3ides e terpenos. Os terpenos dominantes da variedade incluem o mirceno, o limoneno e o cariofileno. O mirceno contribui para o seu aroma terroso e almiscarado e para os seus efeitos relaxantes, enquanto o limoneno acrescenta um toque c\u00edtrico ao perfil de sabor. O cariofileno, conhecido pelas suas notas apimentadas e picantes, proporciona uma camada adicional de complexidade ao aroma e sabor da variedade.<\/p>\n<p>Para al\u00e9m dos seus terpenos, a Buddha's Sister \u00e9 rica em THC, que \u00e9 respons\u00e1vel pelos seus efeitos potentes. As gen\u00e9ticas 60% Indica e 40% Sativa proporcionam um efeito relaxante bem equilibrado que \u00e9 ao mesmo tempo fisicamente relaxante e mentalmente estimulante. Esta combina\u00e7\u00e3o de canabin\u00f3ides e terpenos faz da Buddha's Sister uma variedade \u00fanica, perfeita para quem procura benef\u00edcios terap\u00eauticos e um impulso criativo. Quer seja utilizada para fins recreativos ou medicinais, os ingredientes da Buddha's Sister trabalham em harmonia para proporcionar uma experi\u00eancia de can\u00e1bis excecional.<\/p>\n<p><strong>Aviso:<\/strong><br \/>\nA Buddha's Sister \u00e9 uma variedade potente, e os seus efeitos podem ser intensos para alguns utilizadores. Se \u00e9 novo nesta variedade, recomenda-se que comece com uma pequena dose para avaliar a sua toler\u00e2ncia. Os bot\u00f5es ricos em resina desta variedade tamb\u00e9m requerem um manuseamento cuidadoso durante o cultivo para evitar bolor ou mofo, especialmente em ambientes h\u00famidos. Consome sempre de forma respons\u00e1vel e em conformidade com as leis locais.<\/p>","protected":false},"excerpt":{"rendered":"<p>A Buddha's Sister \u00e9 uma variedade de can\u00e1bis saborosa e potente conhecida pelos seus efeitos criativos e cerebrais. Com a gen\u00e9tica 60% Indica e 40% Sativa, oferece um efeito relaxante poderoso, ideal para quem procura inspira\u00e7\u00e3o e relaxamento. Conhecida pelo seu sabor \u00fanico a rebu\u00e7ado de cereja, esta variedade produz rendimentos elevados e resina abundante, perfeita para fazer haxixe. Quer seja cultivada hidroponicamente ou em solo org\u00e2nico, a Buddha's Sister prospera numa configura\u00e7\u00e3o com v\u00e1rios ramos e proporciona uma experi\u00eancia satisfat\u00f3ria tanto para utilizadores recreativos como medicinais.<\/p>","protected":false},"featured_media":127357,"template":"","meta":[],"product_brand":[],"product_cat":[640,297,549,546],"product_tag":[],"class_list":{"0":"post-127353","1":"product","2":"type-product","3":"status-publish","4":"has-post-thumbnail","6":"product_cat-soma-sacred-seeds","7":"product_cat-all-products","8":"product_cat-feminized-seeds","9":"product_cat-seedshop","11":"first","12":"instock","13":"taxable","14":"shipping-taxable","15":"purchasable","16":"product-type-variable","17":"has-default-attributes"},"_links":{"self":[{"href":"https:\/\/www.tatanka.nl\/pt\/wp-json\/wp\/v2\/product\/127353","targetHints":{"allow":["GET"]}}],"collection":[{"href":"https:\/\/www.tatanka.nl\/pt\/wp-json\/wp\/v2\/product"}],"about":[{"href":"https:\/\/www.tatanka.nl\/pt\/wp-json\/wp\/v2\/types\/product"}],"wp:featuredmedia":[{"embeddable":true,"href":"https:\/\/www.tatanka.nl\/pt\/wp-json\/wp\/v2\/media\/127357"}],"wp:attachment":[{"href":"https:\/\/www.tatanka.nl\/pt\/wp-json\/wp\/v2\/media?parent=127353"}],"wp:term":[{"taxonomy":"product_brand","embeddable":true,"href":"https:\/\/www.tatanka.nl\/pt\/wp-json\/wp\/v2\/product_brand?post=127353"},{"taxonomy":"product_cat","embeddable":true,"href":"https:\/\/www.tatanka.nl\/pt\/wp-json\/wp\/v2\/product_cat?post=127353"},{"taxonomy":"product_tag","embeddable":true,"href":"https:\/\/www.tatanka.nl\/pt\/wp-json\/wp\/v2\/product_tag?post=127353"}],"curies":[{"name":"wp","href":"https:\/\/api.w.org\/{rel}","templated":true}]}}