{"id":127363,"date":"2025-01-10T13:37:12","date_gmt":"2025-01-10T12:37:12","guid":{"rendered":"https:\/\/www.tatanka.nl\/?post_type=product&#038;p=127363"},"modified":"2025-05-16T14:48:41","modified_gmt":"2025-05-16T13:48:41","slug":"lavender-soma-sacred-seeds","status":"publish","type":"product","link":"https:\/\/www.tatanka.nl\/pt\/lavender-soma-sacred-seeds\/","title":{"rendered":"Alfazema - Soma Sacred Seeds"},"content":{"rendered":"<h2>O que \u00e9 a alfazema?<\/h2>\n<p>A Lavender \u00e9 uma variedade de can\u00e1bis cativante que se destaca n\u00e3o s\u00f3 pela sua apar\u00eancia impressionante, mas tamb\u00e9m pela sua composi\u00e7\u00e3o gen\u00e9tica complexa. \u00c9 um cruzamento de tr\u00eas vias, incorporando as melhores carater\u00edsticas de v\u00e1rias regi\u00f5es: Afeganist\u00e3o, Havai, Coreia, EUA e Europa. Este patrim\u00f3nio gen\u00e9tico diversificado resulta numa planta que \u00e9 ao mesmo tempo visualmente deslumbrante e potente. A lavanda \u00e9 particularmente conhecida pela sua colora\u00e7\u00e3o p\u00farpura profunda, que pode atingir tons quase pretos nas pontas das folhas, tornando-a numa das variedades visualmente mais impressionantes dispon\u00edveis.<\/p>\n<p>Os bot\u00f5es densos da planta emitem um aroma picante que lembra o haxixe afeg\u00e3o, o que aumenta o seu fasc\u00ednio. Com um elevado r\u00e1cio c\u00e1lice-folha, a Lavender \u00e9 relativamente f\u00e1cil de manicurar, o que a torna uma op\u00e7\u00e3o atractiva para os cultivadores. Embora possa n\u00e3o crescer t\u00e3o alto como as variedades Haze, a Lavender pode atingir alturas impressionantes quando lhe \u00e9 dado um per\u00edodo vegetativo alargado. \u00c9 vers\u00e1til e pode prosperar tanto no interior como no exterior, oferecendo um rendimento generoso e uma qualidade excecional. Quer seja cultivada num mar de verde ou como uma planta com v\u00e1rias ramifica\u00e7\u00f5es, a Lavender proporciona uma experi\u00eancia agrad\u00e1vel e potente aos entusiastas da can\u00e1bis.<\/p>\n<h2>Hist\u00f3ria da alfazema<\/h2>\n<p>A hist\u00f3ria da Lavender \u00e9 t\u00e3o diversa e rica como a sua linhagem gen\u00e9tica. Esta variedade re\u00fane gen\u00e9ticas de v\u00e1rias regi\u00f5es, incluindo o Afeganist\u00e3o, o Havai, a Coreia, os EUA e a Europa. A combina\u00e7\u00e3o destas diferentes variedades de can\u00e1bis resulta numa variedade que mistura as melhores qualidades de cada regi\u00e3o, criando um produto complexo e muito procurado. A influ\u00eancia afeg\u00e3 confere \u00e0 Lavender o seu distinto aroma picante e de haxixe, enquanto a Hawaiian e a gen\u00e9tica americana contribuem para a sua pot\u00eancia e atra\u00e7\u00e3o geral.<\/p>\n<p>A gen\u00e9tica \u00fanica da Lavender foi cuidadosamente selecionada ao longo do tempo para produzir uma variedade que n\u00e3o s\u00f3 oferece um excelente efeito relaxante como tamb\u00e9m prospera em v\u00e1rias condi\u00e7\u00f5es de cultivo. A adaptabilidade da planta e o seu rendimento excecional tornaram-na uma das favoritas entre os cultivadores de interior e exterior. A colora\u00e7\u00e3o e o sabor carater\u00edsticos da alfazema tornaram-na um destaque no mundo da can\u00e1bis, chamando a aten\u00e7\u00e3o tanto pela sua beleza como pelos seus efeitos poderosos e relaxantes. Atualmente, continua a ser uma escolha popular para os conhecedores de can\u00e1bis que procuram uma experi\u00eancia equilibrada e relaxante.<\/p>\n<h2>Como utilizar a alfazema<\/h2>\n<p>A lavanda \u00e9 uma variedade vers\u00e1til que pode ser apreciada de v\u00e1rias formas, consoante a sua prefer\u00eancia. Quer prefira fumar, vaporizar ou usar concentrados, a Lavender proporciona uma experi\u00eancia poderosa e relaxante que \u00e9 ideal para descontrair ap\u00f3s um longo dia. O sabor distinto da variedade, que se assemelha muito ao haxixe afeg\u00e3o, torna-a uma excelente escolha para quem gosta de notas ricas, picantes e terrosas na sua can\u00e1bis.<\/p>\n<p>Para os principiantes nesta variedade, recomenda-se come\u00e7ar com uma pequena dose para avaliar os seus efeitos. O efeito calmante e suave da lavanda torna-a uma escolha ideal para uso noturno ou em dias de chuva, quando se quer relaxar e descontrair. Os efeitos calmantes podem ajudar a aliviar o stress e a ansiedade e, para alguns, pode at\u00e9 ajudar a dormir. Quer seja usada para relaxar ou para ajudar a dormir, a alfazema proporciona uma experi\u00eancia tranquila e agrad\u00e1vel que deixa os utilizadores satisfeitos e \u00e0 vontade.<\/p>\n<h2>Ingredientes da alfazema<\/h2>\n<p>Os efeitos e o perfil de sabor da Lavender s\u00e3o o resultado de uma combina\u00e7\u00e3o complexa de canabin\u00f3ides e terpenos. O elevado teor de THC desta variedade proporciona um efeito relaxante e poderoso, perfeito para descontrair. Para al\u00e9m do THC, a Lavender cont\u00e9m outros canabin\u00f3ides como o CBD, que contribuem para os seus efeitos terap\u00eauticos, como o al\u00edvio do stress e o relaxamento.<\/p>\n<p>Os terpenos da alfazema tamb\u00e9m desempenham um papel crucial no seu sabor e aroma distintos. O mirceno, o terpeno dominante, confere notas terrosas e almiscaradas, enquanto o limoneno acrescenta um toque c\u00edtrico ao perfil geral. O cariofileno contribui com um aroma picante e apimentado, que complementa o aroma de haxixe afeg\u00e3o. Estes terpenos trabalham em conjunto para criar um sabor \u00fanico e complexo que melhora a experi\u00eancia geral do uso da alfazema. A combina\u00e7\u00e3o destes ingredientes resulta numa variedade que n\u00e3o s\u00f3 \u00e9 calmante como tamb\u00e9m saborosa, tornando-a uma escolha de topo para os entusiastas da can\u00e1bis.<\/p>\n<p><strong>Aviso:<\/strong><br \/>\nA lavanda \u00e9 uma variedade potente, e os seus efeitos calmantes podem ser intensos para alguns utilizadores. Se fores novo nesta variedade ou tiveres uma toler\u00e2ncia baixa, recomenda-se que comeces com uma dose pequena e aumentes gradualmente conforme necess\u00e1rio. A natureza relaxante da Lavender torna-a mais adequada para uso noturno, pois pode induzir sonol\u00eancia. Tenha em aten\u00e7\u00e3o os efeitos da variedade e consuma-a de forma respons\u00e1vel, especialmente quando planear participar em actividades que exijam concentra\u00e7\u00e3o ou aten\u00e7\u00e3o. Respeite sempre a legisla\u00e7\u00e3o e os regulamentos locais quando utilizar produtos de can\u00e1bis.<\/p>","protected":false},"excerpt":{"rendered":"<p>A Lavender \u00e9 uma variedade de can\u00e1bis impressionante e ex\u00f3tica com uma hist\u00f3ria gen\u00e9tica rica, combinando influ\u00eancias do Afeganist\u00e3o, Havai, Coreia, EUA e Europa. Conhecida pela sua intensa colora\u00e7\u00e3o p\u00farpura e bot\u00f5es densos, esta variedade oferece um aroma picante, semelhante ao haxixe afeg\u00e3o, e um efeito relaxante e suave. A lavanda prospera em climas temperados, produzindo um rendimento excecional com um processo de cultivo simplificado. Ideal para uso noturno, proporciona um efeito relaxante e calmante que \u00e9 perfeito para descontrair ou induzir o sono.<\/p>","protected":false},"featured_media":127367,"template":"","meta":[],"product_brand":[],"product_cat":[640,297,549,546],"product_tag":[],"class_list":{"0":"post-127363","1":"product","2":"type-product","3":"status-publish","4":"has-post-thumbnail","6":"product_cat-soma-sacred-seeds","7":"product_cat-all-products","8":"product_cat-feminized-seeds","9":"product_cat-seedshop","11":"first","12":"instock","13":"taxable","14":"shipping-taxable","15":"purchasable","16":"product-type-variable","17":"has-default-attributes"},"_links":{"self":[{"href":"https:\/\/www.tatanka.nl\/pt\/wp-json\/wp\/v2\/product\/127363","targetHints":{"allow":["GET"]}}],"collection":[{"href":"https:\/\/www.tatanka.nl\/pt\/wp-json\/wp\/v2\/product"}],"about":[{"href":"https:\/\/www.tatanka.nl\/pt\/wp-json\/wp\/v2\/types\/product"}],"wp:featuredmedia":[{"embeddable":true,"href":"https:\/\/www.tatanka.nl\/pt\/wp-json\/wp\/v2\/media\/127367"}],"wp:attachment":[{"href":"https:\/\/www.tatanka.nl\/pt\/wp-json\/wp\/v2\/media?parent=127363"}],"wp:term":[{"taxonomy":"product_brand","embeddable":true,"href":"https:\/\/www.tatanka.nl\/pt\/wp-json\/wp\/v2\/product_brand?post=127363"},{"taxonomy":"product_cat","embeddable":true,"href":"https:\/\/www.tatanka.nl\/pt\/wp-json\/wp\/v2\/product_cat?post=127363"},{"taxonomy":"product_tag","embeddable":true,"href":"https:\/\/www.tatanka.nl\/pt\/wp-json\/wp\/v2\/product_tag?post=127363"}],"curies":[{"name":"wp","href":"https:\/\/api.w.org\/{rel}","templated":true}]}}