{"id":127368,"date":"2025-01-10T13:43:19","date_gmt":"2025-01-10T12:43:19","guid":{"rendered":"https:\/\/www.tatanka.nl\/?post_type=product&#038;p=127368"},"modified":"2025-05-16T14:48:39","modified_gmt":"2025-05-16T13:48:39","slug":"new-york-city-diesel-soma-sacred-seeds","status":"publish","type":"product","link":"https:\/\/www.tatanka.nl\/pt\/new-york-city-diesel-soma-sacred-seeds\/","title":{"rendered":"Diesel de Nova Iorque - Soma Sacred Seeds"},"content":{"rendered":"<h2>O que \u00e9 o New York City Diesel?<\/h2>\n<p>A New York City Diesel, frequentemente referida como NYC Diesel, \u00e9 uma variedade h\u00edbrida de can\u00e1bis com uma composi\u00e7\u00e3o de 70% Sativa e 30% Indica. Esta mistura cria um efeito din\u00e2mico e equilibrado que \u00e9 simultaneamente revigorante e relaxante. Origin\u00e1ria da Big Apple, a NYC Diesel ganhou fama devido \u00e0s suas carater\u00edsticas \u00fanicas e \u00e0 reputa\u00e7\u00e3o de ser \"a melhor erva\", como descrito pelos seus primeiros defensores.<\/p>\n<p>A variedade \u00e9 conhecida pelo seu aroma distinto, que faz lembrar toranjas vermelhas maduras, que preenche qualquer espa\u00e7o com o seu refrescante aroma c\u00edtrico. Para al\u00e9m do seu cheiro, a NYC Diesel tem um sabor ex\u00f3tico que deixa uma impress\u00e3o duradoura. Proporciona um efeito estimulante que estimula a criatividade, mantendo um tom suave, o que a torna adequada tanto para uso diurno como noturno. Com o seu per\u00edodo de flora\u00e7\u00e3o alargado de 13 semanas, esta variedade recompensa os produtores com um rendimento generoso de bot\u00f5es de alta qualidade.<\/p>\n<h2>Hist\u00f3ria do Diesel em Nova Iorque<\/h2>\n<p>As origens da New York City Diesel s\u00e3o t\u00e3o vibrantes como os seus efeitos. A viagem da variedade come\u00e7ou na movimentada cidade de Nova Iorque, onde as suas sementes foram trazidas por um amigo de confian\u00e7a conhecido pelo seu gosto exigente pela can\u00e1bis. Com as suas ra\u00edzes na Big Apple, a NYC Diesel rapidamente ganhou reconhecimento pelas suas propriedades \u00fanicas e tornou-se uma das favoritas entre os entusiastas da can\u00e1bis.<\/p>\n<p>A NYC Diesel destaca-se pelo seu extraordin\u00e1rio aroma e perfil de sabor. O seu aroma frutado, que lembra as toranjas vermelhas maduras, distingue-a de outras variedades. Esta carater\u00edstica distinta contribuiu para a sua crescente popularidade n\u00e3o s\u00f3 em Nova Iorque, mas a n\u00edvel mundial. A reputa\u00e7\u00e3o da variedade s\u00f3 se fortaleceu com o tempo, solidificando o seu lugar como uma das variedades de can\u00e1bis mais ex\u00f3ticas e agrad\u00e1veis dispon\u00edveis.<\/p>\n<h2>Como utilizar o gas\u00f3leo da cidade de Nova Iorque<\/h2>\n<p>A New York City Diesel pode ser apreciada de v\u00e1rias formas, o que a torna uma escolha vers\u00e1til para utilizadores novatos e experientes. Quer seja fumada, vaporizada ou usada em concentrados, a NYC Diesel proporciona uma experi\u00eancia \u00fanica que combina um efeito relaxante da Sativa com os efeitos calmantes da \u00cdndica.<\/p>\n<p>As suas propriedades energizantes tornam-no uma excelente escolha para actividades diurnas ou projectos criativos. O sabor ex\u00f3tico da toranja acrescenta um toque refrescante \u00e0 experi\u00eancia, tornando-a t\u00e3o agrad\u00e1vel de saborear como de sentir. Para quem procura relaxamento sem letargia, NYC Diesel \u00e9 tamb\u00e9m um companheiro ideal para a noite, oferecendo um equil\u00edbrio entre estimula\u00e7\u00e3o mental e calma f\u00edsica. Come\u00e7a sempre com uma pequena dose se fores novo nesta variedade para avaliares os seus efeitos e ajustares-te em conformidade.<\/p>\n<h2>Ingredientes do gas\u00f3leo de Nova Iorque<\/h2>\n<p>A pot\u00eancia e o atrativo da New York City Diesel residem na sua combina\u00e7\u00e3o \u00fanica de canabin\u00f3ides e terpenos. Esta variedade tem um elevado teor de THC, o que contribui para os seus efeitos estimulantes e euf\u00f3ricos. A domin\u00e2ncia Sativa garante uma experi\u00eancia l\u00facida e energizante, enquanto a influ\u00eancia Indica acrescenta um toque de relaxamento para equilibrar o efeito.<\/p>\n<p>Os terpenos desempenham um papel vital no aroma e sabor da NYC Diesel. O terpeno dominante, o limoneno, \u00e9 respons\u00e1vel pelo aroma c\u00edtrico de toranja da variedade. O mirceno acrescenta tons terrosos, enquanto o cariofileno introduz um toque de picante. Juntos, estes compostos criam o perfil sensorial ex\u00f3tico que distingue a NYC Diesel. Esta combina\u00e7\u00e3o n\u00e3o s\u00f3 melhora a experi\u00eancia como tamb\u00e9m proporciona potenciais benef\u00edcios terap\u00eauticos, incluindo o al\u00edvio do stress e a melhoria do humor.<\/p>\n<p><strong>Aviso:<\/strong><br \/>\nA New York City Diesel \u00e9 uma variedade potente, e os seus efeitos podem ser intensos para principiantes. Comece com uma pequena quantidade para avaliar a sua toler\u00e2ncia e evitar o consumo excessivo. Devido \u00e0s suas propriedades energizantes, recomenda-se a sua utiliza\u00e7\u00e3o durante o dia ou ao in\u00edcio da noite para evitar interferir com o sono. Consome sempre de forma respons\u00e1vel e segue os regulamentos locais relativos ao consumo de can\u00e1bis.<\/p>","protected":false},"excerpt":{"rendered":"<p>A New York City Diesel \u00e9 uma variedade de can\u00e1bis celebrada pela sua mistura \u00fanica de carater\u00edsticas Sativa e \u00cdndica. Conhecida pelo seu aroma a toranja vermelha madura, sabor ex\u00f3tico e efeito estimulante, a NYC Diesel \u00e9 perfeita para quem procura uma experi\u00eancia criativa e energizante. Com as suas origens na Big Apple e perfil vibrante, esta variedade oferece uma viagem memor\u00e1vel para os sentidos.<\/p>","protected":false},"featured_media":127372,"template":"","meta":[],"product_brand":[],"product_cat":[640,297,549,546],"product_tag":[],"class_list":{"0":"post-127368","1":"product","2":"type-product","3":"status-publish","4":"has-post-thumbnail","6":"product_cat-soma-sacred-seeds","7":"product_cat-all-products","8":"product_cat-feminized-seeds","9":"product_cat-seedshop","11":"first","12":"instock","13":"taxable","14":"shipping-taxable","15":"purchasable","16":"product-type-variable","17":"has-default-attributes"},"_links":{"self":[{"href":"https:\/\/www.tatanka.nl\/pt\/wp-json\/wp\/v2\/product\/127368","targetHints":{"allow":["GET"]}}],"collection":[{"href":"https:\/\/www.tatanka.nl\/pt\/wp-json\/wp\/v2\/product"}],"about":[{"href":"https:\/\/www.tatanka.nl\/pt\/wp-json\/wp\/v2\/types\/product"}],"wp:featuredmedia":[{"embeddable":true,"href":"https:\/\/www.tatanka.nl\/pt\/wp-json\/wp\/v2\/media\/127372"}],"wp:attachment":[{"href":"https:\/\/www.tatanka.nl\/pt\/wp-json\/wp\/v2\/media?parent=127368"}],"wp:term":[{"taxonomy":"product_brand","embeddable":true,"href":"https:\/\/www.tatanka.nl\/pt\/wp-json\/wp\/v2\/product_brand?post=127368"},{"taxonomy":"product_cat","embeddable":true,"href":"https:\/\/www.tatanka.nl\/pt\/wp-json\/wp\/v2\/product_cat?post=127368"},{"taxonomy":"product_tag","embeddable":true,"href":"https:\/\/www.tatanka.nl\/pt\/wp-json\/wp\/v2\/product_tag?post=127368"}],"curies":[{"name":"wp","href":"https:\/\/api.w.org\/{rel}","templated":true}]}}