{"id":127932,"date":"2025-02-04T16:29:33","date_gmt":"2025-02-04T15:29:33","guid":{"rendered":"https:\/\/www.tatanka.nl\/?post_type=product&#038;p=127932"},"modified":"2026-02-05T00:49:25","modified_gmt":"2026-02-04T23:49:25","slug":"love-caps-6-capsules","status":"publish","type":"product","link":"https:\/\/www.tatanka.nl\/pt\/love-caps-6-capsules\/","title":{"rendered":"Love Caps - 6 c\u00e1psulas"},"content":{"rendered":"<p><strong>Ultimate69 Love Caps - 6 Capsules<\/strong><\/p>\n<p>Melhore os seus momentos \u00edntimos com Ultimate69 Love Caps, concebido para homens e mulheres. Estas c\u00e1psulas cuidadosamente elaboradas cont\u00eam potentes extractos de ervas para aumentar a libido, a energia e a resist\u00eancia, ao mesmo tempo que proporcionam uma subtil sensa\u00e7\u00e3o de formigueiro. Experimentem um prazer acrescido e alcancem novos n\u00edveis de satisfa\u00e7\u00e3o juntos!<\/p>\n<p><strong>Ingredientes:<\/strong><br \/>\n150 mg de GABA, 100 mg de L-arginina, 100 mg de L-citrulina, 100 mg de extrato de maca preta, 50 mg de kanna, 50 mg de extrato de ginseng, 50 mg de extrato de damiana, 50 mg de extrato de passiflora, 50 mg de taurina, 50 mg de extrato de cacau, 50 mg de vitamina C, 25 mg de extrato de erva-cidreira, 10 mg de niacina, 10 mg de zinco, 2 mg de piperina e amido de arroz como excipiente.<\/p>\n<p><strong>Dosagem:<\/strong><br \/>\nTomar uma c\u00e1psula uma hora antes da intimidade. Se necess\u00e1rio, tomar uma segunda c\u00e1psula ap\u00f3s 30 minutos. N\u00e3o tomar mais de 2 c\u00e1psulas por dia.<\/p>\n<p><strong>Aviso:<\/strong><br \/>\nManter fora do alcance das crian\u00e7as. Consultar um m\u00e9dico antes de utilizar se estiver gr\u00e1vida, a amamentar ou se tiver problemas de sa\u00fade. Este \u00e9 um suplemento alimentar e deve ser utilizado em conformidade.<\/p>\n<p><strong>Armazenamento:<\/strong><br \/>\nConservar num local fresco e escuro.<\/p>","protected":false},"excerpt":{"rendered":"<p>Melhore os seus momentos \u00edntimos com Ultimate69 Love Caps, concebidas para homens e mulheres. Infundidas com extractos de ervas de primeira qualidade, estas c\u00e1psulas aumentam a libido, a energia e a resist\u00eancia, proporcionando uma subtil sensa\u00e7\u00e3o de formigueiro. Tomar uma c\u00e1psula uma hora antes da atividade, com a op\u00e7\u00e3o de uma segunda, se desejado. M\u00e1ximo de 2 por dia. Experimentem juntos o prazer supremo!<\/p>","protected":false},"featured_media":127936,"template":"","meta":[],"product_brand":[],"product_cat":[531,297,576,573,383,476],"product_tag":[],"class_list":{"0":"post-127932","1":"product","2":"type-product","3":"status-publish","4":"has-post-thumbnail","6":"product_cat-aphrodisiacs","7":"product_cat-all-products","8":"product_cat-sex-products-for-couples","9":"product_cat-sex-products-top-10","10":"product_cat-sex-shop","11":"product_cat-smartshop","13":"first","14":"instock","15":"taxable","16":"shipping-taxable","17":"purchasable","18":"product-type-variable","19":"has-default-attributes"},"_links":{"self":[{"href":"https:\/\/www.tatanka.nl\/pt\/wp-json\/wp\/v2\/product\/127932","targetHints":{"allow":["GET"]}}],"collection":[{"href":"https:\/\/www.tatanka.nl\/pt\/wp-json\/wp\/v2\/product"}],"about":[{"href":"https:\/\/www.tatanka.nl\/pt\/wp-json\/wp\/v2\/types\/product"}],"wp:featuredmedia":[{"embeddable":true,"href":"https:\/\/www.tatanka.nl\/pt\/wp-json\/wp\/v2\/media\/127936"}],"wp:attachment":[{"href":"https:\/\/www.tatanka.nl\/pt\/wp-json\/wp\/v2\/media?parent=127932"}],"wp:term":[{"taxonomy":"product_brand","embeddable":true,"href":"https:\/\/www.tatanka.nl\/pt\/wp-json\/wp\/v2\/product_brand?post=127932"},{"taxonomy":"product_cat","embeddable":true,"href":"https:\/\/www.tatanka.nl\/pt\/wp-json\/wp\/v2\/product_cat?post=127932"},{"taxonomy":"product_tag","embeddable":true,"href":"https:\/\/www.tatanka.nl\/pt\/wp-json\/wp\/v2\/product_tag?post=127932"}],"curies":[{"name":"wp","href":"https:\/\/api.w.org\/{rel}","templated":true}]}}