{"id":127937,"date":"2022-04-04T16:34:35","date_gmt":"2022-04-04T15:34:35","guid":{"rendered":"https:\/\/www.tatanka.nl\/?post_type=product&#038;p=127937"},"modified":"2025-12-08T00:48:28","modified_gmt":"2025-12-07T23:48:28","slug":"sex-on-the-beach-magic-truffles","status":"publish","type":"product","link":"https:\/\/www.tatanka.nl\/pt\/sex-on-the-beach-magic-truffles\/","title":{"rendered":"Sex na praia Trufas m\u00e1gicas"},"content":{"rendered":"<h2 dir=\"auto\">O que s\u00e3o as Trufas M\u00e1gicas Sex on the Beach?<\/h2>\n<p dir=\"auto\">Sex on the Beach As trufas m\u00e1gicas, um tipo de escler\u00f3cio, s\u00e3o forma\u00e7\u00f5es subterr\u00e2neas de fios de mic\u00e9lio que armazenam nutrientes para o crescimento dos cogumelos. Ao contr\u00e1rio dos cogumelos t\u00edpicos, estas trufas formam-se em condi\u00e7\u00f5es espec\u00edficas de temperatura e humidade, criando um produto potente e natural. Conhecidas pela sua capacidade de melhorar as experi\u00eancias sensoriais e emocionais, s\u00e3o particularmente populares para promover a intimidade e a liga\u00e7\u00e3o. Quando consumidas, induzem uma s\u00e9rie de efeitos, desde visuais v\u00edvidos a percep\u00e7\u00f5es filos\u00f3ficas, dependendo da dosagem. A composi\u00e7\u00e3o \u00fanica destas trufas interage com o sistema de serotonina do c\u00e9rebro, resultando numa \"viagem\" alucinog\u00e9nica que pode ser m\u00e1gica e transformadora. Cada caixa cont\u00e9m 15 gramas, concebidas para um \u00fanico utilizador para garantir uma experi\u00eancia segura e controlada. A sua popularidade crescente resulta da sua capacidade de proporcionar uma viagem profunda e pessoal, tornando-as uma escolha procurada por quem explora estados alterados de consci\u00eancia. Quer sejam utilizadas para a auto-descoberta ou para momentos partilhados, as Trufas M\u00e1gicas Sex on the Beach proporcionam uma experi\u00eancia vers\u00e1til e poderosa, adaptada \u00e0 mentalidade e ao ambiente do utilizador.<\/p>\n<h2 dir=\"auto\">Hist\u00f3ria de Sex on the Beach Magic Truffles<\/h2>\n<p dir=\"auto\">A utiliza\u00e7\u00e3o de trufas m\u00e1gicas, incluindo a Sex on the Beach Magic Truffles, remonta a culturas antigas que veneravam subst\u00e2ncias psicoactivas para fins espirituais e comunit\u00e1rios. Os grupos ind\u00edgenas da Am\u00e9rica Central e do Sul utilizavam fungos semelhantes em rituais para se ligarem ao divino ou explorarem o eu. Nos tempos modernos, os escler\u00f3cios ganharam aten\u00e7\u00e3o nos Pa\u00edses Baixos, onde se tornaram uma alternativa legal aos cogumelos m\u00e1gicos ap\u00f3s a proibi\u00e7\u00e3o destes \u00faltimos. A mistura espec\u00edfica de Sex on the Beach Magic Truffles foi desenvolvida para satisfazer os que procuram uma experi\u00eancia mais \u00edntima e sensorial. Ao longo dos anos, os avan\u00e7os no cultivo refinaram a sua pot\u00eancia e consist\u00eancia, tornando-as um elemento b\u00e1sico da comunidade psicad\u00e9lica. O aumento da sua popularidade reflecte um interesse crescente em subst\u00e2ncias psicad\u00e9licas naturais para o crescimento pessoal e a liga\u00e7\u00e3o emocional. Hoje em dia, estas trufas s\u00e3o celebradas pela sua capacidade de criar experi\u00eancias significativas e partilhadas, misturando tradi\u00e7\u00f5es antigas com desejos contempor\u00e2neos de uma liga\u00e7\u00e3o humana mais profunda. Os seus efeitos \u00fanicos tornaram-nas favoritas entre os que procuram explorar a mente e as rela\u00e7\u00f5es de uma forma segura e controlada.<\/p>\n<h2 dir=\"auto\">Como utilizar as trufas m\u00e1gicas Sex na praia<\/h2>\n<p dir=\"auto\">Para saborear as Trufas M\u00e1gicas Sex on the Beach em seguran\u00e7a, consuma-as num ambiente calmo e de confian\u00e7a, idealmente com um parceiro ou uma companhia pr\u00f3xima. Come\u00e7a com metade da caixa de 15 gramas para avaliar os efeitos, esperando 30-45 minutos antes de decidires tomar mais. Mastigar bem aumenta a sua pot\u00eancia, embora tamb\u00e9m possam ser preparadas em ch\u00e1 ou sopa para um consumo mais f\u00e1cil. Para melhores resultados, tomar com o est\u00f4mago vazio. Os efeitos normalmente atingem o seu pico em 1-3 horas e desaparecem ap\u00f3s 5-6 horas. Conservar as trufas num local escuro e fresco, entre 2\u00b0C e 4\u00b0C, para manter a frescura. Evitar a combina\u00e7\u00e3o com \u00e1lcool, medicamentos ou outras drogas, e n\u00e3o consumir se estiver gr\u00e1vida, a amamentar ou a lidar com problemas de sa\u00fade mental ou f\u00edsica, como depress\u00e3o, problemas card\u00edacos ou diabetes. \u00c9 estritamente proibido conduzir ou operar m\u00e1quinas durante a utiliza\u00e7\u00e3o. A experi\u00eancia pode variar, por isso, estabele\u00e7a inten\u00e7\u00f5es para uma viagem positiva e \u00edntima. Relax, mantenha-se hidratado e deixe que as trufas o guiem atrav\u00e9s de uma aventura sensorial \u00fanica, amplificando emo\u00e7\u00f5es e percep\u00e7\u00f5es para uma experi\u00eancia memor\u00e1vel.<\/p>\n<h2 dir=\"auto\">Ingredientes de Sex on the Beach Magic Truffles<\/h2>\n<p dir=\"auto\">Sex on the Beach Magic Truffles cont\u00e9m uma mistura natural de nutrientes e compostos psicoactivos, principalmente psilocibina, que se converte em psilocina no corpo para produzir efeitos alucinog\u00e9nios. Por 100 gramas, fornecem 110,5 kcal, 13,2 gramas de hidratos de carbono, 5,3 gramas de prote\u00ednas, 0,4 gramas de gordura e 16,7 gramas de fibra alimentar. Tamb\u00e9m incluem minerais essenciais como 13,6 mg de s\u00f3dio, 169,3 mg de f\u00f3sforo, 210 mg de pot\u00e1ssio, 12,5 mg de c\u00e1lcio e 0,7 mg de ferro, juntamente com 10 UI de vitamina D. Estes nutrientes apoiam as fun\u00e7\u00f5es energ\u00e9ticas e reguladoras do corpo, tornando as trufas num consum\u00edvel \u00fanico. O teor de psilocibina \u00e9 respons\u00e1vel pelos seus efeitos de altera\u00e7\u00e3o da mente, influenciando as vias da serotonina para melhorar o humor, a perce\u00e7\u00e3o e a intimidade. Cultivadas em condi\u00e7\u00f5es controladas, as trufas s\u00e3o isentas de aditivos artificiais, baseando-se nas propriedades naturais dos escler\u00f3cios. Esta composi\u00e7\u00e3o n\u00e3o s\u00f3 alimenta o corpo como tamb\u00e9m cria uma experi\u00eancia psicol\u00f3gica profunda, tornando-as ideais para quem procura benef\u00edcios nutricionais e psicoactivos num \u00fanico produto.<\/p>\n<p dir=\"auto\"><strong>Aviso<\/strong><br \/>\nSex on the Beach Magic Truffles cont\u00e9m psilocibina e psilocina, alucinog\u00e9nios naturais que podem alterar significativamente a consci\u00eancia e induzir alucina\u00e7\u00f5es v\u00edvidas. Estas subst\u00e2ncias podem afetar os estados mentais e emocionais, por isso usa com cuidado e apenas num ambiente seguro e controlado. Mant\u00e9m-nas sempre fora do alcance das crian\u00e7as devido aos seus efeitos potentes. Evita a sua utiliza\u00e7\u00e3o se tiveres um historial de problemas de sa\u00fade mental, se estiveres gr\u00e1vida ou se tiveres problemas de sa\u00fade, pois os efeitos podem ser imprevis\u00edveis. A utiliza\u00e7\u00e3o respons\u00e1vel \u00e9 essencial para garantir uma experi\u00eancia positiva.<\/p>","protected":false},"excerpt":{"rendered":"<p dir=\"auto\">Sex on the Beach Magic Truffles oferece uma experi\u00eancia \u00edntima e sensorial, concebida para aprofundar a liga\u00e7\u00e3o e intensificar o prazer. Perfeitas para uma escapadela rom\u00e2ntica, estas trufas criam uma viagem \u00fanica e euf\u00f3rica para si e para o seu parceiro.<\/p>\n<p><strong>Experi\u00eancia completa:<\/strong> Uma caixa por pessoa<\/p>","protected":false},"featured_media":127958,"template":"","meta":[],"product_brand":[],"product_cat":[516,297,515,519,476],"product_tag":[662],"class_list":{"0":"post-127937","1":"product","2":"type-product","3":"status-publish","4":"has-post-thumbnail","6":"product_cat-magic-truffles","7":"product_cat-all-products","8":"product_cat-shroomshop","9":"product_cat-shroomshop-top-10","10":"product_cat-smartshop","11":"product_tag-shrdeal","12":"product_shipping_class-creditcard-off","14":"first","15":"instock","16":"taxable","17":"shipping-taxable","18":"purchasable","19":"product-type-variable","20":"has-default-attributes"},"_links":{"self":[{"href":"https:\/\/www.tatanka.nl\/pt\/wp-json\/wp\/v2\/product\/127937","targetHints":{"allow":["GET"]}}],"collection":[{"href":"https:\/\/www.tatanka.nl\/pt\/wp-json\/wp\/v2\/product"}],"about":[{"href":"https:\/\/www.tatanka.nl\/pt\/wp-json\/wp\/v2\/types\/product"}],"wp:featuredmedia":[{"embeddable":true,"href":"https:\/\/www.tatanka.nl\/pt\/wp-json\/wp\/v2\/media\/127958"}],"wp:attachment":[{"href":"https:\/\/www.tatanka.nl\/pt\/wp-json\/wp\/v2\/media?parent=127937"}],"wp:term":[{"taxonomy":"product_brand","embeddable":true,"href":"https:\/\/www.tatanka.nl\/pt\/wp-json\/wp\/v2\/product_brand?post=127937"},{"taxonomy":"product_cat","embeddable":true,"href":"https:\/\/www.tatanka.nl\/pt\/wp-json\/wp\/v2\/product_cat?post=127937"},{"taxonomy":"product_tag","embeddable":true,"href":"https:\/\/www.tatanka.nl\/pt\/wp-json\/wp\/v2\/product_tag?post=127937"}],"curies":[{"name":"wp","href":"https:\/\/api.w.org\/{rel}","templated":true}]}}