{"id":129627,"date":"2025-05-09T08:20:26","date_gmt":"2025-05-09T07:20:26","guid":{"rendered":"https:\/\/www.tatanka.nl\/?post_type=product&#038;p=129627"},"modified":"2025-10-16T07:58:42","modified_gmt":"2025-10-16T06:58:42","slug":"cutting-monstrosus-25-29-cm","status":"publish","type":"product","link":"https:\/\/www.tatanka.nl\/pt\/cutting-monstrosus-25-29-cm\/","title":{"rendered":"Corte Monstrosus 25 - 29 cm"},"content":{"rendered":"<h2 class=\"\" data-start=\"474\" data-end=\"511\">O que \u00e9 o Cutting Monstrosus?<\/h2>\n<p class=\"\" data-start=\"513\" data-end=\"1495\">O <em data-start=\"517\" data-end=\"544\">Corte de Monstrosus cactus<\/em> \u00e9 uma forma especial e naturalmente mutante de um cato que cont\u00e9m mescalina, que se acredita ser uma varia\u00e7\u00e3o de esp\u00e9cies como <em data-start=\"671\" data-end=\"694\">Trichocereus pachanoi<\/em> ou <em data-start=\"698\" data-end=\"723\">Trichocereus peruvianus<\/em>. Reconhecido pelos seus padr\u00f5es de crescimento irregulares e \"monstruosos\", o cato desenvolve formas retorcidas e nodosas que tornam cada exemplar visualmente \u00fanico. Para al\u00e9m da sua apar\u00eancia fascinante, o <em data-start=\"910\" data-end=\"937\">Corte de Monstrosus cactus<\/em> tem um valor espiritual significativo. Tem sido utilizado em pr\u00e1ticas ind\u00edgenas durante s\u00e9culos devido aos seus potentes efeitos psicoactivos, atribu\u00eddos principalmente ao seu conte\u00fado de mescalina. Quando consumido, o cato pode atuar como uma ferramenta para uma introspe\u00e7\u00e3o profunda, limpeza energ\u00e9tica e cura emocional. Como corte, permite que os utilizadores preparem a sua pr\u00f3pria dose cerimonial ou a propaguem para uso futuro. O cato <em data-start=\"1330\" data-end=\"1357\">Corte de Monstrosus cactus<\/em> faz a ponte entre os reinos f\u00edsico e espiritual, ajudando aqueles que procuram liga\u00e7\u00e3o, clareza e um sentido renovado de si pr\u00f3prio atrav\u00e9s de meios naturais.<\/p>\n<h2 class=\"\" data-start=\"1502\" data-end=\"1540\">Hist\u00f3ria do Cutting Monstrosus<\/h2>\n<p class=\"\" data-start=\"1542\" data-end=\"2786\">O <em data-start=\"1546\" data-end=\"1573\">Corte de Monstrosus cactus<\/em> partilha as suas origens com as antigas culturas andinas que h\u00e1 muito reverenciam os cactos ricos em mescalina como plantas sagradas. Frequentemente encontrados nas regi\u00f5es montanhosas do Peru, Bol\u00edvia e norte do Chile, estes cactos eram tradicionalmente utilizados em rituais xam\u00e2nicos com o objetivo de cura, adivinha\u00e7\u00e3o e despertar espiritual. A variante \"monstrosus\" refere-se \u00e0 muta\u00e7\u00e3o gen\u00e9tica \u00fanica que causa um crescimento anormal e n\u00e3o linear - tornando-o um s\u00edmbolo de transforma\u00e7\u00e3o e imprevisibilidade. Embora n\u00e3o se saiba exatamente quando a <em data-start=\"2072\" data-end=\"2099\">Corte de Monstrosus cactus<\/em> A sua utiliza\u00e7\u00e3o \u00e9 paralela \u00e0 hist\u00f3ria de cactos cerimoniais mais comuns, como o San Pedro e o Peruvian Torch. Os xam\u00e3s e os l\u00edderes espirituais preparavam o cato como um sacramento, consumido durante rituais noturnos destinados a aceder a estados de consci\u00eancia mais elevados. Nas comunidades espirituais modernas, o <em data-start=\"2406\" data-end=\"2433\">Corte de Monstrosus cactus<\/em> \u00e9 apreciado n\u00e3o s\u00f3 pela sua raridade, mas tamb\u00e9m pelo seu simbolismo intensificado. A forma imprevis\u00edvel do cato reflecte a jornada humana - bela, ca\u00f3tica e profundamente pessoal. A sua reputa\u00e7\u00e3o tem crescido constantemente nos c\u00edrculos fitoterap\u00eauticos contempor\u00e2neos, tornando-o um cato muito procurado por aqueles que exploram a cura \u00e0 base de plantas e a vis\u00e3o m\u00edstica.<\/p>\n<h2 class=\"\" data-start=\"2793\" data-end=\"2831\">Como utilizar o Cutting Monstrosus<\/h2>\n<p class=\"\" data-start=\"2833\" data-end=\"3374\">O <em data-start=\"2837\" data-end=\"2864\">Corte de Monstrosus cactus<\/em> \u00e9 tipicamente consumida em contextos cerimoniais ou meditativos, valorizada pelas suas fortes propriedades psicoactivas. Antes de ser ingerida, a pele exterior e os espinhos devem ser cuidadosamente removidos. A polpa interna \u00e9 cortada em peda\u00e7os e frequentemente fervida em \u00e1gua durante v\u00e1rias horas para criar um ch\u00e1 concentrado. Este ch\u00e1 \u00e9 conhecido pelo seu sabor amargo, mas \u00e9 o m\u00e9todo mais tradicional e eficaz de consumir o cato. Algumas pessoas tamb\u00e9m optam por consumir a polpa crua, embora seja mais prov\u00e1vel que isso provoque n\u00e1useas.<\/p>\n<p class=\"\" data-start=\"3376\" data-end=\"4065\">\u00c9 essencial abordar a experi\u00eancia com inten\u00e7\u00e3o e prepara\u00e7\u00e3o. Os efeitos come\u00e7am normalmente 1 a 2 horas ap\u00f3s o consumo, atingindo o seu pico cerca de 4 a 6 horas depois. A experi\u00eancia geral pode durar entre 10 a 15 horas. Durante este tempo, os utilizadores podem experimentar fen\u00f3menos visuais, uma consci\u00eancia emocional elevada e uma forte sensa\u00e7\u00e3o de interconex\u00e3o com a natureza e consigo pr\u00f3prios. \u00c9 vital consumir a <em data-start=\"3779\" data-end=\"3806\">Corte de Monstrosus cactus<\/em> num ambiente calmo e seguro, com a presen\u00e7a de um tripulante s\u00f3brio. Hidrata\u00e7\u00e3o adequada, uma dieta leve antes e descanso ap\u00f3s a experi\u00eancia s\u00e3o altamente recomendados. O cato deve ser tratado como um guia sagrado - n\u00e3o para recrea\u00e7\u00e3o, mas para cura e alinhamento espiritual.<\/p>\n<h2 class=\"\" data-start=\"4072\" data-end=\"4114\">Ingredientes de Cutting Monstrosus<\/h2>\n<p class=\"\" data-start=\"4116\" data-end=\"4612\">O <em data-start=\"4120\" data-end=\"4147\">Corte de Monstrosus cactus<\/em> cont\u00e9m uma s\u00e9rie de compostos naturais, nomeadamente <strong data-start=\"4212\" data-end=\"4225\">mescalina<\/strong>que \u00e9 respons\u00e1vel pelos seus efeitos psicoactivos e vision\u00e1rios. A mescalina \u00e9 um poderoso ente\u00f3geno que interage com os receptores de serotonina, induzindo estados alterados de consci\u00eancia, perce\u00e7\u00e3o melhorada e introspe\u00e7\u00e3o profunda. Para al\u00e9m da mescalina, o cato tamb\u00e9m pode conter outros alcal\u00f3ides em pequenas quantidades, como a anhalonidina e a tiramina, que podem apoiar os seus efeitos gerais.<\/p>\n<p class=\"\" data-start=\"4614\" data-end=\"5349\">Em termos de composi\u00e7\u00e3o f\u00edsica, o <em data-start=\"4652\" data-end=\"4679\">Corte de Monstrosus cactus<\/em> consiste num elevado teor de \u00e1gua, tecido vegetal fibroso e camadas protectoras da pele. A estrutura irregular da variante \"monstrosus\" deve-se a uma muta\u00e7\u00e3o gen\u00e9tica, mas isso n\u00e3o afecta a sua pot\u00eancia. Embora cada corte de cato possa variar na concentra\u00e7\u00e3o de mescalina dependendo da idade, tamanho e condi\u00e7\u00f5es de crescimento, o componente espiritual central permanece intacto. Isto faz com que a <em data-start=\"5050\" data-end=\"5077\">Corte de Monstrosus cactus<\/em> uma fonte bioqu\u00edmica e simb\u00f3lica de transforma\u00e7\u00e3o. A sua estrutura limpa e natural permite-lhe ser utilizada com um processamento m\u00ednimo. Para aqueles que procuram uma ferramenta natural, baseada em plantas, para despertar e curar, a <em data-start=\"5288\" data-end=\"5315\">Corte de Monstrosus cactus<\/em> proporciona um percurso profundo e org\u00e2nico.<\/p>\n<p class=\"\" data-start=\"5356\" data-end=\"5817\"><strong data-start=\"5356\" data-end=\"5368\">Aviso:<\/strong><br data-start=\"5368\" data-end=\"5371\" \/>Fazer <strong data-start=\"5374\" data-end=\"5381\">n\u00e3o<\/strong> utilizar o <em data-start=\"5390\" data-end=\"5417\">Corte de Monstrosus cactus<\/em> se estiver gr\u00e1vida, a amamentar, se tiver menos de 18 anos ou se tiver algum problema de sa\u00fade, como problemas card\u00edacos, anomalias da tens\u00e3o arterial ou problemas de sa\u00fade mental. Evite misturar com \u00e1lcool, medicamentos ou outras subst\u00e2ncias. Consumir sempre num espa\u00e7o seguro com a presen\u00e7a de um tripulante s\u00f3brio. N\u00e3o conduza ou opere m\u00e1quinas sob a influ\u00eancia de \u00e1lcool. Respeita o cato como um medicamento sagrado, n\u00e3o como uma droga recreativa.<\/p>","protected":false},"excerpt":{"rendered":"<p>O cato Monstrosus cortante \u00e9 uma planta rara e venerada, conhecida pela sua poderosa profundidade espiritual e energia de cura natural. Tradicionalmente utilizado em rituais sagrados e viagens introspectivas, este cato oferece um caminho \u00fanico para a clareza emocional, a auto-descoberta e a liga\u00e7\u00e3o com o universo.<\/p>","protected":false},"featured_media":129629,"template":"","meta":[],"product_brand":[],"product_cat":[536,297,476],"product_tag":[],"class_list":{"0":"post-129627","1":"product","2":"type-product","3":"status-publish","4":"has-post-thumbnail","6":"product_cat-mescaline-cacti","7":"product_cat-all-products","8":"product_cat-smartshop","9":"product_shipping_class-creditcard-off","11":"first","12":"instock","13":"taxable","14":"shipping-taxable","15":"purchasable","16":"product-type-variable","17":"has-default-attributes"},"_links":{"self":[{"href":"https:\/\/www.tatanka.nl\/pt\/wp-json\/wp\/v2\/product\/129627","targetHints":{"allow":["GET"]}}],"collection":[{"href":"https:\/\/www.tatanka.nl\/pt\/wp-json\/wp\/v2\/product"}],"about":[{"href":"https:\/\/www.tatanka.nl\/pt\/wp-json\/wp\/v2\/types\/product"}],"wp:featuredmedia":[{"embeddable":true,"href":"https:\/\/www.tatanka.nl\/pt\/wp-json\/wp\/v2\/media\/129629"}],"wp:attachment":[{"href":"https:\/\/www.tatanka.nl\/pt\/wp-json\/wp\/v2\/media?parent=129627"}],"wp:term":[{"taxonomy":"product_brand","embeddable":true,"href":"https:\/\/www.tatanka.nl\/pt\/wp-json\/wp\/v2\/product_brand?post=129627"},{"taxonomy":"product_cat","embeddable":true,"href":"https:\/\/www.tatanka.nl\/pt\/wp-json\/wp\/v2\/product_cat?post=129627"},{"taxonomy":"product_tag","embeddable":true,"href":"https:\/\/www.tatanka.nl\/pt\/wp-json\/wp\/v2\/product_tag?post=129627"}],"curies":[{"name":"wp","href":"https:\/\/api.w.org\/{rel}","templated":true}]}}