{"id":129631,"date":"2025-05-09T08:31:49","date_gmt":"2025-05-09T07:31:49","guid":{"rendered":"https:\/\/www.tatanka.nl\/?post_type=product&#038;p=129631"},"modified":"2025-10-16T07:58:42","modified_gmt":"2025-10-16T06:58:42","slug":"cutting-bridgesii-25-29-cm","status":"publish","type":"product","link":"https:\/\/www.tatanka.nl\/pt\/cutting-bridgesii-25-29-cm\/","title":{"rendered":"Pontes de corteii 25 - 29 cm"},"content":{"rendered":"<h2 class=\"\" data-start=\"540\" data-end=\"576\">O que s\u00e3o pontes de corteii?<\/h2>\n<p class=\"\" data-start=\"578\" data-end=\"1508\">O <em data-start=\"582\" data-end=\"608\">Corte de cactos Bridgesii<\/em>-tamb\u00e9m conhecido como <strong data-start=\"623\" data-end=\"650\">Echinopsis lageniformis<\/strong> ou <strong data-start=\"654\" data-end=\"672\">Tocha Boliviana<\/strong>-\u00e9 um cato colunar de crescimento r\u00e1pido, origin\u00e1rio da Bol\u00edvia. Com a sua distinta pele azul-esverdeada, espinhos longos e estrutura estriada, \u00e9 visualmente impressionante e espiritualmente poderoso. Este cato \u00e9 apreciado pelo seu elevado teor de mescalina, o que faz dele uma das esp\u00e9cies mais potentes do ponto de vista psicoativo da fam\u00edlia Trichocereus. Como estaca, oferece uma forma flex\u00edvel de propagar uma nova planta ou de preparar uma dose cerimonial para uso espiritual. Conhecida por induzir estados vision\u00e1rios, clareza emocional e uma liga\u00e7\u00e3o profunda ao eu e \u00e0 natureza, a <em data-start=\"1216\" data-end=\"1242\">Corte de cactos Bridgesii<\/em> tornou-se uma ferramenta essencial para quem pratica o trabalho interior consciente. Quer seja utilizado em cerim\u00f3nias tradicionais ou em ambientes de cura modernos, o <em data-start=\"1386\" data-end=\"1412\">Corte de cactos Bridgesii<\/em> serve como um aliado vegetal capaz de guiar os indiv\u00edduos atrav\u00e9s de uma profunda transforma\u00e7\u00e3o pessoal.<\/p>\n<h2 class=\"\" data-start=\"1515\" data-end=\"1552\">Hist\u00f3ria do corte de pontesii<\/h2>\n<p class=\"\" data-start=\"1554\" data-end=\"2080\">O <em data-start=\"1558\" data-end=\"1584\">Corte de cactos Bridgesii<\/em> tem as suas ra\u00edzes nas regi\u00f5es de grande altitude da Bol\u00edvia, onde \u00e9 utilizado h\u00e1 s\u00e9culos pelas culturas ind\u00edgenas andinas. Os curandeiros e xam\u00e3s t\u00eam tradicionalmente consumido este cato em cerim\u00f3nias sagradas para aceder a orienta\u00e7\u00e3o espiritual, facilitar a cura e comunicar com o mundo espiritual. A Tocha Boliviana \u00e9 frequentemente mencionada juntamente com outros cactos cerimoniais como o San Pedro e o Peiote, embora o <em data-start=\"1989\" data-end=\"2015\">Corte de cactos Bridgesii<\/em> \u00e9 conhecida pelas suas experi\u00eancias particularmente intensas e vision\u00e1rias.<\/p>\n<p class=\"\" data-start=\"2082\" data-end=\"2687\">O seu nome homenageia o bot\u00e2nico do s\u00e9culo XIX Thomas Bridges e, desde a sua descoberta, tem viajado para al\u00e9m da Am\u00e9rica do Sul para c\u00edrculos espirituais em todo o mundo. Nas \u00faltimas d\u00e9cadas, ganhou seguidores leais nas comunidades de medicina vegetal devido aos seus efeitos fortes e l\u00facidos. O cato \u00e9 considerado um \"mestre professor\", com a capacidade de confrontar dores emocionais profundamente enraizadas, desmantelar estruturas do ego e guiar os utilizadores para uma maior liberdade pessoal. Atualmente, o <em data-start=\"2552\" data-end=\"2578\">Corte de cactos Bridgesii<\/em> \u00e9 uma ponte - tanto literal como simbolicamente - entre a sabedoria antiga e os modernos que procuram a verdade interior.<\/p>\n<h2 class=\"\" data-start=\"2694\" data-end=\"2731\">Como utilizar o Cutting Bridgesii<\/h2>\n<p class=\"\" data-start=\"2733\" data-end=\"3248\">O <em data-start=\"2737\" data-end=\"2763\">Corte de cactos Bridgesii<\/em> \u00e9 normalmente consumida em contextos cerimoniais ou terap\u00eauticos para aceder \u00e0s suas potentes propriedades vision\u00e1rias. A prepara\u00e7\u00e3o envolve a remo\u00e7\u00e3o dos espinhos e da pele exterior verde escura, cortando depois a polpa interior em pequenas sec\u00e7\u00f5es. Estes s\u00e3o cozinhados durante v\u00e1rias horas em \u00e1gua para produzir um ch\u00e1 espesso e amargo. O l\u00edquido resultante \u00e9 consumido lentamente e com inten\u00e7\u00e3o, muitas vezes num ambiente calmo e de apoio. Alguns utilizadores tamb\u00e9m misturam o cato cozido numa pasta pot\u00e1vel ou secam-no para uso posterior.<\/p>\n<p class=\"\" data-start=\"3250\" data-end=\"3906\">Com o est\u00f4mago vazio, os efeitos come\u00e7am normalmente dentro de 1 a 2 horas, atingindo o pico \u00e0s 3 a 5 horas. A experi\u00eancia completa pode durar entre 10 e 14 horas. Muitos relatam uma introspe\u00e7\u00e3o profunda, liberta\u00e7\u00e3o emocional, padr\u00f5es visuais e uma profunda sensa\u00e7\u00e3o de unidade com a natureza. A <em data-start=\"3523\" data-end=\"3549\">Corte de cactos Bridgesii<\/em> n\u00e3o \u00e9 para ser tomada de \u00e2nimo leve - os seus efeitos podem ser intensos e s\u00f3 deve ser usada quando estiver mental e fisicamente preparada. Certifique-se sempre de que est\u00e1 presente um tripulante de confian\u00e7a e evite distrac\u00e7\u00f5es externas. A integra\u00e7\u00e3o ap\u00f3s a viagem \u00e9 essencial. O registo em di\u00e1rio, o descanso e a reflex\u00e3o podem ajud\u00e1-lo a absorver e a fundamentar os conhecimentos recebidos deste poderoso cato.<\/p>\n<h2 class=\"\" data-start=\"3913\" data-end=\"3954\">Ingredientes das pontes de corteii<\/h2>\n<p class=\"\" data-start=\"3956\" data-end=\"4436\">O principal composto ativo do <em data-start=\"3991\" data-end=\"4017\">Corte de cactos Bridgesii<\/em> \u00e9 <strong data-start=\"4021\" data-end=\"4034\">mescalina<\/strong>A mescalina \u00e9 um alcaloide psicad\u00e9lico natural que tem sido utilizado em rituais sagrados h\u00e1 milhares de anos. A mescalina afecta os receptores de serotonina no c\u00e9rebro, alterando a perce\u00e7\u00e3o, aumentando a emo\u00e7\u00e3o e abrindo caminhos para a consci\u00eancia espiritual. Este cato cont\u00e9m normalmente uma concentra\u00e7\u00e3o elevada de mescalina em compara\u00e7\u00e3o com outras esp\u00e9cies de Trichocereus, o que o torna especialmente procurado para trabalhos cerimoniais.<\/p>\n<p class=\"\" data-start=\"4438\" data-end=\"5111\">Outros alcal\u00f3ides, como a anhalonidina e a tiramina, podem tamb\u00e9m estar presentes em quantidades menores, contribuindo para o perfil energ\u00e9tico global. Em termos f\u00edsicos, a <em data-start=\"4598\" data-end=\"4624\">Corte de cactos Bridgesii<\/em> \u00e9 composto por tecido vegetal fibroso com elevado teor de \u00e1gua, o que lhe permite sobreviver em ambientes \u00e1ridos. A sua pele nervurada e cerosa ajuda a conservar a humidade, enquanto o seu n\u00facleo rico em alcal\u00f3ides proporciona os seus efeitos espirituais e curativos quando devidamente preparado. Ao contr\u00e1rio dos cactos ornamentais, esta planta \u00e9 considerada uma ferramenta sagrada. O <em data-start=\"4943\" data-end=\"4969\">Corte de cactos Bridgesii<\/em> n\u00e3o \u00e9 apenas uma planta - \u00e9 um potente aliado para aqueles que procuram crescimento pessoal, verdade espiritual e consci\u00eancia expandida atrav\u00e9s de meios naturais.<\/p>\n<p class=\"\" data-start=\"5118\" data-end=\"5619\"><strong data-start=\"5118\" data-end=\"5130\">Aviso:<\/strong><br data-start=\"5130\" data-end=\"5133\" \/>Fazer <strong data-start=\"5136\" data-end=\"5143\">n\u00e3o<\/strong> consumir o <em data-start=\"5156\" data-end=\"5182\">Corte de cactos Bridgesii<\/em> se estiver gr\u00e1vida, a amamentar, se tiver menos de 18 anos ou se estiver a lidar com problemas de sa\u00fade mental, problemas card\u00edacos ou tens\u00e3o arterial alta\/baixa. Evita a combina\u00e7\u00e3o com \u00e1lcool, medicamentos sujeitos a receita m\u00e9dica ou outras subst\u00e2ncias psicoactivas. Utilizar apenas num ambiente seguro e tranquilo, com a presen\u00e7a de uma pessoa s\u00f3bria. N\u00e3o conduza nem utilize m\u00e1quinas sob a sua influ\u00eancia. Respeita a <em data-start=\"5543\" data-end=\"5569\">Corte de cactos Bridgesii<\/em> como um medicamento sagrado e n\u00e3o como uma subst\u00e2ncia recreativa.<\/p>","protected":false},"excerpt":{"rendered":"<p>O cato Cutting Bridgesii \u00e9 uma planta sagrada e potente, h\u00e1 muito reverenciada pelas suas profundas percep\u00e7\u00f5es espirituais e propriedades curativas. Tradicionalmente usado em rituais xam\u00e2nicos e trabalho interior, oferece um caminho poderoso para a auto-descoberta, limpeza energ\u00e9tica e consci\u00eancia elevada.<\/p>","protected":false},"featured_media":129633,"template":"","meta":[],"product_brand":[],"product_cat":[536,297,476],"product_tag":[],"class_list":{"0":"post-129631","1":"product","2":"type-product","3":"status-publish","4":"has-post-thumbnail","6":"product_cat-mescaline-cacti","7":"product_cat-all-products","8":"product_cat-smartshop","9":"product_shipping_class-creditcard-off","11":"first","12":"instock","13":"taxable","14":"shipping-taxable","15":"purchasable","16":"product-type-variable","17":"has-default-attributes"},"_links":{"self":[{"href":"https:\/\/www.tatanka.nl\/pt\/wp-json\/wp\/v2\/product\/129631","targetHints":{"allow":["GET"]}}],"collection":[{"href":"https:\/\/www.tatanka.nl\/pt\/wp-json\/wp\/v2\/product"}],"about":[{"href":"https:\/\/www.tatanka.nl\/pt\/wp-json\/wp\/v2\/types\/product"}],"wp:featuredmedia":[{"embeddable":true,"href":"https:\/\/www.tatanka.nl\/pt\/wp-json\/wp\/v2\/media\/129633"}],"wp:attachment":[{"href":"https:\/\/www.tatanka.nl\/pt\/wp-json\/wp\/v2\/media?parent=129631"}],"wp:term":[{"taxonomy":"product_brand","embeddable":true,"href":"https:\/\/www.tatanka.nl\/pt\/wp-json\/wp\/v2\/product_brand?post=129631"},{"taxonomy":"product_cat","embeddable":true,"href":"https:\/\/www.tatanka.nl\/pt\/wp-json\/wp\/v2\/product_cat?post=129631"},{"taxonomy":"product_tag","embeddable":true,"href":"https:\/\/www.tatanka.nl\/pt\/wp-json\/wp\/v2\/product_tag?post=129631"}],"curies":[{"name":"wp","href":"https:\/\/api.w.org\/{rel}","templated":true}]}}