{"id":129635,"date":"2025-05-09T08:51:27","date_gmt":"2025-05-09T07:51:27","guid":{"rendered":"https:\/\/www.tatanka.nl\/?post_type=product&#038;p=129635"},"modified":"2025-10-16T07:58:41","modified_gmt":"2025-10-16T06:58:41","slug":"san-pedro-cutting-pachanoi","status":"publish","type":"product","link":"https:\/\/www.tatanka.nl\/pt\/san-pedro-cutting-pachanoi\/","title":{"rendered":"San Pedro corte Pachanoi"},"content":{"rendered":"<h2 class=\"\" data-start=\"524\" data-end=\"559\">O que s\u00e3o os cactos Pachanoi de corte?<\/h2>\n<p class=\"\" data-start=\"561\" data-end=\"1030\">O <em data-start=\"565\" data-end=\"590\">Corte do cato Pachanoi<\/em>, comummente designado por <strong data-start=\"616\" data-end=\"629\">San Pedro<\/strong>\u00e9 um cato colunar de crescimento r\u00e1pido, nativo das montanhas dos Andes no Peru, Equador e Bol\u00edvia. \u00c9 um membro da fam\u00edlia <em data-start=\"749\" data-end=\"761\">Echinopsis<\/em> (anteriormente <em data-start=\"772\" data-end=\"786\">Tricocereus<\/em>) e \u00e9 conhecido pela sua pele verde suave, poucos espinhos e pot\u00eancia espiritual. Este cato cont\u00e9m mescalina, um composto psicad\u00e9lico natural que tem sido utilizado h\u00e1 milhares de anos na medicina tradicional andina e em cerim\u00f3nias religiosas.<\/p>\n<p class=\"\" data-start=\"1032\" data-end=\"1588\">Como corte, o <em data-start=\"1050\" data-end=\"1075\">Corte do cato Pachanoi<\/em> pode ser propagada ou consumida para fins cerimoniais. Conhecida pelos seus efeitos suaves mas transformadores, promove um estado de harmonia, compaix\u00e3o e uma liga\u00e7\u00e3o profunda com o eu e o universo. Ao contr\u00e1rio de muitas outras plantas enteog\u00e9nicas, a experi\u00eancia que proporciona \u00e9 frequentemente descrita como emocionalmente nutritiva e espiritualmente expansiva. Quer seja usada num ritual sagrado ou como parte de uma viagem de cura pessoal, a <em data-start=\"1497\" data-end=\"1522\">Corte do cato Pachanoi<\/em> \u00e9 um guia de confian\u00e7a para o discernimento pessoal e o alinhamento com a alma.<\/p>\n<h2 class=\"\" data-start=\"1595\" data-end=\"1631\">Hist\u00f3ria do corte de Pachanoi<\/h2>\n<p class=\"\" data-start=\"1633\" data-end=\"2018\">O <em data-start=\"1637\" data-end=\"1662\">Corte do cato Pachanoi<\/em> tem uma longa e sagrada hist\u00f3ria na cultura andina, que remonta a mais de 3.000 anos. As provas arqueol\u00f3gicas mostram que era utilizado em pr\u00e1ticas cerimoniais pr\u00e9-colombianas pelos povos ind\u00edgenas do Peru e da Bol\u00edvia. O cato aparece frequentemente em esculturas antigas, cer\u00e2mica e arte de templos, simbolizando o poder divino, a cura e a comunica\u00e7\u00e3o com o mundo espiritual.<\/p>\n<p class=\"\" data-start=\"2020\" data-end=\"2778\">O seu nome tradicional, San Pedro, foi adotado durante a conquista espanhola, referindo-se a S\u00e3o Pedro - o detentor das chaves do c\u00e9u. Isto reflecte a sua capacidade de abrir as portas do discernimento espiritual e da consci\u00eancia superior. Os xam\u00e3s e curandeiros usavam <em data-start=\"2279\" data-end=\"2304\">Corte do cato Pachanoi<\/em> em cerim\u00f3nias nocturnas, preparando uma bebida que permitia aos participantes confrontarem-se com a dor interior, libertarem bloqueios emocionais e ligarem-se \u00e0 sabedoria ancestral. Nos tempos actuais, continua a ser uma pedra angular da pr\u00e1tica espiritual para muitos, valorizada pela sua combina\u00e7\u00e3o \u00fanica de energia suave e profundo poder vision\u00e1rio. O cato continua a fazer a ponte entre a sabedoria antiga e os buscadores modernos, convidando cada utilizador a entrar numa viagem sagrada de auto-descoberta e renova\u00e7\u00e3o energ\u00e9tica.<\/p>\n<h2 class=\"\" data-start=\"2785\" data-end=\"2821\">Como utilizar o Pachanoi de corte<\/h2>\n<p class=\"\" data-start=\"2823\" data-end=\"3243\">O <em data-start=\"2827\" data-end=\"2852\">Corte do cato Pachanoi<\/em> \u00e9 mais frequentemente consumido na forma l\u00edquida, como uma bebida tradicional. Para a sua prepara\u00e7\u00e3o, a pele exterior e os espinhos s\u00e3o cuidadosamente removidos. A polpa interior \u00e9 cortada em peda\u00e7os e cozinhada em \u00e1gua durante v\u00e1rias horas. O ch\u00e1 resultante \u00e9 espesso, amargo e \u00e9 frequentemente tomado em pequenas doses. Esta prepara\u00e7\u00e3o tamb\u00e9m pode ser reduzida para uma forma mais concentrada ou seca em resina para armazenamento.<\/p>\n<p class=\"\" data-start=\"3245\" data-end=\"4010\">Os efeitos come\u00e7am normalmente 1 a 2 horas ap\u00f3s a ingest\u00e3o e atingem o seu pico por volta das 3 a 6 horas, durando at\u00e9 12 a 15 horas no total. Muitos relatam sensa\u00e7\u00f5es de maior empatia, paz interior, estimula\u00e7\u00e3o visual e introspe\u00e7\u00e3o profunda. A <em data-start=\"3489\" data-end=\"3514\">Corte do cato Pachanoi<\/em> \u00e9 melhor utilizado num ambiente calmo e intencional - idealmente na natureza ou num espa\u00e7o sagrado - com a presen\u00e7a de uma pessoa de confian\u00e7a e s\u00f3bria. Como a viagem pode ser emocionalmente intensa, as pr\u00e1ticas de estabiliza\u00e7\u00e3o antes e depois da utiliza\u00e7\u00e3o s\u00e3o essenciais. Recomenda-se o jejum de 6 a 12 horas antes para reduzir as n\u00e1useas e melhorar a experi\u00eancia geral. Usado com rever\u00eancia e objetivo, o <em data-start=\"3883\" data-end=\"3908\">Corte do cato Pachanoi<\/em> torna-se mais do que uma subst\u00e2ncia - torna-se um professor que guia a alma para a cura e a compreens\u00e3o.<\/p>\n<h2 class=\"\" data-start=\"4017\" data-end=\"4057\">Ingredientes do Pachanoi de corte<\/h2>\n<p class=\"\" data-start=\"4059\" data-end=\"4642\">O composto ativo mais significativo na <em data-start=\"4103\" data-end=\"4128\">Corte do cato Pachanoi<\/em> \u00e9 <strong data-start=\"4132\" data-end=\"4145\">mescalina<\/strong>A mescalina \u00e9 um psicad\u00e9lico natural que interage com os receptores de serotonina do c\u00e9rebro. A mescalina \u00e9 respons\u00e1vel pelos efeitos vision\u00e1rios e emocionais do cato, que incluem uma perce\u00e7\u00e3o melhorada, eleva\u00e7\u00e3o do humor e reflex\u00e3o espiritual profunda. A <em data-start=\"4395\" data-end=\"4420\">Corte do cato Pachanoi<\/em> \u00e9 conhecida por conter n\u00edveis mais baixos de mescalina em compara\u00e7\u00e3o com os seus parentes como <em data-start=\"4498\" data-end=\"4509\">Pontesii<\/em>Mas continua a ser suficientemente potente para facilitar experi\u00eancias interiores profundas, sobretudo quando consumida em doses maiores ou concentradas.<\/p>\n<p class=\"\" data-start=\"4644\" data-end=\"5224\">Outros alcal\u00f3ides como a anhalonidina, a tiramina e a hordenina est\u00e3o presentes em quantidades menores, contribuindo para a assinatura energ\u00e9tica global da planta. Em termos de estrutura f\u00edsica, o cato \u00e9 composto por tecido vegetal rico em \u00e1gua, carne fibrosa e pele exterior protetora. O seu crescimento r\u00e1pido e o n\u00famero relativamente baixo de espinhos tornam-no num dos cactos mais acess\u00edveis tanto para cultivo como para uso cerimonial. O cato <em data-start=\"5050\" data-end=\"5075\">Corte do cato Pachanoi<\/em> oferece um equil\u00edbrio harmonioso entre a pot\u00eancia qu\u00edmica e a presen\u00e7a espiritual, tornando-o um elemento b\u00e1sico no trabalho com plantas sagradas e nas viagens de cura emocional.<\/p>\n<p class=\"\" data-start=\"5231\" data-end=\"5747\"><strong data-start=\"5231\" data-end=\"5243\">Aviso:<\/strong><br data-start=\"5243\" data-end=\"5246\" \/>Fazer <strong data-start=\"5249\" data-end=\"5256\">n\u00e3o<\/strong> utilizar o <em data-start=\"5265\" data-end=\"5290\">Corte do cato Pachanoi<\/em> se estiver gr\u00e1vida, a amamentar, se tiver menos de 18 anos, ou se tiver uma condi\u00e7\u00e3o m\u00e9dica como doen\u00e7a card\u00edaca, tens\u00e3o arterial alta ou baixa, ou problemas de sa\u00fade mental. N\u00e3o mistures com \u00e1lcool, medicamentos ou outras subst\u00e2ncias. Utilizar sempre num ambiente seguro e tranquilo, com a presen\u00e7a de um tripulante s\u00f3brio. Nunca conduzas ve\u00edculos ou m\u00e1quinas sob a sua influ\u00eancia. Esta planta deve ser abordada com respeito e inten\u00e7\u00e3o - n\u00e3o \u00e9 recreativa mas de natureza cerimonial.<\/p>","protected":false},"excerpt":{"rendered":"<p>O cato Cutting Pachanoi, tamb\u00e9m conhecido como San Pedro, \u00e9 um aliado vegetal venerado, conhecido pelas suas qualidades de abertura do cora\u00e7\u00e3o e de cura. Utilizado em rituais sagrados durante s\u00e9culos, este cato oferece um caminho poderoso para a paz interior, a clareza emocional e o despertar espiritual.<\/p>","protected":false},"featured_media":129636,"template":"","meta":[],"product_brand":[],"product_cat":[536,297,476],"product_tag":[],"class_list":{"0":"post-129635","1":"product","2":"type-product","3":"status-publish","4":"has-post-thumbnail","6":"product_cat-mescaline-cacti","7":"product_cat-all-products","8":"product_cat-smartshop","9":"product_shipping_class-creditcard-off","11":"first","12":"instock","13":"taxable","14":"shipping-taxable","15":"purchasable","16":"product-type-variable","17":"has-default-attributes"},"_links":{"self":[{"href":"https:\/\/www.tatanka.nl\/pt\/wp-json\/wp\/v2\/product\/129635","targetHints":{"allow":["GET"]}}],"collection":[{"href":"https:\/\/www.tatanka.nl\/pt\/wp-json\/wp\/v2\/product"}],"about":[{"href":"https:\/\/www.tatanka.nl\/pt\/wp-json\/wp\/v2\/types\/product"}],"wp:featuredmedia":[{"embeddable":true,"href":"https:\/\/www.tatanka.nl\/pt\/wp-json\/wp\/v2\/media\/129636"}],"wp:attachment":[{"href":"https:\/\/www.tatanka.nl\/pt\/wp-json\/wp\/v2\/media?parent=129635"}],"wp:term":[{"taxonomy":"product_brand","embeddable":true,"href":"https:\/\/www.tatanka.nl\/pt\/wp-json\/wp\/v2\/product_brand?post=129635"},{"taxonomy":"product_cat","embeddable":true,"href":"https:\/\/www.tatanka.nl\/pt\/wp-json\/wp\/v2\/product_cat?post=129635"},{"taxonomy":"product_tag","embeddable":true,"href":"https:\/\/www.tatanka.nl\/pt\/wp-json\/wp\/v2\/product_tag?post=129635"}],"curies":[{"name":"wp","href":"https:\/\/api.w.org\/{rel}","templated":true}]}}