{"id":129639,"date":"2025-05-09T09:00:19","date_gmt":"2025-05-09T08:00:19","guid":{"rendered":"https:\/\/www.tatanka.nl\/?post_type=product&#038;p=129639"},"modified":"2025-10-16T07:58:41","modified_gmt":"2025-10-16T06:58:41","slug":"san-pedro-cutting-peruvianus-25-29-cm","status":"publish","type":"product","link":"https:\/\/www.tatanka.nl\/pt\/san-pedro-cutting-peruvianus-25-29-cm\/","title":{"rendered":"San Pedro Corte Peruvianus - 25 - 29 cm"},"content":{"rendered":"<h2 class=\"\" data-start=\"569\" data-end=\"606\">O que s\u00e3o os cactos Cutting Peruvianus?<\/h2>\n<p class=\"\" data-start=\"608\" data-end=\"1033\">O <em data-start=\"612\" data-end=\"639\">Corte de cactos Peruvianus<\/em>-tamb\u00e9m chamado <strong data-start=\"652\" data-end=\"676\">Echinopsis peruviana<\/strong> ou <strong data-start=\"680\" data-end=\"698\">Tocha peruana<\/strong>-\u00e9 um cato colunar de crescimento r\u00e1pido que se desenvolve nas terras altas do Peru. Conhecido pela sua pele verde-azulada e costelas pronunciadas, este cato \u00e9 especialmente procurado pela sua elevada concentra\u00e7\u00e3o de mescalina, um composto psicad\u00e9lico natural. Como corte, pode ser propagado numa planta inteira ou preparado para uso cerimonial.<\/p>\n<p class=\"\" data-start=\"1035\" data-end=\"1556\">O <em data-start=\"1039\" data-end=\"1066\">Corte de cactos Peruvianus<\/em> \u00e9 usada em pr\u00e1ticas espirituais pela sua poderosa capacidade de facilitar a vis\u00e3o interior, a cura emocional e a liga\u00e7\u00e3o profunda \u00e0 natureza e ao universo. A experi\u00eancia que oferece \u00e9 muitas vezes descrita como intensamente introspectiva, com efeitos que podem ser tanto enraizantes como esclarecedores. Quer seja usada em cerim\u00f3nias xam\u00e2nicas ou em explora\u00e7\u00e3o pessoal, a <em data-start=\"1416\" data-end=\"1443\">Corte de cactos Peruvianus<\/em> \u00e9 um venerado professor de plantas, oferecendo orienta\u00e7\u00e3o \u00e0queles que procuram clareza, equil\u00edbrio e consci\u00eancia alargada.<\/p>\n<h2 class=\"\" data-start=\"1563\" data-end=\"1601\">Hist\u00f3ria do Cutting Peruvianus<\/h2>\n<p class=\"\" data-start=\"1603\" data-end=\"2108\">O <em data-start=\"1607\" data-end=\"1634\">Corte de cactos Peruvianus<\/em> tem ra\u00edzes profundas na hist\u00f3ria cultural e espiritual do Peru, onde tem sido utilizado h\u00e1 milhares de anos em contextos cerimoniais e de cura. Os povos ind\u00edgenas dos Andes consideram este cato sagrado, acreditando que \u00e9 uma ponte entre os mundos f\u00edsico e espiritual. As provas arqueol\u00f3gicas - incluindo esculturas de templos e artefactos rituais - mostram que os cactos ricos em mescalina, como este, desempenhavam um papel central nos ritos religiosos, muitas vezes orientados por xam\u00e3s ou curandeiros.<\/p>\n<p class=\"\" data-start=\"2110\" data-end=\"2655\">Ao contr\u00e1rio do cato San Pedro, que est\u00e1 mais disseminado, o <em data-start=\"2169\" data-end=\"2196\">Corte de cactos Peruvianus<\/em> \u00e9 conhecido pelo seu in\u00edcio mais r\u00e1pido e efeitos visualmente mais intensos. H\u00e1 muito que \u00e9 utilizada para limpar bloqueios energ\u00e9ticos, revelar verdades ocultas e despertar a sabedoria interior. Nos tempos modernos, continua a ser uma escolha popular entre aqueles que procuram um caminho natural, \u00e0 base de plantas, para o discernimento espiritual. Com a sua combina\u00e7\u00e3o de rica hist\u00f3ria cultural e potentes propriedades psicoactivas, a <em data-start=\"2564\" data-end=\"2591\">Corte de cactos Peruvianus<\/em> oferece uma experi\u00eancia cerimonial profundamente enraizada na sabedoria antiga.<\/p>\n<h2 class=\"\" data-start=\"2662\" data-end=\"2700\">Como utilizar o Cutting Peruvianus<\/h2>\n<p class=\"\" data-start=\"2702\" data-end=\"3113\">O <em data-start=\"2706\" data-end=\"2733\">Corte de cactos Peruvianus<\/em> \u00e9 mais comummente preparado como um ch\u00e1 cerimonial. Come\u00e7a-se por retirar os espinhos e a pele exterior escura, cortando depois a polpa interior em peda\u00e7os manej\u00e1veis. Estes s\u00e3o cozidos em lume brando durante v\u00e1rias horas em \u00e1gua at\u00e9 se obter uma infus\u00e3o espessa e amarga. Este ch\u00e1 \u00e9 normalmente consumido lentamente num ambiente calmo e intencional, sozinho ou sob a orienta\u00e7\u00e3o de um assistente ou facilitador espiritual.<\/p>\n<p class=\"\" data-start=\"3115\" data-end=\"3806\">Com o est\u00f4mago vazio, os efeitos come\u00e7am normalmente dentro de 1 a 2 horas e aumentam gradualmente, atingindo o seu pico entre 4 e 6 horas. A viagem total pode durar at\u00e9 12 a 15 horas. Os efeitos mais comuns incluem uma liberta\u00e7\u00e3o emocional profunda, fen\u00f3menos visuais, uma forte liga\u00e7\u00e3o \u00e0 natureza e uma sensa\u00e7\u00e3o elevada de amor e unidade universais. A <em data-start=\"3436\" data-end=\"3463\">Corte de cactos Peruvianus<\/em> pode evocar vis\u00f5es e sentimentos poderosos, por isso \u00e9 crucial criar um ambiente seguro e fundamentado e ter pr\u00e1ticas de integra\u00e7\u00e3o prontas para depois da experi\u00eancia. O jejum antes da utiliza\u00e7\u00e3o ajuda a reduzir as n\u00e1useas e a aprofundar o efeito. Quando abordado com rever\u00eancia, este cato torna-se n\u00e3o apenas uma subst\u00e2ncia psicad\u00e9lica, mas uma porta sagrada para o eu.<\/p>\n<h2 class=\"\" data-start=\"3813\" data-end=\"3855\">Ingredientes do Cutting Peruvianus<\/h2>\n<p class=\"\" data-start=\"3857\" data-end=\"4218\">O ingrediente mais ativo e importante do <em data-start=\"3905\" data-end=\"3932\">Corte de cactos Peruvianus<\/em> \u00e9 <strong data-start=\"3936\" data-end=\"3949\">mescalina<\/strong>A mescalina \u00e9 um alcaloide natural que tem sido utilizado para fins espirituais nas culturas ind\u00edgenas. A mescalina estimula os receptores de serotonina no c\u00e9rebro, criando altera\u00e7\u00f5es na perce\u00e7\u00e3o, emo\u00e7\u00e3o e pensamento que apoiam a introspe\u00e7\u00e3o profunda e a explora\u00e7\u00e3o espiritual.<\/p>\n<p class=\"\" data-start=\"4220\" data-end=\"4934\">O <em data-start=\"4224\" data-end=\"4251\">Corte de cactos Peruvianus<\/em> pode tamb\u00e9m conter outros alcal\u00f3ides, como a anhalonidina e a hordenina, que contribuem para o seu perfil energ\u00e9tico e fisiol\u00f3gico global. Fisicamente, \u00e9 constitu\u00edda por tecido fibroso denso em \u00e1gua, pele espessa e espinhos protectores. A sua tonalidade azulada e a sua estrutura grande e com nervuras s\u00e3o visualmente distintas. A pot\u00eancia pode variar consoante os factores ambientais, a idade e os cuidados, mas \u00e9 amplamente considerada como uma das esp\u00e9cies mais poderosas do seu g\u00e9nero. Quando corretamente preparada, a <em data-start=\"4722\" data-end=\"4749\">Corte de cactos Peruvianus<\/em> proporciona uma viagem espiritual profundamente imersiva que combina a qu\u00edmica com a sabedoria antiga. \u00c9 simultaneamente uma ferramenta sagrada e uma express\u00e3o viva da intelig\u00eancia curativa que se encontra na natureza.<\/p>\n<p class=\"\" data-start=\"4941\" data-end=\"5474\"><strong data-start=\"4941\" data-end=\"4953\">Aviso:<\/strong><br data-start=\"4953\" data-end=\"4956\" \/>Fazer <strong data-start=\"4959\" data-end=\"4966\">n\u00e3o<\/strong> consumir o <em data-start=\"4979\" data-end=\"5006\">Corte de cactos Peruvianus<\/em> se estiver gr\u00e1vida, a amamentar, se tiver menos de 18 anos ou se tiver problemas de sa\u00fade, como doen\u00e7as card\u00edacas, problemas de tens\u00e3o arterial ou perturba\u00e7\u00f5es psiqui\u00e1tricas. Nunca mistures com \u00e1lcool, medicamentos sujeitos a receita m\u00e9dica ou outras drogas. Utilize-a apenas num ambiente seguro e tranquilo com uma pessoa de confian\u00e7a e s\u00f3bria. N\u00e3o conduzas nem te envolvas em qualquer risco f\u00edsico durante a experi\u00eancia. Trata a <em data-start=\"5384\" data-end=\"5411\">Corte de cactos Peruvianus<\/em> com respeito - como um medicamento sagrado, n\u00e3o uma subst\u00e2ncia recreativa.<\/p>","protected":false},"excerpt":{"rendered":"<p>O cato Cutting Peruvianus, uma planta sagrada nativa dos Andes, \u00e9 celebrado pela sua profunda resson\u00e2ncia espiritual e pelos seus poderes naturais de cura. Conhecido por abrir o cora\u00e7\u00e3o e expandir a consci\u00eancia, serve como um poderoso guia em jornadas de transforma\u00e7\u00e3o interior e renova\u00e7\u00e3o energ\u00e9tica.<\/p>","protected":false},"featured_media":129641,"template":"","meta":[],"product_brand":[],"product_cat":[536,297,476],"product_tag":[],"class_list":{"0":"post-129639","1":"product","2":"type-product","3":"status-publish","4":"has-post-thumbnail","6":"product_cat-mescaline-cacti","7":"product_cat-all-products","8":"product_cat-smartshop","9":"product_shipping_class-creditcard-off","11":"first","12":"instock","13":"taxable","14":"shipping-taxable","15":"purchasable","16":"product-type-variable","17":"has-default-attributes"},"_links":{"self":[{"href":"https:\/\/www.tatanka.nl\/pt\/wp-json\/wp\/v2\/product\/129639","targetHints":{"allow":["GET"]}}],"collection":[{"href":"https:\/\/www.tatanka.nl\/pt\/wp-json\/wp\/v2\/product"}],"about":[{"href":"https:\/\/www.tatanka.nl\/pt\/wp-json\/wp\/v2\/types\/product"}],"wp:featuredmedia":[{"embeddable":true,"href":"https:\/\/www.tatanka.nl\/pt\/wp-json\/wp\/v2\/media\/129641"}],"wp:attachment":[{"href":"https:\/\/www.tatanka.nl\/pt\/wp-json\/wp\/v2\/media?parent=129639"}],"wp:term":[{"taxonomy":"product_brand","embeddable":true,"href":"https:\/\/www.tatanka.nl\/pt\/wp-json\/wp\/v2\/product_brand?post=129639"},{"taxonomy":"product_cat","embeddable":true,"href":"https:\/\/www.tatanka.nl\/pt\/wp-json\/wp\/v2\/product_cat?post=129639"},{"taxonomy":"product_tag","embeddable":true,"href":"https:\/\/www.tatanka.nl\/pt\/wp-json\/wp\/v2\/product_tag?post=129639"}],"curies":[{"name":"wp","href":"https:\/\/api.w.org\/{rel}","templated":true}]}}