{"id":129643,"date":"2025-05-09T09:04:53","date_gmt":"2025-05-09T08:04:53","guid":{"rendered":"https:\/\/www.tatanka.nl\/?post_type=product&#038;p=129643"},"modified":"2025-10-16T07:58:41","modified_gmt":"2025-10-16T06:58:41","slug":"cutting-macrogona-25-29-cm","status":"publish","type":"product","link":"https:\/\/www.tatanka.nl\/pt\/cutting-macrogona-25-29-cm\/","title":{"rendered":"Macrogona de corte 25 - 29 cm"},"content":{"rendered":"<h2 class=\"\" data-start=\"559\" data-end=\"595\">O que s\u00e3o os cactos Macrogona de corte?<\/h2>\n<p class=\"\" data-start=\"597\" data-end=\"1081\">O <em data-start=\"601\" data-end=\"627\">Corte de Macrogona cactus<\/em>, tamb\u00e9m designada por <strong data-start=\"649\" data-end=\"673\">Echinopsis macrogona<\/strong>O Trichocereus \u00e9 um membro menos conhecido mas muito respeitado da fam\u00edlia Trichocereus. Visualmente impressionante com a sua tonalidade verde-azulada profunda e espinhos longos e afiados, \u00e9 um cato colunar de crescimento r\u00e1pido nativo das regi\u00f5es andinas da Am\u00e9rica do Sul. Conhecido pelo seu forte teor de mescalina, o <em data-start=\"950\" data-end=\"976\">Corte de Macrogona cactus<\/em> \u00e9 frequentemente procurado por aqueles que procuram uma experi\u00eancia de medicina vegetal profundamente introspectiva e que abra o cora\u00e7\u00e3o.<\/p>\n<p class=\"\" data-start=\"1083\" data-end=\"1562\">Como corte, pode ser enraizado para cultivo ou preparado para uso cerimonial. Este cato \u00e9 c\u00e9lebre por induzir viagens psicad\u00e9licas poderosas mas control\u00e1veis, ajudando os utilizadores a ligarem-se ao seu subconsciente, a libertarem feridas emocionais e a acederem a uma profunda sensa\u00e7\u00e3o de paz e clareza. Quer seja para explora\u00e7\u00e3o espiritual ou cura pessoal, o <em data-start=\"1436\" data-end=\"1462\">Corte de Macrogona cactus<\/em> proporciona uma experi\u00eancia de base mas expansiva, profundamente enraizada na tradi\u00e7\u00e3o e na intelig\u00eancia natural.<\/p>\n<h2 class=\"\" data-start=\"1569\" data-end=\"1606\">Hist\u00f3ria da Macrogona de corte<\/h2>\n<p class=\"\" data-start=\"1608\" data-end=\"2030\">O <em data-start=\"1612\" data-end=\"1638\">Corte de Macrogona cactus<\/em> faz parte da medicina tradicional e dos rituais espirituais dos Andes h\u00e1 muito tempo. Embora n\u00e3o seja t\u00e3o amplamente reconhecido como o San Pedro ou o Bridgesii, partilha a mesma linhagem cultural. Os xam\u00e3s ind\u00edgenas, ou curanderos, usavam o <em data-start=\"1860\" data-end=\"1886\">Corte de Macrogona cactus<\/em> em cerim\u00f3nias sagradas para se ligarem ao mundo espiritual, limparem o corpo energ\u00e9tico e receberem vis\u00f5es e orienta\u00e7\u00f5es da intelig\u00eancia da natureza.<\/p>\n<p class=\"\" data-start=\"2032\" data-end=\"2659\">A sua utiliza\u00e7\u00e3o remonta a s\u00e9culos atr\u00e1s, aparecendo nas tradi\u00e7\u00f5es orais das culturas peruana e boliviana, muitas vezes ao lado de cactos ente\u00f3genos mais conhecidos. A pot\u00eancia e a clareza \u00fanicas deste cato valeram-lhe um lugar respeitado nos kits de ferramentas cerimoniais. \u00c0 medida que o interesse pela medicina vegetal tem crescido a n\u00edvel mundial, o <em data-start=\"2341\" data-end=\"2367\">Corte de Macrogona cactus<\/em> ganhou popularidade pelo seu perfil psicad\u00e9lico equilibrado - suficientemente forte para abrir portas interiores, mas suficientemente suave para apoiar a seguran\u00e7a emocional durante o processo. Atualmente, serve de ponte entre as pr\u00e1ticas de cura antigas e os modernos que procuram a verdade, a cura e o despertar espiritual.<\/p>\n<h2 class=\"\" data-start=\"2666\" data-end=\"2703\">Como utilizar a Macrogona de corte<\/h2>\n<p class=\"\" data-start=\"2705\" data-end=\"3105\">O <em data-start=\"2709\" data-end=\"2735\">Corte de Macrogona cactus<\/em> \u00e9 tradicionalmente consumido sob a forma de uma espessa bebida cerimonial. Para a preparar, a pele exterior e os espinhos s\u00e3o retirados e a polpa do cato \u00e9 cortada em peda\u00e7os. Estes peda\u00e7os s\u00e3o lentamente fervidos em \u00e1gua durante v\u00e1rias horas para extrair os compostos activos, especialmente a mescalina. O l\u00edquido resultante \u00e9 geralmente escuro e amargo, e \u00e9 consumido num ambiente calmo e sagrado.<\/p>\n<p class=\"\" data-start=\"3107\" data-end=\"3862\">Os efeitos come\u00e7am geralmente 1 a 2 horas ap\u00f3s a ingest\u00e3o e atingem o seu pico por volta das 3 a 6 horas. A viagem completa pode durar entre 10 e 14 horas. Os utilizadores relatam frequentemente imagens visuais, perce\u00e7\u00e3o emocional elevada, clareza mental profunda, e uma sensa\u00e7\u00e3o de unidade com a vida. Porque a <em data-start=\"3383\" data-end=\"3409\">Corte de Macrogona cactus<\/em> A maconha \u00e9 uma planta com um forte perfil psicoativo, pelo que \u00e9 essencial abordar a sua utiliza\u00e7\u00e3o com respeito e prepara\u00e7\u00e3o. O jejum pr\u00e9vio \u00e9 habitualmente praticado para reduzir as n\u00e1useas e aumentar a recetividade. Aconselha-se vivamente a utiliza\u00e7\u00e3o de um guia ou de um viajante de confian\u00e7a. O cato s\u00f3 deve ser usado quando a pessoa se sentir mental e fisicamente preparada. Quando usado com a inten\u00e7\u00e3o correta, o <em data-start=\"3762\" data-end=\"3788\">Corte de Macrogona cactus<\/em> torna-se mais do que uma planta - torna-se um professor e um espelho para a alma.<\/p>\n<h2 class=\"\" data-start=\"3869\" data-end=\"3910\">Ingredientes da Macrogona de corte<\/h2>\n<p class=\"\" data-start=\"3912\" data-end=\"4304\">O principal componente psicoativo da <em data-start=\"3954\" data-end=\"3980\">Corte de Macrogona cactus<\/em> \u00e9 <strong data-start=\"3984\" data-end=\"3997\">mescalina<\/strong>um alcaloide enteog\u00e9nico bem conhecido. A mescalina liga-se aos receptores de serotonina no c\u00e9rebro, facilitando altera\u00e7\u00f5es profundas na perce\u00e7\u00e3o, humor e consci\u00eancia. Tem sido utilizada h\u00e1 mil\u00e9nios em contextos espirituais e terap\u00eauticos devido \u00e0 sua capacidade de iluminar o subconsciente e catalisar a liberta\u00e7\u00e3o emocional.<\/p>\n<p class=\"\" data-start=\"4306\" data-end=\"4972\">Para al\u00e9m da mescalina, a <em data-start=\"4336\" data-end=\"4362\">Corte de Macrogona cactus<\/em> cont\u00e9m alcal\u00f3ides menores, como a anhalonidina e a tiramina, que contribuem para o perfil geral do efeito. O cato em si \u00e9 constitu\u00eddo por tecido fibroso rico em \u00e1gua, envolto numa pele lisa verde-azulada com espinhos longos. A sua composi\u00e7\u00e3o qu\u00edmica \u00fanica e a sua assinatura energ\u00e9tica fazem dele uma das esp\u00e9cies de Trichocereus mais intensas. Ao contr\u00e1rio dos cactos ornamentais, o <em data-start=\"4720\" data-end=\"4746\">Corte de Macrogona cactus<\/em> \u00e9 uma planta cerimonial, valorizada pela sua capacidade de guiar os utilizadores atrav\u00e9s de viagens interiores transformadoras. Quando respeitada e devidamente preparada, oferece uma experi\u00eancia direta do poder curativo da natureza e da antiga sabedoria espiritual.<\/p>\n<p class=\"\" data-start=\"4979\" data-end=\"5515\"><strong data-start=\"4979\" data-end=\"4991\">Aviso:<\/strong><br data-start=\"4991\" data-end=\"4994\" \/>Fazer <strong data-start=\"4997\" data-end=\"5004\">n\u00e3o<\/strong> utilizar o <em data-start=\"5013\" data-end=\"5039\">Corte de Macrogona cactus<\/em> se estiver gr\u00e1vida, a amamentar, se tiver menos de 18 anos ou se sofrer de problemas de sa\u00fade como doen\u00e7as card\u00edacas, tens\u00e3o arterial alta ou baixa ou perturba\u00e7\u00f5es psiqui\u00e1tricas. Nunca misturar com \u00e1lcool, medicamentos ou outras subst\u00e2ncias psicoactivas. Utilizar apenas num ambiente seguro, com a presen\u00e7a de uma pessoa s\u00f3bria e experiente. N\u00e3o conduza nem utilize m\u00e1quinas sob o efeito do \u00e1lcool. Tratar o <em data-start=\"5416\" data-end=\"5442\">Corte de Macrogona cactus<\/em> com profundo respeito - isto \u00e9 medicina sagrada, n\u00e3o uma subst\u00e2ncia recreativa.<\/p>","protected":false},"excerpt":{"rendered":"<p>O cato Macrogona Cortante \u00e9 um aliado sagrado na transforma\u00e7\u00e3o pessoal e espiritual. Conhecido pela sua energia enraizante e potencial vision\u00e1rio, este cato venerado tem sido utilizado em pr\u00e1ticas cerimoniais para despertar a sabedoria interior, dissolver barreiras emocionais e restaurar a harmonia da mente e do esp\u00edrito.<\/p>","protected":false},"featured_media":129645,"template":"","meta":[],"product_brand":[],"product_cat":[536,297,476],"product_tag":[],"class_list":{"0":"post-129643","1":"product","2":"type-product","3":"status-publish","4":"has-post-thumbnail","6":"product_cat-mescaline-cacti","7":"product_cat-all-products","8":"product_cat-smartshop","9":"product_shipping_class-creditcard-off","11":"first","12":"instock","13":"taxable","14":"shipping-taxable","15":"purchasable","16":"product-type-variable","17":"has-default-attributes"},"_links":{"self":[{"href":"https:\/\/www.tatanka.nl\/pt\/wp-json\/wp\/v2\/product\/129643","targetHints":{"allow":["GET"]}}],"collection":[{"href":"https:\/\/www.tatanka.nl\/pt\/wp-json\/wp\/v2\/product"}],"about":[{"href":"https:\/\/www.tatanka.nl\/pt\/wp-json\/wp\/v2\/types\/product"}],"wp:featuredmedia":[{"embeddable":true,"href":"https:\/\/www.tatanka.nl\/pt\/wp-json\/wp\/v2\/media\/129645"}],"wp:attachment":[{"href":"https:\/\/www.tatanka.nl\/pt\/wp-json\/wp\/v2\/media?parent=129643"}],"wp:term":[{"taxonomy":"product_brand","embeddable":true,"href":"https:\/\/www.tatanka.nl\/pt\/wp-json\/wp\/v2\/product_brand?post=129643"},{"taxonomy":"product_cat","embeddable":true,"href":"https:\/\/www.tatanka.nl\/pt\/wp-json\/wp\/v2\/product_cat?post=129643"},{"taxonomy":"product_tag","embeddable":true,"href":"https:\/\/www.tatanka.nl\/pt\/wp-json\/wp\/v2\/product_tag?post=129643"}],"curies":[{"name":"wp","href":"https:\/\/api.w.org\/{rel}","templated":true}]}}