{"id":138577,"date":"2026-03-25T15:51:11","date_gmt":"2026-03-25T14:51:11","guid":{"rendered":"https:\/\/www.tatanka.nl\/?post_type=product&#038;p=138577"},"modified":"2026-03-25T15:51:12","modified_gmt":"2026-03-25T14:51:12","slug":"salvia-divinorum-leaf","status":"publish","type":"product","link":"https:\/\/www.tatanka.nl\/pt\/salvia-divinorum-leaf\/","title":{"rendered":"Salvia Divinorum Folha"},"content":{"rendered":"<h2 dir=\"auto\">O que \u00e9 a folha Indian Elements Salvia Divinorum<\/h2>\n<p dir=\"auto\">Indian Elements Salvia Divinorum Leaf consiste nas folhas cuidadosamente secas da planta Salvia Divinorum, um membro da fam\u00edlia das s\u00e1lvias nativo das florestas nubladas do M\u00e9xico. Esta planta not\u00e1vel \u00e9 uma das mais poderosas subst\u00e2ncias psicad\u00e9licas naturais conhecidas. As folhas cont\u00eam salvinorina A, um composto \u00fanico que produz efeitos diferentes de qualquer outra planta vision\u00e1ria. Os utilizadores relatam frequentemente altera\u00e7\u00f5es visuais e perceptivas intensas, uma sensa\u00e7\u00e3o profunda de fus\u00e3o com objectos ou com o ambiente, e uma dissolu\u00e7\u00e3o tempor\u00e1ria do sentido normal do eu. Com uma dose recomendada de apenas 1 grama, a folha Indian Elements Salvia Divinorum destina-se a indiv\u00edduos experientes que abordam esta erva com respeito e inten\u00e7\u00e3o. O produto \u00e9 oferecido na sua forma mais pura e n\u00e3o processada para preservar toda a pot\u00eancia tradicional que tornou esta folha lend\u00e1ria entre as culturas xam\u00e2nicas.<\/p>\n<h2 dir=\"auto\">Hist\u00f3ria da folha Indian Elements Salvia Divinorum<\/h2>\n<p dir=\"auto\">A hist\u00f3ria da Indian Elements Salvia Divinorum Leaf est\u00e1 profundamente enraizada nas tradi\u00e7\u00f5es espirituais do povo Mazateca de Oaxaca, M\u00e9xico. Durante centenas de anos, os xam\u00e3s Mazatecas usaram as folhas frescas em cerim\u00f3nias nocturnas sagradas para comunicar com o mundo espiritual, receber orienta\u00e7\u00e3o e facilitar a cura. Eles se referem \u00e0 planta como Ska Maria Pastora, considerando-a uma professora divina e uma ponte entre os reinos f\u00edsico e espiritual. As folhas eram tradicionalmente mastigadas ou preparadas como uma infus\u00e3o durante rituais elaborados conduzidos por curandeiros experientes. O conhecimento da folha Salvia Divinorum permaneceu em grande parte secreto no seio destas comunidades ind\u00edgenas at\u00e9 meados do s\u00e9culo XX, altura em que os etnobot\u00e2nicos ocidentais come\u00e7aram a documentar as suas propriedades not\u00e1veis. O Indian Elements honra esta linhagem antiga, obtendo e oferecendo as folhas na sua forma mais aut\u00eantica e n\u00e3o adulterada, permitindo que os utilizadores modernos se liguem ao mesmo esp\u00edrito vegetal poderoso que tem guiado curandeiros e vision\u00e1rios durante gera\u00e7\u00f5es.<\/p>\n<h2 dir=\"auto\">Como utilizar a folha Indian Elements Salvia Divinorum<\/h2>\n<p dir=\"auto\">A utiliza\u00e7\u00e3o do Indian Elements Salvia Divinorum Leaf exige aten\u00e7\u00e3o, prepara\u00e7\u00e3o e um ambiente seguro. Medir com exatid\u00e3o 1 grama de folhas secas com uma balan\u00e7a de precis\u00e3o. As folhas podem ser preparadas como um ch\u00e1 forte, deitando \u00e1gua a ferver sobre elas e deixando-as em infus\u00e3o durante 10 a 15 minutos para garantir a extra\u00e7\u00e3o completa dos compostos activos. Bebe a infus\u00e3o lentamente, sentado numa sala calma e escura. Como os efeitos podem come\u00e7ar rapidamente e tornarem-se extremamente intensos, recomenda-se vivamente a presen\u00e7a de um acompanhante s\u00f3brio e de confian\u00e7a. Nunca mistures esta erva com outras subst\u00e2ncias psicoactivas, \u00e1lcool ou medicamentos. A experi\u00eancia come\u00e7a normalmente de forma r\u00e1pida e dura relativamente pouco tempo, ap\u00f3s o qual a integra\u00e7\u00e3o tranquila e o descanso s\u00e3o essenciais. Aborda cada sess\u00e3o com uma inten\u00e7\u00e3o clara e respeito pelo poder da planta. Devido \u00e0 sua pot\u00eancia, aconselha-se o uso respons\u00e1vel e pouco frequente para preservar a sensibilidade e garantir viagens significativas.<\/p>\n<h2 dir=\"auto\">Ingredientes da folha Indian Elements Salvia Divinorum<\/h2>\n<p dir=\"auto\">Os ingredientes da folha Indian Elements Salvia Divinorum consistem apenas em 100% de folha Salvia Divinorum pura e seca. N\u00e3o s\u00e3o usados enchimentos, aditivos, extractos ou agentes de processamento, garantindo o mais alto n\u00edvel de pureza e pot\u00eancia tradicional. O composto ativo prim\u00e1rio \u00e9 a salvinorina A, um diterpen\u00f3ide poderoso que actua nos receptores kappa-opi\u00f3ides do c\u00e9rebro, produzindo os efeitos vision\u00e1rios intensos e carater\u00edsticos associados a esta planta. Estes efeitos incluem mudan\u00e7as profundas de perce\u00e7\u00e3o, distor\u00e7\u00e3o da realidade e a sensa\u00e7\u00e3o carater\u00edstica de se tornar um s\u00f3 com os objectos ou o ambiente circundante. As folhas tamb\u00e9m cont\u00eam outros compostos naturais que apoiam a experi\u00eancia geral. Uma vez que o produto \u00e9 completamente n\u00e3o processado e de ingrediente \u00fanico, fornece todo o espetro das qualidades tradicionais da planta, exatamente como utilizado pelos curandeiros ind\u00edgenas durante s\u00e9culos. O Indian Elements seleciona cuidadosamente cada lote para manter uma for\u00e7a e qualidade consistentes. Esta composi\u00e7\u00e3o minimalista garante que cada dose de 1 grama proporciona um encontro aut\u00eantico com uma das plantas vision\u00e1rias mais not\u00e1veis da natureza.<\/p>\n<p dir=\"auto\"><strong>Aviso<\/strong> Apenas para adultos com mais de 18 anos. Manter fora do alcance das crian\u00e7as. Este produto n\u00e3o \u00e9 recomendado para indiv\u00edduos com problemas renais ou card\u00edacos, tens\u00e3o arterial alta ou baixa, diabetes, ou para quem esteja a tomar medicamentos, a consumir \u00e1lcool ou a utilizar outras subst\u00e2ncias. Consulte o seu m\u00e9dico antes de utilizar este produto se estiver gr\u00e1vida, a amamentar ou se tiver algum problema de sa\u00fade. Indian Elements Salvia Divinorum Folha \u00e9 um suplemento alimentar e n\u00e3o se destina a diagnosticar, tratar, curar ou prevenir qualquer doen\u00e7a. N\u00e3o comprar ou utilizar se o selo estiver quebrado. Conservar em local fresco, escuro e seco para manter a frescura e a pot\u00eancia ideais. Utilizar esta erva sempre com respeito e num ambiente seguro.<\/p>","protected":false},"excerpt":{"rendered":"<p dir=\"auto\">Descubra o extraordin\u00e1rio poder vision\u00e1rio da folha Indian Elements Salvia Divinorum, um suplemento de ervas puro e potente conhecido pelos seus efeitos psicad\u00e9licos intensos. Esta folha sagrada da fam\u00edlia das s\u00e1lvias \u00e9 usada h\u00e1 s\u00e9culos em pr\u00e1ticas xam\u00e2nicas tradicionais para induzir profundos estados alterados de consci\u00eancia, vis\u00f5es v\u00edvidas e experi\u00eancias profundamente transformadoras. Cada embalagem de 10 gramas oferece uma oportunidade rara de explorar os limites da perce\u00e7\u00e3o e da realidade de uma forma tradicional e natural.<\/p>","protected":false},"featured_media":138580,"template":"","meta":[],"product_brand":[],"product_cat":[597,297,477,290,544,476,480],"product_tag":[],"class_list":{"0":"post-138577","1":"product","2":"type-product","3":"status-publish","4":"has-post-thumbnail","6":"product_cat-indian-elements","7":"product_cat-all-products","8":"product_cat-herbs","9":"product_cat-psychedelic-herbs","10":"product_cat-salvia-divinorum","11":"product_cat-smartshop","12":"product_cat-supplements","14":"first","15":"instock","16":"taxable","17":"shipping-taxable","18":"purchasable","19":"product-type-variable","20":"has-default-attributes"},"_links":{"self":[{"href":"https:\/\/www.tatanka.nl\/pt\/wp-json\/wp\/v2\/product\/138577","targetHints":{"allow":["GET"]}}],"collection":[{"href":"https:\/\/www.tatanka.nl\/pt\/wp-json\/wp\/v2\/product"}],"about":[{"href":"https:\/\/www.tatanka.nl\/pt\/wp-json\/wp\/v2\/types\/product"}],"wp:featuredmedia":[{"embeddable":true,"href":"https:\/\/www.tatanka.nl\/pt\/wp-json\/wp\/v2\/media\/138580"}],"wp:attachment":[{"href":"https:\/\/www.tatanka.nl\/pt\/wp-json\/wp\/v2\/media?parent=138577"}],"wp:term":[{"taxonomy":"product_brand","embeddable":true,"href":"https:\/\/www.tatanka.nl\/pt\/wp-json\/wp\/v2\/product_brand?post=138577"},{"taxonomy":"product_cat","embeddable":true,"href":"https:\/\/www.tatanka.nl\/pt\/wp-json\/wp\/v2\/product_cat?post=138577"},{"taxonomy":"product_tag","embeddable":true,"href":"https:\/\/www.tatanka.nl\/pt\/wp-json\/wp\/v2\/product_tag?post=138577"}],"curies":[{"name":"wp","href":"https:\/\/api.w.org\/{rel}","templated":true}]}}