{"id":138937,"date":"2026-04-07T13:31:52","date_gmt":"2026-04-07T12:31:52","guid":{"rendered":"https:\/\/www.tatanka.nl\/?post_type=product&#038;p=138937"},"modified":"2026-04-07T13:31:53","modified_gmt":"2026-04-07T12:31:53","slug":"trip-booster-cacao-shot","status":"publish","type":"product","link":"https:\/\/www.tatanka.nl\/pt\/trip-booster-cacao-shot\/","title":{"rendered":"Shot de cacau para aumentar a viagem"},"content":{"rendered":"<h3 dir=\"auto\">O que s\u00e3o os shots de cacau Trip Booster?<\/h3>\n<p dir=\"auto\">Os shots de cacau Trip Booster oferecem uma forma natural e saborosa de melhorar as experi\u00eancias psicad\u00e9licas com trufas. Embalado numa dose pr\u00e1tica de 30ml, cada shot traz a profundidade rica e aveludada do cacau cru que combina lindamente com trufas m\u00e1gicas. Os compostos inerentes ao cacau puro estimulam naturalmente um melhor fluxo sangu\u00edneo e um estado de esp\u00edrito calmo e centrado. Os elementos inibidores leves da MAO no cacau tamb\u00e9m podem funcionar subtilmente para aumentar os efeitos das trufas de uma forma harmoniosa.<\/p>\n<p dir=\"auto\">Os utilizadores notam frequentemente como o shot transforma as notas arrojadas e terrosas das trufas numa sensa\u00e7\u00e3o muito mais palat\u00e1vel, resultando numa sess\u00e3o global mais suave e acolhedora. Desfrutar do Trip Booster Cacao Shot imediatamente antes ou durante a experi\u00eancia ajuda a criar uma atmosfera mais quente e mais fundamentada, que parece nutritiva e acess\u00edvel. Proveniente do tradicional cacau cerimonial peruano, este produto transporta a antiga sabedoria vegetal para as pr\u00e1ticas conscientes actuais. N\u00e3o cont\u00e9m aditivos artificiais, o que o torna uma escolha limpa para quem procura uma explora\u00e7\u00e3o centrada no cora\u00e7\u00e3o. O formato f\u00e1cil de beber encaixa-se sem esfor\u00e7o em qualquer ritual pessoal, quer esteja a explorar as trufas pela primeira vez ou a aprofundar uma pr\u00e1tica estabelecida. Muitos apreciam o facto de promover uma maior presen\u00e7a, abertura emocional e um sentido de unidade durante os momentos de transforma\u00e7\u00e3o.<\/p>\n<h3 dir=\"auto\">Hist\u00f3ria do Trip Booster Cacao Shot<\/h3>\n<p dir=\"auto\">O cacau ocupa um lugar profundo na hist\u00f3ria espiritual da humanidade, com evid\u00eancias do seu uso cerimonial a emergir de culturas antigas da Am\u00e9rica do Sul, desde h\u00e1 5.300 anos. Nas regi\u00f5es luxuriantes do atual Peru e Equador, as primeiras comunidades ind\u00edgenas incorporaram o cacau em recipientes sagrados e rituais muito antes de se espalhar para outras civiliza\u00e7\u00f5es. Conhecido como uma ponte sagrada entre os mundos, o cacau era celebrado pela sua capacidade de abrir o cora\u00e7\u00e3o, convidar \u00e0 clareza e fortalecer os la\u00e7os comunit\u00e1rios durante as reuni\u00f5es xam\u00e2nicas.<\/p>\n<p dir=\"auto\">Ao longo dos s\u00e9culos, culturas vizinhas como os Olmecas, Maias e Aztecas abra\u00e7aram o cacau como \u201co alimento dos deuses\u201d, empregando-o em oferendas divinas, cerim\u00f3nias de cura e transi\u00e7\u00f5es importantes da vida. No Peru, as tradi\u00e7\u00f5es de grupos como os Shipibo continuaram a honrar o cacau pelo seu papel na cura emocional e na expans\u00e3o da consci\u00eancia. Estas pr\u00e1ticas ancestrais envolviam frequentemente a mistura do cacau com outras plantas aliadas para criar experi\u00eancias equilibradas e de apoio. O Shot de Cacau Trip Booster d\u00e1 continuidade a esta linhagem intemporal, utilizando o aut\u00eantico cacau cru peruano que respeita os m\u00e9todos originais de cultivo e prepara\u00e7\u00e3o. Na nossa era moderna, muitos combinam o cacau com trufas m\u00e1gicas para promover viagens fundamentadas, cheias de perce\u00e7\u00e3o e liga\u00e7\u00e3o. Este shot serve como um aceno respeitoso a essas ra\u00edzes antigas, ao mesmo tempo que satisfaz as necessidades dos buscadores contempor\u00e2neos que valorizam a inten\u00e7\u00e3o, a seguran\u00e7a e a sinergia natural nas suas explora\u00e7\u00f5es.<\/p>\n<h3 dir=\"auto\">Como utilizar o Trip Booster Cacao Shot<\/h3>\n<p dir=\"auto\">Incorporar o Trip Booster Cacao Shot na sua rotina \u00e9 f\u00e1cil e gratificante. Conserva-o sempre no frigor\u00edfico e agita bem o frasco antes de o utilizares para misturar perfeitamente os ingredientes. Consuma a dose completa de 30 ml pouco antes de iniciar a sua sess\u00e3o de trufas m\u00e1gicas ou beba-a gradualmente enquanto a experi\u00eancia se desenrola. Muitos acham que tom\u00e1-la com cerca de 15 a 30 minutos de anteced\u00eancia permite que as propriedades naturais preparem suavemente o corpo e a mente.<\/p>\n<p dir=\"auto\">Prepare um espa\u00e7o tranquilo e seguro e comece com uma inten\u00e7\u00e3o clara para guiar a sua viagem. O Shot de Cacau Trip Booster cria um ambiente convidativo e caloroso que encoraja o relaxamento e um fluxo emocional mais suave. O seu perfil rico ajuda a mascarar os tons \u00e1cidos mais acentuados das trufas, transformando a fase de mastiga\u00e7\u00e3o numa parte mais agrad\u00e1vel do ritual, ao mesmo tempo que apoia uma maior profundidade atrav\u00e9s de mecanismos naturais subtis. Beba com aten\u00e7\u00e3o, concentre-se na sua respira\u00e7\u00e3o e deixe que o sabor reconfortante do cacau o leve para a sess\u00e3o. Mantenha a \u00e1gua por perto, ou\u00e7a sons suaves ou m\u00fasica que ressoe consigo e mova-se ao seu pr\u00f3prio ritmo confort\u00e1vel. Encare todo o processo como um ritual sagrado e n\u00e3o como algo apressado. Quando os efeitos come\u00e7arem a desaparecer, d\u00ea tempo suficiente para descansar e para uma integra\u00e7\u00e3o suave, por exemplo, atrav\u00e9s de uma reflex\u00e3o tranquila ou escrevendo os seus pensamentos. O uso consistente e consciente posiciona o Trip Booster Cacao Shot como um parceiro valioso na descoberta pessoal cont\u00ednua e na vida consciente.<\/p>\n<h3 dir=\"auto\">Ingredientes de Trip Booster Cacao Shot<\/h3>\n<p dir=\"auto\">Criado com cuidado, o Trip Booster Cacao Shot baseia-se numa sele\u00e7\u00e3o curta e pura de ingredientes que proporcionam sabor e apoio funcional. A base \u00e9 6000mg de cacau cerimonial cru de primeira qualidade colhido no Peru, celebrado pelo seu intenso car\u00e1cter de chocolate e pelos seus compostos naturais. Estes incluem elementos que estimulam suavemente a circula\u00e7\u00e3o e inibidores suaves da MAO, capazes de amplificar subtilmente as sensa\u00e7\u00f5es das trufas de uma forma equilibrada.<\/p>\n<p dir=\"auto\">Para melhorar a capacidade de beber, 600 mg de xarope de agave adicionam uma do\u00e7ura natural suave e uma sensa\u00e7\u00e3o sedosa na boca sem utilizar a\u00e7\u00facares processados. A mistura tamb\u00e9m inclui 250 mg de vitamina C, valorizada pelas suas qualidades antioxidantes protectoras em momentos sens\u00edveis, juntamente com 200 mg de \u00e1cido c\u00edtrico que ajuda a manter a frescura e proporciona um toque leve e refrescante ao sabor geral. Sem quaisquer aditivos artificiais, corantes ou conservantes, esta receita mant\u00e9m-se fiel aos valores tradicionais, ao mesmo tempo que oferece uma conveni\u00eancia moderna. O cacau peruano confere uma profundidade aut\u00eantica que ecoa as prepara\u00e7\u00f5es cerimoniais hist\u00f3ricas. Cada componente trabalha em conjunto para produzir uma dose harmoniosa e potente que \u00e9 agrad\u00e1vel para o sistema. Esta f\u00f3rmula concentrada atrai fortemente os indiv\u00edduos que procuram ajudas limpas, honestas e eficazes para as suas viagens cerimoniais e de bem-estar.<\/p>\n<p dir=\"auto\"><strong>Aviso<\/strong> Conservar no frigor\u00edfico. Agitar bem antes de utilizar.<\/p>","protected":false},"excerpt":{"rendered":"<p dir=\"auto\">Eleve as suas sess\u00f5es de trufas m\u00e1gicas com o nosso Trip Booster Cacao Shot, uma deliciosa mistura l\u00edquida de 30ml criada a partir de cacau cru peruano de primeira qualidade. Suporta suavemente uma viagem mais suave e mais agrad\u00e1vel, suavizando os sabores das trufas enquanto promove o relaxamento e uma liga\u00e7\u00e3o mais profunda.<\/p>\n<h3 dir=\"auto\"><\/h3>","protected":false},"featured_media":138941,"template":"","meta":[],"product_brand":[],"product_cat":[620,297,577,475,516,521,523,518,515,476,578],"product_tag":[],"class_list":{"0":"post-138937","1":"product","2":"type-product","3":"status-publish","4":"has-post-thumbnail","6":"product_cat-shamanita","7":"product_cat-all-products","8":"product_cat-beginner-magic-truffles","9":"product_cat-healthshop","10":"product_cat-magic-truffles","11":"product_cat-medicinal-mushrooms","12":"product_cat-medicinal-mushrooms-supplements","13":"product_cat-mushrooms","14":"product_cat-shroomshop","15":"product_cat-smartshop","16":"product_cat-strongest-magic-truffles","18":"first","19":"instock","20":"taxable","21":"shipping-taxable","22":"purchasable","23":"product-type-variable","24":"has-default-attributes"},"_links":{"self":[{"href":"https:\/\/www.tatanka.nl\/pt\/wp-json\/wp\/v2\/product\/138937","targetHints":{"allow":["GET"]}}],"collection":[{"href":"https:\/\/www.tatanka.nl\/pt\/wp-json\/wp\/v2\/product"}],"about":[{"href":"https:\/\/www.tatanka.nl\/pt\/wp-json\/wp\/v2\/types\/product"}],"wp:featuredmedia":[{"embeddable":true,"href":"https:\/\/www.tatanka.nl\/pt\/wp-json\/wp\/v2\/media\/138941"}],"wp:attachment":[{"href":"https:\/\/www.tatanka.nl\/pt\/wp-json\/wp\/v2\/media?parent=138937"}],"wp:term":[{"taxonomy":"product_brand","embeddable":true,"href":"https:\/\/www.tatanka.nl\/pt\/wp-json\/wp\/v2\/product_brand?post=138937"},{"taxonomy":"product_cat","embeddable":true,"href":"https:\/\/www.tatanka.nl\/pt\/wp-json\/wp\/v2\/product_cat?post=138937"},{"taxonomy":"product_tag","embeddable":true,"href":"https:\/\/www.tatanka.nl\/pt\/wp-json\/wp\/v2\/product_tag?post=138937"}],"curies":[{"name":"wp","href":"https:\/\/api.w.org\/{rel}","templated":true}]}}