{"id":21391,"date":"2019-01-02T13:03:58","date_gmt":"2019-01-02T13:03:58","guid":{"rendered":"https:\/\/www.tatanka.nl\/?post_type=product&#038;p=21391"},"modified":"2025-05-20T10:16:29","modified_gmt":"2025-05-20T09:16:29","slug":"aphrodite-mix-sex-herbs","status":"publish","type":"product","link":"https:\/\/www.tatanka.nl\/pt\/aphrodite-mix-sex-herbs\/","title":{"rendered":"Aphrodite Mix \u2013 Sex herbs"},"content":{"rendered":"<h2>O que \u00e9 o Aphrodite Mix?<\/h2>\n<p>Aphrodite Mix da Indian Elements \u00e9 uma mistura de ervas \u00fanica que combina cinco ingredientes cuidadosamente selecionados: Damiana, Trevo Vermelho, Menta, Cal\u00eandula e Flor de Laranjeira. Estas ervas s\u00e3o conhecidas pelas suas propriedades estimulantes e calmantes, tornando a mistura perfeita para quem procura uma forma natural de melhorar a sua vida \u00edntima. A mistura foi especificamente formulada para melhorar o desempenho sexual, elevar o humor e promover uma sensa\u00e7\u00e3o de euforia e relaxamento. O ingrediente principal, a Damiana, \u00e9 particularmente conhecido pelos seus efeitos afrodis\u00edacos, que t\u00eam sido utilizados durante s\u00e9culos para aumentar a libido e estimular o desejo.<\/p>\n<p>A mistura Aphrodite re\u00fane uma variedade de sabores e aromas que s\u00e3o simultaneamente revigorantes e calmantes. O Trevo Vermelho e a Flor de Laranjeira oferecem uma nota floral subtil, enquanto a Menta acrescenta uma frescura refrescante. A Cal\u00eandula ajuda a melhorar a experi\u00eancia geral de relaxamento, enquanto a Damiana proporciona os benef\u00edcios afrodis\u00edacos mais potentes. Quer esteja \u00e0 procura de apimentar a sua noite ou de aumentar a sua libido, a Mistura Afrodite oferece uma solu\u00e7\u00e3o natural e eficaz.<\/p>\n<h2>Hist\u00f3ria da mistura Afrodite<\/h2>\n<p>O nome \"Aphrodite Mix\" inspira-se na antiga deusa grega do amor, da beleza e da sexualidade, Afrodite. Nos tempos antigos, as pessoas ofereciam tributos \u00e0 deusa na esperan\u00e7a de melhorar as suas vidas amorosas ou de melhorar as suas liga\u00e7\u00f5es f\u00edsicas. As ervas utilizadas nesta mistura t\u00eam um profundo significado hist\u00f3rico na medicina tradicional \u00e0 base de plantas. Por exemplo, a Damiana tem sido utilizada h\u00e1 milhares de anos, especialmente na Am\u00e9rica Central e do Sul, como um afrodis\u00edaco natural. Acreditava-se que aumentava o desejo sexual e melhorava a energia geral.<\/p>\n<p>Da mesma forma, o trevo vermelho e a flor de laranjeira s\u00e3o utilizados h\u00e1 muito tempo pelas suas propriedades calmantes e sensuais, tornando-os ingredientes comuns em po\u00e7\u00f5es de amor ao longo da hist\u00f3ria. A hortel\u00e3 tamb\u00e9m tem sido um s\u00edmbolo de refresc\u00e2ncia e vitalidade, frequentemente utilizada para aumentar as experi\u00eancias sensoriais. Ao longo do tempo, estas ervas foram reconhecidas pela sua capacidade de trabalhar em sinergia, criando uma mistura que melhora a experi\u00eancia de intimidade e promove o relaxamento.<\/p>\n<p>Atualmente, a Mistura Afrodite continua a honrar estas tradi\u00e7\u00f5es antigas, proporcionando uma forma moderna de melhorar a libido e de aumentar as experi\u00eancias \u00edntimas de uma forma natural e hol\u00edstica.<\/p>\n<h2>Como utilizar o Aphrodite Mix<\/h2>\n<p>Para desfrutar plenamente dos benef\u00edcios da mistura de Afrodite, recomenda-se que se prepare uma ch\u00e1vena de ch\u00e1 forte com a mistura. Basta mergulhar um grama da mistura de ervas em \u00e1gua quente durante cerca de 5-10 minutos, permitindo que as ervas se infundam e libertem todas as suas propriedades arom\u00e1ticas e terap\u00eauticas. O resultado \u00e9 um ch\u00e1 saboroso e revigorante que estimula os sentidos e promove o relaxamento.<\/p>\n<p>Para uma melhor experi\u00eancia, sugere-se que partilhe o ch\u00e1 com o seu parceiro ou amigos, uma vez que foi concebido para melhorar a intera\u00e7\u00e3o social e criar um ambiente euf\u00f3rico. A capacidade da mistura para estimular a libido e promover um ligeiro efeito \"high\" pode levar a uma noite memor\u00e1vel e apaixonada.<\/p>\n<p>\u00c9 importante utilizar a mistura Aphrodite com modera\u00e7\u00e3o. Uma grama por dia \u00e9 a dose recomendada, pois o consumo excessivo pode levar a um efeito avassalador. Para manter a pot\u00eancia da mistura, \u00e9 melhor consumi-la em ocasi\u00f5es especiais, melhorando a atmosfera para uma experi\u00eancia \u00edntima e excitante.<\/p>\n<h2>Ingredientes da mistura Afrodite<\/h2>\n<p>A mistura Aphrodite \u00e9 composta por cinco ingredientes totalmente naturais que funcionam em conjunto para criar um efeito euf\u00f3rico, calmante e estimulante da libido. Estes ingredientes incluem a Damiana, o Trevo Vermelho, a Menta, a Cal\u00eandula e a Flor de Laranjeira. A Damiana \u00e9 o ingrediente estrela, conhecida pelas suas poderosas propriedades afrodis\u00edacas. \u00c9 utilizada h\u00e1 s\u00e9culos para aumentar o desejo sexual e criar uma sensa\u00e7\u00e3o de euforia.<\/p>\n<p>O trevo vermelho \u00e9 adicionado pelas suas qualidades suaves e calmantes e pela sua capacidade de apoiar a sa\u00fade geral. A menta proporciona um toque refrescante e revigorante, ajudando a estimular os sentidos e a aumentar o prazer. A Cal\u00eandula \u00e9 conhecida pelas suas propriedades calmantes e relaxantes, ajudando a melhorar a experi\u00eancia geral. Finalmente, a Flor de Laranjeira traz uma fragr\u00e2ncia floral doce que contribui para os efeitos sensuais e calmantes da mistura.<\/p>\n<p>Esta mistura natural e vegana 100% n\u00e3o cont\u00e9m aditivos artificiais, o que a torna uma op\u00e7\u00e3o segura e saud\u00e1vel para quem procura uma forma natural e hol\u00edstica de melhorar a sua vida \u00edntima e o seu humor.<\/p>\n<p><strong>Aviso:<\/strong><\/p>\n<p>N\u00e3o utilizar se tiver menos de 18 anos de idade. Manter fora do alcance das crian\u00e7as. N\u00e3o recomendado para pessoas com problemas renais ou card\u00edacos, tens\u00e3o arterial alta ou baixa, diabetes ou que estejam a tomar medicamentos, \u00e1lcool ou drogas. Este produto n\u00e3o \u00e9 um medicamento e n\u00e3o deve ser utilizado como tal. Trata-se de um suplemento alimentar e deve ser utilizado em conformidade. N\u00e3o comprar se o selo estiver violado.<\/p>","protected":false},"excerpt":{"rendered":"<p>A mistura Aphrodite da Indian Elements \u00e9 uma poderosa mistura de ervas concebida para melhorar as experi\u00eancias \u00edntimas e estimular os sentidos. Feita a partir de uma combina\u00e7\u00e3o de Damiana, Trevo Vermelho, Hortel\u00e3, Cal\u00eandula e Flor de Laranjeira, esta mistura foi cuidadosamente elaborada para apoiar a libido, promover o relaxamento e criar um efeito euf\u00f3rico e estimulante. Perfeita para uma noite excitante e apaixonada, oferece uma forma natural de aumentar a libido e melhorar a disposi\u00e7\u00e3o geral.<\/p>","protected":false},"featured_media":125944,"template":"","meta":[],"product_brand":[],"product_cat":[597,297,531,576,383,476],"product_tag":[],"class_list":{"0":"post-21391","1":"product","2":"type-product","3":"status-publish","4":"has-post-thumbnail","6":"product_cat-indian-elements","7":"product_cat-all-products","8":"product_cat-aphrodisiacs","9":"product_cat-sex-products-for-couples","10":"product_cat-sex-shop","11":"product_cat-smartshop","13":"first","14":"instock","15":"taxable","16":"shipping-taxable","17":"purchasable","18":"product-type-variable"},"_links":{"self":[{"href":"https:\/\/www.tatanka.nl\/pt\/wp-json\/wp\/v2\/product\/21391","targetHints":{"allow":["GET"]}}],"collection":[{"href":"https:\/\/www.tatanka.nl\/pt\/wp-json\/wp\/v2\/product"}],"about":[{"href":"https:\/\/www.tatanka.nl\/pt\/wp-json\/wp\/v2\/types\/product"}],"wp:featuredmedia":[{"embeddable":true,"href":"https:\/\/www.tatanka.nl\/pt\/wp-json\/wp\/v2\/media\/125944"}],"wp:attachment":[{"href":"https:\/\/www.tatanka.nl\/pt\/wp-json\/wp\/v2\/media?parent=21391"}],"wp:term":[{"taxonomy":"product_brand","embeddable":true,"href":"https:\/\/www.tatanka.nl\/pt\/wp-json\/wp\/v2\/product_brand?post=21391"},{"taxonomy":"product_cat","embeddable":true,"href":"https:\/\/www.tatanka.nl\/pt\/wp-json\/wp\/v2\/product_cat?post=21391"},{"taxonomy":"product_tag","embeddable":true,"href":"https:\/\/www.tatanka.nl\/pt\/wp-json\/wp\/v2\/product_tag?post=21391"}],"curies":[{"name":"wp","href":"https:\/\/api.w.org\/{rel}","templated":true}]}}