{"id":21406,"date":"2019-01-02T14:38:15","date_gmt":"2019-01-02T14:38:15","guid":{"rendered":"https:\/\/www.tatanka.nl\/?post_type=product&#038;p=21406"},"modified":"2025-05-20T10:16:21","modified_gmt":"2025-05-20T09:16:21","slug":"relax-mix-herbs","status":"publish","type":"product","link":"https:\/\/www.tatanka.nl\/pt\/relax-mix-herbs\/","title":{"rendered":"Relax Mix Herbs"},"content":{"rendered":"<h2>O que \u00e9 a mistura Relax?<\/h2>\n<p>A mistura Relax do Indian Elements \u00e9 uma mistura de ervas especialmente concebida para o ajudar a descontrair e a relaxar. Combina tr\u00eas ervas calmantes: Passion Flower (Passiflora Incarnata), ab\u00f3bora doce Wood (Asperula Odorata) e hortel\u00e3-gato (Nepeta Cataria). Estas ervas s\u00e3o conhecidas pelas suas propriedades calmantes, individualmente e em combina\u00e7\u00e3o. Quando utilizadas em conjunto, criam uma f\u00f3rmula poderosa que promove a calma mental e o relaxamento, tornando-a o complemento perfeito para a sua rotina de cuidados pessoais, especialmente ap\u00f3s um dia stressante. Para al\u00e9m de ajudar a relaxar, esta mistura \u00e9 normalmente utilizada para apoiar um sono melhor e a sa\u00fade digestiva.<\/p>\n<p>Quer pretenda melhorar a sua rotina nocturna ou reduzir os n\u00edveis de stress, a mistura Relax oferece uma solu\u00e7\u00e3o natural. Esta mistura de 50 gramas \u00e9 ideal para quem procura um rem\u00e9dio calmante, \u00e0 base de ervas, para aliviar a ansiedade e promover uma sensa\u00e7\u00e3o de bem-estar. F\u00e1cil de preparar, pode us\u00e1-la para fazer um ch\u00e1 calmante ou incorpor\u00e1-la nas suas pr\u00e1ticas de bem-estar para obter o m\u00e1ximo benef\u00edcio.<\/p>\n<h2>Hist\u00f3ria da mistura Relax<\/h2>\n<p>As origens da mistura Relax est\u00e3o na longa hist\u00f3ria dos rem\u00e9dios \u00e0 base de ervas que t\u00eam sido utilizados em todas as culturas para promover o relaxamento e a sa\u00fade. Passion Flower, Sweet Woodruff e Catmint t\u00eam sido utilizados h\u00e1 s\u00e9culos pelas suas propriedades terap\u00eauticas. O Passion Flower, por exemplo, era utilizado pelas tribos nativas americanas para aliviar a ansiedade e induzir o sono. Da mesma forma, a hortel\u00e3-gato, conhecida pelos seus efeitos sedativos ligeiros, tem uma tradi\u00e7\u00e3o rica no herbalismo europeu e norte-americano. A ab\u00f3bora doce Woodruff, tamb\u00e9m conhecida pelas suas qualidades calmantes, tem sido um elemento b\u00e1sico nas pr\u00e1ticas herbais europeias desde os tempos medievais.<\/p>\n<p>Estas ervas foram escolhidas n\u00e3o s\u00f3 pelos seus benef\u00edcios individuais, mas tamb\u00e9m pela sua sinergia quando combinadas. Ao longo do tempo, esta mistura evoluiu para a mistura Relax oferecida atualmente, com um foco no relaxamento natural e suave. \u00c0 medida que mais pessoas se voltam para solu\u00e7\u00f5es \u00e0 base de plantas para o seu bem-estar, a mistura Relax ganhou popularidade pela sua capacidade de promover a tranquilidade mental e f\u00edsica sem depender de subst\u00e2ncias sint\u00e9ticas.<\/p>\n<h2>Como utilizar a mistura Relax<\/h2>\n<p>O Relax Mix by Indian Elements pode ser utilizado de v\u00e1rias formas para promover o relaxamento e a paz de esp\u00edrito. O m\u00e9todo mais comum \u00e9 prepar\u00e1-lo num ch\u00e1 calmante. Basta mergulhar um grama da mistura de ervas em \u00e1gua quente durante 5-10 minutos e desfrutar dos efeitos calmantes. Este ch\u00e1 \u00e9 perfeito para descontrair antes de dormir ou depois de um dia atarefado para ajudar a reduzir o stress.<\/p>\n<p>Para al\u00e9m do ch\u00e1, tamb\u00e9m pode incorporar a mistura Relax em banhos ou utiliz\u00e1-la como cataplasma para relaxamento t\u00f3pico. As ervas da mistura tamb\u00e9m podem ser utilizadas em pr\u00e1ticas de aromaterapia, onde o seu aroma calmante ajuda a induzir uma sensa\u00e7\u00e3o de tranquilidade. \u00c9 importante notar que a mistura Relax deve ser consumida com modera\u00e7\u00e3o - um grama por dia \u00e9 a dose recomendada. O uso regular pode aumentar os benef\u00edcios, mas o consumo excessivo pode levar a efeitos secund\u00e1rios indesejados.<\/p>\n<h2>Ingredientes da mistura Relax<\/h2>\n<p>A mistura Relax \u00e9 feita de tr\u00eas ingredientes totalmente naturais, \u00e0 base de plantas: Asperula Odorata (ab\u00f3bora-doce Wood), Nepeta Cataria (hortel\u00e3-gato) e Passiflora Incarnata (Passion Flower). Cada um destes ingredientes possui o seu pr\u00f3prio conjunto de qualidades terap\u00eauticas. O Passion Flower \u00e9 conhecido pela sua capacidade de acalmar a mente, reduzir a ansiedade e promover o sono. H\u00e1 muito que \u00e9 utilizado na medicina tradicional para tratar a ins\u00f3nia e o stress.<\/p>\n<p>A hortel\u00e3-gato, um membro da fam\u00edlia da hortel\u00e3, \u00e9 famosa pelos seus efeitos calmantes tanto nos seres humanos como nos animais de estima\u00e7\u00e3o. \u00c9 conhecida por aliviar o stress e proporcionar al\u00edvio para a ansiedade ligeira. A ab\u00f3bora doce, frequentemente utilizada na Europa h\u00e1 s\u00e9culos, tem propriedades sedativas ligeiras e pode ajudar a aliviar a tens\u00e3o e a apoiar o relaxamento. Quando combinadas, estas tr\u00eas ervas criam uma mistura poderosa que proporciona um al\u00edvio natural do stress, da ansiedade e da ins\u00f3nia.<\/p>\n<p>Esta mistura de ervas n\u00e3o cont\u00e9m THC e \u00e9 100% natural, vegan e isenta de quaisquer aditivos artificiais, o que a torna uma op\u00e7\u00e3o segura e saud\u00e1vel para quem procura uma forma natural de relaxar.<\/p>\n<p><strong>Aviso:<\/strong><\/p>\n<p>N\u00e3o utilizar se tiver menos de 18 anos de idade. Manter fora do alcance das crian\u00e7as. N\u00e3o recomendado a pessoas com problemas renais ou card\u00edacos, tens\u00e3o arterial alta ou baixa, diabetes, ou que estejam a tomar medicamentos, \u00e1lcool ou drogas. Esta erva n\u00e3o \u00e9 um medicamento e n\u00e3o deve ser utilizada como tal. \u00c9 um suplemento alimentar e deve ser tomado em conformidade. N\u00e3o comprar se o selo estiver quebrado.<\/p>","protected":false},"excerpt":{"rendered":"<p>A mistura Relax da Indian Elements \u00e9 uma mistura de ervas calmantes que promove o relaxamento e a tranquilidade. Com tr\u00eas ervas poderosas - Passion Flower, Catmint e Sweet Woodruff - esta mistura \u00e9 perfeita para aliviar o stress e apoiar um sono tranquilo. As propriedades calmantes naturais destas ervas podem ajudar a trazer paz e relaxamento, especialmente quando se sente sobrecarregado. Pode ser apreciada sob v\u00e1rias formas, como um ch\u00e1 de ervas calmantes.<\/p>","protected":false},"featured_media":125941,"template":"","meta":[],"product_brand":[],"product_cat":[597,297,477,510,511,476],"product_tag":[],"class_list":{"0":"post-21406","1":"product","2":"type-product","3":"status-publish","4":"has-post-thumbnail","6":"product_cat-indian-elements","7":"product_cat-all-products","8":"product_cat-herbs","9":"product_cat-relax","10":"product_cat-relax-herbs","11":"product_cat-smartshop","13":"first","14":"instock","15":"taxable","16":"shipping-taxable","17":"purchasable","18":"product-type-variable"},"_links":{"self":[{"href":"https:\/\/www.tatanka.nl\/pt\/wp-json\/wp\/v2\/product\/21406","targetHints":{"allow":["GET"]}}],"collection":[{"href":"https:\/\/www.tatanka.nl\/pt\/wp-json\/wp\/v2\/product"}],"about":[{"href":"https:\/\/www.tatanka.nl\/pt\/wp-json\/wp\/v2\/types\/product"}],"wp:featuredmedia":[{"embeddable":true,"href":"https:\/\/www.tatanka.nl\/pt\/wp-json\/wp\/v2\/media\/125941"}],"wp:attachment":[{"href":"https:\/\/www.tatanka.nl\/pt\/wp-json\/wp\/v2\/media?parent=21406"}],"wp:term":[{"taxonomy":"product_brand","embeddable":true,"href":"https:\/\/www.tatanka.nl\/pt\/wp-json\/wp\/v2\/product_brand?post=21406"},{"taxonomy":"product_cat","embeddable":true,"href":"https:\/\/www.tatanka.nl\/pt\/wp-json\/wp\/v2\/product_cat?post=21406"},{"taxonomy":"product_tag","embeddable":true,"href":"https:\/\/www.tatanka.nl\/pt\/wp-json\/wp\/v2\/product_tag?post=21406"}],"curies":[{"name":"wp","href":"https:\/\/api.w.org\/{rel}","templated":true}]}}