{"id":21423,"date":"2016-01-02T16:06:07","date_gmt":"2016-01-02T14:06:07","guid":{"rendered":"https:\/\/www.tatanka.nl\/?post_type=product&#038;p=21423"},"modified":"2026-01-20T12:48:32","modified_gmt":"2026-01-20T11:48:32","slug":"cbd-hempcare-90-pearlcaps","status":"publish","type":"product","link":"https:\/\/www.tatanka.nl\/pt\/cbd-hempcare-90-pearlcaps\/","title":{"rendered":"CBD Hempcare - 90 Pearlcaps"},"content":{"rendered":"<h2><span style=\"font-size: 100%;\">CBD Hempcare - 90 Pearlcaps<br \/>\n<\/span><\/h2>\n<h2 data-start=\"0\" data-end=\"35\">O que s\u00e3o Hempcare CBD Pearlcaps?<\/h2>\n<p data-start=\"37\" data-end=\"398\">Hempcare CBD Pearlcaps s\u00e3o c\u00e1psulas de qualidade superior que cont\u00eam extrato de c\u00e2nhamo puro e natural. Estas c\u00e1psulas s\u00e3o formuladas com \u00f3leo de semente de c\u00e2nhamo e extrato bruto de CBD, garantindo a reten\u00e7\u00e3o de todos os nutrientes essenciais da planta de c\u00e2nhamo. Ao contr\u00e1rio dos \u00f3leos de CBD, estas c\u00e1psulas de gelatina mole dissolvem-se no est\u00f4mago, libertando os compostos ben\u00e9ficos sem qualquer sabor forte.<\/p>\n<p data-start=\"400\" data-end=\"812\">Cada c\u00e1psula \u00e9 cuidadosamente concebida para fornecer CBD de espetro total, o que significa que inclui uma variedade de canabin\u00f3ides naturais, flavon\u00f3ides e terpenos que podem funcionar em conjunto para aumentar os efeitos. Sem THC, estas c\u00e1psulas proporcionam uma experi\u00eancia n\u00e3o psicoactiva, o que as torna seguras e adequadas para utiliza\u00e7\u00e3o di\u00e1ria. O formato pr\u00e1tico das c\u00e1psulas torna o Hempcare CBD Pearlcaps uma forma f\u00e1cil de incorporar o CBD na sua rotina.<\/p>\n<h2 data-start=\"814\" data-end=\"854\">A hist\u00f3ria do Hempcare CBD Pearlcaps<\/h2>\n<p data-start=\"856\" data-end=\"1229\">O CBD, ou canabidiol, \u00e9 utilizado h\u00e1 s\u00e9culos devido aos seus potenciais benef\u00edcios para a sa\u00fade. A planta do c\u00e2nhamo, da qual o CBD \u00e9 derivado, tem uma longa hist\u00f3ria que remonta a milhares de anos. As civiliza\u00e7\u00f5es antigas, incluindo os chineses e os eg\u00edpcios, utilizavam o c\u00e2nhamo para fins medicinais e industriais, reconhecendo as suas propriedades calmantes e anti-inflamat\u00f3rias para tratar v\u00e1rias doen\u00e7as.<\/p>\n<p data-start=\"1231\" data-end=\"1582\">Nos \u00faltimos anos, a popularidade do CBD aumentou devido \u00e0 crescente investiga\u00e7\u00e3o cient\u00edfica e ao interesse dos consumidores em produtos naturais de bem-estar. A Hempcare baseou-se neste legado ao criar c\u00e1psulas de CBD de alta qualidade que preservam o extrato bruto de CBD e outros componentes naturais, garantindo que os utilizadores recebem um suplemento puro e eficaz da planta do c\u00e2nhamo.<\/p>\n<h2 data-start=\"1584\" data-end=\"1620\">Como utilizar o Hempcare CBD Pearlcaps<\/h2>\n<p data-start=\"1622\" data-end=\"1865\">A utiliza\u00e7\u00e3o do Hempcare CBD Pearlcaps \u00e9 simples e c\u00f3moda. A dose recomendada \u00e9 de uma c\u00e1psula por dia, tomada com \u00e1gua. Se desejar, a dose pode ser aumentada at\u00e9 um m\u00e1ximo de quatro c\u00e1psulas por dia, mas \u00e9 importante n\u00e3o exceder esta quantidade.<\/p>\n<p data-start=\"1867\" data-end=\"2282\">Ao contr\u00e1rio do \u00f3leo CBD, que pode ter um sabor forte, estas c\u00e1psulas n\u00e3o t\u00eam sabor e s\u00e3o f\u00e1ceis de engolir. A c\u00e1psula de gelatina mole dissolve-se no est\u00f4mago, permitindo uma absor\u00e7\u00e3o eficaz dos ingredientes activos. O uso consistente pode contribuir para o bem-estar geral, apoiando o relaxamento, reduzindo o stress e promovendo um estilo de vida equilibrado. Para obter os melhores resultados, tomar CBD diariamente para maximizar os seus potenciais benef\u00edcios ao longo do tempo.<\/p>\n<h2 data-start=\"2284\" data-end=\"2324\">Ingredientes de Hempcare CBD Pearlcaps<\/h2>\n<p data-start=\"2326\" data-end=\"2466\">Hempcare CBD Pearlcaps s\u00e3o fabricados a partir de ingredientes naturais cuidadosamente selecionados para garantir pureza e efic\u00e1cia. Os ingredientes principais incluem:<\/p>\n<ul data-start=\"2468\" data-end=\"2884\">\n<li data-start=\"2468\" data-end=\"2581\"><strong data-start=\"2470\" data-end=\"2487\">\u00d3leo de sementes de c\u00e2nhamo<\/strong> - Um \u00f3leo rico em nutrientes que fornece \u00e1cidos gordos essenciais e melhora a absor\u00e7\u00e3o do CBD.<\/li>\n<li data-start=\"2582\" data-end=\"2741\"><strong data-start=\"2584\" data-end=\"2610\">Extrato de c\u00e2nhamo (Raw CBD)<\/strong> - Cont\u00e9m canabin\u00f3ides de espetro completo, incluindo CBD, flavon\u00f3ides, terpenos e fen\u00f3is, que contribuem para os benef\u00edcios globais.<\/li>\n<li data-start=\"2742\" data-end=\"2884\"><strong data-start=\"2744\" data-end=\"2779\">C\u00e1psula Softgel (\u00e0 base de prote\u00ednas)<\/strong> - Fabricado a partir de 100% ingredientes naturais, garantindo uma digest\u00e3o f\u00e1cil e uma liberta\u00e7\u00e3o eficaz dos compostos activos.<\/li>\n<\/ul>\n<p data-start=\"2886\" data-end=\"3098\">Ao manter a ess\u00eancia crua e n\u00e3o filtrada do c\u00e2nhamo, o Hempcare garante que todos os componentes ben\u00e9ficos permanecem intactos, resultando num suplemento de alta qualidade que se enquadra perfeitamente num estilo de vida preocupado com a sa\u00fade.<\/p>\n<p data-start=\"3100\" data-end=\"3110\"><strong>Aviso<\/strong><\/p>\n<p data-start=\"3112\" data-end=\"3349\" data-is-last-node=\"\">N\u00e3o exceder a dose di\u00e1ria recomendada. Este produto n\u00e3o se destina a diagnosticar, tratar, curar ou prevenir qualquer doen\u00e7a. Consultar um profissional de sa\u00fade antes de utilizar, especialmente se estiver gr\u00e1vida, a amamentar ou a tomar medicamentos.<\/p>","protected":false},"excerpt":{"rendered":"<p>HempCare CBD Pearlcaps consiste em 90 c\u00e1psulas de todos os componentes naturais da planta do c\u00e2nhamo. Para al\u00e9m do Cannabidiol, cont\u00e9m outros canabin\u00f3ides e flavon\u00f3ides, terpenos e fen\u00f3is. O conjunto \u00e9 um produto natural completo com subst\u00e2ncias que o nosso organismo reconhece e absorve.<\/p>","protected":false},"featured_media":126588,"template":"","meta":[],"product_brand":[],"product_cat":[601,297,484,371,483],"product_tag":[],"class_list":{"0":"post-21423","1":"product","2":"type-product","3":"status-publish","4":"has-post-thumbnail","6":"product_cat-hempcare","7":"product_cat-all-products","8":"product_cat-cbd-capsules","9":"product_cat-cbd-top-10","10":"product_cat-cbdshop","12":"first","13":"instock","14":"taxable","15":"shipping-taxable","16":"purchasable","17":"product-type-simple"},"_links":{"self":[{"href":"https:\/\/www.tatanka.nl\/pt\/wp-json\/wp\/v2\/product\/21423","targetHints":{"allow":["GET"]}}],"collection":[{"href":"https:\/\/www.tatanka.nl\/pt\/wp-json\/wp\/v2\/product"}],"about":[{"href":"https:\/\/www.tatanka.nl\/pt\/wp-json\/wp\/v2\/types\/product"}],"wp:featuredmedia":[{"embeddable":true,"href":"https:\/\/www.tatanka.nl\/pt\/wp-json\/wp\/v2\/media\/126588"}],"wp:attachment":[{"href":"https:\/\/www.tatanka.nl\/pt\/wp-json\/wp\/v2\/media?parent=21423"}],"wp:term":[{"taxonomy":"product_brand","embeddable":true,"href":"https:\/\/www.tatanka.nl\/pt\/wp-json\/wp\/v2\/product_brand?post=21423"},{"taxonomy":"product_cat","embeddable":true,"href":"https:\/\/www.tatanka.nl\/pt\/wp-json\/wp\/v2\/product_cat?post=21423"},{"taxonomy":"product_tag","embeddable":true,"href":"https:\/\/www.tatanka.nl\/pt\/wp-json\/wp\/v2\/product_tag?post=21423"}],"curies":[{"name":"wp","href":"https:\/\/api.w.org\/{rel}","templated":true}]}}