{"id":21612,"date":"2016-01-22T19:15:57","date_gmt":"2016-01-22T17:15:57","guid":{"rendered":"https:\/\/www.tatanka.nl\/?post_type=product&#038;p=21612"},"modified":"2025-08-29T10:25:37","modified_gmt":"2025-08-29T09:25:37","slug":"cbd-crystals-99-hempcare","status":"publish","type":"product","link":"https:\/\/www.tatanka.nl\/pt\/cbd-crystals-99-hempcare\/","title":{"rendered":"CBD Crystals 99% - Hempcare"},"content":{"rendered":"<h2>CBD Crystals 99% - Hempcare<\/h2>\n<p>O Hemp Care CBD Crystals prov\u00e9m de c\u00e2nhamo cultivado nos Pa\u00edses Baixos e \u00e9 extra\u00eddo utilizando o processo de extra\u00e7\u00e3o SuperCritical CO2 para pureza e limpeza. Sem ingredientes OGM. N\u00c3O s\u00e3o utilizados pesticidas no cultivo.<\/p>\n<p>H\u00e1 muitas maneiras de usar o Hemp Care CBD Crystals. Pode ingerir pequenas quantidades de cristais diretamente debaixo da l\u00edngua. Mas tamb\u00e9m pode adicion\u00e1-los a outros produtos, como bebidas, alimentos, vape ou fum\u00e1-los!<\/p>\n<p>A textura fina dos cristais do Hemp Care CBD 99% torna-o extremamente f\u00e1cil de adicionar \u00e0s dietas de canabin\u00f3ides como ingrediente. Tamb\u00e9m podes adicionar os cristais a qualquer dabs ou a qualquer produto que j\u00e1 gostes de usar!<\/p>","protected":false},"excerpt":{"rendered":"<p>Hempcare Crystals \u00e9 um produto de CBD (canabidiol) puro 99%, os cristais cont\u00eam 99% CBD e 0% THC. \u00c9 feito de extra\u00e7\u00e3o de c\u00e2nhamo org\u00e2nico e cristalizado utilizando a t\u00e9cnica de separa\u00e7\u00e3o mais avan\u00e7ada para garantir a pureza do nosso CBD de 99%.<\/p>","protected":false},"featured_media":126586,"template":"","meta":[],"product_brand":[],"product_cat":[601,297,542,371,483],"product_tag":[],"class_list":{"0":"post-21612","1":"product","2":"type-product","3":"status-publish","4":"has-post-thumbnail","6":"product_cat-hempcare","7":"product_cat-all-products","8":"product_cat-cbd-crystals","9":"product_cat-cbd-top-10","10":"product_cat-cbdshop","12":"first","13":"instock","14":"taxable","15":"shipping-taxable","16":"purchasable","17":"product-type-simple"},"_links":{"self":[{"href":"https:\/\/www.tatanka.nl\/pt\/wp-json\/wp\/v2\/product\/21612","targetHints":{"allow":["GET"]}}],"collection":[{"href":"https:\/\/www.tatanka.nl\/pt\/wp-json\/wp\/v2\/product"}],"about":[{"href":"https:\/\/www.tatanka.nl\/pt\/wp-json\/wp\/v2\/types\/product"}],"wp:featuredmedia":[{"embeddable":true,"href":"https:\/\/www.tatanka.nl\/pt\/wp-json\/wp\/v2\/media\/126586"}],"wp:attachment":[{"href":"https:\/\/www.tatanka.nl\/pt\/wp-json\/wp\/v2\/media?parent=21612"}],"wp:term":[{"taxonomy":"product_brand","embeddable":true,"href":"https:\/\/www.tatanka.nl\/pt\/wp-json\/wp\/v2\/product_brand?post=21612"},{"taxonomy":"product_cat","embeddable":true,"href":"https:\/\/www.tatanka.nl\/pt\/wp-json\/wp\/v2\/product_cat?post=21612"},{"taxonomy":"product_tag","embeddable":true,"href":"https:\/\/www.tatanka.nl\/pt\/wp-json\/wp\/v2\/product_tag?post=21612"}],"curies":[{"name":"wp","href":"https:\/\/api.w.org\/{rel}","templated":true}]}}