{"id":2247,"date":"2017-10-06T13:24:50","date_gmt":"2017-10-06T13:24:50","guid":{"rendered":"http:\/\/www.tatanka.nl\/?post_type=product&#038;p=2247"},"modified":"2025-05-20T11:15:48","modified_gmt":"2025-05-20T10:15:48","slug":"kanna-extract-10x-1-gram-energy-powder-party","status":"publish","type":"product","link":"https:\/\/www.tatanka.nl\/pt\/kanna-extract-10x-1-gram-energy-powder-party\/","title":{"rendered":"Kanna Extrato 10x"},"content":{"rendered":"<h2 class=\"\" data-start=\"149\" data-end=\"166\">O que \u00e9 o Kanna?<\/h2>\n<p class=\"\" data-start=\"168\" data-end=\"552\">Kanna (<em data-start=\"175\" data-end=\"196\">Sceletium tortuosum<\/em>) \u00e9 uma planta sul-africana conhecida pelas suas propriedades naturais calmantes e estimulantes do humor. Tradicionalmente utilizado pelas tribos ind\u00edgenas, o Kanna era mastigado para aliviar o stress, melhorar o humor e a concentra\u00e7\u00e3o. Nos tempos modernos, o Kanna est\u00e1 dispon\u00edvel em v\u00e1rias formas, incluindo o <strong data-start=\"463\" data-end=\"478\">Extrato 10x<\/strong>uma vers\u00e3o potente que produz efeitos mais vis\u00edveis em doses mais pequenas.<\/p>\n<p class=\"\" data-start=\"554\" data-end=\"818\">Esta planta interage com o sistema de serotonina do c\u00e9rebro, promovendo o relaxamento, a clareza mental e uma ligeira sensa\u00e7\u00e3o de euforia - sem causar alucina\u00e7\u00f5es. Como resultado, a Kanna \u00e9 uma escolha popular para quem procura uma forma segura e natural de apoiar o bem-estar emocional.<\/p>\n<h2 class=\"\" data-start=\"825\" data-end=\"844\">Hist\u00f3ria do Kanna<\/h2>\n<p class=\"\" data-start=\"846\" data-end=\"1111\">A utiliza\u00e7\u00e3o do Kanna remonta a s\u00e9culos atr\u00e1s, ao povo ind\u00edgena Khoisan da \u00c1frica do Sul, que utilizava a planta tanto a n\u00edvel medicinal como social. Mastigavam ou fermentavam as folhas para desfrutar dos seus efeitos calmantes e edificantes, utilizando-as frequentemente em rituais comunit\u00e1rios e de cura.<\/p>\n<p class=\"\" data-start=\"1113\" data-end=\"1520\">No final do s\u00e9culo XIX, os exploradores e bot\u00e2nicos holandeses que estudavam a regi\u00e3o tomaram nota dos efeitos do Kanna e trouxeram-no para a Europa. Com o aumento do interesse, os cientistas isolaram os compostos activos da planta e desenvolveram formas concentradas como a <strong data-start=\"1351\" data-end=\"1366\">Extrato 10x<\/strong>tornando-o mais f\u00e1cil de aceder e utilizar a n\u00edvel mundial. Atualmente, o Kanna continua a ganhar popularidade como suplemento de ervas vers\u00e1til, enraizado numa hist\u00f3ria cultural rica.<\/p>\n<h2 class=\"\" data-start=\"1527\" data-end=\"1546\">Como utilizar o Kanna<\/h2>\n<p class=\"\" data-start=\"1548\" data-end=\"1743\">O <strong data-start=\"1552\" data-end=\"1567\">Extrato 10x<\/strong> O Kanna oferece uma experi\u00eancia potente, por isso \u00e9 importante us\u00e1-lo com cuidado. Existem v\u00e1rios m\u00e9todos de consumo, cada um oferecendo tempos de in\u00edcio e efeitos ligeiramente diferentes:<\/p>\n<ul data-start=\"1745\" data-end=\"2205\">\n<li class=\"\" data-start=\"1745\" data-end=\"1863\">\n<p class=\"\" data-start=\"1747\" data-end=\"1863\"><strong data-start=\"1747\" data-end=\"1758\">Mastiga\u00e7\u00e3o<\/strong>: A abordagem tradicional - mastigar as folhas secas ou o extrato em p\u00f3 para uma absor\u00e7\u00e3o lenta e um efeito est\u00e1vel.<\/p>\n<\/li>\n<li class=\"\" data-start=\"1864\" data-end=\"1997\">\n<p class=\"\" data-start=\"1866\" data-end=\"1997\"><strong data-start=\"1866\" data-end=\"1873\">Ch\u00e1<\/strong>: A prepara\u00e7\u00e3o do Kanna como ch\u00e1 proporciona resultados graduais e mais duradouros. Uma dosagem t\u00edpica de extrato 10x varia entre <strong data-start=\"1982\" data-end=\"1996\">200-300 mg<\/strong>.<\/p>\n<\/li>\n<li class=\"\" data-start=\"1998\" data-end=\"2096\">\n<p class=\"\" data-start=\"2000\" data-end=\"2096\"><strong data-start=\"2000\" data-end=\"2012\">Snuffing<\/strong>: A inala\u00e7\u00e3o de p\u00f3 finamente mo\u00eddo resulta num in\u00edcio mais r\u00e1pido e em efeitos mais imediatos.<\/p>\n<\/li>\n<li class=\"\" data-start=\"2097\" data-end=\"2205\">\n<p class=\"\" data-start=\"2099\" data-end=\"2205\"><strong data-start=\"2099\" data-end=\"2113\">Sublingual<\/strong>: A coloca\u00e7\u00e3o do extrato de Kanna debaixo da l\u00edngua permite uma absor\u00e7\u00e3o r\u00e1pida e uma administra\u00e7\u00e3o eficaz.<\/p>\n<\/li>\n<\/ul>\n<p class=\"\" data-start=\"2207\" data-end=\"2388\">Comece com um <strong data-start=\"2220\" data-end=\"2234\">dose pequena<\/strong> e ajustar gradualmente para encontrar a quantidade que melhor se adapta \u00e0s suas necessidades. Como o extrato \u00e9 altamente concentrado, pequenas quantidades podem produzir efeitos significativos.<\/p>\n<h2 class=\"\" data-start=\"2395\" data-end=\"2425\">Ingredientes activos do Kanna<\/h2>\n<p class=\"\" data-start=\"2427\" data-end=\"2560\">O Kanna deve os seus efeitos a um grupo de <strong data-start=\"2464\" data-end=\"2477\">alcal\u00f3ides<\/strong> que influenciam o sistema de serotonina do c\u00e9rebro. Os compostos mais proeminentes incluem:<\/p>\n<ul data-start=\"2562\" data-end=\"2763\">\n<li class=\"\" data-start=\"2562\" data-end=\"2629\">\n<p class=\"\" data-start=\"2564\" data-end=\"2629\"><strong data-start=\"2564\" data-end=\"2578\">Mesembrina<\/strong>: Um estimulante natural do humor com efeitos anti-ansiedade.<\/p>\n<\/li>\n<li class=\"\" data-start=\"2630\" data-end=\"2695\">\n<p class=\"\" data-start=\"2632\" data-end=\"2695\"><strong data-start=\"2632\" data-end=\"2648\">Mesembrenona<\/strong>: Contribui para o al\u00edvio do stress e para a clareza cognitiva.<\/p>\n<\/li>\n<li class=\"\" data-start=\"2696\" data-end=\"2763\">\n<p class=\"\" data-start=\"2698\" data-end=\"2763\"><strong data-start=\"2698\" data-end=\"2713\">Mesembrenol<\/strong>: Contribui para o relaxamento e o equil\u00edbrio emocional.<\/p>\n<\/li>\n<\/ul>\n<p class=\"\" data-start=\"2765\" data-end=\"3047\">Estes alcal\u00f3ides trabalham em conjunto para proporcionar uma experi\u00eancia calmante e concentrada. O <strong data-start=\"2844\" data-end=\"2859\">Extrato 10x<\/strong> cont\u00e9m uma dose concentrada destes compostos ben\u00e9ficos, oferecendo uma alternativa poderosa e natural para quem procura apoio emocional, redu\u00e7\u00e3o do stress e maior clareza mental.<\/p>\n<p data-start=\"3054\" data-end=\"3085\"><strong>Informa\u00e7\u00f5es de seguran\u00e7a importantes<\/strong><\/p>\n<p class=\"\" data-start=\"3087\" data-end=\"3223\">Embora o Kanna seja geralmente bem tolerado, deve ser utilizado com precau\u00e7\u00e3o - especialmente na sua <strong data-start=\"3177\" data-end=\"3192\">Extrato 10x<\/strong> forma. As principais precau\u00e7\u00f5es incluem:<\/p>\n<ul data-start=\"3225\" data-end=\"3564\">\n<li class=\"\" data-start=\"3225\" data-end=\"3355\">\n<p class=\"\" data-start=\"3227\" data-end=\"3355\"><strong data-start=\"3227\" data-end=\"3270\">Evitar a combina\u00e7\u00e3o de Kanna com SSRIs, IMAOs<\/strong>ou qualquer medicamento que afecte a serotonina, pois pode provocar intera\u00e7\u00f5es graves.<\/p>\n<\/li>\n<li class=\"\" data-start=\"3356\" data-end=\"3407\">\n<p class=\"\" data-start=\"3358\" data-end=\"3407\"><strong data-start=\"3358\" data-end=\"3407\">N\u00e3o utilizar durante a gravidez ou a amamenta\u00e7\u00e3o.<\/strong><\/p>\n<\/li>\n<li class=\"\" data-start=\"3408\" data-end=\"3564\">\n<p class=\"\" data-start=\"3410\" data-end=\"3564\">Sempre <strong data-start=\"3417\" data-end=\"3450\">consultar um profissional de sa\u00fade<\/strong> antes de iniciar qualquer novo suplemento, especialmente se tiver problemas de sa\u00fade subjacentes ou se estiver a tomar medicamentos.<\/p>\n<\/li>\n<\/ul>\n<p class=\"\" data-start=\"3566\" data-end=\"3675\">Come\u00e7ando com uma dose baixa e utilizando o Kanna de forma respons\u00e1vel, os utilizadores podem usufruir dos seus benef\u00edcios de forma segura e eficaz.<\/p>","protected":false},"excerpt":{"rendered":"<p><span style=\"font-size: 100%;\"><span style=\"color: #000000; font-size: 100%;\">Kanna O Extrato 10x , da planta seca Sceletium tortuosum, \u00e9 um rem\u00e9dio tradicional sul-africano \u00e0 base de plantas utilizado para ajudar a elevar o humor e reduzir a sensa\u00e7\u00e3o de stress e ansiedade. <\/span><\/span><\/p>\n<p><span style=\"font-size: 100%;\"><span style=\"color: #000000; font-size: 100%;\">Ficar\u00e1 mais en\u00e9rgico, euf\u00f3rico, soci\u00e1vel e sens\u00edvel ao toque. Cont\u00e9m <\/span><span style=\"color: #000000;\">1 grama.<\/span><br \/>\n<\/span><\/p>","protected":false},"featured_media":126909,"template":"","meta":[],"product_brand":[],"product_cat":[600,297,512,508,476],"product_tag":[],"class_list":{"0":"post-2247","1":"product","2":"type-product","3":"status-publish","4":"has-post-thumbnail","6":"product_cat-mcmystic","7":"product_cat-all-products","8":"product_cat-extracts","9":"product_cat-kanna","10":"product_cat-smartshop","12":"first","13":"instock","14":"taxable","15":"shipping-taxable","16":"purchasable","17":"product-type-simple"},"_links":{"self":[{"href":"https:\/\/www.tatanka.nl\/pt\/wp-json\/wp\/v2\/product\/2247","targetHints":{"allow":["GET"]}}],"collection":[{"href":"https:\/\/www.tatanka.nl\/pt\/wp-json\/wp\/v2\/product"}],"about":[{"href":"https:\/\/www.tatanka.nl\/pt\/wp-json\/wp\/v2\/types\/product"}],"wp:featuredmedia":[{"embeddable":true,"href":"https:\/\/www.tatanka.nl\/pt\/wp-json\/wp\/v2\/media\/126909"}],"wp:attachment":[{"href":"https:\/\/www.tatanka.nl\/pt\/wp-json\/wp\/v2\/media?parent=2247"}],"wp:term":[{"taxonomy":"product_brand","embeddable":true,"href":"https:\/\/www.tatanka.nl\/pt\/wp-json\/wp\/v2\/product_brand?post=2247"},{"taxonomy":"product_cat","embeddable":true,"href":"https:\/\/www.tatanka.nl\/pt\/wp-json\/wp\/v2\/product_cat?post=2247"},{"taxonomy":"product_tag","embeddable":true,"href":"https:\/\/www.tatanka.nl\/pt\/wp-json\/wp\/v2\/product_tag?post=2247"}],"curies":[{"name":"wp","href":"https:\/\/api.w.org\/{rel}","templated":true}]}}