{"id":2248,"date":"2017-10-06T13:34:21","date_gmt":"2017-10-06T13:34:21","guid":{"rendered":"http:\/\/www.tatanka.nl\/?post_type=product&#038;p=2248"},"modified":"2025-05-20T11:15:38","modified_gmt":"2025-05-20T10:15:38","slug":"kanna-extract-20x-powder-energy-party","status":"publish","type":"product","link":"https:\/\/www.tatanka.nl\/pt\/kanna-extract-20x-powder-energy-party\/","title":{"rendered":"Kanna Extrato 20x"},"content":{"rendered":"<h2 class=\"\" data-start=\"109\" data-end=\"126\">O que \u00e9 o Kanna?<\/h2>\n<p class=\"\" data-start=\"128\" data-end=\"594\">Kanna (<em data-start=\"135\" data-end=\"156\">Sceletium tortuosum<\/em>) \u00e9 um extrato de planta natural conhecido pelas suas propriedades estimulantes, calmantes e de melhoria do humor. Nativo da \u00c1frica do Sul, o Kanna \u00e9 utilizado h\u00e1 s\u00e9culos pelos povos ind\u00edgenas que mastigavam as folhas para melhorar a clareza mental, reduzir o stress e melhorar o humor. Atualmente, est\u00e1 dispon\u00edvel em v\u00e1rias formas modernas, incluindo extractos concentrados como o <strong data-start=\"503\" data-end=\"518\">Vers\u00e3o 20x<\/strong>, que \u00e9 cerca de 20 vezes mais forte do que a planta seca tradicional.<\/p>\n<p class=\"\" data-start=\"596\" data-end=\"898\">O Kanna \u00e9 valorizado pela sua capacidade de promover uma sensa\u00e7\u00e3o de bem-estar, reduzir a ansiedade, apoiar os n\u00edveis de energia e at\u00e9 aumentar a libido. A sua popularidade crescente resulta da sua efic\u00e1cia como ajuda natural para o equil\u00edbrio emocional e f\u00edsico - oferecendo uma melhoria n\u00e3o alucinog\u00e9nica, mas percet\u00edvel, do humor e da concentra\u00e7\u00e3o.<\/p>\n<h2 class=\"\" data-start=\"905\" data-end=\"928\">A hist\u00f3ria do Kanna<\/h2>\n<p class=\"\" data-start=\"930\" data-end=\"1185\">A utiliza\u00e7\u00e3o tradicional da Kanna remonta a s\u00e9culos na \u00c1frica do Sul, onde era um rem\u00e9dio de confian\u00e7a entre as tribos ind\u00edgenas. No final do s\u00e9culo XIX, bot\u00e2nicos holandeses documentaram a planta e trouxeram-na para a Europa, onde os seus efeitos ganharam interesse cient\u00edfico.<\/p>\n<p class=\"\" data-start=\"1187\" data-end=\"1521\">Com o desenvolvimento da investiga\u00e7\u00e3o, o Kanna foi refinado em formas mais concentradas, como o moderno <strong data-start=\"1274\" data-end=\"1289\">Extrato 20x<\/strong>que proporciona os benef\u00edcios da planta de forma mais r\u00e1pida e intensa. Embora as ra\u00edzes do Kanna sejam profundamente culturais, o aumento da sua popularidade a n\u00edvel mundial introduziu este rem\u00e9dio antigo a um p\u00fablico mais vasto que procura alternativas naturais de bem-estar.<\/p>\n<h2 class=\"\" data-start=\"1528\" data-end=\"1547\">Como utilizar o Kanna<\/h2>\n<p class=\"\" data-start=\"1549\" data-end=\"1730\">A versatilidade do Kanna torna-o acess\u00edvel a uma vasta gama de utilizadores, e o <strong data-start=\"1623\" data-end=\"1638\">Extrato 20x<\/strong> proporciona uma experi\u00eancia mais potente em doses mais pequenas. Os m\u00e9todos populares de consumo incluem:<\/p>\n<ul data-start=\"1732\" data-end=\"2126\">\n<li class=\"\" data-start=\"1732\" data-end=\"1872\">\n<p class=\"\" data-start=\"1734\" data-end=\"1872\"><strong data-start=\"1734\" data-end=\"1741\">Ch\u00e1<\/strong>: A prepara\u00e7\u00e3o do extrato em ch\u00e1 \u00e9 um m\u00e9todo comum. Uma dose inicial de cerca de <strong data-start=\"1818\" data-end=\"1828\">150 mg<\/strong> normalmente proporciona uma calma suave e energizante.<\/p>\n<\/li>\n<li class=\"\" data-start=\"1873\" data-end=\"1995\">\n<p class=\"\" data-start=\"1875\" data-end=\"1995\"><strong data-start=\"1875\" data-end=\"1886\">Mastiga\u00e7\u00e3o<\/strong>: Este m\u00e9todo tradicional oferece um in\u00edcio gradual e \u00e9 adequado para quem procura uma experi\u00eancia mais aut\u00eantica.<\/p>\n<\/li>\n<li class=\"\" data-start=\"1996\" data-end=\"2126\">\n<p class=\"\" data-start=\"1998\" data-end=\"2126\"><strong data-start=\"1998\" data-end=\"2021\">Capsules ou P\u00f3s<\/strong>: Para maior comodidade, o Kanna pode tamb\u00e9m ser tomado sob a forma de c\u00e1psulas ou misturado em batidos ou outras subst\u00e2ncias.<\/p>\n<\/li>\n<\/ul>\n<p class=\"\" data-start=\"2128\" data-end=\"2398\">Como o extrato 20x \u00e9 altamente concentrado, os principiantes devem <strong data-start=\"2193\" data-end=\"2218\">come\u00e7ar com uma dose baixa<\/strong> e aumentar lentamente conforme necess\u00e1rio. O Kanna n\u00e3o causa alucina\u00e7\u00f5es, o que o torna adequado para utilizadores que procuram uma mudan\u00e7a suave de humor, concentra\u00e7\u00e3o e relaxamento sem efeitos psicad\u00e9licos.<\/p>\n<h2 class=\"\" data-start=\"2405\" data-end=\"2435\">Ingredientes activos do Kanna<\/h2>\n<p class=\"\" data-start=\"2437\" data-end=\"2522\">Os efeitos do Kanna devem-se em grande parte \u00e0 sua mistura \u00fanica de <strong data-start=\"2497\" data-end=\"2510\">alcal\u00f3ides<\/strong>, incluindo:<\/p>\n<ul data-start=\"2524\" data-end=\"2746\">\n<li class=\"\" data-start=\"2524\" data-end=\"2606\">\n<p class=\"\" data-start=\"2526\" data-end=\"2606\"><strong data-start=\"2526\" data-end=\"2540\">Mesembrina<\/strong>: Actua como um SSRI natural, ajudando a melhorar o humor e a reduzir a ansiedade.<\/p>\n<\/li>\n<li class=\"\" data-start=\"2607\" data-end=\"2668\">\n<p class=\"\" data-start=\"2609\" data-end=\"2668\"><strong data-start=\"2609\" data-end=\"2625\">Mesembrenona<\/strong>: Contribui para a calma e a concentra\u00e7\u00e3o mental.<\/p>\n<\/li>\n<li class=\"\" data-start=\"2669\" data-end=\"2746\">\n<p class=\"\" data-start=\"2671\" data-end=\"2746\"><strong data-start=\"2671\" data-end=\"2687\">Tortuosamina<\/strong>: Acredita-se que apoia o bem-estar emocional e a libido.<\/p>\n<\/li>\n<\/ul>\n<p class=\"\" data-start=\"2748\" data-end=\"3044\">Estes compostos interagem com o sistema nervoso do c\u00e9rebro <strong data-start=\"2790\" data-end=\"2824\">sistemas da serotonina e da dopamina<\/strong>A sua a\u00e7\u00e3o \u00e9 muito importante, pois melhora o humor, aumenta a energia e promove a paz interior. O <strong data-start=\"2892\" data-end=\"2907\">Extrato 20x<\/strong> amplifica estes benef\u00edcios ao concentrar estes alcal\u00f3ides activos, proporcionando efeitos mais r\u00e1pidos e mais potentes do que o Kanna seco normal.<\/p>\n<p data-start=\"3051\" data-end=\"3076\"><strong>Seguran\u00e7a e precau\u00e7\u00f5es<\/strong><\/p>\n<p class=\"\" data-start=\"3078\" data-end=\"3261\">Devido \u00e0 sua pot\u00eancia, especialmente na forma de extrato, \u00e9 importante abordar o Kanna com cuidado. Comece com um <strong data-start=\"3184\" data-end=\"3198\">dose pequena<\/strong> para avaliar a rea\u00e7\u00e3o do seu corpo e ajustar gradualmente conforme necess\u00e1rio.<\/p>\n<p class=\"\" data-start=\"3263\" data-end=\"3561\">O Kanna \u00e9 geralmente bem tolerado, mas a sua efic\u00e1cia pode variar consoante o indiv\u00edduo. Monitorize sempre como se sente e evite combinar o Kanna com medicamentos que afectam os n\u00edveis de serotonina, como os antidepressivos. Se estiver gr\u00e1vida, a amamentar ou a tomar medicamentos, consulte um profissional de sa\u00fade antes de o tomar.<\/p>","protected":false},"excerpt":{"rendered":"<p><span style=\"font-size: 100%; color: #333333;\"><span style=\"color: #000000;\">O p\u00f3 do extrato 20x do Kanna \u00e9 feito a partir da planta Sceletium tortuosum, a planta sul-africana. O Kanna 20x \u00e9 duas vezes mais forte do que o Kanna 10x. <\/span><\/span><\/p>\n<p><span style=\"font-size: 100%; color: #333333;\"><span style=\"color: #000000;\">Kanna d\u00e1-te sensa\u00e7\u00f5es excitantes, energ\u00e9ticas, felizes e relaxantes ao mesmo tempo, reduz os medos e melhora o humor. Cont\u00e9m 1 grama.<\/span><br \/>\n<\/span><\/p>","protected":false},"featured_media":126908,"template":"","meta":[],"product_brand":[],"product_cat":[600,297,512,508,476],"product_tag":[],"class_list":{"0":"post-2248","1":"product","2":"type-product","3":"status-publish","4":"has-post-thumbnail","6":"product_cat-mcmystic","7":"product_cat-all-products","8":"product_cat-extracts","9":"product_cat-kanna","10":"product_cat-smartshop","12":"first","13":"instock","14":"taxable","15":"shipping-taxable","16":"purchasable","17":"product-type-simple"},"_links":{"self":[{"href":"https:\/\/www.tatanka.nl\/pt\/wp-json\/wp\/v2\/product\/2248","targetHints":{"allow":["GET"]}}],"collection":[{"href":"https:\/\/www.tatanka.nl\/pt\/wp-json\/wp\/v2\/product"}],"about":[{"href":"https:\/\/www.tatanka.nl\/pt\/wp-json\/wp\/v2\/types\/product"}],"wp:featuredmedia":[{"embeddable":true,"href":"https:\/\/www.tatanka.nl\/pt\/wp-json\/wp\/v2\/media\/126908"}],"wp:attachment":[{"href":"https:\/\/www.tatanka.nl\/pt\/wp-json\/wp\/v2\/media?parent=2248"}],"wp:term":[{"taxonomy":"product_brand","embeddable":true,"href":"https:\/\/www.tatanka.nl\/pt\/wp-json\/wp\/v2\/product_brand?post=2248"},{"taxonomy":"product_cat","embeddable":true,"href":"https:\/\/www.tatanka.nl\/pt\/wp-json\/wp\/v2\/product_cat?post=2248"},{"taxonomy":"product_tag","embeddable":true,"href":"https:\/\/www.tatanka.nl\/pt\/wp-json\/wp\/v2\/product_tag?post=2248"}],"curies":[{"name":"wp","href":"https:\/\/api.w.org\/{rel}","templated":true}]}}