{"id":2249,"date":"2017-10-06T13:46:57","date_gmt":"2017-10-06T11:46:57","guid":{"rendered":"http:\/\/www.tatanka.nl\/?post_type=product&#038;p=2249"},"modified":"2026-01-20T12:48:32","modified_gmt":"2026-01-20T11:48:32","slug":"kanna-extract-40x-energy-party-euphoria-powder","status":"publish","type":"product","link":"https:\/\/www.tatanka.nl\/pt\/kanna-extract-40x-energy-party-euphoria-powder\/","title":{"rendered":"Kanna Extrato 40x"},"content":{"rendered":"<h2 class=\"\" data-start=\"113\" data-end=\"130\">O que \u00e9 o Kanna?<\/h2>\n<p class=\"\" data-start=\"132\" data-end=\"558\">Kanna, ou <em data-start=\"142\" data-end=\"163\">Sceletium tortuosum<\/em>\u00e9 um poderoso extrato de ervas conhecido pela sua mistura \u00fanica de efeitos energizantes e calmantes. Nativa da \u00c1frica do Sul, esta planta tem sido tradicionalmente utilizada durante s\u00e9culos pelos povos ind\u00edgenas, que mastigavam as suas folhas para elevar o humor e reduzir o stress. Nos tempos modernos, o Kanna est\u00e1 dispon\u00edvel numa variedade de formas, incluindo um extrato 40x altamente potente - quarenta vezes mais forte do que as prepara\u00e7\u00f5es normais.<\/p>\n<p class=\"\" data-start=\"560\" data-end=\"968\">Esta vers\u00e3o concentrada fornece uma dose mais forte dos compostos activos do Kanna, oferecendo uma vasta gama de benef\u00edcios, tais como maior bem-estar, melhores n\u00edveis de energia, redu\u00e7\u00e3o da ansiedade e at\u00e9 aumento da libido. Quer seja preparado em ch\u00e1 ou mastigado na sua forma natural, o Kanna permite que os utilizadores personalizem a sua experi\u00eancia sem o risco de alucina\u00e7\u00f5es, tornando-o uma op\u00e7\u00e3o segura e adapt\u00e1vel para melhorar o humor.<\/p>\n<h2 class=\"\" data-start=\"975\" data-end=\"998\">A hist\u00f3ria do Kanna<\/h2>\n<p class=\"\" data-start=\"1000\" data-end=\"1396\">O Kanna tem ra\u00edzes hist\u00f3ricas profundas que remontam \u00e0s tribos ind\u00edgenas da \u00c1frica do Sul. Muito antes de ser introduzido no mundo ocidental, as comunidades locais j\u00e1 utilizavam o Kanna mastigando as suas folhas para gerir o stress e melhorar a intera\u00e7\u00e3o social. No s\u00e9culo XIX, os bot\u00e2nicos holandeses encontraram a planta e trouxeram-na para a Europa, onde come\u00e7ou a ser reconhecida pelas suas propriedades de melhoria do humor.<\/p>\n<p class=\"\" data-start=\"1398\" data-end=\"1770\">\u00c0 medida que o conhecimento da planta crescia, esta acabou por ser transformada em extractos mais refinados, aumentando significativamente a sua pot\u00eancia. Este avan\u00e7o ajudou o Kanna a ganhar for\u00e7a no mercado global de suplementos de ervas. Atualmente, o seu legado vive tanto nas pr\u00e1ticas tradicionais como nas rotinas modernas de bem-estar, celebrado pela sua capacidade de promover a clareza mental e o equil\u00edbrio emocional.<\/p>\n<h2 class=\"\" data-start=\"1777\" data-end=\"1796\">Como utilizar o Kanna<\/h2>\n<p class=\"\" data-start=\"1798\" data-end=\"1897\">O Kanna pode ser consumido de v\u00e1rias formas, cada uma oferecendo um efeito distinto com base na dosagem e no m\u00e9todo:<\/p>\n<ul data-start=\"1899\" data-end=\"2372\">\n<li class=\"\" data-start=\"1899\" data-end=\"2094\">\n<p class=\"\" data-start=\"1901\" data-end=\"2094\"><strong data-start=\"1901\" data-end=\"1908\">Ch\u00e1<\/strong>: Preparar o Kanna como ch\u00e1 \u00e9 um dos m\u00e9todos mais populares, especialmente quando se usa o extrato 40x. Uma dose inicial t\u00edpica \u00e9 de cerca de 100 mg, o que proporciona uma experi\u00eancia suave e relaxante.<\/p>\n<\/li>\n<li class=\"\" data-start=\"2095\" data-end=\"2262\">\n<p class=\"\" data-start=\"2097\" data-end=\"2262\"><strong data-start=\"2097\" data-end=\"2108\">Mastiga\u00e7\u00e3o<\/strong>: Mastigar o extrato reproduz o uso tradicional e produz frequentemente efeitos mais r\u00e1pidos e mais percept\u00edveis. Come\u00e7ar com uma pequena quantidade para avaliar a toler\u00e2ncia.<\/p>\n<\/li>\n<li class=\"\" data-start=\"2263\" data-end=\"2372\">\n<p class=\"\" data-start=\"2265\" data-end=\"2372\"><strong data-start=\"2265\" data-end=\"2290\">Capsules ou Tinctures<\/strong>: Para maior comodidade, o Kanna pode tamb\u00e9m ser tomado sob a forma de c\u00e1psulas ou de extrato l\u00edquido.<\/p>\n<\/li>\n<\/ul>\n<p class=\"\" data-start=\"2374\" data-end=\"2596\">Como o Kanna n\u00e3o \u00e9 alucinog\u00e9nico, \u00e9 considerado seguro para os interessados em estimulantes naturais do humor. No entanto, \u00e9 crucial come\u00e7ar com doses baixas e ajustar gradualmente para encontrar o n\u00edvel mais confort\u00e1vel e eficaz.<\/p>\n<h2 class=\"\" data-start=\"2603\" data-end=\"2633\">Ingredientes activos do Kanna<\/h2>\n<p class=\"\" data-start=\"2635\" data-end=\"2770\">A pot\u00eancia do Kanna prov\u00e9m de um grupo de alcal\u00f3ides que influenciam o sistema de serotonina do c\u00e9rebro. Os compostos mais importantes incluem:<\/p>\n<ul data-start=\"2772\" data-end=\"3036\">\n<li class=\"\" data-start=\"2772\" data-end=\"2903\">\n<p class=\"\" data-start=\"2774\" data-end=\"2903\"><strong data-start=\"2774\" data-end=\"2788\">Mesembrina<\/strong>: Funciona como um SSRI (Inibidor Seletivo da Recapta\u00e7\u00e3o da Serotonina) natural, ajudando a melhorar o humor e a reduzir a ansiedade.<\/p>\n<\/li>\n<li class=\"\" data-start=\"2904\" data-end=\"2965\">\n<p class=\"\" data-start=\"2906\" data-end=\"2965\"><strong data-start=\"2906\" data-end=\"2922\">Mesembrenona<\/strong>: Contribui para a concentra\u00e7\u00e3o mental e a calma.<\/p>\n<\/li>\n<li class=\"\" data-start=\"2966\" data-end=\"3036\">\n<p class=\"\" data-start=\"2968\" data-end=\"3036\"><strong data-start=\"2968\" data-end=\"2983\">Mesembrenol<\/strong>: Contribui para os efeitos relaxantes e equilibrantes da planta.<\/p>\n<\/li>\n<\/ul>\n<p class=\"\" data-start=\"3038\" data-end=\"3333\">Estes compostos est\u00e3o especialmente concentrados no extrato 40x, tornando-o uma op\u00e7\u00e3o altamente eficaz para os utilizadores que procuram resultados terap\u00eauticos mais fortes. Esta pot\u00eancia permite doses mais pequenas e uma maior flexibilidade na utiliza\u00e7\u00e3o do suplemento, quer seja para o bem-estar di\u00e1rio ou para o al\u00edvio ocasional do stress.<\/p>\n<p data-start=\"3340\" data-end=\"3365\"><strong>Seguran\u00e7a e precau\u00e7\u00f5es<\/strong><\/p>\n<p class=\"\" data-start=\"3367\" data-end=\"3565\">Embora o Kanna seja geralmente bem tolerado, \u00e9 essencial ter cuidado - especialmente quando se utiliza o extrato concentrado 40x. Come\u00e7ar com uma dose baixa e aumentar lentamente apenas se necess\u00e1rio para evitar efeitos secund\u00e1rios.<\/p>\n<p class=\"\" data-start=\"3567\" data-end=\"3831\">Evitar combinar o Kanna com outras subst\u00e2ncias que influenciam a serotonina, como os antidepressivos, pois pode causar intera\u00e7\u00f5es adversas. Al\u00e9m disso, as pessoas que estejam gr\u00e1vidas, a amamentar ou a tomar medicamentos devem consultar um profissional de sa\u00fade antes da utiliza\u00e7\u00e3o.<\/p>\n<p class=\"\" data-start=\"3838\" data-end=\"3915\">","protected":false},"excerpt":{"rendered":"<p><span style=\"font-size: 100%; color: #333333;\"><span style=\"color: #000000;\">Kanna Extract 40x \u00e9 o extrato mais forte da cole\u00e7\u00e3o Kanna! Produzido a partir da planta sul-africana Sceletium tortuosum. Este extrato Kanna eleva o humor, reduz o stress e a ansiedade. <\/span><\/span><\/p>\n<p><span style=\"font-size: 100%; color: #333333;\"><span style=\"color: #000000;\">Experimenta uma maior energia, sensibilidade ao toque e um aumento da libido! Cont\u00e9m 1 grama.<\/span><br \/>\n<\/span><\/p>","protected":false},"featured_media":126905,"template":"","meta":[],"product_brand":[],"product_cat":[600,297,512,508,476,514],"product_tag":[],"class_list":{"0":"post-2249","1":"product","2":"type-product","3":"status-publish","4":"has-post-thumbnail","6":"product_cat-mcmystic","7":"product_cat-all-products","8":"product_cat-extracts","9":"product_cat-kanna","10":"product_cat-smartshop","11":"product_cat-smartshop-top-10","13":"first","14":"instock","15":"taxable","16":"shipping-taxable","17":"purchasable","18":"product-type-simple"},"_links":{"self":[{"href":"https:\/\/www.tatanka.nl\/pt\/wp-json\/wp\/v2\/product\/2249","targetHints":{"allow":["GET"]}}],"collection":[{"href":"https:\/\/www.tatanka.nl\/pt\/wp-json\/wp\/v2\/product"}],"about":[{"href":"https:\/\/www.tatanka.nl\/pt\/wp-json\/wp\/v2\/types\/product"}],"wp:featuredmedia":[{"embeddable":true,"href":"https:\/\/www.tatanka.nl\/pt\/wp-json\/wp\/v2\/media\/126905"}],"wp:attachment":[{"href":"https:\/\/www.tatanka.nl\/pt\/wp-json\/wp\/v2\/media?parent=2249"}],"wp:term":[{"taxonomy":"product_brand","embeddable":true,"href":"https:\/\/www.tatanka.nl\/pt\/wp-json\/wp\/v2\/product_brand?post=2249"},{"taxonomy":"product_cat","embeddable":true,"href":"https:\/\/www.tatanka.nl\/pt\/wp-json\/wp\/v2\/product_cat?post=2249"},{"taxonomy":"product_tag","embeddable":true,"href":"https:\/\/www.tatanka.nl\/pt\/wp-json\/wp\/v2\/product_tag?post=2249"}],"curies":[{"name":"wp","href":"https:\/\/api.w.org\/{rel}","templated":true}]}}