{"id":2276,"date":"2017-10-06T16:19:10","date_gmt":"2017-10-06T16:19:10","guid":{"rendered":"http:\/\/www.tatanka.nl\/?post_type=product&#038;p=2276"},"modified":"2025-05-20T11:13:39","modified_gmt":"2025-05-20T10:13:39","slug":"after-recovery-party-pills-capsules","status":"publish","type":"product","link":"https:\/\/www.tatanka.nl\/pt\/after-recovery-party-pills-capsules\/","title":{"rendered":"After-E - Recovery"},"content":{"rendered":"<h2><span style=\"font-size: 95%; color: #000000;\">After-E - Recovery de XTC e MDMA<\/span><\/h2>\n<h2 data-start=\"0\" data-end=\"21\">O que \u00e9 o After E?<\/h2>\n<p data-start=\"22\" data-end=\"503\">After E \u00e9 um suplemento alimentar especialmente formulado para apoiar a recupera\u00e7\u00e3o do seu corpo ap\u00f3s uma noite intensa. Esta mistura \u00fanica inclui um <strong data-start=\"173\" data-end=\"239\">multivitam\u00ednico, uma c\u00e1psula de guaran\u00e1 e duas c\u00e1psulas de L-Tryptophan<\/strong>, trabalhando em conjunto para <strong data-start=\"261\" data-end=\"352\">restaurar os nutrientes essenciais, eliminar as toxinas e reequilibrar os n\u00edveis de vitaminas e minerais<\/strong>. Ao tomar After E no dia seguinte, juntamente com uma hidrata\u00e7\u00e3o adequada, pode melhorar o processo natural de recupera\u00e7\u00e3o do seu corpo e sentir-se rejuvenescido mais rapidamente.<\/p>\n<h2 data-start=\"505\" data-end=\"528\">Hist\u00f3ria de After E<\/h2>\n<p data-start=\"529\" data-end=\"774\">After E foi desenvolvido em resposta \u00e0 procura crescente de uma solu\u00e7\u00e3o de recupera\u00e7\u00e3o fi\u00e1vel ap\u00f3s um esfor\u00e7o excessivo. Ao longo dos anos, a ind\u00fastria da sa\u00fade e do bem-estar tem-se concentrado na cria\u00e7\u00e3o de suplementos que restabele\u00e7am o equil\u00edbrio natural do organismo.<\/p>\n<p data-start=\"776\" data-end=\"1062\">A investiga\u00e7\u00e3o cient\u00edfica salientou os benef\u00edcios de <strong data-start=\"828\" data-end=\"856\">guaran\u00e1 e L-Triptofano<\/strong> para restaurar a energia e apoiar o humor. Ao combinar estes ingredientes com vitaminas essenciais, After E fornece um <strong data-start=\"974\" data-end=\"1006\">solu\u00e7\u00e3o de recupera\u00e7\u00e3o tudo-em-um<\/strong> que se alinha com os estilos de vida modernos e preocupados com a sa\u00fade.<\/p>\n<h2 data-start=\"1064\" data-end=\"1087\">Como utilizar o After E<\/h2>\n<p data-start=\"1088\" data-end=\"1149\">Para obter resultados \u00f3ptimos, siga estes passos quando utilizar After E:<\/p>\n<ol data-start=\"1151\" data-end=\"1617\">\n<li data-start=\"1151\" data-end=\"1268\"><strong data-start=\"1154\" data-end=\"1196\">Tomar After E no dia seguinte a uma sa\u00edda nocturna<\/strong> com <strong data-start=\"1202\" data-end=\"1229\">1 a 4 copos de \u00e1gua<\/strong> para favorecer a hidrata\u00e7\u00e3o e a desintoxica\u00e7\u00e3o.<\/li>\n<li data-start=\"1269\" data-end=\"1505\"><strong data-start=\"1272\" data-end=\"1300\">Consumir a dose completa<\/strong>, que inclui:\n<ul data-start=\"1323\" data-end=\"1505\">\n<li data-start=\"1323\" data-end=\"1369\"><strong data-start=\"1325\" data-end=\"1343\">1 multivitam\u00ednico<\/strong> para nutrientes essenciais<\/li>\n<li data-start=\"1373\" data-end=\"1423\"><strong data-start=\"1375\" data-end=\"1396\">1 c\u00e1psula de guaran\u00e1<\/strong> para energia e aten\u00e7\u00e3o<\/li>\n<li data-start=\"1427\" data-end=\"1505\"><strong data-start=\"1429\" data-end=\"1456\">2 c\u00e1psulas de L-Triptofano<\/strong> para apoiar a produ\u00e7\u00e3o de serotonina e o relaxamento<\/li>\n<\/ul>\n<\/li>\n<li data-start=\"1506\" data-end=\"1617\"><strong data-start=\"1509\" data-end=\"1526\">Manter-se hidratado<\/strong> para refor\u00e7ar os efeitos do suplemento e apoiar os processos metab\u00f3licos naturais do organismo.<\/li>\n<\/ol>\n<p data-start=\"1619\" data-end=\"1761\">Enquanto o After E rep\u00f5e eficazmente os nutrientes, mantendo uma <strong data-start=\"1682\" data-end=\"1723\">dieta equilibrada e descanso suficiente<\/strong> melhorar\u00e1 ainda mais a sua recupera\u00e7\u00e3o.<\/p>\n<h2 data-start=\"1763\" data-end=\"1790\">Ingredientes de After E<\/h2>\n<p data-start=\"1791\" data-end=\"1880\">Depois de E conter um <strong data-start=\"1810\" data-end=\"1851\">poderosa mistura de nutrientes essenciais<\/strong> para ajudar o seu corpo a recuperar:<\/p>\n<ul data-start=\"1882\" data-end=\"2274\">\n<li data-start=\"1882\" data-end=\"2027\"><strong data-start=\"1884\" data-end=\"1900\">Multivitam\u00ednico<\/strong> - Rep\u00f5e as vitaminas e os minerais vitais perdidos durante a atividade intensa, restaurando o equil\u00edbrio e apoiando o bem-estar geral.<\/li>\n<li data-start=\"2028\" data-end=\"2137\"><strong data-start=\"2030\" data-end=\"2041\">Guaran\u00e1<\/strong> - Uma fonte natural de cafe\u00edna que promove <strong data-start=\"2084\" data-end=\"2114\">alerta, reduz a fadiga<\/strong>e melhora a concentra\u00e7\u00e3o.<\/li>\n<li data-start=\"2138\" data-end=\"2274\"><strong data-start=\"2140\" data-end=\"2156\">L-Triptofano<\/strong> - Um amino\u00e1cido essencial que suporta <strong data-start=\"2197\" data-end=\"2221\">produ\u00e7\u00e3o de serotonina<\/strong>, melhorando o humor, o relaxamento e a recupera\u00e7\u00e3o geral.<\/li>\n<\/ul>\n<p data-start=\"2276\" data-end=\"2473\">Estes ingredientes trabalham em conjunto para proporcionar uma <strong data-start=\"2321\" data-end=\"2356\">solu\u00e7\u00e3o de recupera\u00e7\u00e3o abrangente<\/strong>O After E \u00e9 um suplemento essencial para quem procura <strong data-start=\"2418\" data-end=\"2470\">recuperar rapidamente e apoiar o seu bem-estar<\/strong>.<\/p>\n<p data-start=\"2475\" data-end=\"2487\"><strong>Aviso<\/strong><\/p>\n<p data-start=\"2488\" data-end=\"2818\" data-is-last-node=\"\">Trata-se de um suplemento alimentar e deve ser utilizado como tal. N\u00e3o utilizar After E como substituto de um regime alimentar variado. A dose recomendada \u00e9 a totalidade do conte\u00fado da embalagem. N\u00e3o exceder a dose di\u00e1ria recomendada. Se tiver algum problema de sa\u00fade subjacente ou se estiver a tomar medicamentos, consulte um profissional de sa\u00fade antes de usar.<\/p>","protected":false},"excerpt":{"rendered":"<p><span style=\"font-size: 100%; color: #000000;\">Sentes-te cansado e em baixo depois de uma festa, depois de teres bebido demasiado ou de teres tomado demasiadas drogas como MDMA ou XTC? O After-E est\u00e1 cheio de vitaminas e amino\u00e1cidos que ir\u00e3o recuperar o teu humor e o teu corpo de volta ao normal.<br \/>\n<\/span><\/p>","protected":false},"featured_media":14679,"template":"","meta":[],"product_brand":[],"product_cat":[475,297,522,481,533],"product_tag":[],"class_list":{"0":"post-2276","1":"product","2":"type-product","3":"status-publish","4":"has-post-thumbnail","6":"product_cat-healthshop","7":"product_cat-all-products","8":"product_cat-detox","9":"product_cat-healthshop-top-10","10":"product_cat-recovery","12":"first","13":"instock","14":"taxable","15":"shipping-taxable","16":"purchasable","17":"product-type-variable"},"_links":{"self":[{"href":"https:\/\/www.tatanka.nl\/pt\/wp-json\/wp\/v2\/product\/2276","targetHints":{"allow":["GET"]}}],"collection":[{"href":"https:\/\/www.tatanka.nl\/pt\/wp-json\/wp\/v2\/product"}],"about":[{"href":"https:\/\/www.tatanka.nl\/pt\/wp-json\/wp\/v2\/types\/product"}],"wp:featuredmedia":[{"embeddable":true,"href":"https:\/\/www.tatanka.nl\/pt\/wp-json\/wp\/v2\/media\/14679"}],"wp:attachment":[{"href":"https:\/\/www.tatanka.nl\/pt\/wp-json\/wp\/v2\/media?parent=2276"}],"wp:term":[{"taxonomy":"product_brand","embeddable":true,"href":"https:\/\/www.tatanka.nl\/pt\/wp-json\/wp\/v2\/product_brand?post=2276"},{"taxonomy":"product_cat","embeddable":true,"href":"https:\/\/www.tatanka.nl\/pt\/wp-json\/wp\/v2\/product_cat?post=2276"},{"taxonomy":"product_tag","embeddable":true,"href":"https:\/\/www.tatanka.nl\/pt\/wp-json\/wp\/v2\/product_tag?post=2276"}],"curies":[{"name":"wp","href":"https:\/\/api.w.org\/{rel}","templated":true}]}}