{"id":2278,"date":"2017-10-06T16:28:58","date_gmt":"2017-10-06T16:28:58","guid":{"rendered":"http:\/\/www.tatanka.nl\/?post_type=product&#038;p=2278"},"modified":"2025-05-20T11:13:33","modified_gmt":"2025-05-20T10:13:33","slug":"after-c-cocaine-speed-recovery-vitamines-amino-pills-capsules","status":"publish","type":"product","link":"https:\/\/www.tatanka.nl\/pt\/after-c-cocaine-speed-recovery-vitamines-amino-pills-capsules\/","title":{"rendered":"After-C - Recovery"},"content":{"rendered":"<h2><span style=\"color: #000000; font-size: 95%;\">After-C - Recovery de Coke and Speed<\/span><span style=\"font-size: 100%; color: #dd9933;\"><strong><br \/>\n<\/strong><\/span><\/h2>\n<h2 data-start=\"0\" data-end=\"21\">O que \u00e9 o After-C?<\/h2>\n<p data-start=\"22\" data-end=\"542\">After C \u00e9 um suplemento alimentar formulado para aliviar o desconforto da ressaca e apoiar o processo de recupera\u00e7\u00e3o natural do seu corpo. A sua poderosa mistura de ingredientes, incluindo vitaminas essenciais, 5-HTP e guaran\u00e1, ajuda a desintoxicar o corpo e a repor os nutrientes perdidos. Ao restaurar a hidrata\u00e7\u00e3o e equilibrar as defici\u00eancias de vitaminas e minerais, After C ajuda-o a recuperar mais rapidamente e a sentir-se revitalizado. Quer precise de recuperar depois de uma sa\u00edda \u00e0 noite ou queira simplesmente um apoio extra para o seu bem-estar, After C \u00e9 a solu\u00e7\u00e3o perfeita.<\/p>\n<p data-start=\"544\" data-end=\"829\">Esta f\u00f3rmula cuidadosamente elaborada garante que o seu corpo recebe os nutrientes de que necessita para uma recupera\u00e7\u00e3o \u00f3ptima. Com 5-HTP que melhora a disposi\u00e7\u00e3o, guaran\u00e1 energizante e vitaminas essenciais, After C funciona em harmonia com o seu sistema para ajudar a desintoxicar, restaurar o equil\u00edbrio e recuperar a energia ap\u00f3s uma noite longa.<\/p>\n<h2 data-start=\"831\" data-end=\"854\">Hist\u00f3ria do After-C<\/h2>\n<p data-start=\"855\" data-end=\"1203\">After C foi desenvolvido para resolver um problema comum - as ressacas. Embora tenham sido introduzidos v\u00e1rios suplementos para aliviar os sintomas da ressaca, After C destaca-se devido \u00e0 sua f\u00f3rmula \u00fanica, apoiada pela ci\u00eancia. Concebido n\u00e3o s\u00f3 para apoiar a recupera\u00e7\u00e3o, mas tamb\u00e9m para promover a sa\u00fade geral, este suplemento ajuda o corpo a eliminar toxinas e a restaurar o seu equil\u00edbrio natural.<\/p>\n<p data-start=\"1205\" data-end=\"1545\">A procura de rem\u00e9dios eficazes e seguros para a ressaca tem crescido ao longo dos anos, levando \u00e0 cria\u00e7\u00e3o de After C - uma mistura de rem\u00e9dios tradicionais e ci\u00eancia nutricional moderna. Os seus ingredientes cuidadosamente selecionados reflectem a mais recente investiga\u00e7\u00e3o em sa\u00fade e bem-estar, assegurando que cada componente desempenha um papel vital na desintoxica\u00e7\u00e3o e recupera\u00e7\u00e3o.<\/p>\n<p data-start=\"1547\" data-end=\"1798\">Atualmente, After C tornou-se uma solu\u00e7\u00e3o de confian\u00e7a para muitos que procuram uma forma simples e eficaz de apoiar o seu corpo depois de beberem. \u00c0 medida que mais pessoas recorrem a suplementos para a sa\u00fade e o bem-estar, After C continua a ser uma ferramenta valiosa para uma recupera\u00e7\u00e3o r\u00e1pida.<\/p>\n<h2 data-start=\"1800\" data-end=\"1823\">Como utilizar o After-C<\/h2>\n<p data-start=\"1824\" data-end=\"1864\">A utiliza\u00e7\u00e3o do After C \u00e9 simples e eficaz:<\/p>\n<ol data-start=\"1866\" data-end=\"2197\">\n<li data-start=\"1866\" data-end=\"1932\">Tomar a dose recomendada no dia seguinte ao consumo de \u00e1lcool.<\/li>\n<li data-start=\"1933\" data-end=\"2040\">Bebida <strong data-start=\"1942\" data-end=\"1969\">1 a 4 copos de \u00e1gua<\/strong> ao lado do suplemento para se manter hidratado e ajudar a eliminar as toxinas.<\/li>\n<li data-start=\"2041\" data-end=\"2197\">Para obter os melhores resultados, tomar After C logo que poss\u00edvel ap\u00f3s sentir os efeitos de uma ressaca. No entanto, pode ainda proporcionar benef\u00edcios mesmo se for tomado mais tarde.<\/li>\n<\/ol>\n<p data-start=\"2199\" data-end=\"2427\">O processo de hidrata\u00e7\u00e3o \u00e9 crucial para permitir que o seu corpo recupere enquanto o After C trabalha para restaurar o equil\u00edbrio. O guaran\u00e1 fornece um impulso energ\u00e9tico suave para combater a fadiga, enquanto o 5-HTP ajuda a regular o humor, promovendo o bem-estar geral.<\/p>\n<p data-start=\"2429\" data-end=\"2532\">Incorpore o After C na sua rotina de recupera\u00e7\u00e3o para uma recupera\u00e7\u00e3o mais r\u00e1pida e suave ap\u00f3s uma noite longa.<\/p>\n<h2 data-start=\"2534\" data-end=\"2561\">Ingredientes de After-C<\/h2>\n<p data-start=\"2562\" data-end=\"2642\">After C cont\u00e9m tr\u00eas ingredientes-chave que actuam em conjunto para apoiar a recupera\u00e7\u00e3o:<\/p>\n<ul data-start=\"2644\" data-end=\"3122\">\n<li data-start=\"2644\" data-end=\"2787\"><strong data-start=\"2646\" data-end=\"2658\">Vitamins<\/strong> - Essencial para o apoio imunit\u00e1rio, produ\u00e7\u00e3o de energia e fun\u00e7\u00e3o metab\u00f3lica. Estes nutrientes ajudam o corpo a recuperar eficazmente.<\/li>\n<li data-start=\"2788\" data-end=\"2961\"><strong data-start=\"2790\" data-end=\"2799\">5-HTP<\/strong> - Um composto natural derivado das sementes de Griffonia simplicifolia. Aumenta os n\u00edveis de serotonina, melhorando o humor e combatendo a fadiga, a irritabilidade ou a falta de energia.<\/li>\n<li data-start=\"2962\" data-end=\"3122\"><strong data-start=\"2964\" data-end=\"2975\">Guaran\u00e1<\/strong> - Um estimulante natural rico em cafe\u00edna, que proporciona um maior estado de alerta e um aumento de energia para combater o cansa\u00e7o induzido pela ressaca e o nevoeiro cerebral.<\/li>\n<\/ul>\n<p data-start=\"3124\" data-end=\"3259\">Juntos, estes ingredientes criam uma <strong data-start=\"3161\" data-end=\"3190\">poderosa f\u00f3rmula de recupera\u00e7\u00e3o<\/strong>ajudando o seu corpo a desintoxicar-se, a reidratar-se e a recuperar rapidamente a energia.<\/p>\n<p data-start=\"3261\" data-end=\"3273\"><strong>Aviso<\/strong><\/p>\n<p data-start=\"3274\" data-end=\"3463\" data-is-last-node=\"\">Este produto \u00e9 um suplemento alimentar e deve ser utilizado como tal. N\u00e3o utilizar como substituto de um regime alimentar variado. Seguir as indica\u00e7\u00f5es das doses recomendadas e n\u00e3o ultrapassar o limite di\u00e1rio.<\/p>","protected":false},"excerpt":{"rendered":"<p><span style=\"font-size: 100%; color: #000000;\">Festejou toda a noite com speed ou coca\u00edna? Sente-se exausto e deprimido? O After-C est\u00e1 repleto de todas as vitaminas e amino\u00e1cidos de que necessita para recuperar o seu corpo e humor. <\/span><span style=\"font-size: 100%; color: #000000;\">Descarregue a subst\u00e2ncia t\u00f3xica, estabilize o seu humor!<br \/>\n<\/span><\/p>","protected":false},"featured_media":14683,"template":"","meta":[],"product_brand":[],"product_cat":[475,297,522,481,533],"product_tag":[],"class_list":{"0":"post-2278","1":"product","2":"type-product","3":"status-publish","4":"has-post-thumbnail","6":"product_cat-healthshop","7":"product_cat-all-products","8":"product_cat-detox","9":"product_cat-healthshop-top-10","10":"product_cat-recovery","12":"first","13":"instock","14":"taxable","15":"shipping-taxable","16":"purchasable","17":"product-type-variable"},"_links":{"self":[{"href":"https:\/\/www.tatanka.nl\/pt\/wp-json\/wp\/v2\/product\/2278","targetHints":{"allow":["GET"]}}],"collection":[{"href":"https:\/\/www.tatanka.nl\/pt\/wp-json\/wp\/v2\/product"}],"about":[{"href":"https:\/\/www.tatanka.nl\/pt\/wp-json\/wp\/v2\/types\/product"}],"wp:featuredmedia":[{"embeddable":true,"href":"https:\/\/www.tatanka.nl\/pt\/wp-json\/wp\/v2\/media\/14683"}],"wp:attachment":[{"href":"https:\/\/www.tatanka.nl\/pt\/wp-json\/wp\/v2\/media?parent=2278"}],"wp:term":[{"taxonomy":"product_brand","embeddable":true,"href":"https:\/\/www.tatanka.nl\/pt\/wp-json\/wp\/v2\/product_brand?post=2278"},{"taxonomy":"product_cat","embeddable":true,"href":"https:\/\/www.tatanka.nl\/pt\/wp-json\/wp\/v2\/product_cat?post=2278"},{"taxonomy":"product_tag","embeddable":true,"href":"https:\/\/www.tatanka.nl\/pt\/wp-json\/wp\/v2\/product_tag?post=2278"}],"curies":[{"name":"wp","href":"https:\/\/api.w.org\/{rel}","templated":true}]}}