{"id":2368,"date":"2017-10-07T13:40:38","date_gmt":"2017-10-07T11:40:38","guid":{"rendered":"http:\/\/www.tatanka.nl\/?post_type=product&#038;p=2368"},"modified":"2026-02-23T00:48:28","modified_gmt":"2026-02-22T23:48:28","slug":"maeng-da-pills-capsules-mitragyna-speciosa-kratom","status":"publish","type":"product","link":"https:\/\/www.tatanka.nl\/pt\/maeng-da-pills-capsules-mitragyna-speciosa-kratom\/","title":{"rendered":"Maeng Da Kratom Caps"},"content":{"rendered":"<h2 data-start=\"347\" data-end=\"375\">O que s\u00e3o Kratom Capsules?<\/h2>\n<p data-start=\"377\" data-end=\"766\">Kratom Capsules s\u00e3o uma forma f\u00e1cil e conveniente de desfrutar dos benef\u00edcios da Kratom, uma planta tropical origin\u00e1ria do Sudeste Asi\u00e1tico. As c\u00e1psulas cont\u00eam uma combina\u00e7\u00e3o potente de extrato de Mitragyna speciosa 15x e p\u00f3 de Maeng Da Red Kratom, ambos conhecidos pelas suas propriedades energizantes e calmantes. Uma pequena dose de cafe\u00edna aumenta os efeitos gerais, proporcionando uma experi\u00eancia estimulante e concentrada.<\/p>\n<p data-start=\"768\" data-end=\"1267\">Estas c\u00e1psulas fornecem uma dose exacta de 500 mg por c\u00e1psula, eliminando a necessidade de medir ou misturar p\u00f3s. Isto torna o Kratom Capsules uma \u00f3ptima op\u00e7\u00e3o para quem procura uma experi\u00eancia Kratom controlada e consistente. Quer esteja \u00e0 procura de um relaxamento suave ou de uma estimula\u00e7\u00e3o mais forte, os Kratom Capsules podem ser ajustados de acordo com o efeito desejado. S\u00e3o perfeitos para quem prefere a simplicidade e a facilidade das c\u00e1psulas pr\u00e9-medidas, sem deixar de sentir todos os efeitos do Kratom.<\/p>\n<h2 data-start=\"1274\" data-end=\"1303\">Hist\u00f3ria do Kratom Capsules<\/h2>\n<p data-start=\"1305\" data-end=\"1741\">A Kratom tem uma longa hist\u00f3ria de utiliza\u00e7\u00e3o no Sudeste Asi\u00e1tico, onde tem sido utilizada h\u00e1 s\u00e9culos. Tradicionalmente, os habitantes locais mastigavam folhas de Kratom para aumentar a energia e a concentra\u00e7\u00e3o, ou para aliviar a dor. A utiliza\u00e7\u00e3o da Kratom evoluiu ao longo do tempo, e hoje em dia \u00e9 amplamente consumida sob v\u00e1rias formas, incluindo p\u00f3s, ch\u00e1s e extractos. O Capsules \u00e9 uma solu\u00e7\u00e3o mais moderna, desenvolvida para tornar o Kratom mais f\u00e1cil de utilizar e mais acess\u00edvel para os utilizadores de todo o mundo.<\/p>\n<p data-start=\"1743\" data-end=\"2254\">O formato de c\u00e1psula da Kratom oferece uma alternativa aos m\u00e9todos de consumo tradicionais, fornecendo uma dosagem controlada numa forma conveniente. Com a introdu\u00e7\u00e3o de extractos como a vers\u00e3o 15x utilizada nestas c\u00e1psulas, o Kratom tornou-se muito mais potente, exigindo doses mais pequenas para efeitos mais fortes. Esta inova\u00e7\u00e3o nos produtos de Kratom levou a um aumento do interesse global nas c\u00e1psulas de Kratom, uma vez que s\u00e3o f\u00e1ceis de utilizar e oferecem os mesmos benef\u00edcios que outras formas de Kratom com a vantagem adicional da comodidade.<\/p>\n<h2 data-start=\"2261\" data-end=\"2290\">Como utilizar o Kratom Capsules<\/h2>\n<p data-start=\"2292\" data-end=\"2666\">A utiliza\u00e7\u00e3o do Kratom Capsules \u00e9 f\u00e1cil e c\u00f3moda. A dosagem recomendada depende do teu peso corporal, sensibilidade e efeito desejado. Os principiantes devem come\u00e7ar com 1 c\u00e1psula, uma vez que esta proporcionar\u00e1 um efeito ligeiro. Para efeitos moderados, pode tomar 2-3 c\u00e1psulas, e para um efeito mais forte, pode ser necess\u00e1rio tomar 3-5 c\u00e1psulas. As c\u00e1psulas s\u00e3o pr\u00e9-medidas, garantindo a exatid\u00e3o de cada dose.<\/p>\n<p data-start=\"2668\" data-end=\"3112\">Basta engolir as c\u00e1psulas com \u00e1gua, com o est\u00f4mago vazio para efeitos mais r\u00e1pidos ou com alimentos, se preferir. As c\u00e1psulas de Kratom foram concebidas para serem f\u00e1ceis de consumir, o que as torna ideais para pessoas que preferem n\u00e3o lidar com p\u00f3s ou l\u00edquidos. Para obter resultados consistentes, \u00e9 importante seguir a dosagem recomendada e evitar exceder a dose m\u00e1xima sugerida. Tenha em aten\u00e7\u00e3o a forma como o seu corpo reage ao Kratom e ajuste a sua dosagem em conformidade.<\/p>\n<h2 data-start=\"3119\" data-end=\"3152\">Ingredientes de Maeng Da Kratom Capsules<\/h2>\n<p data-start=\"3154\" data-end=\"3598\">Cada c\u00e1psula de Kratom cont\u00e9m uma mistura poderosa de ingredientes concebidos para oferecer efeitos equilibrados e eficazes. O ingrediente principal \u00e9 o extrato 15x de Mitragyna speciosa, uma forma concentrada de Kratom que fornece os alcal\u00f3ides principais de uma forma mais potente e de a\u00e7\u00e3o mais r\u00e1pida. O extrato 15x garante que os utilizadores experimentam efeitos mais fortes a partir de doses mais pequenas, tornando estas c\u00e1psulas mais eficientes em compara\u00e7\u00e3o com o p\u00f3 normal de Kratom ou as folhas secas.<\/p>\n<p data-start=\"3600\" data-end=\"4096\">Para al\u00e9m do extrato, as c\u00e1psulas cont\u00eam tamb\u00e9m p\u00f3 de Maeng Da Red Kratom, que \u00e9 conhecido pela sua capacidade de aumentar o relaxamento e a energia. Esta combina\u00e7\u00e3o de ingredientes ajuda a proporcionar uma experi\u00eancia equilibrada, quer se pretenda relaxar ou manter-se alerta. Uma pequena dose de cafe\u00edna (5mg) \u00e9 inclu\u00edda para adicionar um efeito estimulante ligeiro, melhorando a concentra\u00e7\u00e3o e aumentando a energia sem causar nervosismo. Estes ingredientes trabalham em conjunto para criar uma experi\u00eancia \u00fanica de Kratom em cada c\u00e1psula.<\/p>\n<p data-start=\"4103\" data-end=\"4506\" data-is-last-node=\"\"><strong data-start=\"4103\" data-end=\"4114\">Aviso<\/strong><br data-start=\"4114\" data-end=\"4117\" \/>Utilizar com precau\u00e7\u00e3o. A venda e utiliza\u00e7\u00e3o do Kratom Capsules s\u00e3o proibidas a indiv\u00edduos com idade inferior a 18 anos. N\u00e3o utilizar durante a condu\u00e7\u00e3o de um ve\u00edculo motorizado ou de m\u00e1quinas, se estiver gr\u00e1vida ou a amamentar, ou se estiver a tomar medicamentos ou drogas com ou sem receita m\u00e9dica. Manter fora do alcance das crian\u00e7as. Este produto n\u00e3o foi avaliado pela FDA e n\u00e3o se destina a ser utilizado como medicamento.<\/p>","protected":false},"excerpt":{"rendered":"<p>Kratom Capsules combina o poder do extrato 15x de Mitragyna speciosa, o p\u00f3 de Maeng Da Red Kratom e a cafe\u00edna para criar uma mistura equilibrada de energia e relaxamento. Com 20 c\u00e1psulas por frasco, cada uma contendo uma potente f\u00f3rmula de 500 mg, estas c\u00e1psulas oferecem uma dosagem precisa tanto para principiantes como para utilizadores experientes do Kratom.<\/p>","protected":false},"featured_media":126076,"template":"","meta":[],"product_brand":[],"product_cat":[599,297,477,509,525,510,511,530,476],"product_tag":[],"class_list":{"0":"post-2368","1":"product","2":"type-product","3":"status-publish","4":"has-post-thumbnail","6":"product_cat-kratopia","7":"product_cat-all-products","8":"product_cat-herbs","9":"product_cat-kratom","10":"product_cat-party-pills","11":"product_cat-relax","12":"product_cat-relax-herbs","13":"product_cat-relax-pills","14":"product_cat-smartshop","15":"product_shipping_class-creditcard-off","17":"first","18":"instock","19":"taxable","20":"shipping-taxable","21":"purchasable","22":"product-type-variable"},"_links":{"self":[{"href":"https:\/\/www.tatanka.nl\/pt\/wp-json\/wp\/v2\/product\/2368","targetHints":{"allow":["GET"]}}],"collection":[{"href":"https:\/\/www.tatanka.nl\/pt\/wp-json\/wp\/v2\/product"}],"about":[{"href":"https:\/\/www.tatanka.nl\/pt\/wp-json\/wp\/v2\/types\/product"}],"wp:featuredmedia":[{"embeddable":true,"href":"https:\/\/www.tatanka.nl\/pt\/wp-json\/wp\/v2\/media\/126076"}],"wp:attachment":[{"href":"https:\/\/www.tatanka.nl\/pt\/wp-json\/wp\/v2\/media?parent=2368"}],"wp:term":[{"taxonomy":"product_brand","embeddable":true,"href":"https:\/\/www.tatanka.nl\/pt\/wp-json\/wp\/v2\/product_brand?post=2368"},{"taxonomy":"product_cat","embeddable":true,"href":"https:\/\/www.tatanka.nl\/pt\/wp-json\/wp\/v2\/product_cat?post=2368"},{"taxonomy":"product_tag","embeddable":true,"href":"https:\/\/www.tatanka.nl\/pt\/wp-json\/wp\/v2\/product_tag?post=2368"}],"curies":[{"name":"wp","href":"https:\/\/api.w.org\/{rel}","templated":true}]}}