{"id":2370,"date":"2017-10-07T13:51:08","date_gmt":"2017-10-07T13:51:08","guid":{"rendered":"http:\/\/www.tatanka.nl\/?post_type=product&#038;p=2370"},"modified":"2025-11-18T15:37:59","modified_gmt":"2025-11-18T14:37:59","slug":"kratom-bali-capsules-pills-caps-mitragyna-speciosa","status":"publish","type":"product","link":"https:\/\/www.tatanka.nl\/pt\/kratom-bali-capsules-pills-caps-mitragyna-speciosa\/","title":{"rendered":"Bali Kratom Caps"},"content":{"rendered":"<h2 data-start=\"391\" data-end=\"419\">O que s\u00e3o Kratom Capsules?<\/h2>\n<p data-start=\"421\" data-end=\"932\">Kratom Capsules s\u00e3o uma forma c\u00f3moda e eficaz de consumir Kratom, uma planta origin\u00e1ria do sudeste asi\u00e1tico. Estas c\u00e1psulas cont\u00eam uma mistura poderosa de extrato 15x de Mitragyna speciosa, p\u00f3 de Bali branco e uma pequena dose de cafe\u00edna. O extrato fornece os principais compostos activos da Kratom numa forma concentrada, permitindo um efeito mais potente e mais r\u00e1pido. A adi\u00e7\u00e3o de White Bali Kratom em p\u00f3 aumenta os efeitos calmantes, enquanto a cafe\u00edna oferece um ligeiro impulso estimulante, criando uma experi\u00eancia equilibrada.<\/p>\n<p data-start=\"934\" data-end=\"1394\">Estas c\u00e1psulas foram concebidas para serem f\u00e1ceis de utilizar, o que as torna uma excelente op\u00e7\u00e3o para utilizadores novos e experientes do Kratom. Com cada c\u00e1psula a conter uma dose pr\u00e9-medida de 505 mg, proporcionam resultados consistentes e eliminam a necessidade de adivinhar ou medir os p\u00f3s. Quer esteja \u00e0 procura de um relaxamento ligeiro ou de um efeito mais forte, o Kratom Capsules oferece uma forma acess\u00edvel de experimentar os benef\u00edcios do Kratom sem o inc\u00f3modo de o preparar noutras formas.<\/p>\n<h2 data-start=\"1401\" data-end=\"1430\">Hist\u00f3ria do Kratom Capsules<\/h2>\n<p data-start=\"1432\" data-end=\"1803\">A Kratom, cientificamente conhecida como Mitragyna speciosa, \u00e9 utilizada h\u00e1 s\u00e9culos no Sudeste Asi\u00e1tico, onde era tradicionalmente consumida sob a forma de folhas cruas. Os trabalhadores locais mastigavam as folhas pelas suas propriedades energizantes e efeitos analg\u00e9sicos. Com o passar do tempo, o Kratom ganhou popularidade no Ocidente pelas suas propriedades naturais e tornou-se um elemento b\u00e1sico dos suplementos de ervas.<\/p>\n<p data-start=\"1805\" data-end=\"2365\">A inova\u00e7\u00e3o do Kratom Capsules \u00e9 uma solu\u00e7\u00e3o moderna para tornar o Kratom mais f\u00e1cil de consumir e mais acess\u00edvel para as pessoas em todo o mundo. O Capsules fornece uma maneira conveniente de experimentar os efeitos do Kratom sem ter que medir ou misturar p\u00f3s. A introdu\u00e7\u00e3o de extractos como a vers\u00e3o 15x utilizada nestas c\u00e1psulas aumentou a pot\u00eancia do Kratom, tornando-o mais eficiente para os utilizadores que procuram efeitos mais fortes. Atualmente, o Kratom Capsules est\u00e1 entre os produtos Kratom mais populares, proporcionando resultados consistentes e oferecendo uma dosagem controlada numa forma port\u00e1til.<\/p>\n<h2 data-start=\"2372\" data-end=\"2401\">Como utilizar o Kratom Capsules<\/h2>\n<p data-start=\"2403\" data-end=\"2898\">A utiliza\u00e7\u00e3o do Kratom Capsules \u00e9 simples e direta. A dose recomendada para a maioria dos utilizadores \u00e9 de 1 a 5 c\u00e1psulas, dependendo do efeito desejado e da sensibilidade individual. Para os novos utilizadores do Kratom, \u00e9 aconselh\u00e1vel come\u00e7ar com apenas 1 c\u00e1psula para experimentar um efeito suave. \u00c0 medida que o teu corpo se habitua ao Kratom, podes aumentar a dosagem para obteres efeitos mais fortes. Normalmente, 2-3 c\u00e1psulas produzir\u00e3o um efeito moderado a bom, enquanto 3-5 c\u00e1psulas resultar\u00e3o numa experi\u00eancia forte.<\/p>\n<p data-start=\"2900\" data-end=\"3343\">Para utilizar as c\u00e1psulas, basta engoli-las com um copo de \u00e1gua. As c\u00e1psulas podem ser tomadas com ou sem alimentos, embora a toma com o est\u00f4mago vazio possa provocar efeitos mais r\u00e1pidos. \u00c9 importante evitar exceder a dose recomendada para prevenir quaisquer efeitos adversos. Uma vez que estas c\u00e1psulas cont\u00eam um extrato potente de Mitragyna speciosa, \u00e9 essencial come\u00e7ar com uma dose mais baixa, especialmente se fores novo no Kratom ou se tiveres uma toler\u00e2ncia baixa.<\/p>\n<h2 data-start=\"3350\" data-end=\"3383\">Ingredientes de Kratom Capsules<\/h2>\n<p data-start=\"3385\" data-end=\"3845\">Cada c\u00e1psula de Kratom cont\u00e9m uma mistura potente de ingredientes concebidos para proporcionar uma experi\u00eancia equilibrada e eficaz. O ingrediente principal \u00e9 o extrato 15x de Mitragyna speciosa, que \u00e9 uma forma altamente concentrada de Kratom. Este extrato cont\u00e9m os alcal\u00f3ides principais respons\u00e1veis pelos efeitos estimulantes e calmantes do Kratom. O extrato 15x torna as c\u00e1psulas muito mais fortes do que o p\u00f3 normal de Kratom ou as folhas secas, permitindo um efeito mais potente e imediato.<\/p>\n<p data-start=\"3847\" data-end=\"4329\">Para al\u00e9m do extrato de Mitragyna speciosa, as c\u00e1psulas cont\u00eam p\u00f3 White Bali Kratom. O White Bali \u00e9 conhecido pelas suas propriedades energizantes e de melhoria do humor, o que o torna um excelente complemento do extrato de Mitragyna speciosa. \u00c9 tamb\u00e9m inclu\u00edda uma pequena quantidade de cafe\u00edna (5 mg), que proporciona um ligeiro impulso estimulante para melhorar os efeitos gerais das c\u00e1psulas. Juntos, estes ingredientes trabalham em harmonia para oferecer uma experi\u00eancia equilibrada de relaxamento, energia e clareza mental.<\/p>\n<p data-start=\"4336\" data-end=\"4739\" data-is-last-node=\"\"><strong data-start=\"4336\" data-end=\"4347\">Aviso<\/strong><br data-start=\"4347\" data-end=\"4350\" \/>Utilizar com precau\u00e7\u00e3o. A venda e utiliza\u00e7\u00e3o do Kratom Capsules s\u00e3o proibidas a indiv\u00edduos com idade inferior a 18 anos. N\u00e3o utilizar durante a condu\u00e7\u00e3o de um ve\u00edculo motorizado ou de m\u00e1quinas, se estiver gr\u00e1vida ou a amamentar, ou se estiver a tomar medicamentos ou drogas com ou sem receita m\u00e9dica. Manter fora do alcance das crian\u00e7as. Este produto n\u00e3o foi avaliado pela FDA e n\u00e3o se destina a ser utilizado como medicamento.<\/p>","protected":false},"excerpt":{"rendered":"<p>Os nossos Kratom Capsules misturam extrato de Mitragyna speciosa 15x, p\u00f3 de White Bali e uma pitada de cafe\u00edna para oferecer uma experi\u00eancia equilibrada de energia e relaxamento. Com uns potentes 505 mg por c\u00e1psula, oferecem uma alternativa precisa e f\u00e1cil de consumir \u00e0s formas tradicionais de Kratom. Ideais para quem procura um efeito ligeiro a forte, estas c\u00e1psulas v\u00eam numa embalagem de 20.<\/p>","protected":false},"featured_media":126075,"template":"","meta":[],"product_brand":[],"product_cat":[599,297,477,509,510,511,530,476],"product_tag":[],"class_list":{"0":"post-2370","1":"product","2":"type-product","3":"status-publish","4":"has-post-thumbnail","6":"product_cat-kratopia","7":"product_cat-all-products","8":"product_cat-herbs","9":"product_cat-kratom","10":"product_cat-relax","11":"product_cat-relax-herbs","12":"product_cat-relax-pills","13":"product_cat-smartshop","14":"product_shipping_class-creditcard-off","16":"first","17":"instock","18":"taxable","19":"shipping-taxable","20":"purchasable","21":"product-type-variable"},"_links":{"self":[{"href":"https:\/\/www.tatanka.nl\/pt\/wp-json\/wp\/v2\/product\/2370","targetHints":{"allow":["GET"]}}],"collection":[{"href":"https:\/\/www.tatanka.nl\/pt\/wp-json\/wp\/v2\/product"}],"about":[{"href":"https:\/\/www.tatanka.nl\/pt\/wp-json\/wp\/v2\/types\/product"}],"wp:featuredmedia":[{"embeddable":true,"href":"https:\/\/www.tatanka.nl\/pt\/wp-json\/wp\/v2\/media\/126075"}],"wp:attachment":[{"href":"https:\/\/www.tatanka.nl\/pt\/wp-json\/wp\/v2\/media?parent=2370"}],"wp:term":[{"taxonomy":"product_brand","embeddable":true,"href":"https:\/\/www.tatanka.nl\/pt\/wp-json\/wp\/v2\/product_brand?post=2370"},{"taxonomy":"product_cat","embeddable":true,"href":"https:\/\/www.tatanka.nl\/pt\/wp-json\/wp\/v2\/product_cat?post=2370"},{"taxonomy":"product_tag","embeddable":true,"href":"https:\/\/www.tatanka.nl\/pt\/wp-json\/wp\/v2\/product_tag?post=2370"}],"curies":[{"name":"wp","href":"https:\/\/api.w.org\/{rel}","templated":true}]}}