{"id":2371,"date":"2017-10-07T14:04:47","date_gmt":"2017-10-07T14:04:47","guid":{"rendered":"http:\/\/www.tatanka.nl\/?post_type=product&#038;p=2371"},"modified":"2025-11-18T15:37:58","modified_gmt":"2025-11-18T14:37:58","slug":"thai-kratom-capsules-mitragyna-speciosa","status":"publish","type":"product","link":"https:\/\/www.tatanka.nl\/pt\/thai-kratom-capsules-mitragyna-speciosa\/","title":{"rendered":"Thai Kratom Caps"},"content":{"rendered":"<h2 data-start=\"408\" data-end=\"436\">O que s\u00e3o Kratom Capsules?<\/h2>\n<p data-start=\"438\" data-end=\"1018\">Kratom Capsules s\u00e3o uma forma c\u00f3moda e f\u00e1cil de experimentar os efeitos da Kratom, uma planta natural origin\u00e1ria do Sudeste Asi\u00e1tico. O ingrediente principal destas c\u00e1psulas \u00e9 o extrato 15x de Mitragyna speciosa, que \u00e9 uma forma concentrada de Kratom. Este extrato proporciona efeitos potentes em doses mais baixas em compara\u00e7\u00e3o com o p\u00f3 ou as folhas tradicionais de Kratom. Juntamente com o extrato, as c\u00e1psulas cont\u00eam tamb\u00e9m p\u00f3 de Thai vermelho e uma pequena dose de cafe\u00edna. A Red Thai Kratom \u00e9 conhecida pelos seus efeitos calmantes, enquanto a cafe\u00edna adiciona um ligeiro impulso estimulante, criando uma experi\u00eancia equilibrada para o utilizador.<\/p>\n<p data-start=\"1020\" data-end=\"1420\">Estas c\u00e1psulas foram concebidas para serem uma forma f\u00e1cil e controlada de consumir Kratom. Como v\u00eam em doses pr\u00e9-medidas, pode controlar facilmente a sua ingest\u00e3o. As c\u00e1psulas s\u00e3o perfeitas para pessoas que querem os benef\u00edcios do Kratom mas preferem n\u00e3o lidar com a confus\u00e3o dos p\u00f3s. As c\u00e1psulas de Kratom s\u00e3o ideais para quem procura uma forma c\u00f3moda, port\u00e1til e eficaz de usufruir dos benef\u00edcios desta planta \u00fanica.<\/p>\n<h2 data-start=\"1427\" data-end=\"1456\">Hist\u00f3ria do Kratom Capsules<\/h2>\n<p data-start=\"1458\" data-end=\"1887\">A hist\u00f3ria do Kratom remonta a s\u00e9culos, com a planta Mitragyna speciosa a ser amplamente utilizada no Sudeste Asi\u00e1tico pelas suas propriedades estimulantes e analg\u00e9sicas. Tradicionalmente, as folhas de Kratom eram mastigadas ou transformadas em ch\u00e1 pelos trabalhadores para ajudar a aumentar a energia e a resist\u00eancia. Com o tempo, o Kratom ganhou reconhecimento pelos seus efeitos calmantes, tornando-o popular para uso em v\u00e1rias culturas, tanto para relaxamento como para clareza mental.<\/p>\n<p data-start=\"1889\" data-end=\"2558\">A cria\u00e7\u00e3o de c\u00e1psulas de Kratom \u00e9 uma inova\u00e7\u00e3o mais moderna concebida para tornar o Kratom mais f\u00e1cil de consumir, especialmente para aqueles que podem n\u00e3o gostar do sabor do Kratom em forma de ch\u00e1 ou p\u00f3. O desenvolvimento de extractos de Kratom, como o extrato 15x utilizado nestas c\u00e1psulas, marcou um avan\u00e7o significativo na pot\u00eancia e conveni\u00eancia dos produtos Kratom. \u00c0 medida que a popularidade do Kratom se espalhou pelo mundo, as formas de c\u00e1psulas tornaram-se amplamente utilizadas devido \u00e0 sua precis\u00e3o na dosagem e facilidade de utiliza\u00e7\u00e3o. Atualmente, as c\u00e1psulas de Kratom s\u00e3o uma das formas mais convenientes de usufruir dos benef\u00edcios do Kratom, e est\u00e3o dispon\u00edveis em v\u00e1rias dosagens e combina\u00e7\u00f5es para se adequarem a diferentes prefer\u00eancias e necessidades.<\/p>\n<h2 data-start=\"2565\" data-end=\"2594\">Como utilizar o Kratom Capsules<\/h2>\n<p data-start=\"2596\" data-end=\"3096\">A utiliza\u00e7\u00e3o do Kratom Capsules \u00e9 simples e c\u00f3moda. A dosagem recomendada varia consoante a sensibilidade do organismo e o efeito pretendido. Para os principiantes, \u00e9 prefer\u00edvel come\u00e7ar com uma \u00fanica c\u00e1psula, uma vez que esta proporcionar\u00e1 um efeito ligeiro. Se procura um efeito mais forte, pode tomar at\u00e9 3 c\u00e1psulas, enquanto os utilizadores experientes podem achar que 4 ou 5 c\u00e1psulas s\u00e3o ideais para alcan\u00e7ar os resultados desejados. \u00c9 importante notar que a dosagem deve ser ajustada com base na tua toler\u00e2ncia pessoal e peso.<\/p>\n<p data-start=\"3098\" data-end=\"3646\">Para utilizar as c\u00e1psulas, basta engoli-las com \u00e1gua. Pode tom\u00e1-las com o est\u00f4mago vazio para obter efeitos mais r\u00e1pidos, mas tamb\u00e9m podem ser tomadas com alimentos, se preferir. Uma vez que as c\u00e1psulas s\u00e3o pr\u00e9-medidas, n\u00e3o h\u00e1 necessidade de adivinhar ou medir o p\u00f3. Isto torna-as uma op\u00e7\u00e3o perfeita para pessoas que s\u00e3o novas no Kratom ou para quem procura uma experi\u00eancia mais controlada. Tal como acontece com qualquer suplemento, \u00e9 crucial evitar exceder a dose recomendada para evitar quaisquer efeitos secund\u00e1rios indesejados. Ouve sempre o teu corpo e ajusta a dosagem conforme necess\u00e1rio.<\/p>\n<h2 data-start=\"3653\" data-end=\"3686\">Ingredientes de Kratom Capsules<\/h2>\n<p data-start=\"3688\" data-end=\"4186\">Os ingredientes principais destes Kratom Capsules s\u00e3o o extrato 15x de Mitragyna speciosa, o p\u00f3 vermelho Thai e a cafe\u00edna. O extrato 15x de Mitragyna speciosa, tamb\u00e9m conhecido como Kratom, \u00e9 o ingrediente principal. Este extrato \u00e9 uma forma concentrada da planta Kratom, proporcionando um efeito mais potente do que o p\u00f3 normal de Kratom ou as folhas secas. O extrato 15x permite uma entrega mais forte e eficiente dos alcal\u00f3ides activos encontrados na Kratom, tornando-a ideal para os utilizadores que desejam um efeito mais imediato.<\/p>\n<p data-start=\"4188\" data-end=\"4687\">O p\u00f3 vermelho Thai \u00e9 outro ingrediente importante destas c\u00e1psulas. \u00c9 conhecido pelas suas propriedades calmantes e analg\u00e9sicas, o que o torna um complemento perfeito para os efeitos estimulantes do extrato de Kratom. A pequena quantidade de cafe\u00edna nas c\u00e1psulas acrescenta um elemento energizante \u00e0 f\u00f3rmula, ajudando a equilibrar os efeitos estimulantes e relaxantes da combina\u00e7\u00e3o de Kratom e Thai Vermelho. Cada c\u00e1psula cont\u00e9m 505 mg destes ingredientes, garantindo uma experi\u00eancia potente e equilibrada em cada dose.<\/p>\n<p data-start=\"4694\" data-end=\"5097\" data-is-last-node=\"\"><strong data-start=\"4694\" data-end=\"4705\">Aviso<\/strong><br data-start=\"4705\" data-end=\"4708\" \/>Utilizar com precau\u00e7\u00e3o. A venda e utiliza\u00e7\u00e3o do Kratom Capsules s\u00e3o proibidas a indiv\u00edduos com idade inferior a 18 anos. N\u00e3o utilizar durante a condu\u00e7\u00e3o de um ve\u00edculo motorizado ou de m\u00e1quinas, se estiver gr\u00e1vida ou a amamentar, ou se estiver a tomar medicamentos ou drogas com ou sem receita m\u00e9dica. Manter fora do alcance das crian\u00e7as. Este produto n\u00e3o foi avaliado pela FDA e n\u00e3o se destina a ser utilizado como medicamento.<\/p>","protected":false},"excerpt":{"rendered":"<p>Experimente a potente mistura de extrato de Mitragyna speciosa 15x, p\u00f3 vermelho Thai e cafe\u00edna com o nosso Kratom Capsules. Cada c\u00e1psula cont\u00e9m uma poderosa combina\u00e7\u00e3o de ingredientes concebidos para proporcionar efeitos estimulantes e calmantes. Com 20 c\u00e1psulas por frasco, pode ajustar facilmente a dosagem para obter o efeito desejado. Adequado para utilizadores novos e experientes do Kratom.<\/p>","protected":false},"featured_media":126074,"template":"","meta":[],"product_brand":[],"product_cat":[599,297,477,509,510,511,530,476],"product_tag":[],"class_list":{"0":"post-2371","1":"product","2":"type-product","3":"status-publish","4":"has-post-thumbnail","6":"product_cat-kratopia","7":"product_cat-all-products","8":"product_cat-herbs","9":"product_cat-kratom","10":"product_cat-relax","11":"product_cat-relax-herbs","12":"product_cat-relax-pills","13":"product_cat-smartshop","14":"product_shipping_class-creditcard-off","16":"first","17":"instock","18":"taxable","19":"shipping-taxable","20":"purchasable","21":"product-type-variable"},"_links":{"self":[{"href":"https:\/\/www.tatanka.nl\/pt\/wp-json\/wp\/v2\/product\/2371","targetHints":{"allow":["GET"]}}],"collection":[{"href":"https:\/\/www.tatanka.nl\/pt\/wp-json\/wp\/v2\/product"}],"about":[{"href":"https:\/\/www.tatanka.nl\/pt\/wp-json\/wp\/v2\/types\/product"}],"wp:featuredmedia":[{"embeddable":true,"href":"https:\/\/www.tatanka.nl\/pt\/wp-json\/wp\/v2\/media\/126074"}],"wp:attachment":[{"href":"https:\/\/www.tatanka.nl\/pt\/wp-json\/wp\/v2\/media?parent=2371"}],"wp:term":[{"taxonomy":"product_brand","embeddable":true,"href":"https:\/\/www.tatanka.nl\/pt\/wp-json\/wp\/v2\/product_brand?post=2371"},{"taxonomy":"product_cat","embeddable":true,"href":"https:\/\/www.tatanka.nl\/pt\/wp-json\/wp\/v2\/product_cat?post=2371"},{"taxonomy":"product_tag","embeddable":true,"href":"https:\/\/www.tatanka.nl\/pt\/wp-json\/wp\/v2\/product_tag?post=2371"}],"curies":[{"name":"wp","href":"https:\/\/api.w.org\/{rel}","templated":true}]}}