{"id":2488,"date":"2017-10-09T12:24:35","date_gmt":"2017-10-09T12:24:35","guid":{"rendered":"http:\/\/www.tatanka.nl\/?post_type=product&#038;p=2488"},"modified":"2025-10-16T07:56:54","modified_gmt":"2025-10-16T06:56:54","slug":"mexican-magic-mushroom-paddo-grow-kit","status":"publish","type":"product","link":"https:\/\/www.tatanka.nl\/pt\/mexican-magic-mushroom-paddo-grow-kit\/","title":{"rendered":"Mexican Kit de cultivo Magic Mushroom Paddo"},"content":{"rendered":"<h2 dir=\"ltr\" data-pm-slice=\"1 1 []\">O que s\u00e3o Mexican Mushrooms?<\/h2>\n<p dir=\"ltr\">Os Mexican Mushrooms s\u00e3o uma escolha popular para quem procura uma experi\u00eancia psicad\u00e9lica vibrante e para principiantes. Conhecidos pelos seus efeitos energizantes, estes cogumelos m\u00e1gicos proporcionam uma viagem visualmente cativante que parece uma viagem ao lado mais luminoso da vida. O All-in-One GrowKit simplifica o processo de cultivo, contendo tudo o que \u00e9 necess\u00e1rio para cultivar o teu pr\u00f3prio Mexican Mushrooms, incluindo um saco de cultivo com filtros de ar e clipes de papel. Seguindo instru\u00e7\u00f5es simples e adicionando \u00e1gua, podes produzir at\u00e9 tr\u00eas colheitas, com a primeira a render normalmente cerca de 500 gramas a partir de um kit de 1200 cc. Armazenado num ambiente fresco, o kit mant\u00e9m-se vi\u00e1vel durante cerca de seis meses, embora o seu prazo de validade seja limitado fora de refrigera\u00e7\u00e3o. Este produto permite que os utilizadores se envolvam com o fascinante mundo da micologia, oferecendo uma forma pr\u00e1tica de explorar as propriedades \u00fanicas do Mexican Mushrooms, garantindo simultaneamente uma qualidade consistente. Quer seja novo no mundo dos psicad\u00e9licos ou um entusiasta, este kit oferece uma forma acess\u00edvel e gratificante de experimentar a magia destes cogumelos em casa.<\/p>\n<h2 dir=\"ltr\">Hist\u00f3ria do Mexican Mushrooms<\/h2>\n<p dir=\"ltr\">Mexican Mushrooms t\u00eam um rico patrim\u00f3nio cultural, profundamente enraizado nas tradi\u00e7\u00f5es das comunidades ind\u00edgenas do M\u00e9xico. Durante s\u00e9culos, estes cogumelos, muitas vezes referidos como \"teonan\u00e1catl\" ou \"carne dos deuses\", foram utilizados em cerim\u00f3nias espirituais e de cura por grupos como os Mazatecas. As suas propriedades psicoactivas, impulsionadas pela psilocibina, eram reverenciadas por facilitarem liga\u00e7\u00f5es profundas com a natureza e o divino. Em meados do s\u00e9culo XX, o interesse ocidental aumentou depois de etnobot\u00e2nicos como R. Gordon Wasson terem documentado a sua utiliza\u00e7\u00e3o, chamando a aten\u00e7\u00e3o mundial para a Mexican Mushrooms. Isto despertou a curiosidade cient\u00edfica e lan\u00e7ou as bases para a investiga\u00e7\u00e3o psicad\u00e9lica moderna. Atualmente, o All-in-One GrowKit permite que as pessoas cultivem estes cogumelos historicamente significativos em casa, preservando o seu legado e adaptando-se aos interesses contempor\u00e2neos. O design do kit reflecte os avan\u00e7os da micologia, permitindo aos utilizadores replicar facilmente a qualidade dos tradicionais Mexican Mushrooms. Esta mistura de sabedoria antiga e inova\u00e7\u00e3o moderna faz do cultivo destes cogumelos uma forma \u00fanica de se ligar a uma pr\u00e1tica que cativou os humanos durante gera\u00e7\u00f5es, oferecendo tanto uma viagem hist\u00f3rica como uma explora\u00e7\u00e3o pessoal.<\/p>\n<h2 dir=\"ltr\">Como utilizar o Mexican Mushrooms<\/h2>\n<p dir=\"ltr\">A utiliza\u00e7\u00e3o do All-in-One GrowKit para cultivar a Mexican Mushrooms \u00e9 simples, o que o torna ideal para principiantes. Come\u00e7a por limpar as tuas m\u00e3os e o exterior do kit, depois enche-o com \u00e1gua morna (20\u00b0C) e deixa-o de molho durante cinco minutos - nunca mais de uma hora. Escorre a \u00e1gua, coloca o kit no saco de cultivo fornecido e adiciona 200-250 ml de \u00e1gua morna. Fecha o saco com clipes de papel e mant\u00e9m-no numa sala a 20-25\u00b0C, longe da luz solar direta ou de fontes de calor. Mant\u00e9m os n\u00edveis de humidade e CO2 elevados at\u00e9 aparecerem cabe\u00e7as de alfinete (forma\u00e7\u00f5es iniciais de cogumelos), o que pode demorar 10-20 dias. Uma vez vis\u00edveis, arejar o saco diariamente e humedecer ligeiramente o kit. Colhe os cogumelos imediatamente antes de o v\u00e9u sob o chap\u00e9u se romper, torcendo-os suavemente e puxando-os totalmente para fora para encorajar um novo crescimento. Repetir o processo at\u00e9 tr\u00eas colheitas. Este m\u00e9todo assegura um crescimento e uma qualidade \u00f3ptimos, permitindo-lhe desfrutar dos efeitos vibrantes do Mexican Mushrooms. A simplicidade do kit permite que os utilizadores cultivem os seus pr\u00f3prios cogumelos com confian\u00e7a, transformando um processo complexo numa experi\u00eancia acess\u00edvel e gratificante.<\/p>\n<h2 dir=\"ltr\">Ingredientes de Mexican Mushrooms<\/h2>\n<p dir=\"ltr\">O kit de cultivo tudo-em-um para Mexican Mushrooms cont\u00e9m um conjunto de componentes cuidadosamente selecionados para garantir o sucesso do cultivo. O n\u00facleo \u00e9 o pr\u00f3prio kit de cultivo, pr\u00e9-embalado com um substrato optimizado para o crescimento de cogumelos, eliminando a necessidade de materiais adicionais. Inclui um saco de cultivo com filtros de ar para manter os n\u00edveis ideais de humidade e CO2, cruciais para o desenvolvimento saud\u00e1vel dos cogumelos. S\u00e3o fornecidos dois clipes de papel para selar o saco, preservando o ambiente controlado. O ingrediente ativo dos cogumelos \u00e9 a psilocibina, um composto natural que se converte em psilocina no corpo, produzindo os efeitos psicad\u00e9licos. O kit requer apenas \u00e1gua morna (20\u00b0C) para ativar o processo de cultivo, tornando-o f\u00e1cil de utilizar. N\u00e3o s\u00e3o necess\u00e1rios nutrientes ou qu\u00edmicos externos, uma vez que o substrato foi concebido para suportar at\u00e9 tr\u00eas colheitas. Esta abordagem simplificada garante que mesmo os cultivadores principiantes podem produzir Mexican Mushrooms de alta qualidade com um esfor\u00e7o m\u00ednimo. Ao concentrar-se na simplicidade e nos processos naturais, o kit permite aos utilizadores cultivar cogumelos que proporcionam a viagem aut\u00eantica e energizante associada a esta variedade, mantendo a consist\u00eancia e a facilidade ao longo do ciclo de cultivo.<\/p>\n<p dir=\"ltr\"><strong>Aviso<\/strong><\/p>\n<p dir=\"ltr\">Mexican Mushrooms cont\u00eam psilocibina e psilocina, alucinog\u00e9nios naturais que podem alterar a consci\u00eancia e induzir alucina\u00e7\u00f5es. Estas subst\u00e2ncias afectam o sistema de serotonina do c\u00e9rebro, influenciando o humor, a perce\u00e7\u00e3o e a cogni\u00e7\u00e3o. Devido aos seus efeitos potentes, consumir com precau\u00e7\u00e3o e ter em aten\u00e7\u00e3o a experi\u00eancia psicad\u00e9lica que podem produzir. Guardar sempre a Mexican Mushrooms fora do alcance das crian\u00e7as para evitar a ingest\u00e3o acidental. Assegura-te de que est\u00e1s num ambiente seguro e controlado quando as usas, e consulta um profissional se n\u00e3o tiveres a certeza dos seus efeitos ou intera\u00e7\u00f5es.<\/p>","protected":false},"excerpt":{"rendered":"<p><span style=\"font-size: 100%;\">Estes s\u00e3o os cogumelos mais leves da nossa linha de <a href=\"https:\/\/www.tatanka.nl\/pt\/shroomshop\/magic-mushroom-grow-kits\/\">cogumelos m\u00e1gicos<\/a> e uma \u00f3ptima maneira de come\u00e7ar, se estiver curioso para obter o efeito mais suave. <\/span><\/p>\n<p><span style=\"font-size: 100%;\">A Psilocybe Mexicana promete-te uma boa viagem de euforia, felicidade e satisfa\u00e7\u00e3o geral. O efeito visual ser\u00e1 como um dia luminoso de ver\u00e3o. Dispon\u00edvel em embalagens pequenas, m\u00e9dias e grandes.<\/span><span style=\"font-size: 100%; color: #000000;\"><br \/>\n<\/span><\/p>","protected":false},"featured_media":19889,"template":"","meta":[],"product_brand":[],"product_cat":[539,297,592,595,513,515,476],"product_tag":[662],"class_list":{"0":"post-2488","1":"product","2":"type-product","3":"status-publish","4":"has-post-thumbnail","6":"product_cat-magic-mushroom-grow-kits","7":"product_cat-all-products","8":"product_cat-beginner-magic-mushroom-grow-kits","9":"product_cat-mcsmart","10":"product_cat-party","11":"product_cat-shroomshop","12":"product_cat-smartshop","13":"product_tag-shrdeal","14":"product_shipping_class-creditcard-off","16":"first","17":"instock","18":"taxable","19":"shipping-taxable","20":"purchasable","21":"product-type-variable","22":"has-default-attributes"},"_links":{"self":[{"href":"https:\/\/www.tatanka.nl\/pt\/wp-json\/wp\/v2\/product\/2488","targetHints":{"allow":["GET"]}}],"collection":[{"href":"https:\/\/www.tatanka.nl\/pt\/wp-json\/wp\/v2\/product"}],"about":[{"href":"https:\/\/www.tatanka.nl\/pt\/wp-json\/wp\/v2\/types\/product"}],"wp:featuredmedia":[{"embeddable":true,"href":"https:\/\/www.tatanka.nl\/pt\/wp-json\/wp\/v2\/media\/19889"}],"wp:attachment":[{"href":"https:\/\/www.tatanka.nl\/pt\/wp-json\/wp\/v2\/media?parent=2488"}],"wp:term":[{"taxonomy":"product_brand","embeddable":true,"href":"https:\/\/www.tatanka.nl\/pt\/wp-json\/wp\/v2\/product_brand?post=2488"},{"taxonomy":"product_cat","embeddable":true,"href":"https:\/\/www.tatanka.nl\/pt\/wp-json\/wp\/v2\/product_cat?post=2488"},{"taxonomy":"product_tag","embeddable":true,"href":"https:\/\/www.tatanka.nl\/pt\/wp-json\/wp\/v2\/product_tag?post=2488"}],"curies":[{"name":"wp","href":"https:\/\/api.w.org\/{rel}","templated":true}]}}