{"id":2493,"date":"2017-10-09T12:52:14","date_gmt":"2017-10-09T12:52:14","guid":{"rendered":"http:\/\/www.tatanka.nl\/?post_type=product&#038;p=2493"},"modified":"2025-12-25T00:48:30","modified_gmt":"2025-12-24T23:48:30","slug":"b-plus-magic-mushroom-paddo-grow-kit","status":"publish","type":"product","link":"https:\/\/www.tatanka.nl\/pt\/b-plus-magic-mushroom-paddo-grow-kit\/","title":{"rendered":"B+ Kit de cultivo Magic Mushroom Paddo"},"content":{"rendered":"<h2 dir=\"ltr\" data-pm-slice=\"1 1 []\">O que \u00e9 o B+ Magic Mushrooms?<\/h2>\n<p dir=\"ltr\">O kit de cultivo B+ All-in-one \u00e9 uma solu\u00e7\u00e3o completa para o cultivo de cogumelos m\u00e1gicos B+, famosos pelo seu tamanho impressionante e efeitos poderosos. Este kit simplifica o processo de cultivo, tornando-o acess\u00edvel tanto a principiantes como a cultivadores experientes. Cont\u00e9m um substrato pr\u00e9-preparado, um saco de cultivo com filtros de ar e dois clipes de papel, necessitando apenas de \u00e1gua e de seguir instru\u00e7\u00f5es simples. A variedade B+ \u00e9 conhecida pelo seu crescimento robusto, produzindo frequentemente colheitas substanciais, com o primeiro fluxo a produzir tipicamente at\u00e9 400 gramas a partir de um kit de 1200 cc. Capaz de suportar tr\u00eas ciclos de crescimento, o kit oferece v\u00e1rias colheitas quando mantido corretamente. Armazenado no frigor\u00edfico, mant\u00e9m-se vi\u00e1vel at\u00e9 seis meses, embora a sua vida \u00fatil seja limitada fora do armazenamento a frio. A B+ proporciona uma experi\u00eancia psicad\u00e9lica profunda devido ao seu teor de psilocibina, que se transforma em psilocina no corpo, influenciando os n\u00edveis de serotonina e induzindo alucina\u00e7\u00f5es v\u00edvidas. Este produto permite aos utilizadores desfrutar do processo de cultivo dos seus pr\u00f3prios cogumelos m\u00e1gicos enquanto exploram os seus efeitos \u00fanicos de forma respons\u00e1vel.<\/p>\n<h2 dir=\"ltr\">Hist\u00f3ria da B+ Magic Mushrooms<\/h2>\n<p dir=\"ltr\">A variedade B+ tem uma hist\u00f3ria fascinante no mundo dos cogumelos psilocibinos. Origin\u00e1ria dos anos 90, acredita-se que foi desenvolvida por cultivadores que procuravam uma variedade resistente e de alto rendimento. O B+ rapidamente ganhou popularidade devido \u00e0 sua resili\u00eancia e capacidade de prosperar em condi\u00e7\u00f5es variadas, tornando-o um favorito entre os cultivadores dom\u00e9sticos. O seu nome reflecte provavelmente as suas carater\u00edsticas de \"maior\" e \"melhor\", uma vez que produz consistentemente cogumelos grandes e carnudos. Ao contr\u00e1rio de algumas outras estirpes, a B+ perdoa pequenos erros de cultivo, o que contribuiu para a sua utiliza\u00e7\u00e3o generalizada. Ao longo dos anos, tornou-se um elemento b\u00e1sico na comunidade psicad\u00e9lica, valorizada n\u00e3o s\u00f3 pela sua facilidade de crescimento, mas tamb\u00e9m pelas experi\u00eancias intensas e introspectivas que facilita. O B+ All-in-one GrowKit baseia-se neste legado, oferecendo aos cultivadores modernos uma forma conveniente de cultivar esta variedade ic\u00f3nica. O seu atrativo duradouro reside no equil\u00edbrio entre acessibilidade e pot\u00eancia, fazendo a ponte entre o cultivo tradicional de cogumelos e a facilidade contempor\u00e2nea. Hoje, a B+ continua a ser um s\u00edmbolo de qualidade e fiabilidade, convidando os utilizadores a ligarem-se a uma hist\u00f3ria rica de explora\u00e7\u00e3o psicad\u00e9lica enquanto cultivam as suas pr\u00f3prias colheitas em casa.<\/p>\n<h2 dir=\"ltr\">Como utilizar o kit de cultivo tudo-em-um B+<\/h2>\n<p dir=\"ltr\">A utiliza\u00e7\u00e3o do B+ All-in-one GrowKit \u00e9 simples e foi concebida para garantir o sucesso do cultivo com o m\u00ednimo de esfor\u00e7o. Comece por lavar bem as m\u00e3os e limpar o exterior do kit com um pano seco. Retira e guarda a tampa, depois enche o kit com \u00e1gua morna (20\u00b0C) e deixa-o de molho durante cinco minutos - nunca mais de uma hora. Esvazia a \u00e1gua completamente, deixando o kit a pingar durante dez segundos. Coloca o kit dentro do saco de cultivo fornecido, adiciona Granting 200-250ml de \u00e1gua morna e fecha o saco com os clipes inclu\u00eddos. Coloca a instala\u00e7\u00e3o numa sala com uma temperatura de 20-25\u00b0C, evitando a luz solar direta, l\u00e2mpadas ou fontes de calor. Manter o saco selado at\u00e9 aparecerem cabe\u00e7as de alfinete (forma\u00e7\u00f5es iniciais de cogumelos), o que pode demorar 10-20 dias, para manter n\u00edveis elevados de humidade e CO2. Assim que as cabe\u00e7as de alfinete se formarem, areje o saco diariamente e vaporize ligeiramente o kit. Colher os cogumelos mesmo antes de os v\u00e9us sob os seus chap\u00e9us se romperem, torcendo-os suavemente e puxando-os completamente para fora. Repetir o processo para outras colheitas. Este m\u00e9todo assegura um crescimento \u00f3timo, permitindo-lhe desfrutar de v\u00e1rias colheitas de cogumelos m\u00e1gicos B+ potentes com facilidade.<\/p>\n<h2 dir=\"ltr\">Ingredientes do B+ All-in-one GrowKit<\/h2>\n<p dir=\"ltr\">O B+ All-in-one GrowKit foi cuidadosamente concebido para fornecer tudo o que \u00e9 necess\u00e1rio para o cultivo bem sucedido de cogumelos. O componente principal \u00e9 um substrato pr\u00e9-inoculado, um meio rico em nutrientes concebido para apoiar o crescimento dos cogumelos m\u00e1gicos B+. Este substrato \u00e9 composto por uma mistura de materiais org\u00e2nicos, incluindo tipicamente gr\u00e3os e outros compostos naturais, optimizados para promover um desenvolvimento robusto do mic\u00e9lio. O kit tamb\u00e9m inclui um saco de cultivo especializado equipado com filtros de ar, que mant\u00e9m a humidade e a troca de ar ideais para o crescimento dos cogumelos. S\u00e3o fornecidos dois clipes de papel para selar o saco de forma segura, assegurando um ambiente controlado. N\u00e3o s\u00e3o necess\u00e1rios qu\u00edmicos ou fertilizantes adicionais, uma vez que o substrato \u00e9 pr\u00e9-formulado para suportar v\u00e1rios fluxos de cogumelos. A pr\u00f3pria estirpe B+ cont\u00e9m psilocibina e psilocina naturais, os compostos activos respons\u00e1veis pelos seus efeitos psicad\u00e9licos. Estes compostos s\u00e3o inerentes aos cogumelos e n\u00e3o s\u00e3o adicionados separadamente. O design do kit elimina a necessidade de entradas externas para al\u00e9m da \u00e1gua, tornando-o num sistema aut\u00f3nomo. Esta simplicidade, combinada com componentes de alta qualidade, garante que os utilizadores se podem concentrar no processo de cultivo enquanto obt\u00eam resultados consistentes e de alto rendimento com os seus cogumelos m\u00e1gicos B+.<\/p>\n<p dir=\"ltr\"><strong>Aviso<\/strong><br \/>\nOs cogumelos m\u00e1gicos, incluindo os cultivados com o B+ All-in-one GrowKit, cont\u00eam naturalmente psilocibina e psilocina, que s\u00e3o alucinog\u00e9nios potentes. Estas subst\u00e2ncias podem alterar a consci\u00eancia, causando potencialmente alucina\u00e7\u00f5es v\u00edvidas e altera\u00e7\u00f5es na perce\u00e7\u00e3o, humor e cogni\u00e7\u00e3o. Devido aos seus efeitos psicoactivos, devem ser manuseadas e consumidas com precau\u00e7\u00e3o. Guardar sempre o kit e os cogumelos colhidos de forma segura, fora do alcance de crian\u00e7as e animais dom\u00e9sticos, para evitar a ingest\u00e3o acidental. As pessoas com problemas de sa\u00fade mental pr\u00e9-existentes ou que tomam medicamentos que afectam os n\u00edveis de serotonina devem evitar o seu consumo, uma vez que estes compostos influenciam o sistema de serotonina do c\u00e9rebro. A utiliza\u00e7\u00e3o respons\u00e1vel e o conhecimento dos efeitos s\u00e3o essenciais para garantir uma experi\u00eancia segura.<\/p>","protected":false},"excerpt":{"rendered":"<p><span style=\"font-size: 100%;\">A B+ \u00e9 uma variedade muito popular, muito popular pelos seus cogumelos grandes, e \u00e9 tamb\u00e9m uma variedade original da Cubensis. <\/span><span style=\"font-size: 100%;\">Se gostas de ver um bom visual colorido com uma liga\u00e7\u00e3o espiritual com todo o universo e ainda experimentar uma viagem divertida, este \u00e9 um bom cogumelo para isso. <\/span><\/p>\n<p><span style=\"font-size: 100%;\">Dispon\u00edvel em embalagens m\u00e9dias e grandes.<\/span><span style=\"font-size: 100%; color: #000000;\"><br \/>\n<\/span><\/p>","protected":false},"featured_media":19885,"template":"","meta":[],"product_brand":[],"product_cat":[539,297,592,595,513,515,476],"product_tag":[662],"class_list":{"0":"post-2493","1":"product","2":"type-product","3":"status-publish","4":"has-post-thumbnail","6":"product_cat-magic-mushroom-grow-kits","7":"product_cat-all-products","8":"product_cat-beginner-magic-mushroom-grow-kits","9":"product_cat-mcsmart","10":"product_cat-party","11":"product_cat-shroomshop","12":"product_cat-smartshop","13":"product_tag-shrdeal","14":"product_shipping_class-creditcard-off","16":"first","17":"instock","18":"taxable","19":"shipping-taxable","20":"purchasable","21":"product-type-variable","22":"has-default-attributes"},"_links":{"self":[{"href":"https:\/\/www.tatanka.nl\/pt\/wp-json\/wp\/v2\/product\/2493","targetHints":{"allow":["GET"]}}],"collection":[{"href":"https:\/\/www.tatanka.nl\/pt\/wp-json\/wp\/v2\/product"}],"about":[{"href":"https:\/\/www.tatanka.nl\/pt\/wp-json\/wp\/v2\/types\/product"}],"wp:featuredmedia":[{"embeddable":true,"href":"https:\/\/www.tatanka.nl\/pt\/wp-json\/wp\/v2\/media\/19885"}],"wp:attachment":[{"href":"https:\/\/www.tatanka.nl\/pt\/wp-json\/wp\/v2\/media?parent=2493"}],"wp:term":[{"taxonomy":"product_brand","embeddable":true,"href":"https:\/\/www.tatanka.nl\/pt\/wp-json\/wp\/v2\/product_brand?post=2493"},{"taxonomy":"product_cat","embeddable":true,"href":"https:\/\/www.tatanka.nl\/pt\/wp-json\/wp\/v2\/product_cat?post=2493"},{"taxonomy":"product_tag","embeddable":true,"href":"https:\/\/www.tatanka.nl\/pt\/wp-json\/wp\/v2\/product_tag?post=2493"}],"curies":[{"name":"wp","href":"https:\/\/api.w.org\/{rel}","templated":true}]}}