{"id":2506,"date":"2017-10-09T13:52:59","date_gmt":"2017-10-09T11:52:59","guid":{"rendered":"http:\/\/www.tatanka.nl\/?post_type=product&#038;p=2506"},"modified":"2026-04-23T12:48:28","modified_gmt":"2026-04-23T11:48:28","slug":"mckennaii-magic-mushroom-paddo-grow-kit","status":"publish","type":"product","link":"https:\/\/www.tatanka.nl\/pt\/mckennaii-magic-mushroom-paddo-grow-kit\/","title":{"rendered":"McKennaii Kit de cultivo Magic Mushroom Paddo"},"content":{"rendered":"<h2 dir=\"auto\">O que s\u00e3o os GrowKits McKennaii?<\/h2>\n<p dir=\"auto\">O McKennaii GrowKit \u00e9 uma solu\u00e7\u00e3o tudo-em-um para cultivares os teus pr\u00f3prios Magic Mushrooms, concebida para ser f\u00e1cil e conveniente. Este kit inclui tudo o que \u00e9 necess\u00e1rio para cultivar cogumelos McKennaii de alta qualidade, uma variedade famosa pelos seus efeitos visuais e emocionais intensos. Com apenas \u00e1gua e alguns passos simples, pode cultivar estes cogumelos desde o in\u00edcio at\u00e9 \u00e0 colheita. O kit inclui um saco de cultivo, filtros de ar e clipes de papel para garantir condi\u00e7\u00f5es de cultivo \u00f3ptimas. Em m\u00e9dia, um \u00fanico McKennaii GrowKit (1200cc) produz cerca de 400 gramas de grafica na sua primeira colheita, sendo poss\u00edveis at\u00e9 tr\u00eas colheitas. Armazenado num ambiente fresco, o kit mant\u00e9m-se vi\u00e1vel at\u00e9 seis meses, embora o seu prazo de validade seja limitado fora de refrigera\u00e7\u00e3o. Perfeito tanto para principiantes como para entusiastas, o McKennaii GrowKit simplifica o processo, permitindo-lhe concentrar-se na alegria do cultivo e nas experi\u00eancias vibrantes que se seguem. O seu design f\u00e1cil de usar garante resultados consistentes, tornando-o um favorito para quem procura uma jornada de cultivo fi\u00e1vel e gratificante.<\/p>\n<h2 dir=\"auto\">Hist\u00f3ria dos GrowKits McKennaii<\/h2>\n<p dir=\"auto\">A variedade McKennaii tem o nome do famoso etnobot\u00e2nico e defensor dos psicad\u00e9licos Terence McKenna, cujo trabalho popularizou a explora\u00e7\u00e3o dos cogumelos psilocibinos. O McKennaii GrowKit surgiu como uma inova\u00e7\u00e3o moderna, tornando mais f\u00e1cil para os indiv\u00edduos cultivarem esta potente variedade em casa. Historicamente, o Magic Mushrooms tem sido usado durante s\u00e9culos em pr\u00e1ticas espirituais e culturais em v\u00e1rias civiliza\u00e7\u00f5es, valorizado pelas suas propriedades de expans\u00e3o da mente. O desenvolvimento de kits de cultivo revolucionou a acessibilidade, permitindo aos entusiastas do quotidiano experimentar estes fungos antigos sem necessitarem de conhecimentos micol\u00f3gicos avan\u00e7ados. O kit de cultivo McKennaii, em particular, foi concebido para aproveitar a gen\u00e9tica robusta da variedade, proporcionando rendimentos consistentes e efeitos v\u00edvidos. Ao combinar t\u00e9cnicas de cultivo tradicionais com tecnologia moderna, estes kits democratizaram a arte do cultivo de cogumelos. Atualmente, o kit de cultivo McKennaii \u00e9 um testemunho do fasc\u00ednio duradouro pelos cogumelos psilocibinos, unindo a sabedoria antiga \u00e0 conveni\u00eancia contempor\u00e2nea. A sua popularidade reflecte um interesse crescente no auto-cultivo e na explora\u00e7\u00e3o da consci\u00eancia, tornando-o um elemento b\u00e1sico para os curiosos sobre o potencial transformador do Magic Mushrooms.<\/p>\n<h2 dir=\"auto\">Como utilizar os kits de cultivo McKennaii<\/h2>\n<p dir=\"auto\">A utiliza\u00e7\u00e3o do kit de cultivo McKennaii \u00e9 simples, exigindo um esfor\u00e7o m\u00ednimo para obter resultados impressionantes. Come\u00e7a por limpar as tuas m\u00e3os e o exterior do kit, depois enche-o com \u00e1gua morna (20\u00b0C) e deixa-o de molho durante cinco minutos com a tampa aberta - nunca excedendo uma hora. Escorre bem a \u00e1gua e coloca o kit no saco de cultivo fornecido, adicionando 200-250 ml de \u00e1gua morna. Fecha o saco com clipes de papel e guarda-o numa sala a 20-25\u00b0C, longe da luz solar direta ou de fontes de calor. Manter o saco fechado at\u00e9 aparecerem cabe\u00e7as de alfinete (forma\u00e7\u00f5es iniciais de cogumelos), o que pode demorar 10-20 dias, para manter n\u00edveis elevados de humidade e CO2. Uma vez formadas as cabe\u00e7as de alfinete, arejar brevemente o saco todos os dias e nebulizar ligeiramente o kit. Colhe os cogumelos mesmo antes de o v\u00e9u sob o chap\u00e9u se romper, torcendo-os suavemente e puxando-os completamente para fora. Para cultivar outro fluxo, repita o processo. Este m\u00e9todo assegura v\u00e1rias colheitas, sendo a primeira tipicamente a mais abundante. Seguir estes passos cuidadosamente maximiza o rendimento e a qualidade dos teus cogumelos McKennaii, oferecendo uma experi\u00eancia de cultivo gratificante.<\/p>\n<h2 dir=\"auto\">Ingredientes dos GrowKits McKennaii<\/h2>\n<p dir=\"auto\">O McKennaii GrowKit \u00e9 um produto cuidadosamente elaborado que cont\u00e9m um substrato optimizado para o cultivo do Magic Mushrooms. O \"ingrediente\" principal \u00e9 um substrato pr\u00e9-inoculado, tipicamente composto por uma mistura de materiais org\u00e2nicos como gr\u00e3os de centeio, vermiculite e outros nutrientes que promovem o crescimento micelial. Este substrato \u00e9 colonizado com mic\u00e9lio McKennaii, a base para o desenvolvimento dos cogumelos. O kit tamb\u00e9m inclui um saco de cultivo com filtros de ar para regular o fluxo de ar e a humidade, e dois clipes de papel para fixar o saco durante o cultivo. N\u00e3o s\u00e3o utilizados quaisquer produtos qu\u00edmicos ou aditivos adicionais, assegurando um processo de crescimento natural. O substrato foi concebido para suportar v\u00e1rios fluxos, sendo que o primeiro produz a maior colheita. A \u00e1gua, fornecida pelo utilizador, \u00e9 o \u00fanico ingrediente externo necess\u00e1rio para ativar o kit. A pr\u00f3pria estirpe McKennaii cont\u00e9m psilocibina, um composto natural respons\u00e1vel pelos seus efeitos psicad\u00e9licos. Este design tudo-em-um elimina a necessidade de obter componentes separados, tornando o cultivo acess\u00edvel e eficiente. Ao concentrar-se em materiais naturais de alta qualidade, o kit de cultivo McKennaii oferece resultados consistentes, permitindo aos utilizadores cultivar cogumelos potentes com o m\u00ednimo de esfor\u00e7o, mantendo a pureza do processo.<\/p>\n<p dir=\"auto\"><strong>Aviso: Magic Mushrooms e seguran\u00e7a<\/strong><br \/>\nA Magic Mushrooms, incluindo as cultivadas com o kit de cultivo McKennaii, cont\u00e9m psilocibina e psilocina, alucinog\u00e9nios naturais que alteram a consci\u00eancia e podem causar alucina\u00e7\u00f5es v\u00edvidas. Estas subst\u00e2ncias afectam os n\u00edveis de serotonina no c\u00e9rebro, influenciando o humor, a perce\u00e7\u00e3o e a cogni\u00e7\u00e3o. Devido aos seus efeitos potentes, consumir com precau\u00e7\u00e3o e num ambiente seguro e controlado. Guarda sempre o kit de cultivo McKennaii e os cogumelos colhidos fora do alcance das crian\u00e7as para evitar a ingest\u00e3o acidental. Indiv\u00edduos com problemas de sa\u00fade mental ou que tomem medicamentos que afectem a serotonina devem evitar o uso, pois as intera\u00e7\u00f5es podem ser imprevis\u00edveis. O uso respons\u00e1vel e o conhecimento dos efeitos destes compostos s\u00e3o essenciais para uma experi\u00eancia segura.<\/p>","protected":false},"excerpt":{"rendered":"<p><span style=\"font-size: 100%;\"> O cogumelo McKennaii \u00e9 uma das variedades mais fortes de cogumelos m\u00e1gicos. <\/span><span style=\"font-size: 100%;\">Estes cogumelos v\u00e3o dar-te cabo da cabe\u00e7a e n\u00e3o se destinam a principiantes. <\/span><span style=\"font-size: 100%;\">Estes cogumelos d\u00e3o-te alucina\u00e7\u00f5es fortes com momentos filos\u00f3ficos longos e intensos. Os kits de cultivo McKennaii est\u00e3o dispon\u00edveis em embalagens pequenas, m\u00e9dias e grandes.<\/span><span style=\"font-size: 100%; color: #000000;\"><br \/>\n<\/span><\/p>","protected":false},"featured_media":19896,"template":"","meta":[],"product_brand":[],"product_cat":[539,297,595,513,515,476,593],"product_tag":[662],"class_list":{"0":"post-2506","1":"product","2":"type-product","3":"status-publish","4":"has-post-thumbnail","6":"product_cat-magic-mushroom-grow-kits","7":"product_cat-all-products","8":"product_cat-mcsmart","9":"product_cat-party","10":"product_cat-shroomshop","11":"product_cat-smartshop","12":"product_cat-strongest-magic-mushroom-grow-kits","13":"product_tag-shrdeal","14":"product_shipping_class-creditcard-off","16":"first","17":"instock","18":"taxable","19":"shipping-taxable","20":"purchasable","21":"product-type-variable","22":"has-default-attributes"},"_links":{"self":[{"href":"https:\/\/www.tatanka.nl\/pt\/wp-json\/wp\/v2\/product\/2506","targetHints":{"allow":["GET"]}}],"collection":[{"href":"https:\/\/www.tatanka.nl\/pt\/wp-json\/wp\/v2\/product"}],"about":[{"href":"https:\/\/www.tatanka.nl\/pt\/wp-json\/wp\/v2\/types\/product"}],"wp:featuredmedia":[{"embeddable":true,"href":"https:\/\/www.tatanka.nl\/pt\/wp-json\/wp\/v2\/media\/19896"}],"wp:attachment":[{"href":"https:\/\/www.tatanka.nl\/pt\/wp-json\/wp\/v2\/media?parent=2506"}],"wp:term":[{"taxonomy":"product_brand","embeddable":true,"href":"https:\/\/www.tatanka.nl\/pt\/wp-json\/wp\/v2\/product_brand?post=2506"},{"taxonomy":"product_cat","embeddable":true,"href":"https:\/\/www.tatanka.nl\/pt\/wp-json\/wp\/v2\/product_cat?post=2506"},{"taxonomy":"product_tag","embeddable":true,"href":"https:\/\/www.tatanka.nl\/pt\/wp-json\/wp\/v2\/product_tag?post=2506"}],"curies":[{"name":"wp","href":"https:\/\/api.w.org\/{rel}","templated":true}]}}