{"id":25150,"date":"2019-12-23T16:23:59","date_gmt":"2019-12-23T16:23:59","guid":{"rendered":"https:\/\/www.tatanka.nl\/?post_type=product&#038;p=25150"},"modified":"2025-07-22T11:20:57","modified_gmt":"2025-07-22T10:20:57","slug":"slx-grey-grinder-with-4-parts","status":"publish","type":"product","link":"https:\/\/www.tatanka.nl\/pt\/slx-grey-grinder-with-4-parts\/","title":{"rendered":"SLX Silver Grinder Non-Stick"},"content":{"rendered":"<h2 dir=\"ltr\" data-pm-slice=\"1 1 []\">O que \u00e9 o SLX Silver Anti-Stick Grinder?<\/h2>\n<p dir=\"ltr\">O SLX Silver Non-Stick Grinder \u00e9 um moedor de alto desempenho, com quatro partes, fabricado em alum\u00ednio aeroespacial 7075 T6, concebido para durabilidade e precis\u00e3o na moagem de ervas para fumar. Dispon\u00edvel em tamanho de bolso de 50,8 mm e tamanho dom\u00e9stico de 62 mm, possui um revestimento cer\u00e2mico antiaderente patenteado por dentro e por fora, garantindo que as ervas nunca se agarram e que a limpeza \u00e9 m\u00ednima. Equipado com dentes em forma de trap\u00e9zio para uma moagem fofa e consistente, \u00edmanes de neod\u00edmio para um fecho seguro e ecr\u00e3s de a\u00e7o inoxid\u00e1vel para uma filtragem fina do p\u00f3len, o SLX Silver Non-Stick Grinder oferece uma funcionalidade inigual\u00e1vel. O design elimina o excesso de roscas, facilitando a recolha de p\u00f3len sem revirar o conte\u00fado. Perfeito para entusiastas que procuram uma ferramenta fi\u00e1vel e duradoura, este moinho combina engenharia avan\u00e7ada com carater\u00edsticas f\u00e1ceis de utilizar. A sua constru\u00e7\u00e3o robusta e o revestimento n\u00e3o t\u00f3xico garantem uma experi\u00eancia de moagem limpa e segura, enquanto os componentes de primeira qualidade proporcionam resultados excepcionais. O SLX Silver Non-Stick Grinder \u00e9 uma escolha de topo para quem valoriza a qualidade, a durabilidade e a efici\u00eancia no seu processo de moagem, proporcionando uma experi\u00eancia perfeita para preparar ervas legais com precis\u00e3o e facilidade.<\/p>\n<h2 dir=\"ltr\">Hist\u00f3ria da SLX Silver Antiaderente Grinder<\/h2>\n<p dir=\"ltr\">O SLX Silver Non-Stick Grinder foi desenvolvido no final da d\u00e9cada de 2010, impulsionado pela procura de moedores de alta qualidade e duradouros para ervas legais para fumar. A SLX, uma marca focada em acess\u00f3rios inovadores para fumar, introduziu este moedor para resolver problemas comuns, como ervas que grudam e componentes fr\u00e1geis. Ao utilizar alum\u00ednio 7075 T6 de qualidade aeroespacial, mais forte do que a t\u00edpica s\u00e9rie 6, o SLX Silver Non-Stick Grinder estabeleceu um novo padr\u00e3o de durabilidade. O revestimento cer\u00e2mico antiaderente patenteado foi um avan\u00e7o, eliminando a necessidade de limpeza frequente e garantindo a seguran\u00e7a. A inclus\u00e3o de \u00edmanes de neod\u00edmio, dentes em forma de trap\u00e9zio e filtros de p\u00f3len sem rosca reflectia um compromisso com a precis\u00e3o e a conveni\u00eancia do utilizador. Ao longo do tempo, a SLX aperfei\u00e7oou o design para melhorar o desempenho, conquistando um p\u00fablico fiel entre os entusiastas. O desenvolvimento do moedor foi inspirado pela necessidade de uma ferramenta fi\u00e1vel e duradoura que pudesse suportar uma utiliza\u00e7\u00e3o intensiva. Hoje em dia, o SLX Silver Non-Stick Grinder continua a ser um l\u00edder no mercado, combinando materiais avan\u00e7ados com uma engenharia cuidadosa, oferecendo aos utilizadores uma solu\u00e7\u00e3o de moagem eficiente e de qualidade superior que proporciona resultados consistentes e celebra a qualidade artesanal na prepara\u00e7\u00e3o de ervas legais.<\/p>\n<h2 dir=\"ltr\">Como utilizar o SLX Silver Anti-Stick Grinder<\/h2>\n<p dir=\"ltr\">A utiliza\u00e7\u00e3o do SLX Silver Non-Stick Grinder \u00e9 simples e garante uma experi\u00eancia de moagem de qualidade superior para ervas legais para fumar. Abra o moinho rodando a tampa, fixada por \u00edmanes de neod\u00edmio, e coloque as suas ervas na c\u00e2mara de moagem. Volte a colocar a tampa e rode-a para a frente e para tr\u00e1s para moer as ervas utilizando os dentes em forma de trap\u00e9zio, que proporcionam uma textura fofa e consistente. As ervas mo\u00eddas acumulam-se no compartimento inferior, enquanto o p\u00f3len fino \u00e9 filtrado atrav\u00e9s do filtro de a\u00e7o inoxid\u00e1vel para o compartimento do p\u00f3len. Para aceder \u00e0s ervas mo\u00eddas, desaparafuse a sec\u00e7\u00e3o central e, para o p\u00f3len, levante o filtro sem rosca. O revestimento de cer\u00e2mica antiaderente garante que as ervas se libertam facilmente sem deixar res\u00edduos. Ap\u00f3s a utiliza\u00e7\u00e3o, guarde o SLX Silver Non-Stick Grinder num local seco para manter o seu estado. Para obter melhores resultados, evite encher demasiado a c\u00e2mara para garantir uma moagem suave. A simplicidade e a durabilidade do design tornam-no f\u00e1cil de utilizar para todos os n\u00edveis de compet\u00eancia. O SLX Silver Non-Stick Grinder oferece uma forma fi\u00e1vel e eficiente de preparar ervas legais, proporcionando resultados consistentes com o m\u00ednimo de esfor\u00e7o, gra\u00e7as \u00e0 sua engenharia avan\u00e7ada e componentes de primeira qualidade.<\/p>\n<h2 dir=\"ltr\">Mais informa\u00e7\u00f5es sobre o SLX Silver Anti-Stick Grinder<\/h2>\n<p dir=\"ltr\">O SLX Silver Non-Stick Grinder \u00e9 fabricado com materiais dur\u00e1veis e de alta qualidade para garantir uma experi\u00eancia de moagem segura e eficiente para ervas legais para fumar. O moinho \u00e9 fabricado em alum\u00ednio aeroespacial 7075 T6, um material robusto que evita o cruzamento de fios, dentes dobrados ou danos, assegurando uma durabilidade para toda a vida. Possui um revestimento cer\u00e2mico antiaderente patenteado, aplicado no interior e no exterior, que \u00e9 100% n\u00e3o t\u00f3xico e evita que as ervas se colem, eliminando a necessidade de limpeza. A c\u00e2mara de moagem inclui dentes em forma de trap\u00e9zio concebidos para uma moagem consistente, feitos do mesmo alum\u00ednio dur\u00e1vel. Os \u00edmanes de terras raras de neod\u00edmio fixam a tampa, evitando aberturas inesperadas. O filtro de a\u00e7o inoxid\u00e1vel, com um tamanho fino de m\u00edcron, filtra o p\u00f3len sem deixar passar peda\u00e7os de ervas maiores e \u00e9 amov\u00edvel sem roscas para um acesso f\u00e1cil. N\u00e3o s\u00e3o utilizados produtos qu\u00edmicos nocivos, garantindo um processo de tritura\u00e7\u00e3o seguro. Dispon\u00edvel nos tamanhos de 50,8 mm e 62 mm, o SLX Silver Anti-Stick Grinder combina materiais avan\u00e7ados com engenharia de precis\u00e3o, resultando numa ferramenta fi\u00e1vel e de alta qualidade que proporciona uma experi\u00eancia de moagem limpa e eficiente para ervas legais, dando prioridade \u00e0 durabilidade e \u00e0 seguran\u00e7a do utilizador.<\/p>","protected":false},"excerpt":{"rendered":"<p dir=\"ltr\" data-pm-slice=\"1 1 []\">O SLX Silver Non-Stick Grinder \u00e9 um moinho de alum\u00ednio de qualidade superior, aeroespacial, com um revestimento cer\u00e2mico antiaderente. Com dentes de forma \u00fanica, \u00edmanes de terras raras e ecr\u00e3s de qualidade superior, garante uma moagem consistente para ervas legais. Dispon\u00edvel em tamanho de bolso de 50,8 mm e tamanho dom\u00e9stico de 62 mm.<\/p>","protected":false},"featured_media":25153,"template":"","meta":[],"product_brand":[],"product_cat":[490,297,489,488,491],"product_tag":[],"class_list":{"0":"post-25150","1":"product","2":"type-product","3":"status-publish","4":"has-post-thumbnail","6":"product_cat-4-part-grinders","7":"product_cat-all-products","8":"product_cat-grinders","9":"product_cat-headshop","10":"product_cat-metal","11":"product_shipping_class-creditcard-on","13":"first","14":"instock","15":"taxable","16":"shipping-taxable","17":"purchasable","18":"product-type-variable","19":"has-default-attributes"},"_links":{"self":[{"href":"https:\/\/www.tatanka.nl\/pt\/wp-json\/wp\/v2\/product\/25150","targetHints":{"allow":["GET"]}}],"collection":[{"href":"https:\/\/www.tatanka.nl\/pt\/wp-json\/wp\/v2\/product"}],"about":[{"href":"https:\/\/www.tatanka.nl\/pt\/wp-json\/wp\/v2\/types\/product"}],"wp:featuredmedia":[{"embeddable":true,"href":"https:\/\/www.tatanka.nl\/pt\/wp-json\/wp\/v2\/media\/25153"}],"wp:attachment":[{"href":"https:\/\/www.tatanka.nl\/pt\/wp-json\/wp\/v2\/media?parent=25150"}],"wp:term":[{"taxonomy":"product_brand","embeddable":true,"href":"https:\/\/www.tatanka.nl\/pt\/wp-json\/wp\/v2\/product_brand?post=25150"},{"taxonomy":"product_cat","embeddable":true,"href":"https:\/\/www.tatanka.nl\/pt\/wp-json\/wp\/v2\/product_cat?post=25150"},{"taxonomy":"product_tag","embeddable":true,"href":"https:\/\/www.tatanka.nl\/pt\/wp-json\/wp\/v2\/product_tag?post=25150"}],"curies":[{"name":"wp","href":"https:\/\/api.w.org\/{rel}","templated":true}]}}