{"id":2558,"date":"2017-10-10T14:38:39","date_gmt":"2017-10-10T14:38:39","guid":{"rendered":"http:\/\/www.tatanka.nl\/?post_type=product&#038;p=2558"},"modified":"2026-03-15T12:48:28","modified_gmt":"2026-03-15T11:48:28","slug":"mexicana-truffles-10-gram-mushrooms-shrooms","status":"publish","type":"product","link":"https:\/\/www.tatanka.nl\/pt\/mexicana-truffles-10-gram-mushrooms-shrooms\/","title":{"rendered":"Mexicana Trufas m\u00e1gicas"},"content":{"rendered":"<h2 dir=\"ltr\" data-pm-slice=\"1 1 []\">O que s\u00e3o as Trufas M\u00e1gicas Mexicana?<\/h2>\n<p dir=\"ltr\">Mexicana As trufas m\u00e1gicas, cientificamente conhecidas como escler\u00f3cios, s\u00e3o um produto natural formado por fios de mic\u00e9lio subterr\u00e2neos. Estes fios criam uma massa compacta que armazena nutrientes, permitindo o crescimento do cogumelo quando as condi\u00e7\u00f5es como a temperatura e a humidade s\u00e3o ideais. Muitas vezes chamadas \"Trufas M\u00e1gicas\" pelas suas propriedades psicoactivas, cont\u00eam psilocibina, que se transforma em psilocina no corpo, influenciando os n\u00edveis de serotonina e induzindo uma experi\u00eancia alucinog\u00e9nica. As trufas m\u00e1gicas Mexicana s\u00e3o famosas pelos seus efeitos vibrantes e coloridos, o que as torna uma escolha popular para os principiantes em subst\u00e2ncias psicad\u00e9licas. O seu impacto suave mas profundo oferece uma mistura de alucina\u00e7\u00f5es visuais e percep\u00e7\u00f5es introspectivas, criando uma viagem \u00fanica e pessoal. Consumidas pela sua capacidade de alterar a perce\u00e7\u00e3o e promover a auto-descoberta, estas trufas proporcionam uma forma segura e controlada de explorar estados alterados de consci\u00eancia. Com um perfil nutricional que apoia a energia e as fun\u00e7\u00f5es corporais, s\u00e3o mais do que apenas uma subst\u00e2ncia psicoactiva - s\u00e3o uma ponte para uma compreens\u00e3o mais profunda do eu e do mundo.<\/p>\n<h2 dir=\"ltr\">Hist\u00f3ria das Trufas M\u00e1gicas Mexicana<\/h2>\n<p dir=\"ltr\">As origens das Trufas M\u00e1gicas Mexicana remontam \u00e0s antigas culturas mesoamericanas, onde os fungos contendo psilocibina eram venerados como sagrados. Conhecidas como \"Carne dos Deuses\" pelos astecas, estas subst\u00e2ncias eram utilizadas em cerim\u00f3nias espirituais para se ligarem ao divino e obterem conhecimentos. As Trufas M\u00e1gicas Mexicana, especificamente, s\u00e3o derivadas do cogumelo Psilocybe Mexicana, nativo da Am\u00e9rica Central e do Sul. Os xam\u00e3s ind\u00edgenas utilizavam-nas para curas, adivinha\u00e7\u00e3o e rituais comunit\u00e1rios, acreditando que abriam portas para outros reinos. A sua utiliza\u00e7\u00e3o persistiu apesar da repress\u00e3o colonial, ressurgindo no s\u00e9culo XX quando os investigadores ocidentais redescobriram as suas propriedades psicoactivas. Atualmente, as trufas m\u00e1gicas Mexicana s\u00e3o cultivadas e consumidas em todo o mundo, valorizadas pelos seus efeitos mais suaves em compara\u00e7\u00e3o com outras variedades. Representam uma mistura de tradi\u00e7\u00e3o antiga e explora\u00e7\u00e3o moderna, oferecendo aos utilizadores uma forma de explorar pr\u00e1ticas seculares de auto-descoberta e crescimento espiritual. O seu conte\u00fado nutricional, incluindo vitaminas e minerais, aumenta a sua atra\u00e7\u00e3o como produto hol\u00edstico, ligando os utilizadores \u00e0 natureza e ao seu eu interior de uma forma segura e controlada.<\/p>\n<h2 dir=\"ltr\">Como utilizar as trufas m\u00e1gicas Mexicana<\/h2>\n<p dir=\"ltr\">A utiliza\u00e7\u00e3o do Mexicana Magic Truffles requer prepara\u00e7\u00e3o e cuidado para garantir uma experi\u00eancia segura e agrad\u00e1vel. Come\u00e7a num ambiente calmo e familiar, com companheiros de confian\u00e7a. Come\u00e7a com metade do conte\u00fado de uma caixa de 15 gramas, mastigando bem para aumentar a absor\u00e7\u00e3o, ou transforma-as em ch\u00e1 ou sopa para um consumo mais f\u00e1cil. Aguarde 30-45 minutos para avaliar os efeitos antes de considerar mais, pois os efeitos intensificam-se gradualmente. Para melhores resultados, consumir com o est\u00f4mago vazio. A trip atinge normalmente o seu pico em 1-3 horas e desaparece ap\u00f3s 5-6 horas. Guarda as trufas m\u00e1gicas Mexicana num local escuro e fresco (2-4\u00b0C) para manteres a pot\u00eancia. Evita misturar com \u00e1lcool, medicamentos ou outras subst\u00e2ncias, e nunca uses durante a gravidez ou se tiveres menos de 18 anos. As pessoas com problemas de sa\u00fade mental, problemas card\u00edacos ou outros problemas m\u00e9dicos devem abster-se de consumir. Ap\u00f3s o consumo, evite conduzir ou participar em actividades de risco. A experi\u00eancia pode variar, oferecendo alucina\u00e7\u00f5es visuais ou profundas percep\u00e7\u00f5es filos\u00f3ficas, por isso, deve ser abordada com uma mente aberta. Seguindo estas diretrizes, os utilizadores podem abra\u00e7ar plenamente a viagem \u00fanica e transformadora que as Trufas M\u00e1gicas Mexicana proporcionam.<\/p>\n<h2 dir=\"ltr\">Ingredientes das Trufas M\u00e1gicas Mexicana<\/h2>\n<p dir=\"ltr\">As Trufas M\u00e1gicas Mexicana s\u00e3o um produto natural com um perfil nutricional rico, composto principalmente por escler\u00f3cios formados pelo mic\u00e9lio do Psilocybe Mexicana. O seu principal ingrediente ativo \u00e9 a psilocibina, que se converte em psilocina no organismo, desencadeando os efeitos alucinog\u00e9nios. Para al\u00e9m da psilocibina, cont\u00eam nutrientes essenciais vitais para as fun\u00e7\u00f5es corporais: 464,7 kJ de energia, 13,2 gramas de hidratos de carbono, 5,3 gramas de prote\u00ednas e 16,7 gramas de fibra alimentar por cada 100 gramas. Tamb\u00e9m fornecem um m\u00ednimo de gordura (0,4 gramas), 0,3 gramas de sal e oligoelementos como pot\u00e1ssio (210 mg), f\u00f3sforo (169,3 mg) e c\u00e1lcio (12,5 mg). Al\u00e9m disso, incluem pequenas quantidades de vitamina D (10 UI) e ferro (0,7 mg). Estes nutrientes apoiam a produ\u00e7\u00e3o de energia, a repara\u00e7\u00e3o dos tecidos e a sa\u00fade em geral, tornando as Trufas M\u00e1gicas Mexicana mais do que uma simples subst\u00e2ncia psicoactiva. Sem aditivos artificiais, s\u00e3o um produto puro e org\u00e2nico. No entanto, os seus compostos psicoactivos requerem uma utiliza\u00e7\u00e3o respons\u00e1vel, pois alteram significativamente a perce\u00e7\u00e3o e a consci\u00eancia, oferecendo uma experi\u00eancia profunda quando consumidos cuidadosamente num ambiente seguro e controlado.<\/p>\n<p dir=\"ltr\"><strong>Aviso<\/strong><br \/>\nAs Trufas M\u00e1gicas Mexicana cont\u00eam psilocibina e psilocina naturais, alucinog\u00e9nios potentes que podem induzir altera\u00e7\u00f5es significativas na consci\u00eancia, incluindo alucina\u00e7\u00f5es v\u00edvidas. Estas subst\u00e2ncias afectam os n\u00edveis de serotonina, o que pode afetar o humor, a perce\u00e7\u00e3o e a cogni\u00e7\u00e3o. Utiliza-as de forma respons\u00e1vel num ambiente seguro e evita o seu consumo se tiveres problemas de sa\u00fade mental, problemas card\u00edacos ou pulmonares, diabetes, estiveres gr\u00e1vida ou a amamentar. Nunca misture com \u00e1lcool, medicamentos ou outras drogas, pois as intera\u00e7\u00f5es podem ser imprevis\u00edveis. Manter as Trufas M\u00e1gicas Mexicana fora do alcance das crian\u00e7as devido \u00e0s suas propriedades psicoactivas. N\u00e3o utilizar ve\u00edculos ou m\u00e1quinas durante ou ap\u00f3s a utiliza\u00e7\u00e3o, pois os efeitos podem persistir. Os menores de 18 anos n\u00e3o as devem consumir. Aten\u00e7\u00e3o \u00e0 dosagem, come\u00e7ando com uma pequena quantidade para avaliar a toler\u00e2ncia, pois os efeitos variam consoante o indiv\u00edduo. Armazena adequadamente para manteres a seguran\u00e7a e a pot\u00eancia.<\/p>","protected":false},"excerpt":{"rendered":"<p><span style=\"font-size: 100%;\">Mexicana Mushroom Truffles \u00e9 a mais leve da nossa linha de trufas e \u00e9 uma \u00f3ptima maneira de come\u00e7ar, se estiver curioso para obter o efeito mais suave. <\/span>A Psilocybe mexicana (Flesh Of The Gods) promete-te uma viagem euf\u00f3rica e uma felicidade e satisfa\u00e7\u00e3o geral. O efeito visual ser\u00e1 brilhante.<\/p>","protected":false},"featured_media":35150,"template":"","meta":[],"product_brand":[],"product_cat":[516,297,577,595,395,518,513,515,519,476],"product_tag":[662],"class_list":{"0":"post-2558","1":"product","2":"type-product","3":"status-publish","4":"has-post-thumbnail","6":"product_cat-magic-truffles","7":"product_cat-all-products","8":"product_cat-beginner-magic-truffles","9":"product_cat-mcsmart","10":"product_cat-microdosing","11":"product_cat-mushrooms","12":"product_cat-party","13":"product_cat-shroomshop","14":"product_cat-shroomshop-top-10","15":"product_cat-smartshop","16":"product_tag-shrdeal","17":"product_shipping_class-creditcard-off","19":"first","20":"instock","21":"taxable","22":"shipping-taxable","23":"purchasable","24":"product-type-variable","25":"has-default-attributes"},"_links":{"self":[{"href":"https:\/\/www.tatanka.nl\/pt\/wp-json\/wp\/v2\/product\/2558","targetHints":{"allow":["GET"]}}],"collection":[{"href":"https:\/\/www.tatanka.nl\/pt\/wp-json\/wp\/v2\/product"}],"about":[{"href":"https:\/\/www.tatanka.nl\/pt\/wp-json\/wp\/v2\/types\/product"}],"wp:featuredmedia":[{"embeddable":true,"href":"https:\/\/www.tatanka.nl\/pt\/wp-json\/wp\/v2\/media\/35150"}],"wp:attachment":[{"href":"https:\/\/www.tatanka.nl\/pt\/wp-json\/wp\/v2\/media?parent=2558"}],"wp:term":[{"taxonomy":"product_brand","embeddable":true,"href":"https:\/\/www.tatanka.nl\/pt\/wp-json\/wp\/v2\/product_brand?post=2558"},{"taxonomy":"product_cat","embeddable":true,"href":"https:\/\/www.tatanka.nl\/pt\/wp-json\/wp\/v2\/product_cat?post=2558"},{"taxonomy":"product_tag","embeddable":true,"href":"https:\/\/www.tatanka.nl\/pt\/wp-json\/wp\/v2\/product_tag?post=2558"}],"curies":[{"name":"wp","href":"https:\/\/api.w.org\/{rel}","templated":true}]}}