{"id":2562,"date":"2017-10-10T15:17:50","date_gmt":"2017-10-10T15:17:50","guid":{"rendered":"http:\/\/www.tatanka.nl\/?post_type=product&#038;p=2562"},"modified":"2026-04-08T00:48:33","modified_gmt":"2026-04-07T23:48:33","slug":"atlantis-truffles-10-gram-mushrooms-shrooms","status":"publish","type":"product","link":"https:\/\/www.tatanka.nl\/pt\/atlantis-truffles-10-gram-mushrooms-shrooms\/","title":{"rendered":"Atlantis Trufas m\u00e1gicas"},"content":{"rendered":"<h2>O que s\u00e3o as trufas m\u00e1gicas Psilocybe Atlantis?<\/h2>\n<p>As trufas m\u00e1gicas Psilocybe Atlantis, frequentemente designadas por escler\u00f3cios, s\u00e3o forma\u00e7\u00f5es subterr\u00e2neas de fios de mic\u00e9lio que armazenam nutrientes para o crescimento dos cogumelos. Estas trufas formam-se quando as condi\u00e7\u00f5es ambientais, como as quedas de temperatura e o aumento da humidade, n\u00e3o s\u00e3o ideais para os cogumelos, permitindo que o mic\u00e9lio crie uma reserva rica em nutrientes. Este processo natural torna-as uma fonte potente de psilocibina, o composto respons\u00e1vel pelos seus efeitos psicoactivos. As trufas m\u00e1gicas Psilocybe Atlantis s\u00e3o famosas pela sua acessibilidade, oferecendo uma experi\u00eancia \u00fanica que vai desde alucina\u00e7\u00f5es visuais a reflex\u00f5es filos\u00f3ficas profundas. A sua versatilidade torna-as favoritas entre os que procuram crescimento pessoal ou uma nova perspetiva. Repletas de nutrientes como hidratos de carbono, prote\u00ednas e minerais, tamb\u00e9m contribuem para as fun\u00e7\u00f5es corporais. Durante s\u00e9culos, subst\u00e2ncias semelhantes foram utilizadas em pr\u00e1ticas espirituais e, hoje em dia, as trufas m\u00e1gicas Psilocybe Atlantis continuam a cativar os utilizadores com a sua capacidade de desbloquear o potencial da mente, fomentando a criatividade e a autoconsci\u00eancia num ambiente controlado e seguro.<\/p>\n<h2>Hist\u00f3ria das trufas m\u00e1gicas Psilocybe Atlantis<\/h2>\n<p>A utiliza\u00e7\u00e3o de subst\u00e2ncias que cont\u00eam psilocibina, como as trufas m\u00e1gicas Psilocybe Atlantis, remonta a milhares de anos atr\u00e1s, \u00e0s culturas ind\u00edgenas da Mesoam\u00e9rica e n\u00e3o s\u00f3. As sociedades antigas veneravam estes compostos naturais pelas suas propriedades espirituais e xam\u00e2nicas, utilizando-os em rituais para se ligarem ao divino ou obterem conhecimentos. Embora a variedade espec\u00edfica Atlantis seja uma descoberta moderna, baptizada pelo seu fasc\u00ednio m\u00edtico e sobrenatural, as suas ra\u00edzes est\u00e3o ligadas a esta rica hist\u00f3ria. Encontrada em regi\u00f5es como o sudeste dos Estados Unidos, esta variedade foi identificada pelos seus efeitos equilibrados, misturando visuais v\u00edvidos com profundidade introspectiva. Com o passar do tempo, \u00e0 medida que o interesse cient\u00edfico crescia, o impacto da psilocibina nos receptores de serotonina tornou-se mais bem compreendido, validando a sua utiliza\u00e7\u00e3o tradicional. Nas \u00faltimas d\u00e9cadas, as trufas m\u00e1gicas Psilocybe Atlantis ganharam popularidade nas regi\u00f5es onde est\u00e3o legalmente dispon\u00edveis, impulsionadas por um interesse renovado nos psicad\u00e9licos para explora\u00e7\u00e3o pessoal e potencial terap\u00eautico. A sua ascens\u00e3o reflecte uma mudan\u00e7a cultural mais ampla no sentido de abra\u00e7ar subst\u00e2ncias naturais para o crescimento mental e emocional, com utilizadores atra\u00eddos pela sua capacidade de inspirar admira\u00e7\u00e3o e auto-descoberta, continuando um legado de fasc\u00ednio humano com as possibilidades inexploradas da mente.<\/p>\n<h2>Como utilizar as trufas m\u00e1gicas Psilocybe Atlantis<\/h2>\n<p>A utiliza\u00e7\u00e3o da Psilocybe Atlantis Magic Truffles requer uma prepara\u00e7\u00e3o cuidadosa para garantir uma experi\u00eancia segura e agrad\u00e1vel. Come\u00e7a num ambiente calmo e familiar para promover o conforto. Para os utilizadores principiantes, come\u00e7a com metade do conte\u00fado de uma \u00fanica caixa, que normalmente pesa cerca de 15 gramas, e espera 30-45 minutos para avaliares os efeitos antes de considerares mais. Consumir com o est\u00f4mago vazio aumenta a absor\u00e7\u00e3o, e mastigar bem melhora a pot\u00eancia. Em alternativa, pode transformar as trufas em ch\u00e1 ou mistur\u00e1-las numa sopa para facilitar o consumo. Guarda-as num local escuro e fresco entre 2\u00b0C e 4\u00b0C para manteres a frescura. Os efeitos atingem normalmente o seu pico em 1-3 horas e desaparecem ap\u00f3s 5-6 horas. Evita a combina\u00e7\u00e3o com \u00e1lcool, medicamentos ou outras subst\u00e2ncias, e assegura-te que est\u00e1s de boa sa\u00fade f\u00edsica e mental. Nunca excedas uma caixa por sess\u00e3o, e evita o uso se tiveres menos de 18 anos, se estiveres gr\u00e1vida ou se sofreres de problemas como depress\u00e3o ou problemas card\u00edacos. Ap\u00f3s a ingest\u00e3o, relaxe e deixe que a experi\u00eancia se desenrole naturalmente, permitindo que as trufas o guiem atrav\u00e9s de uma viagem transformadora de introspe\u00e7\u00e3o e admira\u00e7\u00e3o, adaptada \u00e0 sua mentalidade e ambiente \u00fanicos.<\/p>\n<h2>Ingredientes das Trufas M\u00e1gicas Psilocybe Atlantis<\/h2>\n<p>As trufas m\u00e1gicas Psilocybe Atlantis s\u00e3o um produto natural repleto de compostos psicoactivos e nutrientes essenciais. O ingrediente ativo principal \u00e9 a psilocibina, que se converte em psilocina no corpo, influenciando os receptores de serotonina para produzir efeitos alucinog\u00e9nios. Juntamente com a psilocibina, estas trufas cont\u00eam nutrientes vitais para a sa\u00fade humana, incluindo 13,2 gramas de hidratos de carbono, 5,3 gramas de prote\u00ednas e 16,7 gramas de fibra alimentar por 100 gramas. Tamb\u00e9m fornecem 0,4 gramas de gordura, 0,3 gramas de sal e minerais como pot\u00e1ssio (210 mg), f\u00f3sforo (169,3 mg), c\u00e1lcio (12,5 mg) e ferro (0,7 mg). Quantidades vestigiais de vitamina D (10 UI) e s\u00f3dio (13,6 mg) contribuem ainda mais para o seu perfil nutricional. Estes componentes apoiam a produ\u00e7\u00e3o de energia, as fun\u00e7\u00f5es corporais e o bem-estar geral, tornando as trufas mais do que uma mera subst\u00e2ncia psicoactiva. Cultivadas no subsolo como escler\u00f3cios, absorvem estes nutrientes para sustentar o potencial crescimento do cogumelo, oferecendo uma mistura \u00fanica de compostos naturais. Esta combina\u00e7\u00e3o de psilocibina e nutrientes real\u00e7a o seu atrativo, proporcionando uma experi\u00eancia m\u00edstica e uma fonte de sustento para utilizadores aventureiros que procuram uma viagem hol\u00edstica.<\/p>\n<p><strong>Avisos<\/strong><\/p>\n<p>As trufas m\u00e1gicas Psilocybe Atlantis cont\u00eam psilocibina e psilocina naturais, que s\u00e3o alucinog\u00e9nios potentes que alteram a consci\u00eancia e podem induzir alucina\u00e7\u00f5es v\u00edvidas. Usa com cuidado e apenas num ambiente seguro e controlado. N\u00e3o uses se tiveres problemas de sa\u00fade mental, como depress\u00e3o, ou condi\u00e7\u00f5es f\u00edsicas como tens\u00e3o arterial alta\/baixa, problemas card\u00edacos ou pulmonares, diabetes, ou se estiveres gr\u00e1vida ou a amamentar. Evite o uso se tiver menos de 18 anos e nunca o combine com \u00e1lcool, medicamentos ou outras drogas. \u00c9 proibido conduzir ou operar m\u00e1quinas durante ou ap\u00f3s a utiliza\u00e7\u00e3o. Guardar fora do alcance das crian\u00e7as devido \u00e0s suas propriedades psicoactivas. Tem em aten\u00e7\u00e3o os efeitos intensos, que podem variar consoante a dosagem e a sensibilidade individual, e assegura-te de que est\u00e1s num estado mental est\u00e1vel antes de consumires.<\/p>","protected":false},"excerpt":{"rendered":"<p><span style=\"font-size: 100%;\">Psilocybe <\/span>Atlantis Trufas de cogumelos <span style=\"font-size: 100%;\">s\u00e3o semelhantes \u00e0s trufas Mexicana, mas s\u00e3o mais fortes. A Atlantis tem um efeito visual mais leve do que as restantes Trufas Cogumelo. <\/span><span style=\"font-size: 100%;\">As trufas m\u00e1gicas Atlantis v\u00e3o torn\u00e1-lo criativo, aberto \u00e0 consci\u00eancia, experimentar um efeito visual colorido com sensa\u00e7\u00f5es de euforia quentes e de formigueiro.<\/span><\/p>","protected":false},"featured_media":35146,"template":"","meta":[],"product_brand":[],"product_cat":[516,297,577,595,395,518,513,515,519,476,514],"product_tag":[662],"class_list":{"0":"post-2562","1":"product","2":"type-product","3":"status-publish","4":"has-post-thumbnail","6":"product_cat-magic-truffles","7":"product_cat-all-products","8":"product_cat-beginner-magic-truffles","9":"product_cat-mcsmart","10":"product_cat-microdosing","11":"product_cat-mushrooms","12":"product_cat-party","13":"product_cat-shroomshop","14":"product_cat-shroomshop-top-10","15":"product_cat-smartshop","16":"product_cat-smartshop-top-10","17":"product_tag-shrdeal","18":"product_shipping_class-creditcard-off","20":"first","21":"instock","22":"taxable","23":"shipping-taxable","24":"purchasable","25":"product-type-variable","26":"has-default-attributes"},"_links":{"self":[{"href":"https:\/\/www.tatanka.nl\/pt\/wp-json\/wp\/v2\/product\/2562","targetHints":{"allow":["GET"]}}],"collection":[{"href":"https:\/\/www.tatanka.nl\/pt\/wp-json\/wp\/v2\/product"}],"about":[{"href":"https:\/\/www.tatanka.nl\/pt\/wp-json\/wp\/v2\/types\/product"}],"wp:featuredmedia":[{"embeddable":true,"href":"https:\/\/www.tatanka.nl\/pt\/wp-json\/wp\/v2\/media\/35146"}],"wp:attachment":[{"href":"https:\/\/www.tatanka.nl\/pt\/wp-json\/wp\/v2\/media?parent=2562"}],"wp:term":[{"taxonomy":"product_brand","embeddable":true,"href":"https:\/\/www.tatanka.nl\/pt\/wp-json\/wp\/v2\/product_brand?post=2562"},{"taxonomy":"product_cat","embeddable":true,"href":"https:\/\/www.tatanka.nl\/pt\/wp-json\/wp\/v2\/product_cat?post=2562"},{"taxonomy":"product_tag","embeddable":true,"href":"https:\/\/www.tatanka.nl\/pt\/wp-json\/wp\/v2\/product_tag?post=2562"}],"curies":[{"name":"wp","href":"https:\/\/api.w.org\/{rel}","templated":true}]}}