{"id":2564,"date":"2017-10-09T15:41:30","date_gmt":"2017-10-09T14:41:30","guid":{"rendered":"http:\/\/www.tatanka.nl\/?post_type=product&#038;p=2564"},"modified":"2025-10-16T07:55:32","modified_gmt":"2025-10-16T06:55:32","slug":"tampanensis-truffles-10-gram-magic-mushrooms-shrooms","status":"publish","type":"product","link":"https:\/\/www.tatanka.nl\/pt\/tampanensis-truffles-10-gram-magic-mushrooms-shrooms\/","title":{"rendered":"Tampanensis Trufas m\u00e1gicas"},"content":{"rendered":"<h2 dir=\"ltr\" data-pm-slice=\"1 1 []\">O que \u00e9 o Psilocybe Tampanensis?<\/h2>\n<p dir=\"ltr\">O Psilocybe Tampanensis, muitas vezes chamado de Pedra Filosofal, \u00e9 um tipo de trufa m\u00e1gica, cientificamente conhecida como escler\u00f3cio. Estas trufas formam-se no subsolo a partir de fios de mic\u00e9lio quando condi\u00e7\u00f5es como a temperatura e a humidade n\u00e3o s\u00e3o ideais para o crescimento de cogumelos. Em vez disso, o mic\u00e9lio compacta-se em escler\u00f3cios ricos em nutrientes, que armazenam energia para o desenvolvimento futuro dos cogumelos. O Psilocybe Tampanensis \u00e9 celebrado pelos seus efeitos \u00fanicos, oferecendo uma viagem mais suave e filos\u00f3fica em compara\u00e7\u00e3o com outras trufas m\u00e1gicas, tornando-o ideal para principiantes. Os utilizadores relatam frequentemente uma sensa\u00e7\u00e3o alegre, semelhante a uma moca, associada a pensamentos profundos e introspectivos. A capacidade da trufa para estimular a auto-descoberta e uma nova perspetiva da vida tornou-a uma das favoritas entre os que exploram estados alterados de consci\u00eancia. Cada caixa cont\u00e9m 15 gramas, concebidas para um \u00fanico utilizador experimentar uma viagem completa. Os efeitos variam consoante a dosagem e a sensibilidade individual, mas proporcionam de forma consistente uma maneira segura e controlada de explorar a mente. Armazenadas adequadamente entre 2\u00b0C e 4\u00b0C, estas trufas permanecem frescas e potentes, prontas para proporcionar uma experi\u00eancia transformadora num ambiente de confian\u00e7a.<\/p>\n<h2 dir=\"ltr\">Hist\u00f3ria do Psilocybe Tampanensis<\/h2>\n<p dir=\"ltr\">A hist\u00f3ria da Psilocybe Tampanensis remonta ao final do s\u00e9culo XX, quando foi descoberta pela primeira vez em Tampa, Florida, em 1977, dando-lhe o nome de \"Tampanensis\". Inicialmente estudada pelo seu teor de psilocibina, ganhou fama como Pedra Filosofal devido aos seus efeitos profundos e estimulantes. As culturas ind\u00edgenas h\u00e1 muito que utilizam fungos contendo psilocibina para fins espirituais e xam\u00e2nicos, mas o Psilocybe Tampanensis tornou-se um favorito moderno pela sua acessibilidade e efeitos mais suaves. Nos anos 90, era cultivada nos Pa\u00edses Baixos, onde as trufas m\u00e1gicas se tornaram uma alternativa legal aos cogumelos psilocibinos. O seu aumento de popularidade deve-se \u00e0 sua capacidade de oferecer uma experi\u00eancia controlada e introspectiva sem efeitos visuais avassaladores, apelando tanto a utilizadores novatos como a utilizadores experientes. Atualmente, o Psilocybe Tampanensis \u00e9 uma pedra angular do mercado das trufas m\u00e1gicas, valorizado pela sua profundidade filos\u00f3fica e liga\u00e7\u00e3o \u00e0 auto-consci\u00eancia. A sua viagem de uma descoberta selvagem na Fl\u00f3rida para uma trufa reconhecida mundialmente reflecte o interesse crescente nos psicad\u00e9licos para o crescimento pessoal. O legado da trufa continua a evoluir \u00e0 medida que mais pessoas procuram experi\u00eancias significativas e transformadoras atrav\u00e9s da sua utiliza\u00e7\u00e3o em ambientes seguros e intencionais.<\/p>\n<h2 dir=\"ltr\">Como utilizar o Psilocybe Tampanensis<\/h2>\n<p dir=\"ltr\">A utiliza\u00e7\u00e3o do Psilocybe Tampanensis requer cuidados para garantir uma experi\u00eancia segura e agrad\u00e1vel. Comece num ambiente calmo e familiar para se sentir seguro durante a viagem. Come\u00e7a com metade da caixa de 15 gramas, mastigando bem para aumentar a absor\u00e7\u00e3o, pois as trufas funcionam melhor com o est\u00f4mago vazio. Ap\u00f3s 30-45 minutos, avalie os efeitos antes de decidir consumir mais, pois uma pequena dose adicional pode intensificar a experi\u00eancia. Em alternativa, podes preparar as trufas como ch\u00e1 ou sopa para um consumo mais f\u00e1cil. Os efeitos atingem normalmente o seu pico 1-3 horas ap\u00f3s a ingest\u00e3o, com a viagem a durar 5-6 horas. Guarda a Psilocybe Tampanensis num local escuro e fresco (2\u00b0C-4\u00b0C) para manteres a pot\u00eancia. Evita a combina\u00e7\u00e3o com \u00e1lcool, medicamentos ou outras drogas, e nunca uses durante a gravidez, amamenta\u00e7\u00e3o ou se tiveres problemas de sa\u00fade mental ou f\u00edsica como depress\u00e3o, problemas card\u00edacos ou diabetes. \u00c9 proibido conduzir ou operar m\u00e1quinas durante a utiliza\u00e7\u00e3o. Para obter a melhor experi\u00eancia, relaxe e abrace a viagem, permitindo que os efeitos filos\u00f3ficos da trufa se desenvolvam naturalmente. A Psilocybe Tampanensis n\u00e3o \u00e9 adequada para menores de 18 anos, garantindo que apenas os adultos exploram as suas propriedades \u00fanicas e expansivas de forma respons\u00e1vel.<\/p>\n<h2 dir=\"ltr\">Ingredientes de Psilocybe Tampanensis<\/h2>\n<p dir=\"ltr\">A Psilocybe Tampanensis \u00e9 um produto natural repleto de nutrientes e compostos bioactivos. O principal ingrediente ativo \u00e9 a psilocibina, que se converte em psilocina no corpo, influenciando os n\u00edveis de serotonina para criar a viagem alucinog\u00e9nica carater\u00edstica. Para al\u00e9m da psilocibina, a trufa cont\u00e9m nutrientes essenciais para a sa\u00fade humana, incluindo 13,2 gramas de hidratos de carbono, 5,3 gramas de prote\u00ednas e 0,4 gramas de gordura por 100 gramas. Tamb\u00e9m fornece 16,7 gramas de fibra diet\u00e9tica, ajudando a digest\u00e3o, e 0,3 gramas de sal. Os principais minerais incluem 210 mg de pot\u00e1ssio, 169,3 mg de f\u00f3sforo, 12,5 mg de c\u00e1lcio e 0,7 mg de ferro por 100 gramas, juntamente com 13,6 mg de s\u00f3dio. Al\u00e9m disso, fornece 10 UI de vitamina D, contribuindo para o bem-estar geral. Estes nutrientes fazem do Psilocybe Tampanensis n\u00e3o s\u00f3 uma fonte de explora\u00e7\u00e3o mental profunda, mas tamb\u00e9m um suplemento diet\u00e9tico \u00fanico. A composi\u00e7\u00e3o natural da trufa apoia o seu papel nas viagens de crescimento pessoal, fornecendo tanto conhecimentos filos\u00f3ficos como valor nutricional. Consumir sempre de forma respons\u00e1vel, pois os compostos psicoactivos requerem um manuseamento cuidadoso para garantir uma experi\u00eancia segura e significativa.<\/p>\n<p dir=\"ltr\"><strong>Aviso<\/strong><br \/>\nO Psilocybe Tampanensis cont\u00e9m psilocibina e psilocina, alucinog\u00e9nios naturais que alteram a consci\u00eancia e podem induzir alucina\u00e7\u00f5es v\u00edvidas. Estas subst\u00e2ncias podem afetar significativamente a perce\u00e7\u00e3o, o humor e os processos de pensamento, por isso usa-as com precau\u00e7\u00e3o. Consome-as sempre num ambiente seguro e controlado e evita-as se tiveres problemas de sa\u00fade mental, condi\u00e7\u00f5es f\u00edsicas, ou se estiveres gr\u00e1vida ou a amamentar. Mant\u00e9m a Psilocybe Tampanensis fora do alcance das crian\u00e7as devido aos seus potentes efeitos psicoactivos. O uso indevido ou excessivo pode levar a experi\u00eancias imprevis\u00edveis, por isso segue cuidadosamente as instru\u00e7\u00f5es de dosagem e nunca mistures com outras subst\u00e2ncias.<\/p>","protected":false},"excerpt":{"rendered":"<p><span style=\"font-size: 100%;\">A psilocibo Tampanensis \u00e9 perfeita para uma viagem introspectiva com um forte efeito cerebral, mas sem muita experi\u00eancia visual. <\/span><span style=\"font-size: 100%;\">Esta variedade \u00e9 conhecida como \"Philosopher's Stones\" (pedras filosofais). A Tampanensis \u00e9 uma variedade leve que proporciona um pensamento criativo, meditativo e uma viagem espiritual intensa.<\/span><\/p>","protected":false},"featured_media":35152,"template":"","meta":[],"product_brand":[],"product_cat":[516,297,577,595,395,518,513,515,476],"product_tag":[662],"class_list":{"0":"post-2564","1":"product","2":"type-product","3":"status-publish","4":"has-post-thumbnail","6":"product_cat-magic-truffles","7":"product_cat-all-products","8":"product_cat-beginner-magic-truffles","9":"product_cat-mcsmart","10":"product_cat-microdosing","11":"product_cat-mushrooms","12":"product_cat-party","13":"product_cat-shroomshop","14":"product_cat-smartshop","15":"product_tag-shrdeal","16":"product_shipping_class-creditcard-off","18":"first","19":"instock","20":"taxable","21":"shipping-taxable","22":"purchasable","23":"product-type-variable","24":"has-default-attributes"},"_links":{"self":[{"href":"https:\/\/www.tatanka.nl\/pt\/wp-json\/wp\/v2\/product\/2564","targetHints":{"allow":["GET"]}}],"collection":[{"href":"https:\/\/www.tatanka.nl\/pt\/wp-json\/wp\/v2\/product"}],"about":[{"href":"https:\/\/www.tatanka.nl\/pt\/wp-json\/wp\/v2\/types\/product"}],"wp:featuredmedia":[{"embeddable":true,"href":"https:\/\/www.tatanka.nl\/pt\/wp-json\/wp\/v2\/media\/35152"}],"wp:attachment":[{"href":"https:\/\/www.tatanka.nl\/pt\/wp-json\/wp\/v2\/media?parent=2564"}],"wp:term":[{"taxonomy":"product_brand","embeddable":true,"href":"https:\/\/www.tatanka.nl\/pt\/wp-json\/wp\/v2\/product_brand?post=2564"},{"taxonomy":"product_cat","embeddable":true,"href":"https:\/\/www.tatanka.nl\/pt\/wp-json\/wp\/v2\/product_cat?post=2564"},{"taxonomy":"product_tag","embeddable":true,"href":"https:\/\/www.tatanka.nl\/pt\/wp-json\/wp\/v2\/product_tag?post=2564"}],"curies":[{"name":"wp","href":"https:\/\/api.w.org\/{rel}","templated":true}]}}