{"id":26812,"date":"2020-03-06T22:29:24","date_gmt":"2020-03-06T22:29:24","guid":{"rendered":"https:\/\/www.tatanka.nl\/?post_type=product&#038;p=26812"},"modified":"2025-05-20T09:57:49","modified_gmt":"2025-05-20T08:57:49","slug":"alice-in-grinderland-cheshire-cat","status":"publish","type":"product","link":"https:\/\/www.tatanka.nl\/pt\/alice-in-grinderland-cheshire-cat\/","title":{"rendered":"Alice In Grinderland \u2013 Cheshire Cat"},"content":{"rendered":"","protected":false},"excerpt":{"rendered":"<p>Este \u00e9 um cart\u00e3o de moagem de cole\u00e7\u00e3o da s\u00e9rie Alice In Grinderland, moa o seu material para fumar em qualquer lugar com este cart\u00e3o de moagem do Gato de Cheshire. Cabe perfeitamente na tua carteira!<\/p>","protected":false},"featured_media":26816,"template":"","meta":[],"product_brand":[],"product_cat":[503,297,489,488],"product_tag":[],"class_list":{"0":"post-26812","1":"product","2":"type-product","3":"status-publish","4":"has-post-thumbnail","6":"product_cat-card-grinders","7":"product_cat-all-products","8":"product_cat-grinders","9":"product_cat-headshop","10":"product_shipping_class-creditcard-on","12":"first","13":"instock","14":"taxable","15":"shipping-taxable","16":"purchasable","17":"product-type-simple"},"_links":{"self":[{"href":"https:\/\/www.tatanka.nl\/pt\/wp-json\/wp\/v2\/product\/26812","targetHints":{"allow":["GET"]}}],"collection":[{"href":"https:\/\/www.tatanka.nl\/pt\/wp-json\/wp\/v2\/product"}],"about":[{"href":"https:\/\/www.tatanka.nl\/pt\/wp-json\/wp\/v2\/types\/product"}],"wp:featuredmedia":[{"embeddable":true,"href":"https:\/\/www.tatanka.nl\/pt\/wp-json\/wp\/v2\/media\/26816"}],"wp:attachment":[{"href":"https:\/\/www.tatanka.nl\/pt\/wp-json\/wp\/v2\/media?parent=26812"}],"wp:term":[{"taxonomy":"product_brand","embeddable":true,"href":"https:\/\/www.tatanka.nl\/pt\/wp-json\/wp\/v2\/product_brand?post=26812"},{"taxonomy":"product_cat","embeddable":true,"href":"https:\/\/www.tatanka.nl\/pt\/wp-json\/wp\/v2\/product_cat?post=26812"},{"taxonomy":"product_tag","embeddable":true,"href":"https:\/\/www.tatanka.nl\/pt\/wp-json\/wp\/v2\/product_tag?post=26812"}],"curies":[{"name":"wp","href":"https:\/\/api.w.org\/{rel}","templated":true}]}}