{"id":26977,"date":"2020-03-08T15:28:48","date_gmt":"2020-03-08T15:28:48","guid":{"rendered":"https:\/\/www.tatanka.nl\/?post_type=product&#038;p=26977"},"modified":"2025-07-15T07:58:05","modified_gmt":"2025-07-15T06:58:05","slug":"420-medium-rolling-tray","status":"publish","type":"product","link":"https:\/\/www.tatanka.nl\/pt\/420-medium-rolling-tray\/","title":{"rendered":"420 Rolling Tray \u2013 Medium"},"content":{"rendered":"<h2 dir=\"ltr\" data-pm-slice=\"1 1 []\">O que \u00e9 o V Syndicate 420 Medium Rolling Trays?<\/h2>\n<p dir=\"ltr\">O V Syndicate 420 Medium Rolling Tray \u00e9 um acess\u00f3rio para fumar de alta qualidade, concebido para ser pr\u00e1tico e elegante. Com 28 cm x 18 cm, este tabuleiro m\u00e9dio apresenta uma impress\u00e3o vibrante do ic\u00f3nico log\u00f3tipo 420, que simboliza a cultura da can\u00e1bis. Fabricado em metal resistente, inclui cantos e arestas curvos para evitar desperd\u00edcios e derrames de material, garantindo uma experi\u00eancia de enrolamento eficiente. A base almofadada integrada, preenchida com cascas de trigo sarraceno ecol\u00f3gicas, proporciona uma superf\u00edcie almofadada e antiderrapante que assenta confortavelmente no seu colo, ideal para sess\u00f5es informais enquanto desfruta de filmes ou snacks. Perfeito para organizar pap\u00e9is, filtros e ervas, o V Syndicate 420 Medium Rolling Tray mant\u00e9m tudo no mesmo s\u00edtio, o que o torna essencial para qualquer fumador. O seu design compacto adapta-se a mesas de caf\u00e9 ou a viagens, e a arte arrojada acrescenta um toque divertido e cultural \u00e0 sua configura\u00e7\u00e3o. Este tabuleiro combina praticidade com um aceno \u00e0 heran\u00e7a 420, apelando aos entusiastas que valorizam a qualidade, a funcionalidade e uma est\u00e9tica moderna para um ritual de fumo perfeito e agrad\u00e1vel que melhora cada sess\u00e3o com facilidade e estilo.<\/p>\n<h2 dir=\"ltr\" data-pm-slice=\"1 1 []\">Mais informa\u00e7\u00f5es sobre o The V Syndicate 420 Medium Rolling Tray<\/h2>\n<p dir=\"ltr\">O V Syndicate 420 Medium Rolling Tray baseia-se na hist\u00f3ria inovadora do V Syndicate, fundado em 2010 com a inven\u00e7\u00e3o do primeiro moedor de ervas plano do mundo, o Grinder Card. A marca expandiu-se rapidamente para incluir tabuleiros de enrolar, combinando a funcionalidade moderna com temas culturais. O log\u00f3tipo 420 presta homenagem \u00e0 g\u00edria can\u00e1bica originada em 1971 por um grupo de estudantes do liceu da Calif\u00f3rnia conhecido como os Waldos, que se reuniam \u00e0s 16h20 para procurar uma colheita de can\u00e1bis, transformando-o num s\u00edmbolo global do consumo de marijuana. A V Syndicate incorporou este emblema ic\u00f3nico para celebrar o esp\u00edrito da contracultura, lan\u00e7ando tabuleiros que ressoam junto dos fumadores de todo o mundo. Ao longo dos anos, a empresa aperfei\u00e7oou os seus designs, acrescentando carater\u00edsticas como cantos curvos e almofadas de casco de trigo sarraceno para maior sustentabilidade e conforto. Esta evolu\u00e7\u00e3o reflecte o compromisso da V Syndicate em elevar a experi\u00eancia do stoner atrav\u00e9s de acess\u00f3rios de qualidade que honram a hist\u00f3ria da can\u00e1bis e satisfazem as necessidades contempor\u00e2neas. O V Syndicate 420 Medium Rolling Tray tornou-se um elemento b\u00e1sico, incorporando o legado de inova\u00e7\u00e3o e relev\u00e2ncia cultural da marca, apelando aos utilizadores que apreciam uma mistura de tradi\u00e7\u00e3o e praticidade no seu equipamento para fumar, garantindo o seu lugar como uma pe\u00e7a intemporal no mercado de acess\u00f3rios de can\u00e1bis em evolu\u00e7\u00e3o.<\/p>\n<h2 dir=\"ltr\" data-pm-slice=\"1 1 []\">Como utilizar o V Syndicate 420 Medium Rolling Tray<\/h2>\n<p dir=\"ltr\">A utiliza\u00e7\u00e3o do V Syndicate 420 Medium Rolling Tray \u00e9 simples e melhora a sua rotina de rolamento. Coloque o tabuleiro numa superf\u00edcie plana ou no seu colo, onde a almofada cheia de cascas de trigo mourisco garante estabilidade e conforto sem escorregar. Re\u00fana os seus materiais legais para fumar, pap\u00e9is e ferramentas na superf\u00edcie met\u00e1lica de 28 cm x 18 cm, beneficiando das arestas curvas que cont\u00eam tudo de forma segura. Moa as suas ervas e enrole-as em pap\u00e9is diretamente no tabuleiro, minimizando o desperd\u00edcio, uma vez que n\u00e3o h\u00e1 dobras para os itens ficarem presos. Feche o seu rolo e desfrute, com o design a manter os res\u00edduos no lugar para uma limpeza f\u00e1cil - basta limpar com um pano h\u00famido para preservar a impress\u00e3o v\u00edvida do log\u00f3tipo 420. O seu tamanho port\u00e1til torna-o \u00f3timo para utiliza\u00e7\u00e3o em casa ou em viagem, cabendo facilmente nos sacos. Combine-o com snacks e um filme favorito para uma sess\u00e3o descontra\u00edda. O V Syndicate 420 Medium Rolling Tray \u00e9 vers\u00e1til para principiantes e especialistas, promovendo a organiza\u00e7\u00e3o e a efici\u00eancia. Ao incorporar este tabuleiro, os utilizadores conseguem um processo arrumado e sem derrames que celebra o estilo e a funcionalidade, garantindo que cada fumo \u00e9 suave, agrad\u00e1vel e infundido com uma vibra\u00e7\u00e3o cultural que torna a experi\u00eancia mais envolvente e sem complica\u00e7\u00f5es.<\/p>\n<p dir=\"ltr\" data-pm-slice=\"1 1 []\"><strong>Aviso<\/strong><br \/>\nEste produto pode expor o utilizador a subst\u00e2ncias qu\u00edmicas, incluindo a nicotina, que \u00e9 conhecida por ser nociva e pode causar defeitos cong\u00e9nitos ou outros danos reprodutivos. Utilizar apenas com materiais de fumo legais. Manter fora do alcance das crian\u00e7as e assegurar uma ventila\u00e7\u00e3o adequada ao fumar, uma vez que fumar apresenta riscos para a sa\u00fade. Armazenar num local seco para preservar a qualidade. Utilizar de forma respons\u00e1vel.<\/p>\n<p dir=\"ltr\">","protected":false},"excerpt":{"rendered":"<p>O V Syndicate 420 Medium Rolling Tray apresenta uma impress\u00e3o v\u00edvida de um log\u00f3tipo 420. O tabuleiro m\u00e9dio Rolling 420 \u00e9 perfeito para a tua mesa de caf\u00e9! \u00c9 muito popular e est\u00e1 dispon\u00edvel em dois tamanhos. <strong>Este \u00e9 o tamanho m\u00e9dio: 28cm x 18cm.<\/strong><\/p>","protected":false},"featured_media":27001,"template":"","meta":[],"product_brand":[],"product_cat":[554,297,488],"product_tag":[],"class_list":{"0":"post-26977","1":"product","2":"type-product","3":"status-publish","4":"has-post-thumbnail","6":"product_cat-rolling-trays","7":"product_cat-all-products","8":"product_cat-headshop","9":"product_shipping_class-creditcard-on","11":"first","12":"instock","13":"taxable","14":"shipping-taxable","15":"purchasable","16":"product-type-variable","17":"has-default-attributes"},"_links":{"self":[{"href":"https:\/\/www.tatanka.nl\/pt\/wp-json\/wp\/v2\/product\/26977","targetHints":{"allow":["GET"]}}],"collection":[{"href":"https:\/\/www.tatanka.nl\/pt\/wp-json\/wp\/v2\/product"}],"about":[{"href":"https:\/\/www.tatanka.nl\/pt\/wp-json\/wp\/v2\/types\/product"}],"wp:featuredmedia":[{"embeddable":true,"href":"https:\/\/www.tatanka.nl\/pt\/wp-json\/wp\/v2\/media\/27001"}],"wp:attachment":[{"href":"https:\/\/www.tatanka.nl\/pt\/wp-json\/wp\/v2\/media?parent=26977"}],"wp:term":[{"taxonomy":"product_brand","embeddable":true,"href":"https:\/\/www.tatanka.nl\/pt\/wp-json\/wp\/v2\/product_brand?post=26977"},{"taxonomy":"product_cat","embeddable":true,"href":"https:\/\/www.tatanka.nl\/pt\/wp-json\/wp\/v2\/product_cat?post=26977"},{"taxonomy":"product_tag","embeddable":true,"href":"https:\/\/www.tatanka.nl\/pt\/wp-json\/wp\/v2\/product_tag?post=26977"}],"curies":[{"name":"wp","href":"https:\/\/api.w.org\/{rel}","templated":true}]}}