{"id":2996,"date":"2017-10-17T15:15:29","date_gmt":"2017-10-17T15:15:29","guid":{"rendered":"http:\/\/www.tatanka.nl\/?post_type=product&#038;p=2996"},"modified":"2025-05-20T11:02:10","modified_gmt":"2025-05-20T10:02:10","slug":"cbd-raw-oil-500mg-5-10ml-bottle-hemp-cannabis-weed","status":"publish","type":"product","link":"https:\/\/www.tatanka.nl\/pt\/cbd-raw-oil-500mg-5-10ml-bottle-hemp-cannabis-weed\/","title":{"rendered":"HempCare Raw 5% \u00d3leo de c\u00e2nhamo 10ml"},"content":{"rendered":"<h2>HempCare Raw 5% \u00d3leo CBD 10ml<\/h2>\n<h2 data-start=\"0\" data-end=\"31\">O que \u00e9 o Hempcare RAW 5% CBD?<\/h2>\n<p data-start=\"33\" data-end=\"652\">Hempcare RAW 5% CBD \u00e9 um \u00f3leo CBD org\u00e2nico de alta qualidade derivado do c\u00e2nhamo. Este produto est\u00e1 na sua forma mais pura, oferecendo um extrato cru e n\u00e3o processado que preserva todos os compostos naturais encontrados na planta do c\u00e2nhamo, tais como canabin\u00f3ides, terpenos e flavon\u00f3ides. Estes compostos trabalham em conjunto para proporcionar benef\u00edcios hol\u00edsticos ao corpo, sem os efeitos psicoactivos associados ao THC. O CBD Hempcare RAW 5% \u00e9 produzido atrav\u00e9s da extra\u00e7\u00e3o de CO2, um m\u00e9todo que preserva a integridade natural da planta e garante um produto limpo e eficaz. Este produto \u00e9 ideal para quem est\u00e1 a come\u00e7ar a utilizar o CBD ou prefere um rem\u00e9dio org\u00e2nico e natural.<\/p>\n<h2 data-start=\"654\" data-end=\"687\">Historial do Hempcare RAW 5% CBD<\/h2>\n<p data-start=\"689\" data-end=\"1292\">O CBD \u00e9 reconhecido pelas suas propriedades terap\u00eauticas h\u00e1 s\u00e9culos, tendo a sua utiliza\u00e7\u00e3o ganho uma aten\u00e7\u00e3o significativa nos \u00faltimos anos. As civiliza\u00e7\u00f5es antigas compreenderam os benef\u00edcios medicinais do CBD e, no s\u00e9culo XX, a investiga\u00e7\u00e3o cient\u00edfica come\u00e7ou a confirmar as suas potenciais vantagens para a sa\u00fade. Hempcare RAW 5% CBD faz parte do movimento moderno do CBD, oferecendo uma op\u00e7\u00e3o crua e n\u00e3o refinada para os utilizadores que procuram uma experi\u00eancia de CBD puro. O produto \u00e9 feito a partir de plantas de c\u00e2nhamo org\u00e2nico cuidadosamente selecionadas e o seu m\u00e9todo de extra\u00e7\u00e3o de CO2 garante uma escolha fi\u00e1vel para quem procura o espetro completo dos benef\u00edcios do c\u00e2nhamo.<\/p>\n<h2 data-start=\"1294\" data-end=\"1327\">Como utilizar o Hempcare RAW 5% CBD<\/h2>\n<p data-start=\"1329\" data-end=\"1923\">Para maximizar os benef\u00edcios do Hempcare RAW 5% CBD, recomenda-se que o \u00f3leo seja tomado por via sublingual, colocando algumas gotas debaixo da l\u00edngua. Este m\u00e9todo permite uma absor\u00e7\u00e3o mais r\u00e1pida na corrente sangu\u00ednea, garantindo resultados r\u00e1pidos e eficazes. Comece com uma pequena dose e aumente-a gradualmente de acordo com as suas necessidades pessoais. Uma vez que este produto \u00e9 natural, os seus efeitos podem variar de pessoa para pessoa, pelo que \u00e9 importante monitorizar a sua resposta e ajustar a dosagem conforme necess\u00e1rio. O Hempcare RAW 5% CBD vem num pr\u00e1tico frasco conta-gotas, tornando-o f\u00e1cil de incorporar na sua rotina di\u00e1ria de bem-estar.<\/p>\n<h2 data-start=\"1925\" data-end=\"1962\">Ingredientes de Hempcare RAW 5% CBD<\/h2>\n<p data-start=\"1964\" data-end=\"2547\">Hempcare RAW 5% CBD \u00e9 produzido a partir de 100% ingredientes naturais, garantindo um produto puro e org\u00e2nico. O ingrediente principal \u00e9 o extrato de c\u00e2nhamo, que cont\u00e9m uma variedade de canabin\u00f3ides, incluindo CBD e CBG, juntamente com terpenos e flavon\u00f3ides. Estes compostos trabalham em conjunto para apoiar a sa\u00fade e o bem-estar geral. Al\u00e9m disso, o produto cont\u00e9m \u00f3leo de semente de c\u00e2nhamo, que fornece \u00e1cidos gordos essenciais nutritivos. Esta combina\u00e7\u00e3o de ingredientes derivados do c\u00e2nhamo garante que o Hempcare RAW 5% CBD oferece uma gama abrangente de benef\u00edcios, como a promo\u00e7\u00e3o do relaxamento e a redu\u00e7\u00e3o da inflama\u00e7\u00e3o.<\/p>\n<p data-start=\"2549\" data-end=\"2559\"><strong>Aviso<\/strong><\/p>\n<p data-start=\"2561\" data-end=\"2823\" data-is-last-node=\"\">Tal como acontece com qualquer suplemento natural, \u00e9 importante consultar um profissional de sa\u00fade antes de iniciar um novo regime de CBD, especialmente se estiver gr\u00e1vida, a amamentar ou se tiver algum problema de sa\u00fade. Manter fora do alcance das crian\u00e7as e guardar num local fresco e seco.<\/p>","protected":false},"excerpt":{"rendered":"<p>HempCare RAW 5% CBD \u00e9 fortemente concentrado e cont\u00e9m, para al\u00e9m de CBD, tamb\u00e9m \u00f3leo de sementes de c\u00e2nhamo com vitamina B e E!<\/p>\n<p>Cheio de antioxidantes, \u00e1cidos gordos saud\u00e1veis 3 e 6 e poderoso extrato de c\u00e2nhamo de \u00f3leo CBD, que cont\u00e9m Raw CBD que ajuda a reconstruir o corpo. Cont\u00e9m 10 ml.<\/p>","protected":false},"featured_media":126591,"template":"","meta":[],"product_brand":[],"product_cat":[601,297,485,371,483],"product_tag":[],"class_list":{"0":"post-2996","1":"product","2":"type-product","3":"status-publish","4":"has-post-thumbnail","6":"product_cat-hempcare","7":"product_cat-all-products","8":"product_cat-cbd-oils","9":"product_cat-cbd-top-10","10":"product_cat-cbdshop","12":"first","13":"instock","14":"taxable","15":"shipping-taxable","16":"purchasable","17":"product-type-variable"},"_links":{"self":[{"href":"https:\/\/www.tatanka.nl\/pt\/wp-json\/wp\/v2\/product\/2996","targetHints":{"allow":["GET"]}}],"collection":[{"href":"https:\/\/www.tatanka.nl\/pt\/wp-json\/wp\/v2\/product"}],"about":[{"href":"https:\/\/www.tatanka.nl\/pt\/wp-json\/wp\/v2\/types\/product"}],"wp:featuredmedia":[{"embeddable":true,"href":"https:\/\/www.tatanka.nl\/pt\/wp-json\/wp\/v2\/media\/126591"}],"wp:attachment":[{"href":"https:\/\/www.tatanka.nl\/pt\/wp-json\/wp\/v2\/media?parent=2996"}],"wp:term":[{"taxonomy":"product_brand","embeddable":true,"href":"https:\/\/www.tatanka.nl\/pt\/wp-json\/wp\/v2\/product_brand?post=2996"},{"taxonomy":"product_cat","embeddable":true,"href":"https:\/\/www.tatanka.nl\/pt\/wp-json\/wp\/v2\/product_cat?post=2996"},{"taxonomy":"product_tag","embeddable":true,"href":"https:\/\/www.tatanka.nl\/pt\/wp-json\/wp\/v2\/product_tag?post=2996"}],"curies":[{"name":"wp","href":"https:\/\/api.w.org\/{rel}","templated":true}]}}