{"id":31652,"date":"2017-10-09T13:49:20","date_gmt":"2017-10-09T11:49:20","guid":{"rendered":"https:\/\/www.tatanka.nl\/?post_type=product&#038;p=31652"},"modified":"2025-12-28T00:48:37","modified_gmt":"2025-12-27T23:48:37","slug":"hawaiian-copelandia-magic-mushroom-grow-kit","status":"publish","type":"product","link":"https:\/\/www.tatanka.nl\/pt\/hawaiian-copelandia-magic-mushroom-grow-kit\/","title":{"rendered":"Hawaiian Kit de cultivo de cogumelos m\u00e1gicos Copelandia"},"content":{"rendered":"<h2>O que \u00e9 o Hawaiian Magic Mushrooms?<\/h2>\n<p>Os Hawaiian Magic Mushrooms, cientificamente conhecidos como Copelandia Cyanescens, s\u00e3o uma variedade rara e potente apreciada pelos seus efeitos visuais intensos e experi\u00eancia duradoura. Apesar do seu tamanho pequeno, estes cogumelos t\u00eam um efeito poderoso, o que os torna os favoritos dos cultivadores experientes. O kit de cultivo Hawaiian Magic Mushroom Growkit simplifica o processo de cultivo, contendo tudo o que \u00e9 necess\u00e1rio para cultivar cogumelos de alta qualidade em casa, incluindo um kit de cultivo, um saco de cultivo filtrado, tabuleiros de terra e um clipe de papel. Com os devidos cuidados, como a manuten\u00e7\u00e3o da temperatura e da humidade ideais, os utilizadores podem colher at\u00e9 100 gramas de cogumelos atrav\u00e9s de v\u00e1rios fluxos. Estes cogumelos s\u00e3o sens\u00edveis, exigindo um manuseamento cuidadoso e um ambiente limpo para se desenvolverem. As suas propriedades \u00fanicas e o processo de cultivo exigente fazem deles um empreendimento gratificante para os cultivadores dedicados. Quer seja um cultivador experiente ou um principiante aventureiro, o kit de cultivo de cogumelos m\u00e1gicos Hawaiian oferece uma oportunidade excitante para explorar as maravilhas da natureza e produzir um rendimento not\u00e1vel destes cogumelos extraordin\u00e1rios com requisitos m\u00ednimos de dosagem.<\/p>\n<h2>Hist\u00f3ria do Hawaiian Magic Mushrooms<\/h2>\n<p>A hist\u00f3ria do Hawaiian Magic Mushrooms est\u00e1 impregnada de misticismo, tendo origem nas paisagens tropicais do Havai. Conhecidos como Copelandia Cyanescens, estes cogumelos s\u00e3o venerados h\u00e1 s\u00e9culos pelas culturas ind\u00edgenas pelas suas propriedades espirituais e psicoactivas. Ao contr\u00e1rio das variedades Cubensis mais comuns, os Hawaiian Magic Mushrooms s\u00e3o mais dif\u00edceis de cultivar, o que lhes valeu a reputa\u00e7\u00e3o de serem o \"Santo Graal\" dos cogumelos m\u00e1gicos. A sua pequena estatura desmente a sua pot\u00eancia, com efeitos v\u00edvidos e prolongados. Historicamente, estes cogumelos eram usados em pr\u00e1ticas cerimoniais para induzir estados alterados de consci\u00eancia, promovendo uma introspe\u00e7\u00e3o profunda e uma liga\u00e7\u00e3o com a natureza. O moderno kit de cultivo Hawaiian Magic Mushroom Growkit traz esta tradi\u00e7\u00e3o antiga para as m\u00e3os dos cultivadores dom\u00e9sticos, combinando compostos naturais consagrados pelo tempo com tecnologia de f\u00e1cil utiliza\u00e7\u00e3o. Os avan\u00e7os na micologia tornaram poss\u00edvel cultivar estes cogumelos esquivos em casa, embora a sua sensibilidade exija precis\u00e3o e cuidado. Atualmente, continuam a ser um s\u00edmbolo de maravilha natural, oferecendo uma ponte entre as pr\u00e1ticas antigas e a explora\u00e7\u00e3o contempor\u00e2nea, cativando aqueles que procuram desbloquear os seus efeitos profundos atrav\u00e9s de um cultivo cuidadoso.<\/p>\n<h2>Como utilizar o Hawaiian Magic Mushrooms<\/h2>\n<p>Cultivar a Hawaiian Magic Mushrooms com o kit de cultivo \u00e9 um processo simples mas meticuloso que recompensa a aten\u00e7\u00e3o aos pormenores. Come\u00e7a por lavar bem as m\u00e3os para garantir um ambiente est\u00e9ril. Abre o kit, espalha a terra fornecida uniformemente e pulveriza a camada superior at\u00e9 ficar bem h\u00famida. Coloca o kit dentro do saco de cultivo filtrado, pulveriza o interior do saco e prende-o com o clipe de papel, garantindo um amplo oxig\u00e9nio. A manuten\u00e7\u00e3o di\u00e1ria \u00e9 fundamental - humedecer o kit para o manter h\u00famido e renovar o oxig\u00e9nio apertando o saco. Ap\u00f3s 6-11 dias, os cogumelos formar-se-\u00e3o; nesta fase, retirar o kit do saco, humedecer apenas o interior do saco e devolver o kit. Colher os cogumelos 36 horas ap\u00f3s o aparecimento de esporos pretos, tipicamente 5-7 dias ap\u00f3s o in\u00edcio do crescimento, cortando-os suavemente na base. Para iniciar um novo fluxo, repita o processo a partir do passo de nebuliza\u00e7\u00e3o. A sensibilidade do kit de cultivo Hawaiian Magic Mushroom requer humidade consistente e ar fresco, o que o distingue de outros kits de cultivo. Com paci\u00eancia, podes conseguir v\u00e1rias colheitas, libertando todo o potencial destes cogumelos not\u00e1veis.<\/p>\n<h2>Ingredientes de Hawaiian Magic Mushrooms<\/h2>\n<p>O kit de cultivo Hawaiian Magic Mushroom Growkit foi concebido para ser simples, contendo todos os componentes essenciais para cultivar Copelandia Cyanescens. O kit inclui um kit de cultivo pr\u00e9-preparado com um substrato optimizado para o crescimento de cogumelos, dois tabuleiros de solo para apoiar o desenvolvimento, um saco de cultivo filtrado para manter os n\u00edveis de humidade e oxig\u00e9nio, e um clipe para prender o saco. Os pr\u00f3prios cogumelos cont\u00eam psilocibina, um composto natural que se converte em psilocina no corpo, respons\u00e1vel pelos seus efeitos alucinog\u00e9nios. Estes compostos interagem com os receptores de serotonina do c\u00e9rebro, influenciando o humor, a perce\u00e7\u00e3o e a cogni\u00e7\u00e3o. O kit de cultivo requer apenas \u00e1gua e uma manuten\u00e7\u00e3o cuidadosa para prosperar, n\u00e3o sendo necess\u00e1rios ingredientes adicionais. O substrato foi formulado para fornecer os nutrientes e o ambiente ideais para as delicadas Hawaiian Magic Mushrooms, que s\u00e3o mais sens\u00edveis do que outras variedades. Este design tudo-em-um elimina a necessidade de equipamento complexo, tornando o cultivo acess\u00edvel, ao mesmo tempo que privilegia a limpeza e a precis\u00e3o. Ao controlar a temperatura, a humidade e o oxig\u00e9nio, os cultivadores podem maximizar os rendimentos, produzindo cogumelos potentes conhecidos pelos seus fortes efeitos visuais e requisitos m\u00ednimos de dosagem, tudo isto a partir dos componentes cuidadosamente selecionados do kit de cultivo Magic Mushroom Hawaiian.<\/p>\n<p><strong>Aviso: Informa\u00e7\u00f5es de seguran\u00e7a<\/strong><\/p>\n<p>O Hawaiian Magic Mushrooms cont\u00e9m psilocibina e psilocina, alucinog\u00e9nios naturais que podem induzir estados alterados de consci\u00eancia e alucina\u00e7\u00f5es v\u00edvidas. Estas subst\u00e2ncias afectam o sistema de serotonina do c\u00e9rebro, influenciando as emo\u00e7\u00f5es, o sono e a perce\u00e7\u00e3o. Devido \u00e0s suas propriedades psicoactivas, manuseia e consome sempre com cuidado. Guarda os cogumelos e o kit de cultivo fora do alcance das crian\u00e7as para evitar a ingest\u00e3o acidental. Mant\u00e9m o ambiente limpo ao manusear o kit para evitar contamina\u00e7\u00e3o, e refrigera o kit de cultivo para preservar o seu prazo de validade de 6 semanas. Fora da refrigera\u00e7\u00e3o, a sua viabilidade \u00e9 limitada, por isso planeia em conformidade para garantir o sucesso do cultivo.<\/p>","protected":false},"excerpt":{"rendered":"<p>Este kit de cultivo tudo-em-um cont\u00e9m tudo o que precisas para cultivar os teus pr\u00f3prios cogumelos Hawaiian Copelandia Cyanescens. Basta adicionar \u00e1gua e seguir as instru\u00e7\u00f5es e os cogumelos brotar\u00e3o! O kit de cultivo Tudo-em-Um cont\u00e9m o kit de cultivo, um saco de cultivo com filtros de ar e dois clipes de papel.<\/p>","protected":false},"featured_media":31654,"template":"","meta":[],"product_brand":[],"product_cat":[539,297,595,513,515,476,593],"product_tag":[662],"class_list":{"0":"post-31652","1":"product","2":"type-product","3":"status-publish","4":"has-post-thumbnail","6":"product_cat-magic-mushroom-grow-kits","7":"product_cat-all-products","8":"product_cat-mcsmart","9":"product_cat-party","10":"product_cat-shroomshop","11":"product_cat-smartshop","12":"product_cat-strongest-magic-mushroom-grow-kits","13":"product_tag-shrdeal","14":"product_shipping_class-creditcard-off","16":"first","17":"instock","18":"taxable","19":"shipping-taxable","20":"purchasable","21":"product-type-variable","22":"has-default-attributes"},"_links":{"self":[{"href":"https:\/\/www.tatanka.nl\/pt\/wp-json\/wp\/v2\/product\/31652","targetHints":{"allow":["GET"]}}],"collection":[{"href":"https:\/\/www.tatanka.nl\/pt\/wp-json\/wp\/v2\/product"}],"about":[{"href":"https:\/\/www.tatanka.nl\/pt\/wp-json\/wp\/v2\/types\/product"}],"wp:featuredmedia":[{"embeddable":true,"href":"https:\/\/www.tatanka.nl\/pt\/wp-json\/wp\/v2\/media\/31654"}],"wp:attachment":[{"href":"https:\/\/www.tatanka.nl\/pt\/wp-json\/wp\/v2\/media?parent=31652"}],"wp:term":[{"taxonomy":"product_brand","embeddable":true,"href":"https:\/\/www.tatanka.nl\/pt\/wp-json\/wp\/v2\/product_brand?post=31652"},{"taxonomy":"product_cat","embeddable":true,"href":"https:\/\/www.tatanka.nl\/pt\/wp-json\/wp\/v2\/product_cat?post=31652"},{"taxonomy":"product_tag","embeddable":true,"href":"https:\/\/www.tatanka.nl\/pt\/wp-json\/wp\/v2\/product_tag?post=31652"}],"curies":[{"name":"wp","href":"https:\/\/api.w.org\/{rel}","templated":true}]}}