{"id":32683,"date":"2016-08-04T10:28:55","date_gmt":"2016-08-04T08:28:55","guid":{"rendered":"https:\/\/www.tatanka.nl\/?post_type=product&#038;p=32683"},"modified":"2025-09-23T15:41:31","modified_gmt":"2025-09-23T14:41:31","slug":"chaga-30ml","status":"publish","type":"product","link":"https:\/\/www.tatanka.nl\/pt\/chaga-30ml\/","title":{"rendered":"Chaga - 30ml"},"content":{"rendered":"<div>\n<div>\n<div>\n<div><\/div>\n<\/div>\n<\/div>\n<\/div>\n<div>\n<h2 dir=\"auto\">O que \u00e9 o Extrato L\u00edquido de Chaga<\/h2>\n<p dir=\"auto\">O Extrato L\u00edquido de Chaga \u00e9 um suplemento alimentar de qualidade superior derivado do escler\u00f3cio do cogumelo Inonotus obliquus, c\u00e9lebre pelo seu perfil nutritivo denso e rever\u00eancia hist\u00f3rica na medicina natural. Ao contr\u00e1rio dos cogumelos t\u00edpicos com caules e c\u00e1psulas, esta forma endurecida cresce em b\u00e9tulas, albergando uma grande quantidade de compostos bioactivos extra\u00eddos atrav\u00e9s de m\u00e9todos avan\u00e7ados para uma pot\u00eancia m\u00e1xima. Os utilizadores recorrem frequentemente a este cogumelo pelos seus potenciais benef\u00edcios, como o refor\u00e7o do sistema imunit\u00e1rio, a promo\u00e7\u00e3o de uma divis\u00e3o celular saud\u00e1vel e a ajuda na forma\u00e7\u00e3o de gl\u00f3bulos vermelhos, o que o torna um elemento b\u00e1sico nas rotinas de bem-estar hol\u00edsticas. A apresenta\u00e7\u00e3o l\u00edquida garante uma absor\u00e7\u00e3o r\u00e1pida, contornando a digest\u00e3o para efeitos mais r\u00e1pidos em compara\u00e7\u00e3o com p\u00f3s ou ch\u00e1s.<\/p>\n<p dir=\"auto\">Na suplementa\u00e7\u00e3o moderna, produtos como este apelam aos que procuram alternativas vegetais \u00e0s vitaminas sint\u00e9ticas, com a sua extra\u00e7\u00e3o \u00e0 base de \u00e1lcool a preservar todo o espetro de subst\u00e2ncias vitais. O frasco de vidro violeta ecol\u00f3gico protege o conte\u00fado da degrada\u00e7\u00e3o dos raios UV, aumentando a longevidade e sendo totalmente reutiliz\u00e1vel. Muitos incorporam-no para apoio di\u00e1rio contra os factores de stress ambiental, alinhando-se com estilos de vida veganos sem derivados de animais. Quer se trate de sa\u00fade preventiva ou de cuidados complementares, oferece uma forma suave e n\u00e3o invasiva de aproveitar a resili\u00eancia da natureza.<\/p>\n<p dir=\"auto\">A sua normaliza\u00e7\u00e3o para um elevado teor de polissac\u00e1ridos distingue-o, garantindo uma qualidade consistente em cada gota. Globalmente, o Extrato L\u00edquido de Chaga representa uma fus\u00e3o de tradi\u00e7\u00e3o e inova\u00e7\u00e3o, permitindo que os indiv\u00edduos nutram o seu bem-estar de forma natural e eficaz.<\/p>\n<h2 dir=\"auto\">Hist\u00f3ria do extrato l\u00edquido de chaga<\/h2>\n<p dir=\"auto\">A hist\u00f3ria do Extrato L\u00edquido de Chaga estende-se por milhares de anos, tendo origem nas florestas da Sib\u00e9ria, China e Escandin\u00e1via, onde os povos ind\u00edgenas colheram pela primeira vez o escler\u00f3cio de Inonotus obliquus pelas suas reputadas propriedades curativas. Apelidado de \"rei da floresta\" ou \"rei das ervas\" na tradi\u00e7\u00e3o americana, ganhou um estatuto divino por ajudar a sobreviver em climas rigorosos, sendo utilizado em ch\u00e1s e cataplasmas para aumentar a resist\u00eancia e combater doen\u00e7as. Os antigos xam\u00e3s e herboristas valorizavam as suas qualidades adaptog\u00e9nicas, acreditando que restaurava o equil\u00edbrio e a vitalidade, com registos de textos chineses que datam de h\u00e1 mil\u00e9nios a destacar o seu papel nas pr\u00e1ticas de longevidade.<\/p>\n<p dir=\"auto\">Com a expans\u00e3o da explora\u00e7\u00e3o, o conhecimento chegou \u00e0 Europa e \u00e0 Am\u00e9rica do Norte no s\u00e9culo XIX, onde era utilizado em rem\u00e9dios populares, num contexto de interesse crescente pela micoterapia. O s\u00e9culo XX trouxe o escrut\u00ednio cient\u00edfico, com estudos que isolaram o \u00e1cido betul\u00ednico e os polissac\u00e1ridos, validando as utiliza\u00e7\u00f5es tradicionais para a modula\u00e7\u00e3o imunit\u00e1ria e os efeitos antioxidantes. As t\u00e9cnicas modernas de extra\u00e7\u00e3o, incluindo os m\u00e9todos ultra-s\u00f3nicos, surgiram no final do s\u00e9culo XX, permitindo que os l\u00edquidos concentrados tivessem uma maior acessibilidade para al\u00e9m das formas brutas.<\/p>\n<p dir=\"auto\">Atualmente, prospera nos mercados globais de bem-estar, combinando a sabedoria ancestral com um processamento rigoroso para garantir a pureza. Entusiastas de todo o mundo abra\u00e7am o seu legado, atribuindo-lhe o cr\u00e9dito pela sa\u00fade sustentada nos estilos de vida contempor\u00e2neos. Esta evolu\u00e7\u00e3o sublinha a liga\u00e7\u00e3o duradoura da humanidade com os fungos, transformando as colheitas selvagens em suplementos refinados para as necessidades modernas.<\/p>\n<h2 dir=\"auto\">Como utilizar o extrato l\u00edquido de chaga<\/h2>\n<p dir=\"auto\">A incorpora\u00e7\u00e3o do Extrato L\u00edquido de Chaga \u00e9 simples e adapt\u00e1vel, com uma dose sugerida de meia pipeta duas vezes por dia, tomada diretamente ou dilu\u00edda em \u00e1gua para maior facilidade. Evitar as bebidas gaseificadas para manter a integridade do extrato durante o consumo. Comece por integr\u00e1-lo nas rotinas matinais e nocturnas, talvez ap\u00f3s as refei\u00e7\u00f5es, para tirar partido do seu potencial energizante ao longo do dia e dos seus efeitos reparadores \u00e0 noite. A consist\u00eancia ao longo dos 30 dias de fornecimento promove benef\u00edcios cumulativos, permitindo ao organismo utilizar plenamente os seus compostos.<\/p>\n<p dir=\"auto\">Para obter os melhores resultados, conservar num local fresco e afastado da luz, beneficiando das qualidades protectoras do vidro violeta. Se for novo no uso de adaptog\u00e9nios, comece com uma dose para avaliar a toler\u00e2ncia, consultando os especialistas para uma orienta\u00e7\u00e3o personalizada. Este m\u00e9todo permite a adi\u00e7\u00e3o sem problemas a batidos ou ch\u00e1s de ervas, real\u00e7ando o sabor sem o sobrecarregar.<\/p>\n<p dir=\"auto\">A associa\u00e7\u00e3o a uma alimenta\u00e7\u00e3o equilibrada amplifica o seu papel de apoio \u00e0 imunidade e \u00e0 sa\u00fade celular. Agitar sempre bem antes de utilizar para distribuir uniformemente a ess\u00eancia concentrada. Com uma aplica\u00e7\u00e3o regular, integra-se sem esfor\u00e7o nos h\u00e1bitos de bem-estar, promovendo uma vitalidade sustentada de forma segura.<\/p>\n<p dir=\"auto\">Como suplemento, complementa os estilos de vida, n\u00e3o substituindo o aconselhamento m\u00e9dico. Esta abordagem pr\u00e1tica maximiza as suas virtudes hist\u00f3ricas, ajudando os utilizadores a abra\u00e7ar diariamente a harmonia natural.<\/p>\n<h2 dir=\"auto\">Ingredientes do Extrato L\u00edquido de Chaga<\/h2>\n<p dir=\"auto\">O Chaga Liquid Extract apresenta uma f\u00f3rmula pura liderada pelo extrato de Inonotus obliquus a 200 mg por 10 gotas, a ess\u00eancia do escler\u00f3cio rica em polissac\u00e1ridos para os seus principais benef\u00edcios. A \u00e1gua proporciona uma base limpa, facilitando a ingest\u00e3o sem aditivos. O \u00e1lcool, com um volume de 20%, tem uma dupla fun\u00e7\u00e3o de solvente e conservante, extraindo e estabilizando toda a gama bioactiva do cogumelo durante o processo triplo. A vitamina D3 como colecalciferol a 1,5\u03bcg (valor di\u00e1rio de 15%) melhora a mistura, apoiando a sa\u00fade \u00f3ssea e a imunidade de forma sin\u00e9rgica.<\/p>\n<p dir=\"auto\">Esta linha simples exclui os enchimentos desnecess\u00e1rios, garantindo a adequa\u00e7\u00e3o vegetariana e uma elevada biodisponibilidade. A extra\u00e7\u00e3o por ultra-sons preserva os triterpenos, a melanina e outros nutrientes, normalizando os polissac\u00e1ridos 30% para garantir a sua pot\u00eancia. De origem respons\u00e1vel, os ingredientes s\u00e3o submetidos a um manuseamento meticuloso para manter a efic\u00e1cia.<\/p>\n<p dir=\"auto\">Os admiradores elogiam o seu minimalismo, alinhando-se com as tend\u00eancias de alimenta\u00e7\u00e3o limpa, sem sint\u00e9ticos ou alerg\u00e9nios. A combina\u00e7\u00e3o promove o apoio adaptog\u00e9nico, ajudando a resposta ao stress e a resili\u00eancia geral. A transpar\u00eancia aqui permite escolhas informadas, fornecendo for\u00e7a derivada da floresta em forma l\u00edquida.<\/p>\n<p dir=\"auto\"><strong>Aviso<\/strong> Manter fora do alcance das crian\u00e7as. Consultar o m\u00e9dico antes de utilizar se estiver gr\u00e1vida, a amamentar ou se tiver problemas de sa\u00fade. Este \u00e9 um suplemento alimentar e deve ser utilizado como tal.<\/p>\n<\/div>","protected":false},"excerpt":{"rendered":"<p dir=\"auto\">Descubra o poder ancestral do Extrato L\u00edquido de Chaga, um potente suplemento de cogumelo proveniente do \"rei da floresta\". Este frasco de 30 ml fornece 60 doses para um m\u00eas de abastecimento, apresentando um extrato concentrado normalizado para 30% polissac\u00e1ridos para apoiar a fun\u00e7\u00e3o imunit\u00e1ria, a sa\u00fade das c\u00e9lulas e a vitalidade atrav\u00e9s de uma f\u00f3rmula natural e vegetariana.<\/p>\n<h2 dir=\"auto\"><\/h2>","protected":false},"featured_media":32689,"template":"","meta":[],"product_brand":[],"product_cat":[475,297,521,523,533,515,476,486],"product_tag":[662],"class_list":{"0":"post-32683","1":"product","2":"type-product","3":"status-publish","4":"has-post-thumbnail","6":"product_cat-healthshop","7":"product_cat-all-products","8":"product_cat-medicinal-mushrooms","9":"product_cat-medicinal-mushrooms-supplements","10":"product_cat-recovery","11":"product_cat-shroomshop","12":"product_cat-smartshop","13":"product_cat-superfoods","14":"product_tag-shrdeal","15":"product_shipping_class-creditcard-on","17":"first","18":"instock","19":"taxable","20":"shipping-taxable","21":"purchasable","22":"product-type-variable","23":"has-default-attributes"},"_links":{"self":[{"href":"https:\/\/www.tatanka.nl\/pt\/wp-json\/wp\/v2\/product\/32683","targetHints":{"allow":["GET"]}}],"collection":[{"href":"https:\/\/www.tatanka.nl\/pt\/wp-json\/wp\/v2\/product"}],"about":[{"href":"https:\/\/www.tatanka.nl\/pt\/wp-json\/wp\/v2\/types\/product"}],"wp:featuredmedia":[{"embeddable":true,"href":"https:\/\/www.tatanka.nl\/pt\/wp-json\/wp\/v2\/media\/32689"}],"wp:attachment":[{"href":"https:\/\/www.tatanka.nl\/pt\/wp-json\/wp\/v2\/media?parent=32683"}],"wp:term":[{"taxonomy":"product_brand","embeddable":true,"href":"https:\/\/www.tatanka.nl\/pt\/wp-json\/wp\/v2\/product_brand?post=32683"},{"taxonomy":"product_cat","embeddable":true,"href":"https:\/\/www.tatanka.nl\/pt\/wp-json\/wp\/v2\/product_cat?post=32683"},{"taxonomy":"product_tag","embeddable":true,"href":"https:\/\/www.tatanka.nl\/pt\/wp-json\/wp\/v2\/product_tag?post=32683"}],"curies":[{"name":"wp","href":"https:\/\/api.w.org\/{rel}","templated":true}]}}