{"id":32755,"date":"2021-08-05T14:30:04","date_gmt":"2021-08-05T12:30:04","guid":{"rendered":"https:\/\/www.tatanka.nl\/?post_type=product&#038;p=32755"},"modified":"2025-05-20T09:21:37","modified_gmt":"2025-05-20T08:21:37","slug":"hempcare-sport-10-cbd-oil-30ml","status":"publish","type":"product","link":"https:\/\/www.tatanka.nl\/pt\/hempcare-sport-10-cbd-oil-30ml\/","title":{"rendered":"HempCare Sport 10% \u00d3leo CBD 30ml"},"content":{"rendered":"<h2 data-start=\"0\" data-end=\"30\">O que \u00e9 o Hempcare CBD Sport?<\/h2>\n<p data-start=\"32\" data-end=\"315\">Hempcare CBD Sport \u00e9 um produto natural de CBD de espetro total, concebido especificamente para atletas que procuram um apoio \u00f3timo para o desempenho e a recupera\u00e7\u00e3o. Este produto cont\u00e9m todos os compostos essenciais da planta do c\u00e2nhamo, incluindo canabidiol (CBD), terpenos, vitaminas e prote\u00ednas.<\/p>\n<p data-start=\"317\" data-end=\"766\">O que distingue a Hempcare CBD Sport \u00e9 a sua mistura \u00fanica de terpenos espec\u00edficos que proporcionam benef\u00edcios adicionais para o corpo. Os terpenos s\u00e3o compostos naturais encontrados nas plantas que contribuem para o aroma, a cor e o sabor, e t\u00eam propriedades bioactivas. A investiga\u00e7\u00e3o demonstrou que estes terpenos, combinados com o CBD, ajudam a acelerar a recupera\u00e7\u00e3o muscular, reduzem a inflama\u00e7\u00e3o e melhoram a qualidade do sono. O Hempcare CBD Sport \u00e9 uma ferramenta valiosa para atletas de todos os n\u00edveis.<\/p>\n<h2 data-start=\"768\" data-end=\"800\">Historial do Hempcare CBD Sport<\/h2>\n<p data-start=\"802\" data-end=\"1085\">O CBD \u00e9 utilizado h\u00e1 s\u00e9culos pelos seus benef\u00edcios medicinais e terap\u00eauticos. A planta do c\u00e2nhamo, da qual o CBD \u00e9 derivado, \u00e9 uma das mais antigas culturas cultivadas em todo o mundo. Nas \u00faltimas d\u00e9cadas, os estudos cient\u00edficos t\u00eam apoiado cada vez mais os efeitos positivos do CBD para os desportistas.<\/p>\n<p data-start=\"1087\" data-end=\"1518\">Em parceria com atletas e investigadores, a Hempcare desenvolveu uma f\u00f3rmula especial que satisfaz as necessidades espec\u00edficas dos entusiastas do desporto. Ao incorporar terpenos selecionados, o Hempcare CBD Sport serve n\u00e3o s\u00f3 como uma ferramenta eficaz para a recupera\u00e7\u00e3o muscular e o al\u00edvio da dor, mas tamb\u00e9m como um produto que ajuda a relaxar e a concentrar-se mentalmente. Este suplemento inovador ganhou reconhecimento na ind\u00fastria do desporto pela sua efic\u00e1cia.<\/p>\n<h2 data-start=\"1520\" data-end=\"1552\">Como utilizar o Hempcare CBD Sport<\/h2>\n<p data-start=\"1554\" data-end=\"1833\">Para obter resultados \u00f3ptimos, recomenda-se a toma de Hempcare CBD Sport duas vezes por dia. Agitar bem o frasco antes de utilizar e colocar 1 a 5 gotas debaixo da l\u00edngua. Deixar o \u00f3leo absorver durante alguns segundos antes de engolir para garantir uma absor\u00e7\u00e3o r\u00e1pida e eficaz dos compostos activos.<\/p>\n<p data-start=\"1835\" data-end=\"2190\">Cada frasco cont\u00e9m pelo menos 600 gotas, o que permite uma utiliza\u00e7\u00e3o a longo prazo. A dosagem exacta pode variar em fun\u00e7\u00e3o das necessidades individuais, da intensidade do treino e dos efeitos desejados. Recomenda-se come\u00e7ar com uma dose baixa e aument\u00e1-la gradualmente at\u00e9 obter o resultado desejado. Se tiveres alguma d\u00favida sobre a dosagem ou a utiliza\u00e7\u00e3o, aconselha-se a consulta de um especialista.<\/p>\n<h2 data-start=\"2192\" data-end=\"2228\">Ingredientes de Hempcare CBD Sport<\/h2>\n<p data-start=\"2230\" data-end=\"2366\">Hempcare CBD Sport cont\u00e9m apenas ingredientes naturais e cuidadosamente selecionados para garantir a m\u00e1xima efic\u00e1cia. Os principais componentes incluem:<\/p>\n<ul data-start=\"2368\" data-end=\"2974\">\n<li data-start=\"2368\" data-end=\"2458\"><strong data-start=\"2370\" data-end=\"2387\">\u00d3leo de sementes de c\u00e2nhamo<\/strong> - Uma fonte rica de \u00e1cidos gordos essenciais que melhora a absor\u00e7\u00e3o do CBD.<\/li>\n<li data-start=\"2459\" data-end=\"2550\"><strong data-start=\"2461\" data-end=\"2483\">Extrato de c\u00e2nhamo (CBD)<\/strong> - Apoia a recupera\u00e7\u00e3o muscular, reduz a dor e promove o relaxamento.<\/li>\n<li data-start=\"2551\" data-end=\"2611\"><strong data-start=\"2553\" data-end=\"2564\">Mirceno<\/strong> - Um terpeno com propriedades anti-inflamat\u00f3rias.<\/li>\n<li data-start=\"2612\" data-end=\"2689\"><strong data-start=\"2614\" data-end=\"2636\">Beta-cariofileno<\/strong> - Ajuda a aliviar a dor e apoia o sistema imunit\u00e1rio.<\/li>\n<li data-start=\"2690\" data-end=\"2778\"><strong data-start=\"2692\" data-end=\"2706\">Eucaliptol<\/strong> - Oferece um efeito refrescante e promove uma fun\u00e7\u00e3o respirat\u00f3ria saud\u00e1vel.<\/li>\n<li data-start=\"2779\" data-end=\"2842\"><strong data-start=\"2781\" data-end=\"2793\">Linalol<\/strong> - Conhecido pelas suas propriedades calmantes e relaxantes.<\/li>\n<li data-start=\"2843\" data-end=\"2896\"><strong data-start=\"2845\" data-end=\"2857\">A-Pineno<\/strong> - Melhora a concentra\u00e7\u00e3o mental e o estado de alerta.<\/li>\n<li data-start=\"2897\" data-end=\"2974\"><strong data-start=\"2899\" data-end=\"2911\">Humuleno<\/strong> - Contribui para uma resposta inflamat\u00f3ria equilibrada do organismo.<\/li>\n<\/ul>\n<p data-start=\"2976\" data-end=\"3134\">Esta poderosa combina\u00e7\u00e3o de CBD e terpenos faz do Hempcare CBD Sport um excelente suplemento para atletas que procuram otimizar o desempenho e a recupera\u00e7\u00e3o.<\/p>\n<p data-start=\"3136\" data-end=\"3146\"><strong>Aviso<\/strong><\/p>\n<p data-start=\"3148\" data-end=\"3487\" data-is-last-node=\"\">N\u00e3o exceder a dose m\u00e1xima recomendada de 32 gotas por dia. Este produto n\u00e3o \u00e9 adequado para mulheres gr\u00e1vidas ou a amamentar. Consultar um m\u00e9dico ou farmac\u00eautico se estiver a tomar medicamentos. Este suplemento alimentar n\u00e3o substitui um regime alimentar variado. Conservar o produto num local escuro, \u00e0 temperatura ambiente e fora do alcance das crian\u00e7as.<\/p>","protected":false},"excerpt":{"rendered":"<p>Atletas e pessoas activas de diferentes n\u00edveis utilizam o CBD para melhorar o seu desempenho. Ao mesmo tempo, cada vez mais atletas est\u00e3o a descobrir que o CBD os ajuda de muitas maneiras. O CBD reduz a dor e a inflama\u00e7\u00e3o, o CBD melhora o sono e a concentra\u00e7\u00e3o, e o CBD restaura o equil\u00edbrio do corpo. \u00c9 por isso que a hempcare desenvolveu um produto de CBD enriquecido especialmente para atletas: CBD Sport. Este CBD de espetro total \u00e9 suplementado com terpenos espec\u00edficos do ambiente do CBD para que o hempcare CBD Sport funcione de forma \u00f3ptima para os atletas.<\/p>","protected":false},"featured_media":126612,"template":"","meta":[],"product_brand":[],"product_cat":[601,297,485,371,483,487],"product_tag":[],"class_list":{"0":"post-32755","1":"product","2":"type-product","3":"status-publish","4":"has-post-thumbnail","6":"product_cat-hempcare","7":"product_cat-all-products","8":"product_cat-cbd-oils","9":"product_cat-cbd-top-10","10":"product_cat-cbdshop","11":"product_cat-sport","13":"first","14":"instock","15":"taxable","16":"shipping-taxable","17":"purchasable","18":"product-type-variable"},"_links":{"self":[{"href":"https:\/\/www.tatanka.nl\/pt\/wp-json\/wp\/v2\/product\/32755","targetHints":{"allow":["GET"]}}],"collection":[{"href":"https:\/\/www.tatanka.nl\/pt\/wp-json\/wp\/v2\/product"}],"about":[{"href":"https:\/\/www.tatanka.nl\/pt\/wp-json\/wp\/v2\/types\/product"}],"wp:featuredmedia":[{"embeddable":true,"href":"https:\/\/www.tatanka.nl\/pt\/wp-json\/wp\/v2\/media\/126612"}],"wp:attachment":[{"href":"https:\/\/www.tatanka.nl\/pt\/wp-json\/wp\/v2\/media?parent=32755"}],"wp:term":[{"taxonomy":"product_brand","embeddable":true,"href":"https:\/\/www.tatanka.nl\/pt\/wp-json\/wp\/v2\/product_brand?post=32755"},{"taxonomy":"product_cat","embeddable":true,"href":"https:\/\/www.tatanka.nl\/pt\/wp-json\/wp\/v2\/product_cat?post=32755"},{"taxonomy":"product_tag","embeddable":true,"href":"https:\/\/www.tatanka.nl\/pt\/wp-json\/wp\/v2\/product_tag?post=32755"}],"curies":[{"name":"wp","href":"https:\/\/api.w.org\/{rel}","templated":true}]}}