{"id":32763,"date":"2021-08-05T14:50:23","date_gmt":"2021-08-05T12:50:23","guid":{"rendered":"https:\/\/www.tatanka.nl\/?post_type=product&#038;p=32763"},"modified":"2025-05-20T09:21:25","modified_gmt":"2025-05-20T08:21:25","slug":"hempcare-sleep-10-cbd-and-10-cbg-oil-10ml","status":"publish","type":"product","link":"https:\/\/www.tatanka.nl\/pt\/hempcare-sleep-10-cbd-and-10-cbg-oil-10ml\/","title":{"rendered":"HempCare Sleep 10% CBD e 10% CBG \u00d3leo 10ml"},"content":{"rendered":"<h2 data-start=\"0\" data-end=\"30\">O que \u00e9 o HempCare CBD Sleep?<\/h2>\n<p data-start=\"32\" data-end=\"705\">O HempCare CBD Sleep \u00e9 um \u00f3leo de CBD de espetro completo, enriquecido com uma mistura cuidadosamente selecionada de terpenos, concebido para promover um sono melhor. Cont\u00e9m compostos naturais da planta do c\u00e2nhamo, incluindo o canabidiol (CBD) e o canabigerol (CBG), que s\u00e3o conhecidos pelos seus efeitos relaxantes e calmantes. O produto funciona atrav\u00e9s da intera\u00e7\u00e3o com o sistema endocanabin\u00f3ide do corpo para restaurar o equil\u00edbrio e promover um ciclo de sono saud\u00e1vel. Ao contr\u00e1rio de outros son\u00edferos, o HempCare CBD Sleep oferece uma solu\u00e7\u00e3o suave e que n\u00e3o cria h\u00e1bitos para melhorar o sono. Quer tenha dificuldade em adormecer, em permanecer a dormir ou em acordar com uma sensa\u00e7\u00e3o de descanso, este produto pode ajud\u00e1-lo a conseguir um sono mais profundo e repousante.<\/p>\n<h2 data-start=\"707\" data-end=\"739\">Hist\u00f3ria do HempCare CBD Sleep<\/h2>\n<p data-start=\"741\" data-end=\"1620\">HempCare CBD Sleep baseia-se na crescente popularidade do canabidiol (CBD) como suplemento de bem-estar. O CBD, derivado da planta do c\u00e2nhamo, \u00e9 conhecido h\u00e1 muito tempo pelo seu potencial terap\u00eautico. Nos \u00faltimos anos, o CBD ganhou reconhecimento pela sua capacidade de promover o relaxamento e melhorar o sono. Com mais investiga\u00e7\u00e3o, a descoberta do CBG (Cannabigerol) expandiu os benef\u00edcios do CBD, especialmente no apoio a um sono mais profundo. O produto CBD Sleep da HempCare combina estes dois poderosos canabin\u00f3ides com outros terpenos para criar uma solu\u00e7\u00e3o eficaz para quem tem dificuldades em dormir. Este suplemento natural faz parte de uma tend\u00eancia crescente de utiliza\u00e7\u00e3o de alternativas hol\u00edsticas e \u00e0 base de plantas aos medicamentos e auxiliares do sono tradicionais. A HempCare construiu uma reputa\u00e7\u00e3o de produzir produtos de c\u00e2nhamo de alta qualidade e de espetro total, utilizando pr\u00e1ticas sustent\u00e1veis que satisfazem uma vasta gama de necessidades de sa\u00fade.<\/p>\n<h2 data-start=\"1622\" data-end=\"1654\">Como utilizar o HempCare CBD para dormir<\/h2>\n<p data-start=\"1656\" data-end=\"2322\">A utiliza\u00e7\u00e3o do HempCare CBD Sleep \u00e9 simples e eficaz. Agitar bem o frasco antes de utilizar e colocar 1-5 gotas de \u00f3leo debaixo da l\u00edngua duas vezes por dia. O \u00f3leo foi formulado para ter uma a\u00e7\u00e3o r\u00e1pida, permitindo uma absor\u00e7\u00e3o r\u00e1pida na corrente sangu\u00ednea para obter o m\u00e1ximo de benef\u00edcios. Para obter os melhores resultados, tomar as gotas de forma consistente ao longo do tempo. Alguns utilizadores podem sentir efeitos calmantes em poucos dias, enquanto outros podem demorar mais tempo a notar os benef\u00edcios. Uma vez que a dose ideal varia de pessoa para pessoa, recomenda-se come\u00e7ar com uma dose mais baixa e ajustar conforme necess\u00e1rio. Cada frasco cont\u00e9m um m\u00ednimo de 600 gotas, o que pode durar um per\u00edodo de tempo significativo com base na sua dose di\u00e1ria.<\/p>\n<h2 data-start=\"2324\" data-end=\"2360\">Ingredientes de HempCare CBD Sleep<\/h2>\n<p data-start=\"2362\" data-end=\"3218\">HempCare CBD Sleep cont\u00e9m uma mistura de ingredientes naturais que actuam em conjunto para promover um sono melhor. Os ingredientes principais incluem \u00f3leo de sementes de c\u00e2nhamo, extrato de c\u00e2nhamo, canabidiol (CBD) e canabigerol (CBG), que s\u00e3o conhecidos pelos seus efeitos calmantes no corpo e na mente. Al\u00e9m disso, o \u00f3leo \u00e9 enriquecido com terpenos como o mirceno, o beta-cariofileno, o limoneno, o linalol, o alfa-pineno, o humuleno e o terpinoleno. Estes terpenos n\u00e3o s\u00f3 contribuem para o perfil arom\u00e1tico do produto, como tamb\u00e9m aumentam os seus efeitos terap\u00eauticos. Por exemplo, o mirceno \u00e9 conhecido pelas suas propriedades sedativas, enquanto o limoneno pode ajudar a reduzir o stress. Juntos, estes ingredientes funcionam em sinergia para apoiar o relaxamento, reduzir a ansiedade e promover um sono mais profundo e reparador. A HempCare assegura que apenas s\u00e3o utilizados ingredientes da mais alta qualidade para garantir a pureza e a pot\u00eancia.<\/p>\n<p><strong>Aviso<\/strong><\/p>\n<p data-start=\"3232\" data-end=\"3581\">N\u00e3o exceder a dose m\u00e1xima recomendada de 32 gotas por dia. Este produto n\u00e3o deve ser utilizado durante a gravidez ou a amamenta\u00e7\u00e3o. Consulte o seu m\u00e9dico ou farmac\u00eautico antes de utilizar este produto se estiver a tomar medicamentos. Este suplemento n\u00e3o deve ser utilizado como substituto de um regime alimentar variado. Conservar num local fresco e escuro, fora do alcance das crian\u00e7as.<\/p>\n<p data-start=\"3583\" data-end=\"3772\" data-is-last-node=\"\">Seguindo a dosagem adequada e utilizando HempCare CBD Sleep de forma consistente, os utilizadores podem sentir melhorias vis\u00edveis na qualidade do seu sono, acordando com uma sensa\u00e7\u00e3o mais revigorada e restaurada.<\/p>","protected":false},"excerpt":{"rendered":"<p class=\"price\"><span style=\"font-size: 14.4px;\">Como ser humano, dormimos cerca de um ter\u00e7o da nossa vida. \u00c9 durante o sono que o corpo recupera. Em caso de sono deficiente e falta de sono, o seu corpo n\u00e3o recupera totalmente, pelo que recebe e\/ou mant\u00e9m queixas durante o dia. Hempcare SLEEP 10% CBG &amp; 10% CBD \u00e9 um \u00f3leo CBD de espetro total CBG de alta qualidade, enriquecido com terpenos espec\u00edficos, que pode ajudar a melhorar a qualidade do seu sono.<\/span><\/p>","protected":false},"featured_media":126603,"template":"","meta":[],"product_brand":[],"product_cat":[601,297,485,371,483],"product_tag":[],"class_list":{"0":"post-32763","1":"product","2":"type-product","3":"status-publish","4":"has-post-thumbnail","6":"product_cat-hempcare","7":"product_cat-all-products","8":"product_cat-cbd-oils","9":"product_cat-cbd-top-10","10":"product_cat-cbdshop","12":"first","13":"instock","14":"taxable","15":"shipping-taxable","16":"purchasable","17":"product-type-variable"},"_links":{"self":[{"href":"https:\/\/www.tatanka.nl\/pt\/wp-json\/wp\/v2\/product\/32763","targetHints":{"allow":["GET"]}}],"collection":[{"href":"https:\/\/www.tatanka.nl\/pt\/wp-json\/wp\/v2\/product"}],"about":[{"href":"https:\/\/www.tatanka.nl\/pt\/wp-json\/wp\/v2\/types\/product"}],"wp:featuredmedia":[{"embeddable":true,"href":"https:\/\/www.tatanka.nl\/pt\/wp-json\/wp\/v2\/media\/126603"}],"wp:attachment":[{"href":"https:\/\/www.tatanka.nl\/pt\/wp-json\/wp\/v2\/media?parent=32763"}],"wp:term":[{"taxonomy":"product_brand","embeddable":true,"href":"https:\/\/www.tatanka.nl\/pt\/wp-json\/wp\/v2\/product_brand?post=32763"},{"taxonomy":"product_cat","embeddable":true,"href":"https:\/\/www.tatanka.nl\/pt\/wp-json\/wp\/v2\/product_cat?post=32763"},{"taxonomy":"product_tag","embeddable":true,"href":"https:\/\/www.tatanka.nl\/pt\/wp-json\/wp\/v2\/product_tag?post=32763"}],"curies":[{"name":"wp","href":"https:\/\/api.w.org\/{rel}","templated":true}]}}