{"id":36401,"date":"2025-01-30T17:36:05","date_gmt":"2025-01-30T16:36:05","guid":{"rendered":"https:\/\/www.tatanka.nl\/?post_type=product&#038;p=36401"},"modified":"2025-11-28T12:48:33","modified_gmt":"2025-11-28T11:48:33","slug":"auto-blueberry-bliss","status":"publish","type":"product","link":"https:\/\/www.tatanka.nl\/pt\/auto-blueberry-bliss\/","title":{"rendered":"Auto Blueberry Bliss - Sementes de vis\u00e3o"},"content":{"rendered":"<h2>Sementes de can\u00e1bis Auto Blueberry Bliss da Vision Seeds<\/h2>\n<p>Esta sativa de tamanho m\u00e9dio \u00e9 uma \u00f3ptima variedade de flora\u00e7\u00e3o para principiantes com bot\u00f5es grandes e bonitos. Embora s\u00f3 exista h\u00e1 alguns anos, a Auto Bliss recebe o seu nome do lado Auto Blueberry do seu ADN e tornou-se rapidamente uma das favoritas nos dispens\u00e1rios. Cresce at\u00e9 cerca de 3-4 p\u00e9s de altura em flor e tem cores ultrajantes que deixariam qualquer artista orgulhoso. O sabor \u00e9 fresco e doce, com um efeito estimulante que surge rapidamente e depois cai na terra dos sonhos do sof\u00e1.<\/p>\n<p>Esta rapariga far\u00e1 as del\u00edcias dos seus fumadores com uma domin\u00e2ncia \u00cdndica e uma suave domin\u00e2ncia Sativa. Salva-te do stress do dia a dia: apenas algumas passas e ela trata de tudo.<br \/>\nA Vision Seeds Auto Blueberry Bliss \u00e9 recomendada para quem procura uma planta mais pequena mas saborosa, al\u00e9m de um fumo casual capaz de relaxar profundamente sem qualquer paranoia ou processo de pensamento lento associado \u00e0 maioria das \u00edndicas.<\/p>","protected":false},"excerpt":{"rendered":"<p>Esta variedade de can\u00e1bis \u00e9 a escolha perfeita para os amantes de um n\u00edvel de THC elevado (cerca de 14%), mas que procuram singularidade e um aspeto mais doce dos bot\u00f5es. Com ra\u00edzes em BlueBerry - esta senhora \u00cdndica azul ir\u00e1 proporcionar bot\u00f5es fortes e cheios de sabor, densos como rocha.<\/p>","protected":false},"featured_media":36430,"template":"","meta":[],"product_brand":[],"product_cat":[546,297,547,638],"product_tag":[],"class_list":{"0":"post-36401","1":"product","2":"type-product","3":"status-publish","4":"has-post-thumbnail","6":"product_cat-seedshop","7":"product_cat-all-products","8":"product_cat-autoflowering-seeds","9":"product_cat-vision-seeds","10":"product_shipping_class-creditcard-on","12":"first","13":"instock","14":"taxable","15":"shipping-taxable","16":"purchasable","17":"product-type-variable","18":"has-default-attributes"},"_links":{"self":[{"href":"https:\/\/www.tatanka.nl\/pt\/wp-json\/wp\/v2\/product\/36401","targetHints":{"allow":["GET"]}}],"collection":[{"href":"https:\/\/www.tatanka.nl\/pt\/wp-json\/wp\/v2\/product"}],"about":[{"href":"https:\/\/www.tatanka.nl\/pt\/wp-json\/wp\/v2\/types\/product"}],"wp:featuredmedia":[{"embeddable":true,"href":"https:\/\/www.tatanka.nl\/pt\/wp-json\/wp\/v2\/media\/36430"}],"wp:attachment":[{"href":"https:\/\/www.tatanka.nl\/pt\/wp-json\/wp\/v2\/media?parent=36401"}],"wp:term":[{"taxonomy":"product_brand","embeddable":true,"href":"https:\/\/www.tatanka.nl\/pt\/wp-json\/wp\/v2\/product_brand?post=36401"},{"taxonomy":"product_cat","embeddable":true,"href":"https:\/\/www.tatanka.nl\/pt\/wp-json\/wp\/v2\/product_cat?post=36401"},{"taxonomy":"product_tag","embeddable":true,"href":"https:\/\/www.tatanka.nl\/pt\/wp-json\/wp\/v2\/product_tag?post=36401"}],"curies":[{"name":"wp","href":"https:\/\/api.w.org\/{rel}","templated":true}]}}