{"id":36402,"date":"2025-01-30T17:36:06","date_gmt":"2025-01-30T16:36:06","guid":{"rendered":"https:\/\/www.tatanka.nl\/?post_type=product&#038;p=36402"},"modified":"2025-05-16T14:43:14","modified_gmt":"2025-05-16T13:43:14","slug":"auto-delhi-cheese","status":"publish","type":"product","link":"https:\/\/www.tatanka.nl\/pt\/auto-delhi-cheese\/","title":{"rendered":"Auto Delhi Cheese - Sementes de vis\u00e3o"},"content":{"rendered":"<h2><span data-sheets-value=\"{&quot;1&quot;:2,&quot;2&quot;:&quot;Auto Delhi Cheese&quot;}\" data-sheets-userformat=\"{&quot;2&quot;:14915,&quot;3&quot;:{&quot;1&quot;:0},&quot;4&quot;:{&quot;1&quot;:2,&quot;2&quot;:11982760},&quot;9&quot;:0,&quot;12&quot;:0,&quot;14&quot;:{&quot;1&quot;:2,&quot;2&quot;:0},&quot;15&quot;:&quot;Calibri&quot;,&quot;16&quot;:12}\">Auto Delhi Cheese<\/span> Sementes de can\u00e1bis da Vision Seeds<\/h2>\n<p>Gen\u00e9tica de queijo de alta qualidade para todos os amantes de puff! A Vision Seeds Delhi Cheese Auto \u00e9 perfeita para inaladores mais suaves do tipo agarrado. Esta planta geralmente atrai uma produ\u00e7\u00e3o de THC mais baixa do que outras variedades de auto nesta lista, mas n\u00e3o se preocupe - ainda h\u00e1 muitas coisas boas para desfrutar com esta deusa gen\u00e9tica divina.<\/p>\n<p>Faltam apenas 10 semanas para que ela te d\u00ea o teu lote cuidadosamente escolhido, por isso s\u00ea paciente e prepara-te para uma experi\u00eancia de folhados de excel\u00eancia! O cheiro durante o crescimento e o fumo s\u00e3o ambos bastante proeminentes - por isso, certifica-te de que est\u00e1s preparado.<\/p>","protected":false},"excerpt":{"rendered":"<p>A Delhi Cheese Auto \u00e9 a del\u00edcia perfeita para os amantes de puffs macios. Os mais puristas dos pedrados v\u00e3o achar que ela \u00e9 altamente refinada e igualmente potente - nem um bocadinho de queijo \u00e9 desperdi\u00e7ado aqui! Quer aquele sabor que s\u00f3 se consegue obter com as variedades da mais alta qualidade, seleccionadas a dedo? A Delhi Cheese Auto \u00e9 para ti.<\/p>","protected":false},"featured_media":36431,"template":"","meta":[],"product_brand":[],"product_cat":[546,297,547,638],"product_tag":[],"class_list":{"0":"post-36402","1":"product","2":"type-product","3":"status-publish","4":"has-post-thumbnail","6":"product_cat-seedshop","7":"product_cat-all-products","8":"product_cat-autoflowering-seeds","9":"product_cat-vision-seeds","10":"product_shipping_class-creditcard-on","12":"first","13":"instock","14":"taxable","15":"shipping-taxable","16":"purchasable","17":"product-type-variable","18":"has-default-attributes"},"_links":{"self":[{"href":"https:\/\/www.tatanka.nl\/pt\/wp-json\/wp\/v2\/product\/36402","targetHints":{"allow":["GET"]}}],"collection":[{"href":"https:\/\/www.tatanka.nl\/pt\/wp-json\/wp\/v2\/product"}],"about":[{"href":"https:\/\/www.tatanka.nl\/pt\/wp-json\/wp\/v2\/types\/product"}],"wp:featuredmedia":[{"embeddable":true,"href":"https:\/\/www.tatanka.nl\/pt\/wp-json\/wp\/v2\/media\/36431"}],"wp:attachment":[{"href":"https:\/\/www.tatanka.nl\/pt\/wp-json\/wp\/v2\/media?parent=36402"}],"wp:term":[{"taxonomy":"product_brand","embeddable":true,"href":"https:\/\/www.tatanka.nl\/pt\/wp-json\/wp\/v2\/product_brand?post=36402"},{"taxonomy":"product_cat","embeddable":true,"href":"https:\/\/www.tatanka.nl\/pt\/wp-json\/wp\/v2\/product_cat?post=36402"},{"taxonomy":"product_tag","embeddable":true,"href":"https:\/\/www.tatanka.nl\/pt\/wp-json\/wp\/v2\/product_tag?post=36402"}],"curies":[{"name":"wp","href":"https:\/\/api.w.org\/{rel}","templated":true}]}}