{"id":36403,"date":"2025-01-30T17:36:06","date_gmt":"2025-01-30T16:36:06","guid":{"rendered":"https:\/\/www.tatanka.nl\/?post_type=product&#038;p=36403"},"modified":"2025-05-16T14:43:21","modified_gmt":"2025-05-16T13:43:21","slug":"auto-doctor-jamaica","status":"publish","type":"product","link":"https:\/\/www.tatanka.nl\/pt\/auto-doctor-jamaica\/","title":{"rendered":"Auto Doctor Jamaica - Sementes de vis\u00e3o"},"content":{"rendered":"<h2><span data-sheets-value=\"{&quot;1&quot;:2,&quot;2&quot;:&quot;Auto Doctor Jamaica&quot;}\" data-sheets-userformat=\"{&quot;2&quot;:14915,&quot;3&quot;:{&quot;1&quot;:0},&quot;4&quot;:{&quot;1&quot;:2,&quot;2&quot;:11982760},&quot;9&quot;:0,&quot;12&quot;:0,&quot;14&quot;:{&quot;1&quot;:2,&quot;2&quot;:0},&quot;15&quot;:&quot;Calibri&quot;,&quot;16&quot;:12}\">Auto Doctor Jamaica<\/span> Sementes de can\u00e1bis da Vision Seeds<\/h2>\n<p>Quer um novo come\u00e7o neste novo ano? Estas sementes de can\u00e1bis s\u00e3o tudo o que tem procurado. Imagine aquele dia californiano quente e solarengo em que a sua planta na sua inf\u00e2ncia ir\u00e1 prosperar e crescer gra\u00e7as \u00e0 experi\u00eancia dos criadores da velha guarda que vieram antes de n\u00f3s. Eles queriam uma variedade que qualquer pessoa pudesse cultivar com facilidade, passando da semente \u00e0 flor em menos de dois meses. \u00c9 f\u00e1cil perceber porque \u00e9 que estas sementes de can\u00e1bis se tornaram t\u00e3o populares ap\u00f3s a sua descoberta - as enormes quantidades de THC tornam-na uma excelente escolha para come\u00e7ar - medicinal ou recreativamente.<\/p>\n<p>Mas o que \u00e9 mais importante? Mesmo que nunca se tenha cultivado marijuana antes, a Vision tinha esta rapariga para resistir a tudo. Uma \u00f3ptima escolha para uma variedade!<\/p>","protected":false},"excerpt":{"rendered":"<p>Se est\u00e1 \u00e0 procura de uma variedade de alta qualidade e f\u00e1cil de cultivar, encontrou o seu par com as sementes de can\u00e1bis Auto Doctor Jamaica! Esta planta deslumbrante liberta um aroma a laranja e lim\u00e3o, ao mesmo tempo que proporciona uma poderosa sensa\u00e7\u00e3o de euforia. \u00c9 uma \u00f3ptima variedade para principiantes, perfeita para pessoas que n\u00e3o querem sentir-se tristes ou deprimidas.<\/p>","protected":false},"featured_media":36432,"template":"","meta":[],"product_brand":[],"product_cat":[546,297,547,548,638],"product_tag":[],"class_list":{"0":"post-36403","1":"product","2":"type-product","3":"status-publish","4":"has-post-thumbnail","6":"product_cat-seedshop","7":"product_cat-all-products","8":"product_cat-autoflowering-seeds","9":"product_cat-high-thc-seeds","10":"product_cat-vision-seeds","11":"product_shipping_class-creditcard-on","13":"first","14":"instock","15":"taxable","16":"shipping-taxable","17":"purchasable","18":"product-type-variable","19":"has-default-attributes"},"_links":{"self":[{"href":"https:\/\/www.tatanka.nl\/pt\/wp-json\/wp\/v2\/product\/36403","targetHints":{"allow":["GET"]}}],"collection":[{"href":"https:\/\/www.tatanka.nl\/pt\/wp-json\/wp\/v2\/product"}],"about":[{"href":"https:\/\/www.tatanka.nl\/pt\/wp-json\/wp\/v2\/types\/product"}],"wp:featuredmedia":[{"embeddable":true,"href":"https:\/\/www.tatanka.nl\/pt\/wp-json\/wp\/v2\/media\/36432"}],"wp:attachment":[{"href":"https:\/\/www.tatanka.nl\/pt\/wp-json\/wp\/v2\/media?parent=36403"}],"wp:term":[{"taxonomy":"product_brand","embeddable":true,"href":"https:\/\/www.tatanka.nl\/pt\/wp-json\/wp\/v2\/product_brand?post=36403"},{"taxonomy":"product_cat","embeddable":true,"href":"https:\/\/www.tatanka.nl\/pt\/wp-json\/wp\/v2\/product_cat?post=36403"},{"taxonomy":"product_tag","embeddable":true,"href":"https:\/\/www.tatanka.nl\/pt\/wp-json\/wp\/v2\/product_tag?post=36403"}],"curies":[{"name":"wp","href":"https:\/\/api.w.org\/{rel}","templated":true}]}}